{"id":1567,"date":"2019-08-28T09:22:35","date_gmt":"2019-08-28T07:22:35","guid":{"rendered":"https:\/\/fromfroid.netvolution.fr\/fromfroid-pagina-de-inicio\/"},"modified":"2021-02-04T15:29:10","modified_gmt":"2021-02-04T14:29:10","slug":"fromfroid-pagina-de-inicio-2","status":"publish","type":"page","link":"https:\/\/www.fromfroid.com\/es\/","title":{"rendered":"FROMFROID-p\u00e1gina de inicio"},"content":{"rendered":"[vc_row fullwidth=\u00bbtrue\u00bb][vc_column][mk_edge_slider first_el=\u00bbtrue\u00bb full_height=\u00bbfalse\u00bb height=\u00bb600&#8243; animation_effect=\u00bbfade\u00bb direction_nav=\u00bbround\u00bb skip_arrow=\u00bbfalse\u00bb][\/vc_column][\/vc_row][vc_section full_width=\u00bbstretch_row\u00bb content_placement=\u00bbmiddle\u00bb parallax=\u00bbcontent-moving\u00bb parallax_image=\u00bb119&#8243; css=\u00bb.vc_custom_1542032567017{background-image: url(https:\/\/www.fromfroid.com\/wp-content\/uploads\/2018\/11\/fromfoid_fond.gif?id=158) !important;background-position: center !important;background-repeat: no-repeat !important;background-size: cover !important;}\u00bb][vc_row][vc_column][vc_empty_space height=\u00bb40px\u00bb][\/vc_column][\/vc_row][vc_row][vc_column width=\u00bb1\/2&#8243;][mk_image src=\u00bbhttps:\/\/www.fromfroid.com\/wp-content\/uploads\/2018\/11\/carte-fromfroid-couleur.png\u00bb image_size=\u00bbfull\u00bb align=\u00bbcenter\u00bb animation=\u00bbfade-in\u00bb][\/vc_column][vc_column width=\u00bb1\/2&#8243;][mk_fancy_title color=\u00bb#ffffff\u00bb size=\u00bb30&#8243; line_height=\u00bb130&#8243; font_weight=\u00bb300&#8243; font_style=\u00bbnormal\u00bb margin_bottom=\u00bb0&#8243; font_family=\u00bbOpen+Sans\u00bb font_type=\u00bbgoogle\u00bb]FROMFROID lo acompa\u00f1a[\/mk_fancy_title][mk_fancy_title color=\u00bb#ffffff\u00bb size=\u00bb30&#8243; line_height=\u00bb50&#8243; font_weight=\u00bb900&#8243; font_style=\u00bbnormal\u00bb font_family=\u00bbOpen+Sans\u00bb font_type=\u00bbgoogle\u00bb]en el <a href=\"https:\/\/www.fromfroid.com\/es\/contactenos\/\">extranjero<\/a>[\/mk_fancy_title][vc_column_text disable_pattern=\u00bbfalse\u00bb css=\u00bb.vc_custom_1563958651435{margin-bottom: 0px !important;}\u00bb]<span style=\"color: #ffffff;\">FROMFROID dispone de una red comercial y t\u00e9cnica mundial y puede responder a la totalidad de sus proyectos, sea cual sea la localizaci\u00f3n.<\/span><\/p>\n<p>&nbsp;<\/p>\n<p style=\"text-align: center;\"><span style=\"color: #ffffff;\">\u00a1Cont\u00e1ctenos!<\/span><\/p>\n[\/vc_column_text][mk_button dimension=\u00bboutline\u00bb size=\u00bbmedium\u00bb url=\u00bbhttps:\/\/www.fromfroid.com\/es\/contactenos\/\u00bb animation=\u00bbfade-in\u00bb outline_skin=\u00bbcustom\u00bb outline_active_color=\u00bb#ffffff\u00bb outline_active_text_color=\u00bb#ffffff\u00bb outline_hover_color=\u00bb#122f4e\u00bb]+ informaci\u00f3n[\/mk_button][mk_padding_divider size=\u00bb20&#8243;][\/vc_column][\/vc_row][vc_row][vc_column][vc_empty_space height=\u00bb40px\u00bb][\/vc_column][\/vc_row][\/vc_section][vc_section full_width=\u00bbstretch_row\u00bb content_placement=\u00bbmiddle\u00bb parallax=\u00bbcontent-moving\u00bb parallax_image=\u00bb158&#8243; parallax_speed_bg=\u00bb1.1&#8243; css=\u00bb.vc_custom_1541688896145{background-position: center !important;background-repeat: no-repeat !important;background-size: cover !important;}\u00bb][vc_row][vc_column][vc_empty_space height=\u00bb40px\u00bb][\/vc_column][\/vc_row][vc_row][vc_column width=\u00bb1\/2&#8243;][mk_fancy_title color=\u00bb#3eb6e9&#8243; size=\u00bb30&#8243; line_height=\u00bb130&#8243; font_weight=\u00bb300&#8243; font_style=\u00bbnormal\u00bb margin_bottom=\u00bb0&#8243; font_family=\u00bbOpen+Sans\u00bb font_type=\u00bbgoogle\u00bb]FROMFROID, el especialista<br \/>\nen <a href=\"https:\/\/www.fromfroid.com\/es\/experiencia\/tratamiento-de-aire-de-proceso\/acondicionadores-de-aire-en-de-acero-inoxidable\/\">acondicionadores de aire<\/a>[\/mk_fancy_title][mk_fancy_title color=\u00bb#122f4e\u00bb size=\u00bb30&#8243; line_height=\u00bb50&#8243; font_weight=\u00bb900&#8243; font_style=\u00bbnormal\u00bb font_family=\u00bbOpen+Sans\u00bb font_type=\u00bbgoogle\u00bb]para la fabricaci\u00f3n de<a href=\"https:\/\/www.fromfroid.com\/es\/sectores-de-actividades\/queseria\/\"> quesos<\/a>[\/mk_fancy_title][mk_padding_divider size=\u00bb15&#8243;][vc_column_text css=\u00bb.vc_custom_1575016248477{margin-bottom: 0px !important;}\u00bb]Los\u00a0<a href=\"https:\/\/www.fromfroid.com\/es\/experiencia\/tratamiento-de-aire-de-proceso\/acondicionadores-de-aire-en-de-acero-inoxidable\/\">acondicionadores de aire<\/a> FROMFROID aseguran\u00a0<strong>un control perfecto y ultra preciso de la temperatura, humedad y concentraciones de gases <\/strong>en las diversas salas de producci\u00f3n y maduraci\u00f3n de las <a href=\"https:\/\/www.fromfroid.com\/es\/sectores-de-actividades\/queseria\/\">queser\u00edas<\/a>. Todo ello, garantizando la <a href=\"https:\/\/www.fromfroid.com\/es\/experiencia\/tratamiento-de-aire-de-proceso\/gestion-de-flujos-de-aire-y-ultra-limpieza-del-aire-en-queseria\/\">limpieza total<\/a>.[\/vc_column_text][mk_button dimension=\u00bboutline\u00bb size=\u00bbmedium\u00bb icon=\u00bbmk-icon-angle-right\u00bb url=\u00bbhttps:\/\/www.fromfroid.com\/contact\/\u00bb animation=\u00bbfade-in\u00bb outline_skin=\u00bbcustom\u00bb outline_active_color=\u00bb#3eb6e9&#8243; outline_active_text_color=\u00bb#3eb6e9&#8243; outline_hover_bg_color=\u00bbrgba(255,255,255,0.5)\u00bb outline_hover_color=\u00bb#3eb6e9&#8243;]+ informaci\u00f3n[\/mk_button][\/vc_column][vc_column width=\u00bb1\/2&#8243;][mk_image src=\u00bbhttps:\/\/www.fromfroid.com\/wp-content\/uploads\/2018\/11\/photos_fromage.png\u00bb image_size=\u00bbfull\u00bb animation=\u00bbright-to-left\u00bb][mk_padding_divider size=\u00bb20&#8243;][\/vc_column][\/vc_row][vc_row][vc_column][vc_empty_space height=\u00bb40px\u00bb][\/vc_column][\/vc_row][vc_row][vc_column width=\u00bb1\/2&#8243;][mk_image src=\u00bbhttps:\/\/www.fromfroid.com\/wp-content\/uploads\/2018\/11\/photos_yaourt.png\u00bb image_size=\u00bbfull\u00bb animation=\u00bbleft-to-right\u00bb][mk_padding_divider size=\u00bb20&#8243;][\/vc_column][vc_column width=\u00bb1\/2&#8243;][mk_fancy_title color=\u00bb#3eb6e9&#8243; size=\u00bb30&#8243; line_height=\u00bb130&#8243; font_weight=\u00bb300&#8243; font_style=\u00bbnormal\u00bb margin_bottom=\u00bb0&#8243; font_family=\u00bbOpen+Sans\u00bb font_type=\u00bbgoogle\u00bb]Soluciones eficaces e innovadoras de<a href=\"https:\/\/www.fromfroid.com\/es\/experiencia\/enfriamiento-rapido\/\"> enfriamiento r\u00e1pido<\/a> para[\/mk_fancy_title][mk_fancy_title color=\u00bb#122f4e\u00bb size=\u00bb30&#8243; line_height=\u00bb130&#8243; font_weight=\u00bb900&#8243; font_style=\u00bbnormal\u00bb font_family=\u00bbOpen+Sans\u00bb font_type=\u00bbgoogle\u00bb]la industria del <a href=\"https:\/\/www.fromfroid.com\/es\/sectores-de-actividades\/los-yogures-natillas-y-quesos-frescos\/\">yogur<\/a>[\/mk_fancy_title][vc_column_text css=\u00bb.vc_custom_1612448673730{margin-bottom: 0px !important;}\u00bb]Las soluciones FROMFROID de salas\u00a0de <strong><a href=\"https:\/\/www.fromfroid.com\/es\/experiencia\/tratamiento-de-aire-de-proceso\/camaras-calientes-de-maduracion\/\">incubaci\u00f3n<\/a><\/strong>\u00a0y<a href=\"https:\/\/www.fromfroid.com\/es\/experiencia\/enfriamiento-rapido\/\">\u00a0<strong>enfriamiento r\u00e1pido de alto rendimiento <\/strong><\/a>le garantizan calidad, optimizaci\u00f3n energ\u00e9tica y rapidez.<\/p>\n<p style=\"text-align: center;\">\u00a1Descubra nuestras soluciones!<\/p>\n[\/vc_column_text][mk_button dimension=\u00bboutline\u00bb size=\u00bbmedium\u00bb icon=\u00bbmk-icon-angle-right\u00bb url=\u00bbhttps:\/\/www.fromfroid.com\/contact\/\u00bb animation=\u00bbfade-in\u00bb outline_skin=\u00bbcustom\u00bb outline_active_color=\u00bb#3eb6e9&#8243; outline_active_text_color=\u00bb#3eb6e9&#8243; outline_hover_bg_color=\u00bbrgba(255,255,255,0.5)\u00bb outline_hover_color=\u00bb#3eb6e9&#8243;]+ informaci\u00f3n[\/mk_button][\/vc_column][\/vc_row][vc_row][vc_column][vc_empty_space height=\u00bb40px\u00bb][\/vc_column][\/vc_row][vc_row][vc_column width=\u00bb1\/2&#8243;][mk_fancy_title color=\u00bb#3eb6e9&#8243; size=\u00bb30&#8243; line_height=\u00bb130&#8243; font_weight=\u00bb300&#8243; font_style=\u00bbnormal\u00bb margin_bottom=\u00bb0&#8243; font_family=\u00bbOpen+Sans\u00bb font_type=\u00bbgoogle\u00bb]Fromfroid experto<br \/>\ndel enfriamiento[\/mk_fancy_title][mk_fancy_title color=\u00bb#122f4e\u00bb size=\u00bb30&#8243; line_height=\u00bb50&#8243; font_weight=\u00bb900&#8243; font_style=\u00bbnormal\u00bb font_family=\u00bbOpen+Sans\u00bb font_type=\u00bbgoogle\u00bb]<a href=\"https:\/\/www.fromfroid.com\/es\/sectores-de-actividades\/galleteria\/\">galletas y dulces<\/a>[\/mk_fancy_title][vc_column_text css=\u00bb.vc_custom_1575016495642{margin-bottom: 0px !important;}\u00bb]FROMFROID lleva 30 a\u00f1os acompa\u00f1ando a los l\u00edderes mundiales en el <a href=\"https:\/\/www.fromfroid.com\/es\/experiencia\/enfriamiento-rapido\/tuneles-de-enfriamiento-rapido-para-productos-individuales\/\"><strong>enfriamiento r\u00e1pido de galletas<\/strong><\/a>.<\/p>\n<p style=\"text-align: center;\">\u00a1Cont\u00e1ctenos para m\u00e1s informaci\u00f3n!<\/p>\n[\/vc_column_text][mk_button dimension=\u00bboutline\u00bb size=\u00bbmedium\u00bb icon=\u00bbmk-icon-angle-right\u00bb url=\u00bbhttps:\/\/www.fromfroid.com\/contact\/\u00bb animation=\u00bbfade-in\u00bb outline_skin=\u00bbcustom\u00bb outline_active_color=\u00bb#3eb6e9&#8243; outline_active_text_color=\u00bb#3eb6e9&#8243; outline_hover_bg_color=\u00bbrgba(255,255,255,0.5)\u00bb outline_hover_color=\u00bb#3eb6e9&#8243;]+ informaci\u00f3n[\/mk_button][\/vc_column][vc_column width=\u00bb1\/2&#8243;][mk_image src=\u00bbhttps:\/\/www.fromfroid.com\/wp-content\/uploads\/2018\/11\/photos_biscuits.png\u00bb image_size=\u00bbfull\u00bb animation=\u00bbright-to-left\u00bb][mk_padding_divider size=\u00bb20&#8243;][\/vc_column][\/vc_row][\/vc_section][vc_section full_width=\u00bbstretch_row\u00bb css=\u00bb.vc_custom_1542720443297{background: #122f4e url(https:\/\/www.fromfroid.com\/wp-content\/uploads\/2018\/11\/fromfoid_fond-bleu.gif?id=256) !important;}\u00bb][vc_row][vc_column][vc_empty_space height=\u00bb40px\u00bb][mk_fancy_title color=\u00bb#ffffff\u00bb size=\u00bb42&#8243; line_height=\u00bb130&#8243; font_weight=\u00bb300&#8243; font_style=\u00bbnormal\u00bb margin_bottom=\u00bb0&#8243; font_family=\u00bbOpen+Sans\u00bb font_type=\u00bbgoogle\u00bb]\n<p style=\"text-align: center;\">Nuestras \u00faltimas noticias<\/p>\n[\/mk_fancy_title][vc_empty_space height=\u00bb40px\u00bb][mk_padding_divider][mk_blog style=\u00bbnewspaper\u00bb post_count=\u00bb3&#8243; comments_share=\u00bbfalse\u00bb][vc_empty_space height=\u00bb40px\u00bb][\/vc_column][\/vc_row][\/vc_section]\n","protected":false},"excerpt":{"rendered":"<p>[vc_row fullwidth=\u00bbtrue\u00bb][vc_column][mk_edge_slider first_el=\u00bbtrue\u00bb full_height=\u00bbfalse\u00bb height=\u00bb600&#8243; animation_effect=\u00bbfade\u00bb direction_nav=\u00bbround\u00bb skip_arrow=\u00bbfalse\u00bb][\/vc_column][\/vc_row][vc_section full_width=\u00bbstretch_row\u00bb content_placement=\u00bbmiddle\u00bb parallax=\u00bbcontent-moving\u00bb parallax_image=\u00bb119&#8243; css=\u00bb.vc_custom_1542032567017{background-image: url(https:\/\/www.fromfroid.com\/wp-content\/uploads\/2018\/11\/fromfoid_fond.gif?id=158) !important;background-position: center !important;background-repeat: no-repeat !important;background-size: cover !important;}\u00bb][vc_row][vc_column][vc_empty_space height=\u00bb40px\u00bb][\/vc_column][\/vc_row][vc_row][vc_column width=\u00bb1\/2&#8243;][mk_image src=\u00bbhttps:\/\/www.fromfroid.com\/wp-content\/uploads\/2018\/11\/carte-fromfroid-couleur.png\u00bb image_size=\u00bbfull\u00bb align=\u00bbcenter\u00bb animation=\u00bbfade-in\u00bb][\/vc_column][vc_column width=\u00bb1\/2&#8243;][mk_fancy_title color=\u00bb#ffffff\u00bb size=\u00bb30&#8243; line_height=\u00bb130&#8243; font_weight=\u00bb300&#8243; font_style=\u00bbnormal\u00bb margin_bottom=\u00bb0&#8243; font_family=\u00bbOpen+Sans\u00bb font_type=\u00bbgoogle\u00bb]FROMFROID lo acompa\u00f1a[\/mk_fancy_title][mk_fancy_title color=\u00bb#ffffff\u00bb size=\u00bb30&#8243; line_height=\u00bb50&#8243; font_weight=\u00bb900&#8243; font_style=\u00bbnormal\u00bb font_family=\u00bbOpen+Sans\u00bb font_type=\u00bbgoogle\u00bb]en el extranjero[\/mk_fancy_title][vc_column_text disable_pattern=\u00bbfalse\u00bb css=\u00bb.vc_custom_1563958651435{margin-bottom: 0px !important;}\u00bb]FROMFROID dispone de una red [&hellip;]<\/p>\n","protected":false},"author":2,"featured_media":0,"parent":0,"menu_order":0,"comment_status":"closed","ping_status":"closed","template":"","meta":{"footnotes":""},"class_list":["post-1567","page","type-page","status-publish","hentry"],"yoast_head":"<!-- This site is optimized with the Yoast SEO plugin v27.4 - https:\/\/yoast.com\/product\/yoast-seo-wordpress\/ -->\n<title>Celdas t\u00faneles enfriamiento r\u00e1pido queser\u00eda climatizaci\u00f3n - Fromfroid<\/title>\n<meta name=\"robots\" content=\"index, follow, max-snippet:-1, max-image-preview:large, max-video-preview:-1\" \/>\n<link rel=\"canonical\" href=\"https:\/\/www.fromfroid.com\/es\/\" \/>\n<meta property=\"og:locale\" content=\"es_ES\" \/>\n<meta property=\"og:type\" content=\"article\" \/>\n<meta property=\"og:title\" content=\"Celdas t\u00faneles enfriamiento r\u00e1pido queser\u00eda climatizaci\u00f3n - Fromfroid\" \/>\n<meta property=\"og:description\" content=\"[vc_row fullwidth=\u00bbtrue\u00bb][vc_column][mk_edge_slider first_el=\u00bbtrue\u00bb full_height=\u00bbfalse\u00bb height=\u00bb600&#8243; animation_effect=\u00bbfade\u00bb direction_nav=\u00bbround\u00bb skip_arrow=\u00bbfalse\u00bb][\/vc_column][\/vc_row][vc_section full_width=\u00bbstretch_row\u00bb content_placement=\u00bbmiddle\u00bb parallax=\u00bbcontent-moving\u00bb parallax_image=\u00bb119&#8243; css=\u00bb.vc_custom_1542032567017{background-image: url(https:\/\/www.fromfroid.com\/wp-content\/uploads\/2018\/11\/fromfoid_fond.gif?id=158) !important;background-position: center !important;background-repeat: no-repeat !important;background-size: cover !important;}\u00bb][vc_row][vc_column][vc_empty_space height=\u00bb40px\u00bb][\/vc_column][\/vc_row][vc_row][vc_column width=\u00bb1\/2&#8243;][mk_image src=\u00bbhttps:\/\/www.fromfroid.com\/wp-content\/uploads\/2018\/11\/carte-fromfroid-couleur.png\u00bb image_size=\u00bbfull\u00bb align=\u00bbcenter\u00bb animation=\u00bbfade-in\u00bb][\/vc_column][vc_column width=\u00bb1\/2&#8243;][mk_fancy_title color=\u00bb#ffffff\u00bb size=\u00bb30&#8243; line_height=\u00bb130&#8243; font_weight=\u00bb300&#8243; font_style=\u00bbnormal\u00bb margin_bottom=\u00bb0&#8243; font_family=\u00bbOpen+Sans\u00bb font_type=\u00bbgoogle\u00bb]FROMFROID lo acompa\u00f1a[\/mk_fancy_title][mk_fancy_title color=\u00bb#ffffff\u00bb size=\u00bb30&#8243; line_height=\u00bb50&#8243; font_weight=\u00bb900&#8243; font_style=\u00bbnormal\u00bb font_family=\u00bbOpen+Sans\u00bb font_type=\u00bbgoogle\u00bb]en el extranjero[\/mk_fancy_title][vc_column_text disable_pattern=\u00bbfalse\u00bb css=\u00bb.vc_custom_1563958651435{margin-bottom: 0px !important;}\u00bb]FROMFROID dispone de una red [&hellip;]\" \/>\n<meta property=\"og:url\" content=\"https:\/\/www.fromfroid.com\/es\/\" \/>\n<meta property=\"og:site_name\" content=\"Fromfroid\" \/>\n<meta property=\"article:modified_time\" content=\"2021-02-04T14:29:10+00:00\" \/>\n<meta name=\"twitter:card\" content=\"summary_large_image\" \/>\n<meta name=\"twitter:label1\" content=\"Tiempo de lectura\" \/>\n\t<meta name=\"twitter:data1\" content=\"5 minutos\" \/>\n<script type=\"application\/ld+json\" class=\"yoast-schema-graph\">{\"@context\":\"https:\\\/\\\/schema.org\",\"@graph\":[{\"@type\":\"WebPage\",\"@id\":\"https:\\\/\\\/www.fromfroid.com\\\/es\\\/\",\"url\":\"https:\\\/\\\/www.fromfroid.com\\\/es\\\/\",\"name\":\"Celdas t\u00faneles enfriamiento r\u00e1pido queser\u00eda climatizaci\u00f3n - Fromfroid\",\"isPartOf\":{\"@id\":\"https:\\\/\\\/www.fromfroid.com\\\/es\\\/#website\"},\"datePublished\":\"2019-08-28T07:22:35+00:00\",\"dateModified\":\"2021-02-04T14:29:10+00:00\",\"breadcrumb\":{\"@id\":\"https:\\\/\\\/www.fromfroid.com\\\/es\\\/#breadcrumb\"},\"inLanguage\":\"es\",\"potentialAction\":[{\"@type\":\"ReadAction\",\"target\":[\"https:\\\/\\\/www.fromfroid.com\\\/es\\\/\"]}]},{\"@type\":\"BreadcrumbList\",\"@id\":\"https:\\\/\\\/www.fromfroid.com\\\/es\\\/#breadcrumb\",\"itemListElement\":[{\"@type\":\"ListItem\",\"position\":1,\"name\":\"Inicio\",\"item\":\"https:\\\/\\\/www.fromfroid.com\\\/es\\\/\"},{\"@type\":\"ListItem\",\"position\":2,\"name\":\"FROMFROID-p\u00e1gina de inicio\"}]},{\"@type\":\"WebSite\",\"@id\":\"https:\\\/\\\/www.fromfroid.com\\\/es\\\/#website\",\"url\":\"https:\\\/\\\/www.fromfroid.com\\\/es\\\/\",\"name\":\"Fromfroid\",\"description\":\"\",\"potentialAction\":[{\"@type\":\"SearchAction\",\"target\":{\"@type\":\"EntryPoint\",\"urlTemplate\":\"https:\\\/\\\/www.fromfroid.com\\\/es\\\/?s={search_term_string}\"},\"query-input\":{\"@type\":\"PropertyValueSpecification\",\"valueRequired\":true,\"valueName\":\"search_term_string\"}}],\"inLanguage\":\"es\"}]}<\/script>\n<!-- \/ Yoast SEO plugin. -->","yoast_head_json":{"title":"Celdas t\u00faneles enfriamiento r\u00e1pido queser\u00eda climatizaci\u00f3n - Fromfroid","robots":{"index":"index","follow":"follow","max-snippet":"max-snippet:-1","max-image-preview":"max-image-preview:large","max-video-preview":"max-video-preview:-1"},"canonical":"https:\/\/www.fromfroid.com\/es\/","og_locale":"es_ES","og_type":"article","og_title":"Celdas t\u00faneles enfriamiento r\u00e1pido queser\u00eda climatizaci\u00f3n - Fromfroid","og_description":"[vc_row fullwidth=\u00bbtrue\u00bb][vc_column][mk_edge_slider first_el=\u00bbtrue\u00bb full_height=\u00bbfalse\u00bb height=\u00bb600&#8243; animation_effect=\u00bbfade\u00bb direction_nav=\u00bbround\u00bb skip_arrow=\u00bbfalse\u00bb][\/vc_column][\/vc_row][vc_section full_width=\u00bbstretch_row\u00bb content_placement=\u00bbmiddle\u00bb parallax=\u00bbcontent-moving\u00bb parallax_image=\u00bb119&#8243; css=\u00bb.vc_custom_1542032567017{background-image: url(https:\/\/www.fromfroid.com\/wp-content\/uploads\/2018\/11\/fromfoid_fond.gif?id=158) !important;background-position: center !important;background-repeat: no-repeat !important;background-size: cover !important;}\u00bb][vc_row][vc_column][vc_empty_space height=\u00bb40px\u00bb][\/vc_column][\/vc_row][vc_row][vc_column width=\u00bb1\/2&#8243;][mk_image src=\u00bbhttps:\/\/www.fromfroid.com\/wp-content\/uploads\/2018\/11\/carte-fromfroid-couleur.png\u00bb image_size=\u00bbfull\u00bb align=\u00bbcenter\u00bb animation=\u00bbfade-in\u00bb][\/vc_column][vc_column width=\u00bb1\/2&#8243;][mk_fancy_title color=\u00bb#ffffff\u00bb size=\u00bb30&#8243; line_height=\u00bb130&#8243; font_weight=\u00bb300&#8243; font_style=\u00bbnormal\u00bb margin_bottom=\u00bb0&#8243; font_family=\u00bbOpen+Sans\u00bb font_type=\u00bbgoogle\u00bb]FROMFROID lo acompa\u00f1a[\/mk_fancy_title][mk_fancy_title color=\u00bb#ffffff\u00bb size=\u00bb30&#8243; line_height=\u00bb50&#8243; font_weight=\u00bb900&#8243; font_style=\u00bbnormal\u00bb font_family=\u00bbOpen+Sans\u00bb font_type=\u00bbgoogle\u00bb]en el extranjero[\/mk_fancy_title][vc_column_text disable_pattern=\u00bbfalse\u00bb css=\u00bb.vc_custom_1563958651435{margin-bottom: 0px !important;}\u00bb]FROMFROID dispone de una red [&hellip;]","og_url":"https:\/\/www.fromfroid.com\/es\/","og_site_name":"Fromfroid","article_modified_time":"2021-02-04T14:29:10+00:00","twitter_card":"summary_large_image","twitter_misc":{"Tiempo de lectura":"5 minutos"},"schema":{"@context":"https:\/\/schema.org","@graph":[{"@type":"WebPage","@id":"https:\/\/www.fromfroid.com\/es\/","url":"https:\/\/www.fromfroid.com\/es\/","name":"Celdas t\u00faneles enfriamiento r\u00e1pido queser\u00eda climatizaci\u00f3n - Fromfroid","isPartOf":{"@id":"https:\/\/www.fromfroid.com\/es\/#website"},"datePublished":"2019-08-28T07:22:35+00:00","dateModified":"2021-02-04T14:29:10+00:00","breadcrumb":{"@id":"https:\/\/www.fromfroid.com\/es\/#breadcrumb"},"inLanguage":"es","potentialAction":[{"@type":"ReadAction","target":["https:\/\/www.fromfroid.com\/es\/"]}]},{"@type":"BreadcrumbList","@id":"https:\/\/www.fromfroid.com\/es\/#breadcrumb","itemListElement":[{"@type":"ListItem","position":1,"name":"Inicio","item":"https:\/\/www.fromfroid.com\/es\/"},{"@type":"ListItem","position":2,"name":"FROMFROID-p\u00e1gina de inicio"}]},{"@type":"WebSite","@id":"https:\/\/www.fromfroid.com\/es\/#website","url":"https:\/\/www.fromfroid.com\/es\/","name":"Fromfroid","description":"","potentialAction":[{"@type":"SearchAction","target":{"@type":"EntryPoint","urlTemplate":"https:\/\/www.fromfroid.com\/es\/?s={search_term_string}"},"query-input":{"@type":"PropertyValueSpecification","valueRequired":true,"valueName":"search_term_string"}}],"inLanguage":"es"}]}},"_links":{"self":[{"href":"https:\/\/www.fromfroid.com\/es\/wp-json\/wp\/v2\/pages\/1567","targetHints":{"allow":["GET"]}}],"collection":[{"href":"https:\/\/www.fromfroid.com\/es\/wp-json\/wp\/v2\/pages"}],"about":[{"href":"https:\/\/www.fromfroid.com\/es\/wp-json\/wp\/v2\/types\/page"}],"author":[{"embeddable":true,"href":"https:\/\/www.fromfroid.com\/es\/wp-json\/wp\/v2\/users\/2"}],"replies":[{"embeddable":true,"href":"https:\/\/www.fromfroid.com\/es\/wp-json\/wp\/v2\/comments?post=1567"}],"version-history":[{"count":22,"href":"https:\/\/www.fromfroid.com\/es\/wp-json\/wp\/v2\/pages\/1567\/revisions"}],"predecessor-version":[{"id":3946,"href":"https:\/\/www.fromfroid.com\/es\/wp-json\/wp\/v2\/pages\/1567\/revisions\/3946"}],"wp:attachment":[{"href":"https:\/\/www.fromfroid.com\/es\/wp-json\/wp\/v2\/media?parent=1567"}],"curies":[{"name":"wp","href":"https:\/\/api.w.org\/{rel}","templated":true}]}}