{"id":1569,"date":"2019-08-28T09:30:51","date_gmt":"2019-08-28T07:30:51","guid":{"rendered":"https:\/\/fromfroid.netvolution.fr\/fromfroid-pagina-de-inicio\/fromfroid-presentacion\/"},"modified":"2019-11-29T11:42:34","modified_gmt":"2019-11-29T10:42:34","slug":"fromfroid-presentacion","status":"publish","type":"page","link":"https:\/\/www.fromfroid.com\/es\/fromfroid\/fromfroid-presentacion\/","title":{"rendered":"El especialista del fr\u00edo para la industria agro-alimentaria"},"content":{"rendered":"[mk_page_section bg_position=\u00bbcenter top\u00bb bg_repeat=\u00bbno-repeat\u00bb enable_3d=\u00bbtrue\u00bb bg_gradient=\u00bbvertical\u00bb video_color_mask=\u00bb#ffffff\u00bb gr_end=\u00bbrgba(255,255,255,0.4)\u00bb video_opacity=\u00bb0&#8243; padding_top=\u00bb50&#8243; padding_bottom=\u00bb50&#8243; margin_bottom=\u00bb50&#8243; sidebar=\u00bbsidebar-1&#8243; first_page=\u00bbfalse\u00bb last_page=\u00bbfalse\u00bb][vc_column width=\u00bb1\/3&#8243;][mk_image src=\u00bbhttps:\/\/www.fromfroid.com\/wp-content\/uploads\/2018\/11\/fromfroid-logo.png\u00bb][\/vc_column][vc_column width=\u00bb2\/3&#8243;][vc_column_text css=\u00bb.vc_custom_1575017398142{margin-bottom: 0px !important;}\u00bb]\n<h2 style=\"text-align: center;\"><strong>Tecnolog\u00eda<\/strong>,<strong> experiencia <\/strong>e\u00a0<strong>innovaci\u00f3n<\/strong><\/h2>\n<h2 style=\"text-align: center;\">FROMFROID, un conocimiento \u00fanico<\/h2>\n<p>Con <strong>50 a\u00f1os<\/strong> de experiencia, FROMFROID est\u00e1 especializado en el\u00a0<a href=\"https:\/\/www.fromfroid.com\/es\/experiencia\/tratamiento-de-aire-de-proceso\/acondicionadores-de-aire-en-de-acero-inoxidable\/\"><strong>acondicionamiento de aire de procesos<\/strong><\/a>, la\u00a0<a href=\"https:\/\/www.fromfroid.com\/es\/experiencia\/tratamiento-de-aire-de-proceso\/\"><strong>climatizaci\u00f3n industrial<\/strong><\/a>, el<a href=\"https:\/\/www.fromfroid.com\/es\/experiencia\/enfriamiento-rapido\/\">\u00a0<strong>enfriamiento r\u00e1pido para pallets<\/strong><\/a> y la <a href=\"https:\/\/www.fromfroid.com\/es\/experiencia\/refrigeracion-industrial\/produccion-frigorifica\/\"><strong>producci\u00f3n frigor\u00edfica<\/strong><\/a> para la industria agroalimentaria.<\/p>\n<p>Empresa familiar reconocida por sus\u00a0<a href=\"https:\/\/www.fromfroid.com\/es\/fromfroid\/fromfroid-innovaciones\/\"><strong>innovaciones<\/strong>\u00a0<\/a>y su <b>saber hacer<\/b>, FROMFROID trabaja para los l\u00edderes mundiales del sector agroalimentario y de productos l\u00e1cteos.<\/p>\n<p><a href=\"https:\/\/www.fromfroid.com\/es\/contactenos\/\">Presente comercialmente en todo el planeta<\/a>, FROMFROID sabr\u00e1 responder a sus necesidades y aconsejarle para alcanzar sus objetivos de\u00a0<strong>calidad,<\/strong>\u00a0<strong>fiabilidad<\/strong>\u00a0y\u00a0<strong>optimizaci\u00f3n<\/strong>\u00a0energ\u00e9tica.[\/vc_column_text][mk_padding_divider][\/vc_column][\/mk_page_section]\n","protected":false},"excerpt":{"rendered":"<p>[mk_page_section bg_position=\u00bbcenter top\u00bb bg_repeat=\u00bbno-repeat\u00bb enable_3d=\u00bbtrue\u00bb bg_gradient=\u00bbvertical\u00bb video_color_mask=\u00bb#ffffff\u00bb gr_end=\u00bbrgba(255,255,255,0.4)\u00bb video_opacity=\u00bb0&#8243; padding_top=\u00bb50&#8243; padding_bottom=\u00bb50&#8243; margin_bottom=\u00bb50&#8243; sidebar=\u00bbsidebar-1&#8243; first_page=\u00bbfalse\u00bb last_page=\u00bbfalse\u00bb][vc_column width=\u00bb1\/3&#8243;][mk_image src=\u00bbhttps:\/\/www.fromfroid.com\/wp-content\/uploads\/2018\/11\/fromfroid-logo.png\u00bb][\/vc_column][vc_column width=\u00bb2\/3&#8243;][vc_column_text css=\u00bb.vc_custom_1575017398142{margin-bottom: 0px !important;}\u00bb] Tecnolog\u00eda, experiencia e\u00a0innovaci\u00f3n FROMFROID, un conocimiento \u00fanico Con 50 a\u00f1os de experiencia, FROMFROID est\u00e1 especializado en el\u00a0acondicionamiento de aire de procesos, la\u00a0climatizaci\u00f3n industrial, el\u00a0enfriamiento r\u00e1pido para pallets y la producci\u00f3n frigor\u00edfica para la industria [&hellip;]<\/p>\n","protected":false},"author":3,"featured_media":0,"parent":1647,"menu_order":0,"comment_status":"closed","ping_status":"closed","template":"","meta":{"footnotes":""},"class_list":["post-1569","page","type-page","status-publish","hentry"],"yoast_head":"<!-- This site is optimized with the Yoast SEO plugin v27.4 - https:\/\/yoast.com\/product\/yoast-seo-wordpress\/ -->\n<title>tecnolog\u00eda especialista aire de procesos agroalimentarios - Fromfroid<\/title>\n<meta name=\"robots\" content=\"index, follow, max-snippet:-1, max-image-preview:large, max-video-preview:-1\" \/>\n<link rel=\"canonical\" href=\"https:\/\/www.fromfroid.com\/es\/fromfroid\/fromfroid-presentacion\/\" \/>\n<meta property=\"og:locale\" content=\"es_ES\" \/>\n<meta property=\"og:type\" content=\"article\" \/>\n<meta property=\"og:title\" content=\"tecnolog\u00eda especialista aire de procesos agroalimentarios - Fromfroid\" \/>\n<meta property=\"og:description\" content=\"[mk_page_section bg_position=\u00bbcenter top\u00bb bg_repeat=\u00bbno-repeat\u00bb enable_3d=\u00bbtrue\u00bb bg_gradient=\u00bbvertical\u00bb video_color_mask=\u00bb#ffffff\u00bb gr_end=\u00bbrgba(255,255,255,0.4)\u00bb video_opacity=\u00bb0&#8243; padding_top=\u00bb50&#8243; padding_bottom=\u00bb50&#8243; margin_bottom=\u00bb50&#8243; sidebar=\u00bbsidebar-1&#8243; first_page=\u00bbfalse\u00bb last_page=\u00bbfalse\u00bb][vc_column width=\u00bb1\/3&#8243;][mk_image src=\u00bbhttps:\/\/www.fromfroid.com\/wp-content\/uploads\/2018\/11\/fromfroid-logo.png\u00bb][\/vc_column][vc_column width=\u00bb2\/3&#8243;][vc_column_text css=\u00bb.vc_custom_1575017398142{margin-bottom: 0px !important;}\u00bb] Tecnolog\u00eda, experiencia e\u00a0innovaci\u00f3n FROMFROID, un conocimiento \u00fanico Con 50 a\u00f1os de experiencia, FROMFROID est\u00e1 especializado en el\u00a0acondicionamiento de aire de procesos, la\u00a0climatizaci\u00f3n industrial, el\u00a0enfriamiento r\u00e1pido para pallets y la producci\u00f3n frigor\u00edfica para la industria [&hellip;]\" \/>\n<meta property=\"og:url\" content=\"https:\/\/www.fromfroid.com\/es\/fromfroid\/fromfroid-presentacion\/\" \/>\n<meta property=\"og:site_name\" content=\"Fromfroid\" \/>\n<meta property=\"article:modified_time\" content=\"2019-11-29T10:42:34+00:00\" \/>\n<meta name=\"twitter:card\" content=\"summary_large_image\" \/>\n<meta name=\"twitter:label1\" content=\"Tiempo de lectura\" \/>\n\t<meta name=\"twitter:data1\" content=\"1 minuto\" \/>\n<script type=\"application\/ld+json\" class=\"yoast-schema-graph\">{\"@context\":\"https:\\\/\\\/schema.org\",\"@graph\":[{\"@type\":\"WebPage\",\"@id\":\"https:\\\/\\\/www.fromfroid.com\\\/es\\\/fromfroid\\\/fromfroid-presentacion\\\/\",\"url\":\"https:\\\/\\\/www.fromfroid.com\\\/es\\\/fromfroid\\\/fromfroid-presentacion\\\/\",\"name\":\"tecnolog\u00eda especialista aire de procesos agroalimentarios - Fromfroid\",\"isPartOf\":{\"@id\":\"https:\\\/\\\/www.fromfroid.com\\\/es\\\/#website\"},\"datePublished\":\"2019-08-28T07:30:51+00:00\",\"dateModified\":\"2019-11-29T10:42:34+00:00\",\"breadcrumb\":{\"@id\":\"https:\\\/\\\/www.fromfroid.com\\\/es\\\/fromfroid\\\/fromfroid-presentacion\\\/#breadcrumb\"},\"inLanguage\":\"es\",\"potentialAction\":[{\"@type\":\"ReadAction\",\"target\":[\"https:\\\/\\\/www.fromfroid.com\\\/es\\\/fromfroid\\\/fromfroid-presentacion\\\/\"]}]},{\"@type\":\"BreadcrumbList\",\"@id\":\"https:\\\/\\\/www.fromfroid.com\\\/es\\\/fromfroid\\\/fromfroid-presentacion\\\/#breadcrumb\",\"itemListElement\":[{\"@type\":\"ListItem\",\"position\":1,\"name\":\"Inicio\",\"item\":\"https:\\\/\\\/www.fromfroid.com\\\/es\\\/\"},{\"@type\":\"ListItem\",\"position\":2,\"name\":\"FROMFROID\",\"item\":\"https:\\\/\\\/www.fromfroid.com\\\/es\\\/fromfroid\\\/\"},{\"@type\":\"ListItem\",\"position\":3,\"name\":\"El especialista del fr\u00edo para la industria agro-alimentaria\"}]},{\"@type\":\"WebSite\",\"@id\":\"https:\\\/\\\/www.fromfroid.com\\\/es\\\/#website\",\"url\":\"https:\\\/\\\/www.fromfroid.com\\\/es\\\/\",\"name\":\"Fromfroid\",\"description\":\"\",\"potentialAction\":[{\"@type\":\"SearchAction\",\"target\":{\"@type\":\"EntryPoint\",\"urlTemplate\":\"https:\\\/\\\/www.fromfroid.com\\\/es\\\/?s={search_term_string}\"},\"query-input\":{\"@type\":\"PropertyValueSpecification\",\"valueRequired\":true,\"valueName\":\"search_term_string\"}}],\"inLanguage\":\"es\"}]}<\/script>\n<!-- \/ Yoast SEO plugin. -->","yoast_head_json":{"title":"tecnolog\u00eda especialista aire de procesos agroalimentarios - Fromfroid","robots":{"index":"index","follow":"follow","max-snippet":"max-snippet:-1","max-image-preview":"max-image-preview:large","max-video-preview":"max-video-preview:-1"},"canonical":"https:\/\/www.fromfroid.com\/es\/fromfroid\/fromfroid-presentacion\/","og_locale":"es_ES","og_type":"article","og_title":"tecnolog\u00eda especialista aire de procesos agroalimentarios - Fromfroid","og_description":"[mk_page_section bg_position=\u00bbcenter top\u00bb bg_repeat=\u00bbno-repeat\u00bb enable_3d=\u00bbtrue\u00bb bg_gradient=\u00bbvertical\u00bb video_color_mask=\u00bb#ffffff\u00bb gr_end=\u00bbrgba(255,255,255,0.4)\u00bb video_opacity=\u00bb0&#8243; padding_top=\u00bb50&#8243; padding_bottom=\u00bb50&#8243; margin_bottom=\u00bb50&#8243; sidebar=\u00bbsidebar-1&#8243; first_page=\u00bbfalse\u00bb last_page=\u00bbfalse\u00bb][vc_column width=\u00bb1\/3&#8243;][mk_image src=\u00bbhttps:\/\/www.fromfroid.com\/wp-content\/uploads\/2018\/11\/fromfroid-logo.png\u00bb][\/vc_column][vc_column width=\u00bb2\/3&#8243;][vc_column_text css=\u00bb.vc_custom_1575017398142{margin-bottom: 0px !important;}\u00bb] Tecnolog\u00eda, experiencia e\u00a0innovaci\u00f3n FROMFROID, un conocimiento \u00fanico Con 50 a\u00f1os de experiencia, FROMFROID est\u00e1 especializado en el\u00a0acondicionamiento de aire de procesos, la\u00a0climatizaci\u00f3n industrial, el\u00a0enfriamiento r\u00e1pido para pallets y la producci\u00f3n frigor\u00edfica para la industria [&hellip;]","og_url":"https:\/\/www.fromfroid.com\/es\/fromfroid\/fromfroid-presentacion\/","og_site_name":"Fromfroid","article_modified_time":"2019-11-29T10:42:34+00:00","twitter_card":"summary_large_image","twitter_misc":{"Tiempo de lectura":"1 minuto"},"schema":{"@context":"https:\/\/schema.org","@graph":[{"@type":"WebPage","@id":"https:\/\/www.fromfroid.com\/es\/fromfroid\/fromfroid-presentacion\/","url":"https:\/\/www.fromfroid.com\/es\/fromfroid\/fromfroid-presentacion\/","name":"tecnolog\u00eda especialista aire de procesos agroalimentarios - Fromfroid","isPartOf":{"@id":"https:\/\/www.fromfroid.com\/es\/#website"},"datePublished":"2019-08-28T07:30:51+00:00","dateModified":"2019-11-29T10:42:34+00:00","breadcrumb":{"@id":"https:\/\/www.fromfroid.com\/es\/fromfroid\/fromfroid-presentacion\/#breadcrumb"},"inLanguage":"es","potentialAction":[{"@type":"ReadAction","target":["https:\/\/www.fromfroid.com\/es\/fromfroid\/fromfroid-presentacion\/"]}]},{"@type":"BreadcrumbList","@id":"https:\/\/www.fromfroid.com\/es\/fromfroid\/fromfroid-presentacion\/#breadcrumb","itemListElement":[{"@type":"ListItem","position":1,"name":"Inicio","item":"https:\/\/www.fromfroid.com\/es\/"},{"@type":"ListItem","position":2,"name":"FROMFROID","item":"https:\/\/www.fromfroid.com\/es\/fromfroid\/"},{"@type":"ListItem","position":3,"name":"El especialista del fr\u00edo para la industria agro-alimentaria"}]},{"@type":"WebSite","@id":"https:\/\/www.fromfroid.com\/es\/#website","url":"https:\/\/www.fromfroid.com\/es\/","name":"Fromfroid","description":"","potentialAction":[{"@type":"SearchAction","target":{"@type":"EntryPoint","urlTemplate":"https:\/\/www.fromfroid.com\/es\/?s={search_term_string}"},"query-input":{"@type":"PropertyValueSpecification","valueRequired":true,"valueName":"search_term_string"}}],"inLanguage":"es"}]}},"_links":{"self":[{"href":"https:\/\/www.fromfroid.com\/es\/wp-json\/wp\/v2\/pages\/1569","targetHints":{"allow":["GET"]}}],"collection":[{"href":"https:\/\/www.fromfroid.com\/es\/wp-json\/wp\/v2\/pages"}],"about":[{"href":"https:\/\/www.fromfroid.com\/es\/wp-json\/wp\/v2\/types\/page"}],"author":[{"embeddable":true,"href":"https:\/\/www.fromfroid.com\/es\/wp-json\/wp\/v2\/users\/3"}],"replies":[{"embeddable":true,"href":"https:\/\/www.fromfroid.com\/es\/wp-json\/wp\/v2\/comments?post=1569"}],"version-history":[{"count":7,"href":"https:\/\/www.fromfroid.com\/es\/wp-json\/wp\/v2\/pages\/1569\/revisions"}],"predecessor-version":[{"id":2573,"href":"https:\/\/www.fromfroid.com\/es\/wp-json\/wp\/v2\/pages\/1569\/revisions\/2573"}],"up":[{"embeddable":true,"href":"https:\/\/www.fromfroid.com\/es\/wp-json\/wp\/v2\/pages\/1647"}],"wp:attachment":[{"href":"https:\/\/www.fromfroid.com\/es\/wp-json\/wp\/v2\/media?parent=1569"}],"curies":[{"name":"wp","href":"https:\/\/api.w.org\/{rel}","templated":true}]}}