{"id":1579,"date":"2019-09-10T18:02:48","date_gmt":"2019-09-10T16:02:48","guid":{"rendered":"https:\/\/fromfroid.netvolution.fr\/?page_id=1579"},"modified":"2019-09-16T11:02:17","modified_gmt":"2019-09-16T09:02:17","slug":"politica-de-confidencialidad","status":"publish","type":"page","link":"https:\/\/www.fromfroid.com\/es\/politica-de-confidencialidad\/","title":{"rendered":"Pol\u00edtica de confidencialidad"},"content":{"rendered":"<h2>\u00bfQui\u00e9nes somos?<\/h2>\n<p>La direcci\u00f3n de nuestra p\u00e1gina web es: https:\/\/fromfroid.netvolution.com.<\/p>\n<h2>Uso de los datos personales recolectados<\/h2>\n<h3>Comentarios<\/h3>\n<p>Dejando un comentario en nuestra p\u00e1gina web, se recolectan los datos escritos en el formulario de comentario, pero tambi\u00e9n su direcci\u00f3n IP y el usuario de su navegador para ayudarnos con la detecci\u00f3n de comentarios no deseados.<\/p>\n<p>Se podr\u00e1 enviar una cadena an\u00f3nima creada a partir de su direcci\u00f3n de mensajer\u00eda (tambi\u00e9n llamada hash) al servicio Gravatar para verificar si lo utiliza. Las cl\u00e1usulas de confidencialidad del servicio Gravatar est\u00e1n disponibles aqu\u00ed: https:\/\/automattic.com\/privacy\/. Tras aprobaci\u00f3n de su comentario, su foto de perfil ser\u00e1 visible p\u00fablicamente al lado de su comentario.<\/p>\n<h3>Medios de comunicaci\u00f3n<\/h3>\n<p>Si es usted un\/a usuario\/a registrado\/a y publica im\u00e1genes en la p\u00e1gina web, lo aconsejamos no publicar im\u00e1genes que contengan datos EXIF de coordenadas GPS. Los visitantes de su p\u00e1gina web pueden descargar y extraer los datos de localizaci\u00f3n a partir de estas im\u00e1genes.<\/p>\n<h3>Formularios de contacto<\/h3>\n<h3>Cookies<\/h3>\n<p>Si deja un comentario en nuestra p\u00e1gina web, se le propondr\u00e1 guardar su nombre, direcci\u00f3n de correo electr\u00f3nico y p\u00e1gina web en las cookies. Es \u00fanicamente por su confort, para no tener que volver a escribir estos datos en caso de querer hacer un nuevo comentario m\u00e1s tarde. Dichas cookies expiran al cabo de un a\u00f1o.<\/p>\n<p>Si tiene una cuenta y se conecta en esta p\u00e1gina, se crear\u00e1 una cookie temporal para determinar si su navegador las acepta. No contiene datos personales y se suprimir\u00e1 autom\u00e1ticamente con el cierre del navegador.<\/p>\n<p>Cuando se conecte, pondremos en marcha un cierto n\u00famero de cookies para guardar sus informaciones de conexi\u00f3n y sus preferencias de pantalla. La vida \u00fatil de una cookie de conexi\u00f3n es de dos d\u00edas, la de una cookie de opci\u00f3n de pantalla, de un a\u00f1o. Si clica en \u00abGuardar\u00bb, se conservar\u00e1 su cookie de conexi\u00f3n durante dos semanas. Si sale de su cuenta, se borrar\u00e1 su cookie de conexi\u00f3n.<\/p>\n<p>Modificando o publicando, se guardar\u00e1 una cookie adicional en su navegador. Esta cookie no contiene ning\u00fan dato personal. Esta solo indica la ID de la publicaci\u00f3n que acaba de modificar.<\/p>\n<h3>Contenido procedente de otras p\u00e1ginas<\/h3>\n<p>Los art\u00edculos de esta p\u00e1gina pueden incluir contenidos integrados (por ejemplo, videos, im\u00e1genes, art\u00edculos\u2026). El contenido integrado a partir de otras p\u00e1ginas se comporta como si el visitante entrara en la p\u00e1gina de origen del contenido importado.<\/p>\n<p>Si posee una cuenta conectada en estas p\u00e1ginas web, estas podr\u00edan recolectar sus datos, utilizar cookies, poner en marcha instrumentos de seguimiento de terceros y seguir sus interacciones con estos contenidos importados.<\/p>\n<h3>Estad\u00edsticas y medidas de audiencia<\/h3>\n<h2>Uso y transmisi\u00f3n de sus datos personales<\/h2>\n<h2>Tiempo de almacenamiento de sus datos<\/h2>\n<p>Si deja un comentario, se conservar\u00e1n este y sus metadatos indefinidamente. Esto permite reconocer y aprobar autom\u00e1ticamente los comentarios siguientes en lugar de dejarlos en la fila de moderaci\u00f3n.<\/p>\n<p>Para los\/as usuarios\/as que se registren en nuestra p\u00e1gina (si es posible), almacenaremos de igual manera los datos personales indicados en el perfil. Todos\/as los\/as usuarios\/as pueden ver, modificar o suprimir las informaciones personales en todo momento (menos su nombre de usuario\/a). Los administradores de la p\u00e1gina pueden tambi\u00e9n ver y modificar dichas informaciones.<\/p>\n<h2>Los derechos que tiene sobre sus datos<\/h2>\n<p>Si tiene una cuenta o si ha dejado un comentario en la p\u00e1gina, puede pedir el fichero que contiene sus datos personales que poseemos sobre usted, incluyendo los datos que usted mismo\/a nos ha dado. Tambi\u00e9n puede pedir la eliminaci\u00f3n de sus datos personales. Esto no incluye los datos almacenados con fines administrativos, legales o por razones de seguridad.<\/p>\n<h2>Transmisi\u00f3n de sus datos personales<\/h2>\n<p>Se pueden verificar los comentarios de los visitantes con la ayuda de un servicio automatizado de detecci\u00f3n de comentarios no deseados.<\/p>\n<h2>Informaciones de contacto<\/h2>\n<h2>M\u00e1s informaci\u00f3n<\/h2>\n<h3>C\u00f3mo protegemos sus datos<\/h3>\n<h3>Procedimientos en caso de filtraci\u00f3n de datos<\/h3>\n<h3>Los terceros servicios que transmiten los datos<\/h3>\n<h3>Operaciones de marketing automatizadas y\/o de elaboraci\u00f3n de perfiles realizados con la ayuda de los datos personales<\/h3>\n<h3>Visualizaci\u00f3n de las informaciones relativas a los sectores sujetos de regulaciones espec\u00edficas<\/h3>\n","protected":false},"excerpt":{"rendered":"<p>\u00bfQui\u00e9nes somos? La direcci\u00f3n de nuestra p\u00e1gina web es: https:\/\/fromfroid.netvolution.com. Uso de los datos personales recolectados Comentarios Dejando un comentario en nuestra p\u00e1gina web, se recolectan los datos escritos en el formulario de comentario, pero tambi\u00e9n su direcci\u00f3n IP y el usuario de su navegador para ayudarnos con la detecci\u00f3n de comentarios no deseados. Se [&hellip;]<\/p>\n","protected":false},"author":1,"featured_media":0,"parent":0,"menu_order":0,"comment_status":"closed","ping_status":"open","template":"","meta":{"footnotes":""},"class_list":["post-1579","page","type-page","status-publish","hentry"],"yoast_head":"<!-- This site is optimized with the Yoast SEO plugin v27.4 - https:\/\/yoast.com\/product\/yoast-seo-wordpress\/ -->\n<title>Pol\u00edtica de confidencialidad - Fromfroid<\/title>\n<meta name=\"robots\" content=\"index, follow, max-snippet:-1, max-image-preview:large, max-video-preview:-1\" \/>\n<link rel=\"canonical\" href=\"https:\/\/www.fromfroid.com\/es\/politica-de-confidencialidad\/\" \/>\n<meta property=\"og:locale\" content=\"es_ES\" \/>\n<meta property=\"og:type\" content=\"article\" \/>\n<meta property=\"og:title\" content=\"Pol\u00edtica de confidencialidad - Fromfroid\" \/>\n<meta property=\"og:description\" content=\"\u00bfQui\u00e9nes somos? La direcci\u00f3n de nuestra p\u00e1gina web es: https:\/\/fromfroid.netvolution.com. Uso de los datos personales recolectados Comentarios Dejando un comentario en nuestra p\u00e1gina web, se recolectan los datos escritos en el formulario de comentario, pero tambi\u00e9n su direcci\u00f3n IP y el usuario de su navegador para ayudarnos con la detecci\u00f3n de comentarios no deseados. Se [&hellip;]\" \/>\n<meta property=\"og:url\" content=\"https:\/\/www.fromfroid.com\/es\/politica-de-confidencialidad\/\" \/>\n<meta property=\"og:site_name\" content=\"Fromfroid\" \/>\n<meta property=\"article:modified_time\" content=\"2019-09-16T09:02:17+00:00\" \/>\n<meta name=\"twitter:card\" content=\"summary_large_image\" \/>\n<meta name=\"twitter:label1\" content=\"Tiempo de lectura\" \/>\n\t<meta name=\"twitter:data1\" content=\"4 minutos\" \/>\n<script type=\"application\/ld+json\" class=\"yoast-schema-graph\">{\"@context\":\"https:\\\/\\\/schema.org\",\"@graph\":[{\"@type\":\"WebPage\",\"@id\":\"https:\\\/\\\/www.fromfroid.com\\\/es\\\/politica-de-confidencialidad\\\/\",\"url\":\"https:\\\/\\\/www.fromfroid.com\\\/es\\\/politica-de-confidencialidad\\\/\",\"name\":\"Pol\u00edtica de confidencialidad - Fromfroid\",\"isPartOf\":{\"@id\":\"https:\\\/\\\/www.fromfroid.com\\\/es\\\/#website\"},\"datePublished\":\"2019-09-10T16:02:48+00:00\",\"dateModified\":\"2019-09-16T09:02:17+00:00\",\"breadcrumb\":{\"@id\":\"https:\\\/\\\/www.fromfroid.com\\\/es\\\/politica-de-confidencialidad\\\/#breadcrumb\"},\"inLanguage\":\"es\",\"potentialAction\":[{\"@type\":\"ReadAction\",\"target\":[\"https:\\\/\\\/www.fromfroid.com\\\/es\\\/politica-de-confidencialidad\\\/\"]}]},{\"@type\":\"BreadcrumbList\",\"@id\":\"https:\\\/\\\/www.fromfroid.com\\\/es\\\/politica-de-confidencialidad\\\/#breadcrumb\",\"itemListElement\":[{\"@type\":\"ListItem\",\"position\":1,\"name\":\"Inicio\",\"item\":\"https:\\\/\\\/www.fromfroid.com\\\/es\\\/\"},{\"@type\":\"ListItem\",\"position\":2,\"name\":\"Pol\u00edtica de confidencialidad\"}]},{\"@type\":\"WebSite\",\"@id\":\"https:\\\/\\\/www.fromfroid.com\\\/es\\\/#website\",\"url\":\"https:\\\/\\\/www.fromfroid.com\\\/es\\\/\",\"name\":\"Fromfroid\",\"description\":\"\",\"potentialAction\":[{\"@type\":\"SearchAction\",\"target\":{\"@type\":\"EntryPoint\",\"urlTemplate\":\"https:\\\/\\\/www.fromfroid.com\\\/es\\\/?s={search_term_string}\"},\"query-input\":{\"@type\":\"PropertyValueSpecification\",\"valueRequired\":true,\"valueName\":\"search_term_string\"}}],\"inLanguage\":\"es\"}]}<\/script>\n<!-- \/ Yoast SEO plugin. -->","yoast_head_json":{"title":"Pol\u00edtica de confidencialidad - Fromfroid","robots":{"index":"index","follow":"follow","max-snippet":"max-snippet:-1","max-image-preview":"max-image-preview:large","max-video-preview":"max-video-preview:-1"},"canonical":"https:\/\/www.fromfroid.com\/es\/politica-de-confidencialidad\/","og_locale":"es_ES","og_type":"article","og_title":"Pol\u00edtica de confidencialidad - Fromfroid","og_description":"\u00bfQui\u00e9nes somos? La direcci\u00f3n de nuestra p\u00e1gina web es: https:\/\/fromfroid.netvolution.com. Uso de los datos personales recolectados Comentarios Dejando un comentario en nuestra p\u00e1gina web, se recolectan los datos escritos en el formulario de comentario, pero tambi\u00e9n su direcci\u00f3n IP y el usuario de su navegador para ayudarnos con la detecci\u00f3n de comentarios no deseados. Se [&hellip;]","og_url":"https:\/\/www.fromfroid.com\/es\/politica-de-confidencialidad\/","og_site_name":"Fromfroid","article_modified_time":"2019-09-16T09:02:17+00:00","twitter_card":"summary_large_image","twitter_misc":{"Tiempo de lectura":"4 minutos"},"schema":{"@context":"https:\/\/schema.org","@graph":[{"@type":"WebPage","@id":"https:\/\/www.fromfroid.com\/es\/politica-de-confidencialidad\/","url":"https:\/\/www.fromfroid.com\/es\/politica-de-confidencialidad\/","name":"Pol\u00edtica de confidencialidad - Fromfroid","isPartOf":{"@id":"https:\/\/www.fromfroid.com\/es\/#website"},"datePublished":"2019-09-10T16:02:48+00:00","dateModified":"2019-09-16T09:02:17+00:00","breadcrumb":{"@id":"https:\/\/www.fromfroid.com\/es\/politica-de-confidencialidad\/#breadcrumb"},"inLanguage":"es","potentialAction":[{"@type":"ReadAction","target":["https:\/\/www.fromfroid.com\/es\/politica-de-confidencialidad\/"]}]},{"@type":"BreadcrumbList","@id":"https:\/\/www.fromfroid.com\/es\/politica-de-confidencialidad\/#breadcrumb","itemListElement":[{"@type":"ListItem","position":1,"name":"Inicio","item":"https:\/\/www.fromfroid.com\/es\/"},{"@type":"ListItem","position":2,"name":"Pol\u00edtica de confidencialidad"}]},{"@type":"WebSite","@id":"https:\/\/www.fromfroid.com\/es\/#website","url":"https:\/\/www.fromfroid.com\/es\/","name":"Fromfroid","description":"","potentialAction":[{"@type":"SearchAction","target":{"@type":"EntryPoint","urlTemplate":"https:\/\/www.fromfroid.com\/es\/?s={search_term_string}"},"query-input":{"@type":"PropertyValueSpecification","valueRequired":true,"valueName":"search_term_string"}}],"inLanguage":"es"}]}},"_links":{"self":[{"href":"https:\/\/www.fromfroid.com\/es\/wp-json\/wp\/v2\/pages\/1579","targetHints":{"allow":["GET"]}}],"collection":[{"href":"https:\/\/www.fromfroid.com\/es\/wp-json\/wp\/v2\/pages"}],"about":[{"href":"https:\/\/www.fromfroid.com\/es\/wp-json\/wp\/v2\/types\/page"}],"author":[{"embeddable":true,"href":"https:\/\/www.fromfroid.com\/es\/wp-json\/wp\/v2\/users\/1"}],"replies":[{"embeddable":true,"href":"https:\/\/www.fromfroid.com\/es\/wp-json\/wp\/v2\/comments?post=1579"}],"version-history":[{"count":2,"href":"https:\/\/www.fromfroid.com\/es\/wp-json\/wp\/v2\/pages\/1579\/revisions"}],"predecessor-version":[{"id":2224,"href":"https:\/\/www.fromfroid.com\/es\/wp-json\/wp\/v2\/pages\/1579\/revisions\/2224"}],"wp:attachment":[{"href":"https:\/\/www.fromfroid.com\/es\/wp-json\/wp\/v2\/media?parent=1579"}],"curies":[{"name":"wp","href":"https:\/\/api.w.org\/{rel}","templated":true}]}}