{"id":1580,"date":"2019-08-28T11:28:51","date_gmt":"2019-08-28T09:28:51","guid":{"rendered":"https:\/\/fromfroid.netvolution.fr\/galleteria\/"},"modified":"2019-12-02T16:37:40","modified_gmt":"2019-12-02T15:37:40","slug":"galleteria","status":"publish","type":"page","link":"https:\/\/www.fromfroid.com\/es\/sectores-de-actividades\/galleteria\/","title":{"rendered":"Galletas y dulces"},"content":{"rendered":"[mk_page_section bg_image=\u00bbhttps:\/\/www.fromfroid.com\/wp-content\/uploads\/2019\/09\/headers_biscuits.jpg\u00bb bg_color=\u00bb#3eb6e9&#8243; bg_position=\u00bbcenter center\u00bb bg_repeat=\u00bbno-repeat\u00bb bg_stretch=\u00bbtrue\u00bb enable_3d=\u00bbtrue\u00bb bg_gradient=\u00bbvertical\u00bb video_color_mask=\u00bb#3eb6e9&#8243; gr_end=\u00bb#0e2034&#8243; min_height=\u00bb450&#8243; full_width=\u00bbtrue\u00bb padding_top=\u00bb0&#8243; padding_bottom=\u00bb0&#8243; sidebar=\u00bbsidebar-1&#8243; first_page=\u00bbfalse\u00bb last_page=\u00bbfalse\u00bb][vc_column][mk_fancy_title tag_name=\u00bbh1&#8243; color=\u00bb#ffffff\u00bb size=\u00bb42&#8243; font_weight=\u00bb300&#8243; font_style=\u00bbnormal\u00bb txt_transform=\u00bbuppercase\u00bb letter_spacing=\u00bb6&#8243; margin_top=\u00bb200&#8243; margin_bottom=\u00bb0&#8243; font_family=\u00bbnone\u00bb align=\u00bbcenter\u00bb animation=\u00bbfade-in\u00bb]\n<p style=\"text-align: center;\">GALLETER\u00cdA<\/p>\n[\/mk_fancy_title][\/vc_column][\/mk_page_section][mk_page_section bg_position=\u00bbcenter top\u00bb bg_repeat=\u00bbno-repeat\u00bb enable_3d=\u00bbtrue\u00bb bg_gradient=\u00bbvertical\u00bb video_color_mask=\u00bb#ffffff\u00bb gr_end=\u00bbrgba(255,255,255,0.4)\u00bb video_opacity=\u00bb0&#8243; padding_top=\u00bb50&#8243; padding_bottom=\u00bb50&#8243; margin_bottom=\u00bb50&#8243; sidebar=\u00bbsidebar-1&#8243; first_page=\u00bbfalse\u00bb last_page=\u00bbfalse\u00bb][vc_column width=\u00bb1\/3&#8243;][mk_padding_divider][mk_image_slideshow images=\u00bb949,1013,78&#8243; image_width=\u00bb400&#8243; image_height=\u00bb300&#8243; animation_speed=\u00bb400&#8243; slideshow_speed=\u00bb2500&#8243;][\/vc_column][vc_column width=\u00bb2\/3&#8243;][vc_column_text css=\u00bb.vc_custom_1575301032554{margin-bottom: 0px !important;}\u00bb]\n<h2 style=\"text-align: center;\"><strong>Innovaciones<\/strong>,\u00a0<strong>conocimientos<\/strong> y <strong>fiabilidad<\/strong><\/h2>\n<h2 style=\"text-align: center;\">FROMFROID, experto en el enfriamiento de galletas<\/h2>\n<p>&nbsp;<\/p>\n<p>FROMFROID lleva 50 a\u00f1os especializado en el enfriamiento r\u00e1pido y la climatizaci\u00f3n industrial para el sector agroalimentario. Gracias a dicha\u00a0<strong>experiencia<\/strong>\u00a0y reconocimiento internacional, nuestra empresa ha desarrollado un gran\u00a0<strong>conocimiento<\/strong>\u00a0y <strong>experiencia<\/strong>\u00a0en el \u00e1rea de la <strong>galleter\u00eda<\/strong>\u00a0mediante sus<a href=\"https:\/\/www.fromfroid.com\/es\/experiencia\/enfriamiento-rapido\/tuneles-de-enfriamiento-rapido-para-productos-individuales\/\">\u00a0t\u00faneles de enfriamiento<\/a>.<\/p>\n<p>En la elaboraci\u00f3n <strong>galletas<\/strong> y <strong>panes<\/strong>, el enfriamiento de productos tras la cocci\u00f3n es una\u00a0<strong>etapa fundamental<\/strong>.<\/p>\n<p>Por ello, FROMFROID fabrica y suministra t\u00faneles de enfriamiento que sabr\u00e1n responder a las m\u00e1s estrictas especificaciones (<strong>rapidez de enfriamiento<\/strong>,\u00a0<strong>higiene<\/strong>,\u00a0<strong>limpieza<\/strong>). Todo ello, integr\u00e1ndose perfectamente en sus l\u00edneas de producci\u00f3n, tanto para nuevos proyectos como para optimizaci\u00f3n de l\u00edneas existentes.<\/p>\n<p>&nbsp;<\/p>\n<p style=\"text-align: center;\"><a href=\"https:\/\/www.fromfroid.com\/es\/contactenos\/\"><strong>\u00bfTiene un proyecto?\u00a0 \u00a1Cont\u00e1ctenos!<\/strong><\/a><\/p>\n<div class=\"product-top-row clearfix\">\n<div class=\"left-content-area\">\n<div class=\"article-content\"><\/div>\n<\/div>\n<\/div>\n[\/vc_column_text][\/vc_column][\/mk_page_section]\n","protected":false},"excerpt":{"rendered":"<p>[mk_page_section bg_image=\u00bbhttps:\/\/www.fromfroid.com\/wp-content\/uploads\/2019\/09\/headers_biscuits.jpg\u00bb bg_color=\u00bb#3eb6e9&#8243; bg_position=\u00bbcenter center\u00bb bg_repeat=\u00bbno-repeat\u00bb bg_stretch=\u00bbtrue\u00bb enable_3d=\u00bbtrue\u00bb bg_gradient=\u00bbvertical\u00bb video_color_mask=\u00bb#3eb6e9&#8243; gr_end=\u00bb#0e2034&#8243; min_height=\u00bb450&#8243; full_width=\u00bbtrue\u00bb padding_top=\u00bb0&#8243; padding_bottom=\u00bb0&#8243; sidebar=\u00bbsidebar-1&#8243; first_page=\u00bbfalse\u00bb last_page=\u00bbfalse\u00bb][vc_column][mk_fancy_title tag_name=\u00bbh1&#8243; color=\u00bb#ffffff\u00bb size=\u00bb42&#8243; font_weight=\u00bb300&#8243; font_style=\u00bbnormal\u00bb txt_transform=\u00bbuppercase\u00bb letter_spacing=\u00bb6&#8243; margin_top=\u00bb200&#8243; margin_bottom=\u00bb0&#8243; font_family=\u00bbnone\u00bb align=\u00bbcenter\u00bb animation=\u00bbfade-in\u00bb] GALLETER\u00cdA [\/mk_fancy_title][\/vc_column][\/mk_page_section][mk_page_section bg_position=\u00bbcenter top\u00bb bg_repeat=\u00bbno-repeat\u00bb enable_3d=\u00bbtrue\u00bb bg_gradient=\u00bbvertical\u00bb video_color_mask=\u00bb#ffffff\u00bb gr_end=\u00bbrgba(255,255,255,0.4)\u00bb video_opacity=\u00bb0&#8243; padding_top=\u00bb50&#8243; padding_bottom=\u00bb50&#8243; margin_bottom=\u00bb50&#8243; sidebar=\u00bbsidebar-1&#8243; first_page=\u00bbfalse\u00bb last_page=\u00bbfalse\u00bb][vc_column width=\u00bb1\/3&#8243;][mk_padding_divider][mk_image_slideshow images=\u00bb949,1013,78&#8243; image_width=\u00bb400&#8243; image_height=\u00bb300&#8243; animation_speed=\u00bb400&#8243; slideshow_speed=\u00bb2500&#8243;][\/vc_column][vc_column width=\u00bb2\/3&#8243;][vc_column_text css=\u00bb.vc_custom_1575301032554{margin-bottom: 0px [&hellip;]<\/p>\n","protected":false},"author":5,"featured_media":0,"parent":1653,"menu_order":0,"comment_status":"closed","ping_status":"closed","template":"","meta":{"footnotes":""},"class_list":["post-1580","page","type-page","status-publish","hentry"],"yoast_head":"<!-- This site is optimized with the Yoast SEO plugin v27.4 - https:\/\/yoast.com\/product\/yoast-seo-wordpress\/ -->\n<title>Galletas, cookies, dulces, panes - Fromfroid<\/title>\n<meta name=\"robots\" content=\"index, follow, max-snippet:-1, max-image-preview:large, max-video-preview:-1\" \/>\n<link rel=\"canonical\" href=\"https:\/\/www.fromfroid.com\/es\/sectores-de-actividades\/galleteria\/\" \/>\n<meta property=\"og:locale\" content=\"es_ES\" \/>\n<meta property=\"og:type\" content=\"article\" \/>\n<meta property=\"og:title\" content=\"Galletas, cookies, dulces, panes - Fromfroid\" \/>\n<meta property=\"og:description\" content=\"[mk_page_section bg_image=\u00bbhttps:\/\/www.fromfroid.com\/wp-content\/uploads\/2019\/09\/headers_biscuits.jpg\u00bb bg_color=\u00bb#3eb6e9&#8243; bg_position=\u00bbcenter center\u00bb bg_repeat=\u00bbno-repeat\u00bb bg_stretch=\u00bbtrue\u00bb enable_3d=\u00bbtrue\u00bb bg_gradient=\u00bbvertical\u00bb video_color_mask=\u00bb#3eb6e9&#8243; gr_end=\u00bb#0e2034&#8243; min_height=\u00bb450&#8243; full_width=\u00bbtrue\u00bb padding_top=\u00bb0&#8243; padding_bottom=\u00bb0&#8243; sidebar=\u00bbsidebar-1&#8243; first_page=\u00bbfalse\u00bb last_page=\u00bbfalse\u00bb][vc_column][mk_fancy_title tag_name=\u00bbh1&#8243; color=\u00bb#ffffff\u00bb size=\u00bb42&#8243; font_weight=\u00bb300&#8243; font_style=\u00bbnormal\u00bb txt_transform=\u00bbuppercase\u00bb letter_spacing=\u00bb6&#8243; margin_top=\u00bb200&#8243; margin_bottom=\u00bb0&#8243; font_family=\u00bbnone\u00bb align=\u00bbcenter\u00bb animation=\u00bbfade-in\u00bb] GALLETER\u00cdA [\/mk_fancy_title][\/vc_column][\/mk_page_section][mk_page_section bg_position=\u00bbcenter top\u00bb bg_repeat=\u00bbno-repeat\u00bb enable_3d=\u00bbtrue\u00bb bg_gradient=\u00bbvertical\u00bb video_color_mask=\u00bb#ffffff\u00bb gr_end=\u00bbrgba(255,255,255,0.4)\u00bb video_opacity=\u00bb0&#8243; padding_top=\u00bb50&#8243; padding_bottom=\u00bb50&#8243; margin_bottom=\u00bb50&#8243; sidebar=\u00bbsidebar-1&#8243; first_page=\u00bbfalse\u00bb last_page=\u00bbfalse\u00bb][vc_column width=\u00bb1\/3&#8243;][mk_padding_divider][mk_image_slideshow images=\u00bb949,1013,78&#8243; image_width=\u00bb400&#8243; image_height=\u00bb300&#8243; animation_speed=\u00bb400&#8243; slideshow_speed=\u00bb2500&#8243;][\/vc_column][vc_column width=\u00bb2\/3&#8243;][vc_column_text css=\u00bb.vc_custom_1575301032554{margin-bottom: 0px [&hellip;]\" \/>\n<meta property=\"og:url\" content=\"https:\/\/www.fromfroid.com\/es\/sectores-de-actividades\/galleteria\/\" \/>\n<meta property=\"og:site_name\" content=\"Fromfroid\" \/>\n<meta property=\"article:modified_time\" content=\"2019-12-02T15:37:40+00:00\" \/>\n<meta name=\"twitter:card\" content=\"summary_large_image\" \/>\n<meta name=\"twitter:label1\" content=\"Tiempo de lectura\" \/>\n\t<meta name=\"twitter:data1\" content=\"2 minutos\" \/>\n<script type=\"application\/ld+json\" class=\"yoast-schema-graph\">{\"@context\":\"https:\\\/\\\/schema.org\",\"@graph\":[{\"@type\":\"WebPage\",\"@id\":\"https:\\\/\\\/www.fromfroid.com\\\/es\\\/sectores-de-actividades\\\/galleteria\\\/\",\"url\":\"https:\\\/\\\/www.fromfroid.com\\\/es\\\/sectores-de-actividades\\\/galleteria\\\/\",\"name\":\"Galletas, cookies, dulces, panes - Fromfroid\",\"isPartOf\":{\"@id\":\"https:\\\/\\\/www.fromfroid.com\\\/es\\\/#website\"},\"datePublished\":\"2019-08-28T09:28:51+00:00\",\"dateModified\":\"2019-12-02T15:37:40+00:00\",\"breadcrumb\":{\"@id\":\"https:\\\/\\\/www.fromfroid.com\\\/es\\\/sectores-de-actividades\\\/galleteria\\\/#breadcrumb\"},\"inLanguage\":\"es\",\"potentialAction\":[{\"@type\":\"ReadAction\",\"target\":[\"https:\\\/\\\/www.fromfroid.com\\\/es\\\/sectores-de-actividades\\\/galleteria\\\/\"]}]},{\"@type\":\"BreadcrumbList\",\"@id\":\"https:\\\/\\\/www.fromfroid.com\\\/es\\\/sectores-de-actividades\\\/galleteria\\\/#breadcrumb\",\"itemListElement\":[{\"@type\":\"ListItem\",\"position\":1,\"name\":\"Inicio\",\"item\":\"https:\\\/\\\/www.fromfroid.com\\\/es\\\/\"},{\"@type\":\"ListItem\",\"position\":2,\"name\":\"Sectores de actividades\",\"item\":\"https:\\\/\\\/www.fromfroid.com\\\/es\\\/sectores-de-actividades\\\/\"},{\"@type\":\"ListItem\",\"position\":3,\"name\":\"Galletas y dulces\"}]},{\"@type\":\"WebSite\",\"@id\":\"https:\\\/\\\/www.fromfroid.com\\\/es\\\/#website\",\"url\":\"https:\\\/\\\/www.fromfroid.com\\\/es\\\/\",\"name\":\"Fromfroid\",\"description\":\"\",\"potentialAction\":[{\"@type\":\"SearchAction\",\"target\":{\"@type\":\"EntryPoint\",\"urlTemplate\":\"https:\\\/\\\/www.fromfroid.com\\\/es\\\/?s={search_term_string}\"},\"query-input\":{\"@type\":\"PropertyValueSpecification\",\"valueRequired\":true,\"valueName\":\"search_term_string\"}}],\"inLanguage\":\"es\"}]}<\/script>\n<!-- \/ Yoast SEO plugin. -->","yoast_head_json":{"title":"Galletas, cookies, dulces, panes - Fromfroid","robots":{"index":"index","follow":"follow","max-snippet":"max-snippet:-1","max-image-preview":"max-image-preview:large","max-video-preview":"max-video-preview:-1"},"canonical":"https:\/\/www.fromfroid.com\/es\/sectores-de-actividades\/galleteria\/","og_locale":"es_ES","og_type":"article","og_title":"Galletas, cookies, dulces, panes - Fromfroid","og_description":"[mk_page_section bg_image=\u00bbhttps:\/\/www.fromfroid.com\/wp-content\/uploads\/2019\/09\/headers_biscuits.jpg\u00bb bg_color=\u00bb#3eb6e9&#8243; bg_position=\u00bbcenter center\u00bb bg_repeat=\u00bbno-repeat\u00bb bg_stretch=\u00bbtrue\u00bb enable_3d=\u00bbtrue\u00bb bg_gradient=\u00bbvertical\u00bb video_color_mask=\u00bb#3eb6e9&#8243; gr_end=\u00bb#0e2034&#8243; min_height=\u00bb450&#8243; full_width=\u00bbtrue\u00bb padding_top=\u00bb0&#8243; padding_bottom=\u00bb0&#8243; sidebar=\u00bbsidebar-1&#8243; first_page=\u00bbfalse\u00bb last_page=\u00bbfalse\u00bb][vc_column][mk_fancy_title tag_name=\u00bbh1&#8243; color=\u00bb#ffffff\u00bb size=\u00bb42&#8243; font_weight=\u00bb300&#8243; font_style=\u00bbnormal\u00bb txt_transform=\u00bbuppercase\u00bb letter_spacing=\u00bb6&#8243; margin_top=\u00bb200&#8243; margin_bottom=\u00bb0&#8243; font_family=\u00bbnone\u00bb align=\u00bbcenter\u00bb animation=\u00bbfade-in\u00bb] GALLETER\u00cdA [\/mk_fancy_title][\/vc_column][\/mk_page_section][mk_page_section bg_position=\u00bbcenter top\u00bb bg_repeat=\u00bbno-repeat\u00bb enable_3d=\u00bbtrue\u00bb bg_gradient=\u00bbvertical\u00bb video_color_mask=\u00bb#ffffff\u00bb gr_end=\u00bbrgba(255,255,255,0.4)\u00bb video_opacity=\u00bb0&#8243; padding_top=\u00bb50&#8243; padding_bottom=\u00bb50&#8243; margin_bottom=\u00bb50&#8243; sidebar=\u00bbsidebar-1&#8243; first_page=\u00bbfalse\u00bb last_page=\u00bbfalse\u00bb][vc_column width=\u00bb1\/3&#8243;][mk_padding_divider][mk_image_slideshow images=\u00bb949,1013,78&#8243; image_width=\u00bb400&#8243; image_height=\u00bb300&#8243; animation_speed=\u00bb400&#8243; slideshow_speed=\u00bb2500&#8243;][\/vc_column][vc_column width=\u00bb2\/3&#8243;][vc_column_text css=\u00bb.vc_custom_1575301032554{margin-bottom: 0px [&hellip;]","og_url":"https:\/\/www.fromfroid.com\/es\/sectores-de-actividades\/galleteria\/","og_site_name":"Fromfroid","article_modified_time":"2019-12-02T15:37:40+00:00","twitter_card":"summary_large_image","twitter_misc":{"Tiempo de lectura":"2 minutos"},"schema":{"@context":"https:\/\/schema.org","@graph":[{"@type":"WebPage","@id":"https:\/\/www.fromfroid.com\/es\/sectores-de-actividades\/galleteria\/","url":"https:\/\/www.fromfroid.com\/es\/sectores-de-actividades\/galleteria\/","name":"Galletas, cookies, dulces, panes - Fromfroid","isPartOf":{"@id":"https:\/\/www.fromfroid.com\/es\/#website"},"datePublished":"2019-08-28T09:28:51+00:00","dateModified":"2019-12-02T15:37:40+00:00","breadcrumb":{"@id":"https:\/\/www.fromfroid.com\/es\/sectores-de-actividades\/galleteria\/#breadcrumb"},"inLanguage":"es","potentialAction":[{"@type":"ReadAction","target":["https:\/\/www.fromfroid.com\/es\/sectores-de-actividades\/galleteria\/"]}]},{"@type":"BreadcrumbList","@id":"https:\/\/www.fromfroid.com\/es\/sectores-de-actividades\/galleteria\/#breadcrumb","itemListElement":[{"@type":"ListItem","position":1,"name":"Inicio","item":"https:\/\/www.fromfroid.com\/es\/"},{"@type":"ListItem","position":2,"name":"Sectores de actividades","item":"https:\/\/www.fromfroid.com\/es\/sectores-de-actividades\/"},{"@type":"ListItem","position":3,"name":"Galletas y dulces"}]},{"@type":"WebSite","@id":"https:\/\/www.fromfroid.com\/es\/#website","url":"https:\/\/www.fromfroid.com\/es\/","name":"Fromfroid","description":"","potentialAction":[{"@type":"SearchAction","target":{"@type":"EntryPoint","urlTemplate":"https:\/\/www.fromfroid.com\/es\/?s={search_term_string}"},"query-input":{"@type":"PropertyValueSpecification","valueRequired":true,"valueName":"search_term_string"}}],"inLanguage":"es"}]}},"_links":{"self":[{"href":"https:\/\/www.fromfroid.com\/es\/wp-json\/wp\/v2\/pages\/1580","targetHints":{"allow":["GET"]}}],"collection":[{"href":"https:\/\/www.fromfroid.com\/es\/wp-json\/wp\/v2\/pages"}],"about":[{"href":"https:\/\/www.fromfroid.com\/es\/wp-json\/wp\/v2\/types\/page"}],"author":[{"embeddable":true,"href":"https:\/\/www.fromfroid.com\/es\/wp-json\/wp\/v2\/users\/5"}],"replies":[{"embeddable":true,"href":"https:\/\/www.fromfroid.com\/es\/wp-json\/wp\/v2\/comments?post=1580"}],"version-history":[{"count":5,"href":"https:\/\/www.fromfroid.com\/es\/wp-json\/wp\/v2\/pages\/1580\/revisions"}],"predecessor-version":[{"id":2612,"href":"https:\/\/www.fromfroid.com\/es\/wp-json\/wp\/v2\/pages\/1580\/revisions\/2612"}],"up":[{"embeddable":true,"href":"https:\/\/www.fromfroid.com\/es\/wp-json\/wp\/v2\/pages\/1653"}],"wp:attachment":[{"href":"https:\/\/www.fromfroid.com\/es\/wp-json\/wp\/v2\/media?parent=1580"}],"curies":[{"name":"wp","href":"https:\/\/api.w.org\/{rel}","templated":true}]}}