{"id":1600,"date":"2019-08-28T11:48:45","date_gmt":"2019-08-28T09:48:45","guid":{"rendered":"https:\/\/fromfroid.netvolution.fr\/fromfroid-pagina-de-inicio\/fromfroid-el-equipo\/"},"modified":"2019-12-02T13:55:39","modified_gmt":"2019-12-02T12:55:39","slug":"fromfroid-el-equipo","status":"publish","type":"page","link":"https:\/\/www.fromfroid.com\/es\/fromfroid\/fromfroid-el-equipo\/","title":{"rendered":"El equipo especialista en fr\u00edo agro-alimentario"},"content":{"rendered":"[mk_page_section bg_position=\u00bbcenter top\u00bb bg_repeat=\u00bbno-repeat\u00bb enable_3d=\u00bbtrue\u00bb bg_gradient=\u00bbvertical\u00bb video_color_mask=\u00bb#ffffff\u00bb gr_end=\u00bbrgba(255,255,255,0.4)\u00bb video_opacity=\u00bb0&#8243; padding_top=\u00bb50&#8243; padding_bottom=\u00bb50&#8243; margin_bottom=\u00bb50&#8243; sidebar=\u00bbsidebar-1&#8243; first_page=\u00bbfalse\u00bb last_page=\u00bbfalse\u00bb][vc_column width=\u00bb1\/3&#8243;][mk_padding_divider][mk_image_slideshow images=\u00bb1197,734,1193,28&#8243; image_width=\u00bb400&#8243; image_height=\u00bb300&#8243; animation_speed=\u00bb400&#8243; slideshow_speed=\u00bb2500&#8243;][\/vc_column][vc_column width=\u00bb2\/3&#8243;][vc_column_text css=\u00bb.vc_custom_1563800431057{margin-bottom: 0px !important;}\u00bb]\n<h2 style=\"text-align: center;\">De la\u00a0<strong>concepci\u00f3n<\/strong>\u00a0a la\u00a0<strong>fabricaci\u00f3n<\/strong><\/h2>\n<h2 style=\"text-align: center;\">FROMFROID: la dimensi\u00f3n humana ante todo<\/h2>\n<p>&nbsp;<\/p>\n<p>FROMFROID est\u00e1 constantemente <strong>a la escucha<\/strong>\u00a0de sus clientes. Los equipos multidisciplinarios est\u00e1n compuestos por <strong>ingenieros de proyectos<\/strong>\u00a0y <strong>procesos<\/strong>, <strong>especialistas en ingenier\u00eda clim\u00e1tica <\/strong>para el sector agroalimentario y productos l\u00e1cteos (quesos, fabricaci\u00f3n de yogures, postres\u2026).<\/p>\n<p>En conjunto, todo ello permite a FROMFROID garantizarle <strong>la excelencia<\/strong>.[\/vc_column_text][\/vc_column][\/mk_page_section]\n","protected":false},"excerpt":{"rendered":"<p>[mk_page_section bg_position=\u00bbcenter top\u00bb bg_repeat=\u00bbno-repeat\u00bb enable_3d=\u00bbtrue\u00bb bg_gradient=\u00bbvertical\u00bb video_color_mask=\u00bb#ffffff\u00bb gr_end=\u00bbrgba(255,255,255,0.4)\u00bb video_opacity=\u00bb0&#8243; padding_top=\u00bb50&#8243; padding_bottom=\u00bb50&#8243; margin_bottom=\u00bb50&#8243; sidebar=\u00bbsidebar-1&#8243; first_page=\u00bbfalse\u00bb last_page=\u00bbfalse\u00bb][vc_column width=\u00bb1\/3&#8243;][mk_padding_divider][mk_image_slideshow images=\u00bb1197,734,1193,28&#8243; image_width=\u00bb400&#8243; image_height=\u00bb300&#8243; animation_speed=\u00bb400&#8243; slideshow_speed=\u00bb2500&#8243;][\/vc_column][vc_column width=\u00bb2\/3&#8243;][vc_column_text css=\u00bb.vc_custom_1563800431057{margin-bottom: 0px !important;}\u00bb] De la\u00a0concepci\u00f3n\u00a0a la\u00a0fabricaci\u00f3n FROMFROID: la dimensi\u00f3n humana ante todo &nbsp; FROMFROID est\u00e1 constantemente a la escucha\u00a0de sus clientes. Los equipos multidisciplinarios est\u00e1n compuestos por ingenieros de proyectos\u00a0y procesos, especialistas en [&hellip;]<\/p>\n","protected":false},"author":3,"featured_media":0,"parent":1647,"menu_order":0,"comment_status":"closed","ping_status":"closed","template":"","meta":{"footnotes":""},"class_list":["post-1600","page","type-page","status-publish","hentry"],"yoast_head":"<!-- This site is optimized with the Yoast SEO plugin v27.4 - https:\/\/yoast.com\/product\/yoast-seo-wordpress\/ -->\n<title>El equipo especialista en fr\u00edo agro-alimentario - Fromfroid<\/title>\n<meta name=\"robots\" content=\"index, follow, max-snippet:-1, max-image-preview:large, max-video-preview:-1\" \/>\n<link rel=\"canonical\" href=\"https:\/\/www.fromfroid.com\/es\/fromfroid\/fromfroid-el-equipo\/\" \/>\n<meta property=\"og:locale\" content=\"es_ES\" \/>\n<meta property=\"og:type\" content=\"article\" \/>\n<meta property=\"og:title\" content=\"El equipo especialista en fr\u00edo agro-alimentario - Fromfroid\" \/>\n<meta property=\"og:description\" content=\"[mk_page_section bg_position=\u00bbcenter top\u00bb bg_repeat=\u00bbno-repeat\u00bb enable_3d=\u00bbtrue\u00bb bg_gradient=\u00bbvertical\u00bb video_color_mask=\u00bb#ffffff\u00bb gr_end=\u00bbrgba(255,255,255,0.4)\u00bb video_opacity=\u00bb0&#8243; padding_top=\u00bb50&#8243; padding_bottom=\u00bb50&#8243; margin_bottom=\u00bb50&#8243; sidebar=\u00bbsidebar-1&#8243; first_page=\u00bbfalse\u00bb last_page=\u00bbfalse\u00bb][vc_column width=\u00bb1\/3&#8243;][mk_padding_divider][mk_image_slideshow images=\u00bb1197,734,1193,28&#8243; image_width=\u00bb400&#8243; image_height=\u00bb300&#8243; animation_speed=\u00bb400&#8243; slideshow_speed=\u00bb2500&#8243;][\/vc_column][vc_column width=\u00bb2\/3&#8243;][vc_column_text css=\u00bb.vc_custom_1563800431057{margin-bottom: 0px !important;}\u00bb] De la\u00a0concepci\u00f3n\u00a0a la\u00a0fabricaci\u00f3n FROMFROID: la dimensi\u00f3n humana ante todo &nbsp; FROMFROID est\u00e1 constantemente a la escucha\u00a0de sus clientes. Los equipos multidisciplinarios est\u00e1n compuestos por ingenieros de proyectos\u00a0y procesos, especialistas en [&hellip;]\" \/>\n<meta property=\"og:url\" content=\"https:\/\/www.fromfroid.com\/es\/fromfroid\/fromfroid-el-equipo\/\" \/>\n<meta property=\"og:site_name\" content=\"Fromfroid\" \/>\n<meta property=\"article:modified_time\" content=\"2019-12-02T12:55:39+00:00\" \/>\n<meta name=\"twitter:card\" content=\"summary_large_image\" \/>\n<meta name=\"twitter:label1\" content=\"Tiempo de lectura\" \/>\n\t<meta name=\"twitter:data1\" content=\"1 minuto\" \/>\n<script type=\"application\/ld+json\" class=\"yoast-schema-graph\">{\"@context\":\"https:\\\/\\\/schema.org\",\"@graph\":[{\"@type\":\"WebPage\",\"@id\":\"https:\\\/\\\/www.fromfroid.com\\\/es\\\/fromfroid\\\/fromfroid-el-equipo\\\/\",\"url\":\"https:\\\/\\\/www.fromfroid.com\\\/es\\\/fromfroid\\\/fromfroid-el-equipo\\\/\",\"name\":\"El equipo especialista en fr\u00edo agro-alimentario - Fromfroid\",\"isPartOf\":{\"@id\":\"https:\\\/\\\/www.fromfroid.com\\\/es\\\/#website\"},\"datePublished\":\"2019-08-28T09:48:45+00:00\",\"dateModified\":\"2019-12-02T12:55:39+00:00\",\"breadcrumb\":{\"@id\":\"https:\\\/\\\/www.fromfroid.com\\\/es\\\/fromfroid\\\/fromfroid-el-equipo\\\/#breadcrumb\"},\"inLanguage\":\"es\",\"potentialAction\":[{\"@type\":\"ReadAction\",\"target\":[\"https:\\\/\\\/www.fromfroid.com\\\/es\\\/fromfroid\\\/fromfroid-el-equipo\\\/\"]}]},{\"@type\":\"BreadcrumbList\",\"@id\":\"https:\\\/\\\/www.fromfroid.com\\\/es\\\/fromfroid\\\/fromfroid-el-equipo\\\/#breadcrumb\",\"itemListElement\":[{\"@type\":\"ListItem\",\"position\":1,\"name\":\"Inicio\",\"item\":\"https:\\\/\\\/www.fromfroid.com\\\/es\\\/\"},{\"@type\":\"ListItem\",\"position\":2,\"name\":\"FROMFROID\",\"item\":\"https:\\\/\\\/www.fromfroid.com\\\/es\\\/fromfroid\\\/\"},{\"@type\":\"ListItem\",\"position\":3,\"name\":\"El equipo especialista en fr\u00edo agro-alimentario\"}]},{\"@type\":\"WebSite\",\"@id\":\"https:\\\/\\\/www.fromfroid.com\\\/es\\\/#website\",\"url\":\"https:\\\/\\\/www.fromfroid.com\\\/es\\\/\",\"name\":\"Fromfroid\",\"description\":\"\",\"potentialAction\":[{\"@type\":\"SearchAction\",\"target\":{\"@type\":\"EntryPoint\",\"urlTemplate\":\"https:\\\/\\\/www.fromfroid.com\\\/es\\\/?s={search_term_string}\"},\"query-input\":{\"@type\":\"PropertyValueSpecification\",\"valueRequired\":true,\"valueName\":\"search_term_string\"}}],\"inLanguage\":\"es\"}]}<\/script>\n<!-- \/ Yoast SEO plugin. -->","yoast_head_json":{"title":"El equipo especialista en fr\u00edo agro-alimentario - Fromfroid","robots":{"index":"index","follow":"follow","max-snippet":"max-snippet:-1","max-image-preview":"max-image-preview:large","max-video-preview":"max-video-preview:-1"},"canonical":"https:\/\/www.fromfroid.com\/es\/fromfroid\/fromfroid-el-equipo\/","og_locale":"es_ES","og_type":"article","og_title":"El equipo especialista en fr\u00edo agro-alimentario - Fromfroid","og_description":"[mk_page_section bg_position=\u00bbcenter top\u00bb bg_repeat=\u00bbno-repeat\u00bb enable_3d=\u00bbtrue\u00bb bg_gradient=\u00bbvertical\u00bb video_color_mask=\u00bb#ffffff\u00bb gr_end=\u00bbrgba(255,255,255,0.4)\u00bb video_opacity=\u00bb0&#8243; padding_top=\u00bb50&#8243; padding_bottom=\u00bb50&#8243; margin_bottom=\u00bb50&#8243; sidebar=\u00bbsidebar-1&#8243; first_page=\u00bbfalse\u00bb last_page=\u00bbfalse\u00bb][vc_column width=\u00bb1\/3&#8243;][mk_padding_divider][mk_image_slideshow images=\u00bb1197,734,1193,28&#8243; image_width=\u00bb400&#8243; image_height=\u00bb300&#8243; animation_speed=\u00bb400&#8243; slideshow_speed=\u00bb2500&#8243;][\/vc_column][vc_column width=\u00bb2\/3&#8243;][vc_column_text css=\u00bb.vc_custom_1563800431057{margin-bottom: 0px !important;}\u00bb] De la\u00a0concepci\u00f3n\u00a0a la\u00a0fabricaci\u00f3n FROMFROID: la dimensi\u00f3n humana ante todo &nbsp; FROMFROID est\u00e1 constantemente a la escucha\u00a0de sus clientes. Los equipos multidisciplinarios est\u00e1n compuestos por ingenieros de proyectos\u00a0y procesos, especialistas en [&hellip;]","og_url":"https:\/\/www.fromfroid.com\/es\/fromfroid\/fromfroid-el-equipo\/","og_site_name":"Fromfroid","article_modified_time":"2019-12-02T12:55:39+00:00","twitter_card":"summary_large_image","twitter_misc":{"Tiempo de lectura":"1 minuto"},"schema":{"@context":"https:\/\/schema.org","@graph":[{"@type":"WebPage","@id":"https:\/\/www.fromfroid.com\/es\/fromfroid\/fromfroid-el-equipo\/","url":"https:\/\/www.fromfroid.com\/es\/fromfroid\/fromfroid-el-equipo\/","name":"El equipo especialista en fr\u00edo agro-alimentario - Fromfroid","isPartOf":{"@id":"https:\/\/www.fromfroid.com\/es\/#website"},"datePublished":"2019-08-28T09:48:45+00:00","dateModified":"2019-12-02T12:55:39+00:00","breadcrumb":{"@id":"https:\/\/www.fromfroid.com\/es\/fromfroid\/fromfroid-el-equipo\/#breadcrumb"},"inLanguage":"es","potentialAction":[{"@type":"ReadAction","target":["https:\/\/www.fromfroid.com\/es\/fromfroid\/fromfroid-el-equipo\/"]}]},{"@type":"BreadcrumbList","@id":"https:\/\/www.fromfroid.com\/es\/fromfroid\/fromfroid-el-equipo\/#breadcrumb","itemListElement":[{"@type":"ListItem","position":1,"name":"Inicio","item":"https:\/\/www.fromfroid.com\/es\/"},{"@type":"ListItem","position":2,"name":"FROMFROID","item":"https:\/\/www.fromfroid.com\/es\/fromfroid\/"},{"@type":"ListItem","position":3,"name":"El equipo especialista en fr\u00edo agro-alimentario"}]},{"@type":"WebSite","@id":"https:\/\/www.fromfroid.com\/es\/#website","url":"https:\/\/www.fromfroid.com\/es\/","name":"Fromfroid","description":"","potentialAction":[{"@type":"SearchAction","target":{"@type":"EntryPoint","urlTemplate":"https:\/\/www.fromfroid.com\/es\/?s={search_term_string}"},"query-input":{"@type":"PropertyValueSpecification","valueRequired":true,"valueName":"search_term_string"}}],"inLanguage":"es"}]}},"_links":{"self":[{"href":"https:\/\/www.fromfroid.com\/es\/wp-json\/wp\/v2\/pages\/1600","targetHints":{"allow":["GET"]}}],"collection":[{"href":"https:\/\/www.fromfroid.com\/es\/wp-json\/wp\/v2\/pages"}],"about":[{"href":"https:\/\/www.fromfroid.com\/es\/wp-json\/wp\/v2\/types\/page"}],"author":[{"embeddable":true,"href":"https:\/\/www.fromfroid.com\/es\/wp-json\/wp\/v2\/users\/3"}],"replies":[{"embeddable":true,"href":"https:\/\/www.fromfroid.com\/es\/wp-json\/wp\/v2\/comments?post=1600"}],"version-history":[{"count":3,"href":"https:\/\/www.fromfroid.com\/es\/wp-json\/wp\/v2\/pages\/1600\/revisions"}],"predecessor-version":[{"id":2577,"href":"https:\/\/www.fromfroid.com\/es\/wp-json\/wp\/v2\/pages\/1600\/revisions\/2577"}],"up":[{"embeddable":true,"href":"https:\/\/www.fromfroid.com\/es\/wp-json\/wp\/v2\/pages\/1647"}],"wp:attachment":[{"href":"https:\/\/www.fromfroid.com\/es\/wp-json\/wp\/v2\/media?parent=1600"}],"curies":[{"name":"wp","href":"https:\/\/api.w.org\/{rel}","templated":true}]}}