{"id":1602,"date":"2019-08-28T11:50:36","date_gmt":"2019-08-28T09:50:36","guid":{"rendered":"https:\/\/fromfroid.netvolution.fr\/fromfroid-pagina-de-inicio\/fromfroid-innovaciones\/"},"modified":"2019-12-02T12:50:42","modified_gmt":"2019-12-02T11:50:42","slug":"fromfroid-innovaciones","status":"publish","type":"page","link":"https:\/\/www.fromfroid.com\/es\/fromfroid\/fromfroid-innovaciones\/","title":{"rendered":"La innovaci\u00f3n en el sector agro-alimentario"},"content":{"rendered":"[mk_page_section bg_position=\u00bbcenter top\u00bb bg_repeat=\u00bbno-repeat\u00bb enable_3d=\u00bbtrue\u00bb bg_gradient=\u00bbvertical\u00bb video_color_mask=\u00bb#ffffff\u00bb gr_end=\u00bbrgba(255,255,255,0.4)\u00bb video_opacity=\u00bb0&#8243; padding_top=\u00bb50&#8243; padding_bottom=\u00bb50&#8243; margin_bottom=\u00bb50&#8243; sidebar=\u00bbsidebar-1&#8243; first_page=\u00bbfalse\u00bb last_page=\u00bbfalse\u00bb][vc_column width=\u00bb1\/3&#8243;][mk_padding_divider][mk_image_slideshow images=\u00bb1009,476,48,1025,1013&#8243; image_width=\u00bb400&#8243; image_height=\u00bb300&#8243; animation_speed=\u00bb400&#8243; slideshow_speed=\u00bb2500&#8243;][\/vc_column][vc_column width=\u00bb2\/3&#8243;][vc_column_text css=\u00bb.vc_custom_1575287431187{margin-bottom: 0px !important;}\u00bb]\n<h2 style=\"text-align: center;\">FROMFROID<\/h2>\n<h2 style=\"text-align: center;\">Una tecnolog\u00eda de <strong>vanguardia<\/strong><\/h2>\n<p>&nbsp;<\/p>\n<p>A la escucha constante de nuestros Clientes, FROMFROID se diferencia por sus soluciones innovadoras y optimizadas a fin de garantizar la calidad de sus productos y disminuir su consumo energ\u00e9tico.<\/p>\n<p>Nuestras soluciones en\u00a0<a href=\"https:\/\/www.fromfroid.com\/es\/sectores-de-actividades\/queseria\/\">queser\u00eda<\/a>\u00a0protegen a nuestros clientes frente a posibles contaminaciones gracias a nuestros equipos de <a href=\"https:\/\/www.fromfroid.com\/es\/experiencia\/tratamiento-de-aire-de-proceso\/gestion-de-flujos-de-aire-y-ultra-limpieza-del-aire-en-queseria\/\">gesti\u00f3n de flujos de aire<\/a>. Todo ello asegurando la mayor calidad posible, con una p\u00e9rdida de agua m\u00ednima y controlada gracias a los acondicionadores de aire espec\u00edficos para los quesos.<\/p>\n<p>Nuestras \u00faltimas innovaciones en <a href=\"https:\/\/www.fromfroid.com\/es\/experiencia\/enfriamiento-rapido\/tuneles-de-enfriamiento-rapido-para-paletas\/\">t\u00faneles<\/a>\u00a0y\u00a0<a href=\"https:\/\/www.fromfroid.com\/es\/experiencia\/enfriamiento-rapido\/celdas-de-enfriamiento-rapido-para-paletas\/\">celdas de enfriamiento r\u00e1pido para pallets<\/a> de alto rendimiento han permitido a nuestros clientes enfriar de manera homog\u00e9nea y r\u00e1pida la totalidad de su producci\u00f3n, adem\u00e1s de reducir en m\u00e1s de un 30 % el consumo energ\u00e9tico en comparaci\u00f3n con las dem\u00e1s soluciones del mercado.[\/vc_column_text][\/vc_column][\/mk_page_section]\n","protected":false},"excerpt":{"rendered":"<p>[mk_page_section bg_position=\u00bbcenter top\u00bb bg_repeat=\u00bbno-repeat\u00bb enable_3d=\u00bbtrue\u00bb bg_gradient=\u00bbvertical\u00bb video_color_mask=\u00bb#ffffff\u00bb gr_end=\u00bbrgba(255,255,255,0.4)\u00bb video_opacity=\u00bb0&#8243; padding_top=\u00bb50&#8243; padding_bottom=\u00bb50&#8243; margin_bottom=\u00bb50&#8243; sidebar=\u00bbsidebar-1&#8243; first_page=\u00bbfalse\u00bb last_page=\u00bbfalse\u00bb][vc_column width=\u00bb1\/3&#8243;][mk_padding_divider][mk_image_slideshow images=\u00bb1009,476,48,1025,1013&#8243; image_width=\u00bb400&#8243; image_height=\u00bb300&#8243; animation_speed=\u00bb400&#8243; slideshow_speed=\u00bb2500&#8243;][\/vc_column][vc_column width=\u00bb2\/3&#8243;][vc_column_text css=\u00bb.vc_custom_1575287431187{margin-bottom: 0px !important;}\u00bb] FROMFROID Una tecnolog\u00eda de vanguardia &nbsp; A la escucha constante de nuestros Clientes, FROMFROID se diferencia por sus soluciones innovadoras y optimizadas a fin de garantizar la calidad de sus [&hellip;]<\/p>\n","protected":false},"author":3,"featured_media":0,"parent":1647,"menu_order":0,"comment_status":"closed","ping_status":"closed","template":"","meta":{"footnotes":""},"class_list":["post-1602","page","type-page","status-publish","hentry"],"yoast_head":"<!-- This site is optimized with the Yoast SEO plugin v27.4 - https:\/\/yoast.com\/product\/yoast-seo-wordpress\/ -->\n<title>tecnolog\u00eda, innovaci\u00f3n, enfriamiento r\u00e1pido yogur, queso - Fromfroid<\/title>\n<meta name=\"robots\" content=\"index, follow, max-snippet:-1, max-image-preview:large, max-video-preview:-1\" \/>\n<link rel=\"canonical\" href=\"https:\/\/www.fromfroid.com\/es\/fromfroid\/fromfroid-innovaciones\/\" \/>\n<meta property=\"og:locale\" content=\"es_ES\" \/>\n<meta property=\"og:type\" content=\"article\" \/>\n<meta property=\"og:title\" content=\"tecnolog\u00eda, innovaci\u00f3n, enfriamiento r\u00e1pido yogur, queso - Fromfroid\" \/>\n<meta property=\"og:description\" content=\"[mk_page_section bg_position=\u00bbcenter top\u00bb bg_repeat=\u00bbno-repeat\u00bb enable_3d=\u00bbtrue\u00bb bg_gradient=\u00bbvertical\u00bb video_color_mask=\u00bb#ffffff\u00bb gr_end=\u00bbrgba(255,255,255,0.4)\u00bb video_opacity=\u00bb0&#8243; padding_top=\u00bb50&#8243; padding_bottom=\u00bb50&#8243; margin_bottom=\u00bb50&#8243; sidebar=\u00bbsidebar-1&#8243; first_page=\u00bbfalse\u00bb last_page=\u00bbfalse\u00bb][vc_column width=\u00bb1\/3&#8243;][mk_padding_divider][mk_image_slideshow images=\u00bb1009,476,48,1025,1013&#8243; image_width=\u00bb400&#8243; image_height=\u00bb300&#8243; animation_speed=\u00bb400&#8243; slideshow_speed=\u00bb2500&#8243;][\/vc_column][vc_column width=\u00bb2\/3&#8243;][vc_column_text css=\u00bb.vc_custom_1575287431187{margin-bottom: 0px !important;}\u00bb] FROMFROID Una tecnolog\u00eda de vanguardia &nbsp; A la escucha constante de nuestros Clientes, FROMFROID se diferencia por sus soluciones innovadoras y optimizadas a fin de garantizar la calidad de sus [&hellip;]\" \/>\n<meta property=\"og:url\" content=\"https:\/\/www.fromfroid.com\/es\/fromfroid\/fromfroid-innovaciones\/\" \/>\n<meta property=\"og:site_name\" content=\"Fromfroid\" \/>\n<meta property=\"article:modified_time\" content=\"2019-12-02T11:50:42+00:00\" \/>\n<meta name=\"twitter:card\" content=\"summary_large_image\" \/>\n<meta name=\"twitter:label1\" content=\"Tiempo de lectura\" \/>\n\t<meta name=\"twitter:data1\" content=\"1 minuto\" \/>\n<script type=\"application\/ld+json\" class=\"yoast-schema-graph\">{\"@context\":\"https:\\\/\\\/schema.org\",\"@graph\":[{\"@type\":\"WebPage\",\"@id\":\"https:\\\/\\\/www.fromfroid.com\\\/es\\\/fromfroid\\\/fromfroid-innovaciones\\\/\",\"url\":\"https:\\\/\\\/www.fromfroid.com\\\/es\\\/fromfroid\\\/fromfroid-innovaciones\\\/\",\"name\":\"tecnolog\u00eda, innovaci\u00f3n, enfriamiento r\u00e1pido yogur, queso - Fromfroid\",\"isPartOf\":{\"@id\":\"https:\\\/\\\/www.fromfroid.com\\\/es\\\/#website\"},\"datePublished\":\"2019-08-28T09:50:36+00:00\",\"dateModified\":\"2019-12-02T11:50:42+00:00\",\"breadcrumb\":{\"@id\":\"https:\\\/\\\/www.fromfroid.com\\\/es\\\/fromfroid\\\/fromfroid-innovaciones\\\/#breadcrumb\"},\"inLanguage\":\"es\",\"potentialAction\":[{\"@type\":\"ReadAction\",\"target\":[\"https:\\\/\\\/www.fromfroid.com\\\/es\\\/fromfroid\\\/fromfroid-innovaciones\\\/\"]}]},{\"@type\":\"BreadcrumbList\",\"@id\":\"https:\\\/\\\/www.fromfroid.com\\\/es\\\/fromfroid\\\/fromfroid-innovaciones\\\/#breadcrumb\",\"itemListElement\":[{\"@type\":\"ListItem\",\"position\":1,\"name\":\"Inicio\",\"item\":\"https:\\\/\\\/www.fromfroid.com\\\/es\\\/\"},{\"@type\":\"ListItem\",\"position\":2,\"name\":\"FROMFROID\",\"item\":\"https:\\\/\\\/www.fromfroid.com\\\/es\\\/fromfroid\\\/\"},{\"@type\":\"ListItem\",\"position\":3,\"name\":\"La innovaci\u00f3n en el sector agro-alimentario\"}]},{\"@type\":\"WebSite\",\"@id\":\"https:\\\/\\\/www.fromfroid.com\\\/es\\\/#website\",\"url\":\"https:\\\/\\\/www.fromfroid.com\\\/es\\\/\",\"name\":\"Fromfroid\",\"description\":\"\",\"potentialAction\":[{\"@type\":\"SearchAction\",\"target\":{\"@type\":\"EntryPoint\",\"urlTemplate\":\"https:\\\/\\\/www.fromfroid.com\\\/es\\\/?s={search_term_string}\"},\"query-input\":{\"@type\":\"PropertyValueSpecification\",\"valueRequired\":true,\"valueName\":\"search_term_string\"}}],\"inLanguage\":\"es\"}]}<\/script>\n<!-- \/ Yoast SEO plugin. -->","yoast_head_json":{"title":"tecnolog\u00eda, innovaci\u00f3n, enfriamiento r\u00e1pido yogur, queso - Fromfroid","robots":{"index":"index","follow":"follow","max-snippet":"max-snippet:-1","max-image-preview":"max-image-preview:large","max-video-preview":"max-video-preview:-1"},"canonical":"https:\/\/www.fromfroid.com\/es\/fromfroid\/fromfroid-innovaciones\/","og_locale":"es_ES","og_type":"article","og_title":"tecnolog\u00eda, innovaci\u00f3n, enfriamiento r\u00e1pido yogur, queso - Fromfroid","og_description":"[mk_page_section bg_position=\u00bbcenter top\u00bb bg_repeat=\u00bbno-repeat\u00bb enable_3d=\u00bbtrue\u00bb bg_gradient=\u00bbvertical\u00bb video_color_mask=\u00bb#ffffff\u00bb gr_end=\u00bbrgba(255,255,255,0.4)\u00bb video_opacity=\u00bb0&#8243; padding_top=\u00bb50&#8243; padding_bottom=\u00bb50&#8243; margin_bottom=\u00bb50&#8243; sidebar=\u00bbsidebar-1&#8243; first_page=\u00bbfalse\u00bb last_page=\u00bbfalse\u00bb][vc_column width=\u00bb1\/3&#8243;][mk_padding_divider][mk_image_slideshow images=\u00bb1009,476,48,1025,1013&#8243; image_width=\u00bb400&#8243; image_height=\u00bb300&#8243; animation_speed=\u00bb400&#8243; slideshow_speed=\u00bb2500&#8243;][\/vc_column][vc_column width=\u00bb2\/3&#8243;][vc_column_text css=\u00bb.vc_custom_1575287431187{margin-bottom: 0px !important;}\u00bb] FROMFROID Una tecnolog\u00eda de vanguardia &nbsp; A la escucha constante de nuestros Clientes, FROMFROID se diferencia por sus soluciones innovadoras y optimizadas a fin de garantizar la calidad de sus [&hellip;]","og_url":"https:\/\/www.fromfroid.com\/es\/fromfroid\/fromfroid-innovaciones\/","og_site_name":"Fromfroid","article_modified_time":"2019-12-02T11:50:42+00:00","twitter_card":"summary_large_image","twitter_misc":{"Tiempo de lectura":"1 minuto"},"schema":{"@context":"https:\/\/schema.org","@graph":[{"@type":"WebPage","@id":"https:\/\/www.fromfroid.com\/es\/fromfroid\/fromfroid-innovaciones\/","url":"https:\/\/www.fromfroid.com\/es\/fromfroid\/fromfroid-innovaciones\/","name":"tecnolog\u00eda, innovaci\u00f3n, enfriamiento r\u00e1pido yogur, queso - Fromfroid","isPartOf":{"@id":"https:\/\/www.fromfroid.com\/es\/#website"},"datePublished":"2019-08-28T09:50:36+00:00","dateModified":"2019-12-02T11:50:42+00:00","breadcrumb":{"@id":"https:\/\/www.fromfroid.com\/es\/fromfroid\/fromfroid-innovaciones\/#breadcrumb"},"inLanguage":"es","potentialAction":[{"@type":"ReadAction","target":["https:\/\/www.fromfroid.com\/es\/fromfroid\/fromfroid-innovaciones\/"]}]},{"@type":"BreadcrumbList","@id":"https:\/\/www.fromfroid.com\/es\/fromfroid\/fromfroid-innovaciones\/#breadcrumb","itemListElement":[{"@type":"ListItem","position":1,"name":"Inicio","item":"https:\/\/www.fromfroid.com\/es\/"},{"@type":"ListItem","position":2,"name":"FROMFROID","item":"https:\/\/www.fromfroid.com\/es\/fromfroid\/"},{"@type":"ListItem","position":3,"name":"La innovaci\u00f3n en el sector agro-alimentario"}]},{"@type":"WebSite","@id":"https:\/\/www.fromfroid.com\/es\/#website","url":"https:\/\/www.fromfroid.com\/es\/","name":"Fromfroid","description":"","potentialAction":[{"@type":"SearchAction","target":{"@type":"EntryPoint","urlTemplate":"https:\/\/www.fromfroid.com\/es\/?s={search_term_string}"},"query-input":{"@type":"PropertyValueSpecification","valueRequired":true,"valueName":"search_term_string"}}],"inLanguage":"es"}]}},"_links":{"self":[{"href":"https:\/\/www.fromfroid.com\/es\/wp-json\/wp\/v2\/pages\/1602","targetHints":{"allow":["GET"]}}],"collection":[{"href":"https:\/\/www.fromfroid.com\/es\/wp-json\/wp\/v2\/pages"}],"about":[{"href":"https:\/\/www.fromfroid.com\/es\/wp-json\/wp\/v2\/types\/page"}],"author":[{"embeddable":true,"href":"https:\/\/www.fromfroid.com\/es\/wp-json\/wp\/v2\/users\/3"}],"replies":[{"embeddable":true,"href":"https:\/\/www.fromfroid.com\/es\/wp-json\/wp\/v2\/comments?post=1602"}],"version-history":[{"count":7,"href":"https:\/\/www.fromfroid.com\/es\/wp-json\/wp\/v2\/pages\/1602\/revisions"}],"predecessor-version":[{"id":2575,"href":"https:\/\/www.fromfroid.com\/es\/wp-json\/wp\/v2\/pages\/1602\/revisions\/2575"}],"up":[{"embeddable":true,"href":"https:\/\/www.fromfroid.com\/es\/wp-json\/wp\/v2\/pages\/1647"}],"wp:attachment":[{"href":"https:\/\/www.fromfroid.com\/es\/wp-json\/wp\/v2\/media?parent=1602"}],"curies":[{"name":"wp","href":"https:\/\/api.w.org\/{rel}","templated":true}]}}