{"id":1608,"date":"2019-08-28T12:00:24","date_gmt":"2019-08-28T10:00:24","guid":{"rendered":"https:\/\/fromfroid.netvolution.fr\/gestion-de-flujos-de-aire-y-ultra-limpieza-del-aire-en-queseria\/"},"modified":"2019-12-02T15:09:17","modified_gmt":"2019-12-02T14:09:17","slug":"gestion-de-flujos-de-aire-y-ultra-limpieza-del-aire-en-queseria","status":"publish","type":"page","link":"https:\/\/www.fromfroid.com\/es\/experiencia\/tratamiento-de-aire-de-proceso\/gestion-de-flujos-de-aire-y-ultra-limpieza-del-aire-en-queseria\/","title":{"rendered":"Gesti\u00f3n de flujos y ultra limpieza del aire para quesos"},"content":{"rendered":"[mk_page_section bg_position=\u00bbcenter top\u00bb bg_repeat=\u00bbno-repeat\u00bb enable_3d=\u00bbtrue\u00bb bg_gradient=\u00bbvertical\u00bb video_color_mask=\u00bb#ffffff\u00bb gr_end=\u00bbrgba(255,255,255,0.4)\u00bb video_opacity=\u00bb0&#8243; padding_top=\u00bb50&#8243; padding_bottom=\u00bb50&#8243; margin_bottom=\u00bb50&#8243; sidebar=\u00bbsidebar-1&#8243; first_page=\u00bbfalse\u00bb last_page=\u00bbfalse\u00bb][vc_column width=\u00bb1\/3&#8243;][mk_padding_divider][mk_image_slideshow images=\u00bb709,747,1246,58,1112,1290,1116,1242&#8243; image_width=\u00bb400&#8243; animation_speed=\u00bb400&#8243; slideshow_speed=\u00bb2500&#8243;][\/vc_column][vc_column width=\u00bb2\/3&#8243;][vc_column_text css=\u00bb.vc_custom_1563789558648{margin-bottom: 0px !important;}\u00bb]\n<h2 style=\"text-align: center;\"><strong>Experiencia<\/strong>,\u00a0<strong>tecnolog\u00eda<\/strong>,\u00a0<strong>conocimientos<\/strong><\/h2>\n<h2 style=\"text-align: center;\">FROMFROID lleva 50 a\u00f1os acompa\u00f1\u00e1ndolo en la excelencia<\/h2>\n<p>&nbsp;<\/p>\n<p>FROMFROID lleva 50 a\u00f1os comprometido con usted para proporcionarle las mejores soluciones con el fin de <strong>combatir los riesgos de contaminaci\u00f3n<\/strong>\u00a0de las plantas agroalimentarias y, en particular, las lecher\u00edas.<\/p>\n<p>El tratamiento de aire es primordial para las salas de fabricaci\u00f3n, producci\u00f3n, acondicionamiento y empaque, laboratorios, salas blancas y, de manera general, para toda instalaci\u00f3n que necesite <strong>un control preciso de la temperatura y la higiene<\/strong>, todo ello garantizando el <strong>filtrado perfecto del aire<\/strong>.<br \/>\n[\/vc_column_text][vc_column_text css=\u00bb.vc_custom_1563788002514{margin-bottom: 0px !important;}\u00bb]FROMFROID interviene a lo largo de todo su proyecto con el fin de proporcionarle el mejor equipo para garantizar la <strong>fiabilidad, calidad e higiene<\/strong>.<\/p>\n<p>&nbsp;<\/p>\n<h4 style=\"text-align: center;\"><a href=\"https:\/\/www.fromfroid.com\/es\/contactenos\/\">\u00bfTiene un proyecto?\u00a0 \u00a1Cont\u00e1ctenos!<\/a><\/h4>\n[\/vc_column_text][\/vc_column][\/mk_page_section][vc_row][vc_column][\/vc_column][\/vc_row]\n","protected":false},"excerpt":{"rendered":"<p>[mk_page_section bg_position=\u00bbcenter top\u00bb bg_repeat=\u00bbno-repeat\u00bb enable_3d=\u00bbtrue\u00bb bg_gradient=\u00bbvertical\u00bb video_color_mask=\u00bb#ffffff\u00bb gr_end=\u00bbrgba(255,255,255,0.4)\u00bb video_opacity=\u00bb0&#8243; padding_top=\u00bb50&#8243; padding_bottom=\u00bb50&#8243; margin_bottom=\u00bb50&#8243; sidebar=\u00bbsidebar-1&#8243; first_page=\u00bbfalse\u00bb last_page=\u00bbfalse\u00bb][vc_column width=\u00bb1\/3&#8243;][mk_padding_divider][mk_image_slideshow images=\u00bb709,747,1246,58,1112,1290,1116,1242&#8243; image_width=\u00bb400&#8243; animation_speed=\u00bb400&#8243; slideshow_speed=\u00bb2500&#8243;][\/vc_column][vc_column width=\u00bb2\/3&#8243;][vc_column_text css=\u00bb.vc_custom_1563789558648{margin-bottom: 0px !important;}\u00bb] Experiencia,\u00a0tecnolog\u00eda,\u00a0conocimientos FROMFROID lleva 50 a\u00f1os acompa\u00f1\u00e1ndolo en la excelencia &nbsp; FROMFROID lleva 50 a\u00f1os comprometido con usted para proporcionarle las mejores soluciones con el fin de combatir los riesgos de contaminaci\u00f3n\u00a0de [&hellip;]<\/p>\n","protected":false},"author":3,"featured_media":0,"parent":1613,"menu_order":0,"comment_status":"closed","ping_status":"closed","template":"","meta":{"footnotes":""},"class_list":["post-1608","page","type-page","status-publish","hentry"],"yoast_head":"<!-- This site is optimized with the Yoast SEO plugin v27.4 - https:\/\/yoast.com\/product\/yoast-seo-wordpress\/ -->\n<title>Gesti\u00f3n de flujos tratamiento de aire ultra limpieza para quesos - Fromfroid<\/title>\n<meta name=\"robots\" content=\"index, follow, max-snippet:-1, max-image-preview:large, max-video-preview:-1\" \/>\n<link rel=\"canonical\" href=\"https:\/\/www.fromfroid.com\/es\/experiencia\/tratamiento-de-aire-de-proceso\/gestion-de-flujos-de-aire-y-ultra-limpieza-del-aire-en-queseria\/\" \/>\n<meta property=\"og:locale\" content=\"es_ES\" \/>\n<meta property=\"og:type\" content=\"article\" \/>\n<meta property=\"og:title\" content=\"Gesti\u00f3n de flujos tratamiento de aire ultra limpieza para quesos - Fromfroid\" \/>\n<meta property=\"og:description\" content=\"[mk_page_section bg_position=\u00bbcenter top\u00bb bg_repeat=\u00bbno-repeat\u00bb enable_3d=\u00bbtrue\u00bb bg_gradient=\u00bbvertical\u00bb video_color_mask=\u00bb#ffffff\u00bb gr_end=\u00bbrgba(255,255,255,0.4)\u00bb video_opacity=\u00bb0&#8243; padding_top=\u00bb50&#8243; padding_bottom=\u00bb50&#8243; margin_bottom=\u00bb50&#8243; sidebar=\u00bbsidebar-1&#8243; first_page=\u00bbfalse\u00bb last_page=\u00bbfalse\u00bb][vc_column width=\u00bb1\/3&#8243;][mk_padding_divider][mk_image_slideshow images=\u00bb709,747,1246,58,1112,1290,1116,1242&#8243; image_width=\u00bb400&#8243; animation_speed=\u00bb400&#8243; slideshow_speed=\u00bb2500&#8243;][\/vc_column][vc_column width=\u00bb2\/3&#8243;][vc_column_text css=\u00bb.vc_custom_1563789558648{margin-bottom: 0px !important;}\u00bb] Experiencia,\u00a0tecnolog\u00eda,\u00a0conocimientos FROMFROID lleva 50 a\u00f1os acompa\u00f1\u00e1ndolo en la excelencia &nbsp; FROMFROID lleva 50 a\u00f1os comprometido con usted para proporcionarle las mejores soluciones con el fin de combatir los riesgos de contaminaci\u00f3n\u00a0de [&hellip;]\" \/>\n<meta property=\"og:url\" content=\"https:\/\/www.fromfroid.com\/es\/experiencia\/tratamiento-de-aire-de-proceso\/gestion-de-flujos-de-aire-y-ultra-limpieza-del-aire-en-queseria\/\" \/>\n<meta property=\"og:site_name\" content=\"Fromfroid\" \/>\n<meta property=\"article:modified_time\" content=\"2019-12-02T14:09:17+00:00\" \/>\n<meta name=\"twitter:card\" content=\"summary_large_image\" \/>\n<meta name=\"twitter:label1\" content=\"Tiempo de lectura\" \/>\n\t<meta name=\"twitter:data1\" content=\"1 minuto\" \/>\n<script type=\"application\/ld+json\" class=\"yoast-schema-graph\">{\"@context\":\"https:\\\/\\\/schema.org\",\"@graph\":[{\"@type\":\"WebPage\",\"@id\":\"https:\\\/\\\/www.fromfroid.com\\\/es\\\/experiencia\\\/tratamiento-de-aire-de-proceso\\\/gestion-de-flujos-de-aire-y-ultra-limpieza-del-aire-en-queseria\\\/\",\"url\":\"https:\\\/\\\/www.fromfroid.com\\\/es\\\/experiencia\\\/tratamiento-de-aire-de-proceso\\\/gestion-de-flujos-de-aire-y-ultra-limpieza-del-aire-en-queseria\\\/\",\"name\":\"Gesti\u00f3n de flujos tratamiento de aire ultra limpieza para quesos - Fromfroid\",\"isPartOf\":{\"@id\":\"https:\\\/\\\/www.fromfroid.com\\\/es\\\/#website\"},\"datePublished\":\"2019-08-28T10:00:24+00:00\",\"dateModified\":\"2019-12-02T14:09:17+00:00\",\"breadcrumb\":{\"@id\":\"https:\\\/\\\/www.fromfroid.com\\\/es\\\/experiencia\\\/tratamiento-de-aire-de-proceso\\\/gestion-de-flujos-de-aire-y-ultra-limpieza-del-aire-en-queseria\\\/#breadcrumb\"},\"inLanguage\":\"es\",\"potentialAction\":[{\"@type\":\"ReadAction\",\"target\":[\"https:\\\/\\\/www.fromfroid.com\\\/es\\\/experiencia\\\/tratamiento-de-aire-de-proceso\\\/gestion-de-flujos-de-aire-y-ultra-limpieza-del-aire-en-queseria\\\/\"]}]},{\"@type\":\"BreadcrumbList\",\"@id\":\"https:\\\/\\\/www.fromfroid.com\\\/es\\\/experiencia\\\/tratamiento-de-aire-de-proceso\\\/gestion-de-flujos-de-aire-y-ultra-limpieza-del-aire-en-queseria\\\/#breadcrumb\",\"itemListElement\":[{\"@type\":\"ListItem\",\"position\":1,\"name\":\"Inicio\",\"item\":\"https:\\\/\\\/www.fromfroid.com\\\/es\\\/\"},{\"@type\":\"ListItem\",\"position\":2,\"name\":\"Experiencia\",\"item\":\"https:\\\/\\\/www.fromfroid.com\\\/es\\\/experiencia\\\/\"},{\"@type\":\"ListItem\",\"position\":3,\"name\":\"Tratamiento de aire de proceso\",\"item\":\"https:\\\/\\\/www.fromfroid.com\\\/es\\\/experiencia\\\/tratamiento-de-aire-de-proceso\\\/\"},{\"@type\":\"ListItem\",\"position\":4,\"name\":\"Gesti\u00f3n de flujos y ultra limpieza del aire para quesos\"}]},{\"@type\":\"WebSite\",\"@id\":\"https:\\\/\\\/www.fromfroid.com\\\/es\\\/#website\",\"url\":\"https:\\\/\\\/www.fromfroid.com\\\/es\\\/\",\"name\":\"Fromfroid\",\"description\":\"\",\"potentialAction\":[{\"@type\":\"SearchAction\",\"target\":{\"@type\":\"EntryPoint\",\"urlTemplate\":\"https:\\\/\\\/www.fromfroid.com\\\/es\\\/?s={search_term_string}\"},\"query-input\":{\"@type\":\"PropertyValueSpecification\",\"valueRequired\":true,\"valueName\":\"search_term_string\"}}],\"inLanguage\":\"es\"}]}<\/script>\n<!-- \/ Yoast SEO plugin. -->","yoast_head_json":{"title":"Gesti\u00f3n de flujos tratamiento de aire ultra limpieza para quesos - Fromfroid","robots":{"index":"index","follow":"follow","max-snippet":"max-snippet:-1","max-image-preview":"max-image-preview:large","max-video-preview":"max-video-preview:-1"},"canonical":"https:\/\/www.fromfroid.com\/es\/experiencia\/tratamiento-de-aire-de-proceso\/gestion-de-flujos-de-aire-y-ultra-limpieza-del-aire-en-queseria\/","og_locale":"es_ES","og_type":"article","og_title":"Gesti\u00f3n de flujos tratamiento de aire ultra limpieza para quesos - Fromfroid","og_description":"[mk_page_section bg_position=\u00bbcenter top\u00bb bg_repeat=\u00bbno-repeat\u00bb enable_3d=\u00bbtrue\u00bb bg_gradient=\u00bbvertical\u00bb video_color_mask=\u00bb#ffffff\u00bb gr_end=\u00bbrgba(255,255,255,0.4)\u00bb video_opacity=\u00bb0&#8243; padding_top=\u00bb50&#8243; padding_bottom=\u00bb50&#8243; margin_bottom=\u00bb50&#8243; sidebar=\u00bbsidebar-1&#8243; first_page=\u00bbfalse\u00bb last_page=\u00bbfalse\u00bb][vc_column width=\u00bb1\/3&#8243;][mk_padding_divider][mk_image_slideshow images=\u00bb709,747,1246,58,1112,1290,1116,1242&#8243; image_width=\u00bb400&#8243; animation_speed=\u00bb400&#8243; slideshow_speed=\u00bb2500&#8243;][\/vc_column][vc_column width=\u00bb2\/3&#8243;][vc_column_text css=\u00bb.vc_custom_1563789558648{margin-bottom: 0px !important;}\u00bb] Experiencia,\u00a0tecnolog\u00eda,\u00a0conocimientos FROMFROID lleva 50 a\u00f1os acompa\u00f1\u00e1ndolo en la excelencia &nbsp; FROMFROID lleva 50 a\u00f1os comprometido con usted para proporcionarle las mejores soluciones con el fin de combatir los riesgos de contaminaci\u00f3n\u00a0de [&hellip;]","og_url":"https:\/\/www.fromfroid.com\/es\/experiencia\/tratamiento-de-aire-de-proceso\/gestion-de-flujos-de-aire-y-ultra-limpieza-del-aire-en-queseria\/","og_site_name":"Fromfroid","article_modified_time":"2019-12-02T14:09:17+00:00","twitter_card":"summary_large_image","twitter_misc":{"Tiempo de lectura":"1 minuto"},"schema":{"@context":"https:\/\/schema.org","@graph":[{"@type":"WebPage","@id":"https:\/\/www.fromfroid.com\/es\/experiencia\/tratamiento-de-aire-de-proceso\/gestion-de-flujos-de-aire-y-ultra-limpieza-del-aire-en-queseria\/","url":"https:\/\/www.fromfroid.com\/es\/experiencia\/tratamiento-de-aire-de-proceso\/gestion-de-flujos-de-aire-y-ultra-limpieza-del-aire-en-queseria\/","name":"Gesti\u00f3n de flujos tratamiento de aire ultra limpieza para quesos - Fromfroid","isPartOf":{"@id":"https:\/\/www.fromfroid.com\/es\/#website"},"datePublished":"2019-08-28T10:00:24+00:00","dateModified":"2019-12-02T14:09:17+00:00","breadcrumb":{"@id":"https:\/\/www.fromfroid.com\/es\/experiencia\/tratamiento-de-aire-de-proceso\/gestion-de-flujos-de-aire-y-ultra-limpieza-del-aire-en-queseria\/#breadcrumb"},"inLanguage":"es","potentialAction":[{"@type":"ReadAction","target":["https:\/\/www.fromfroid.com\/es\/experiencia\/tratamiento-de-aire-de-proceso\/gestion-de-flujos-de-aire-y-ultra-limpieza-del-aire-en-queseria\/"]}]},{"@type":"BreadcrumbList","@id":"https:\/\/www.fromfroid.com\/es\/experiencia\/tratamiento-de-aire-de-proceso\/gestion-de-flujos-de-aire-y-ultra-limpieza-del-aire-en-queseria\/#breadcrumb","itemListElement":[{"@type":"ListItem","position":1,"name":"Inicio","item":"https:\/\/www.fromfroid.com\/es\/"},{"@type":"ListItem","position":2,"name":"Experiencia","item":"https:\/\/www.fromfroid.com\/es\/experiencia\/"},{"@type":"ListItem","position":3,"name":"Tratamiento de aire de proceso","item":"https:\/\/www.fromfroid.com\/es\/experiencia\/tratamiento-de-aire-de-proceso\/"},{"@type":"ListItem","position":4,"name":"Gesti\u00f3n de flujos y ultra limpieza del aire para quesos"}]},{"@type":"WebSite","@id":"https:\/\/www.fromfroid.com\/es\/#website","url":"https:\/\/www.fromfroid.com\/es\/","name":"Fromfroid","description":"","potentialAction":[{"@type":"SearchAction","target":{"@type":"EntryPoint","urlTemplate":"https:\/\/www.fromfroid.com\/es\/?s={search_term_string}"},"query-input":{"@type":"PropertyValueSpecification","valueRequired":true,"valueName":"search_term_string"}}],"inLanguage":"es"}]}},"_links":{"self":[{"href":"https:\/\/www.fromfroid.com\/es\/wp-json\/wp\/v2\/pages\/1608","targetHints":{"allow":["GET"]}}],"collection":[{"href":"https:\/\/www.fromfroid.com\/es\/wp-json\/wp\/v2\/pages"}],"about":[{"href":"https:\/\/www.fromfroid.com\/es\/wp-json\/wp\/v2\/types\/page"}],"author":[{"embeddable":true,"href":"https:\/\/www.fromfroid.com\/es\/wp-json\/wp\/v2\/users\/3"}],"replies":[{"embeddable":true,"href":"https:\/\/www.fromfroid.com\/es\/wp-json\/wp\/v2\/comments?post=1608"}],"version-history":[{"count":5,"href":"https:\/\/www.fromfroid.com\/es\/wp-json\/wp\/v2\/pages\/1608\/revisions"}],"predecessor-version":[{"id":2598,"href":"https:\/\/www.fromfroid.com\/es\/wp-json\/wp\/v2\/pages\/1608\/revisions\/2598"}],"up":[{"embeddable":true,"href":"https:\/\/www.fromfroid.com\/es\/wp-json\/wp\/v2\/pages\/1613"}],"wp:attachment":[{"href":"https:\/\/www.fromfroid.com\/es\/wp-json\/wp\/v2\/media?parent=1608"}],"curies":[{"name":"wp","href":"https:\/\/api.w.org\/{rel}","templated":true}]}}