{"id":1619,"date":"2019-08-28T14:10:25","date_gmt":"2019-08-28T12:10:25","guid":{"rendered":"https:\/\/fromfroid.netvolution.fr\/tuneles-de-enfriamiento-rapido-para-productos-individuales\/"},"modified":"2019-12-02T14:53:49","modified_gmt":"2019-12-02T13:53:49","slug":"tuneles-de-enfriamiento-rapido-para-productos-individuales","status":"publish","type":"page","link":"https:\/\/www.fromfroid.com\/es\/experiencia\/enfriamiento-rapido\/tuneles-de-enfriamiento-rapido-para-productos-individuales\/","title":{"rendered":"T\u00faneles de enfriamiento r\u00e1pido para productos individuales"},"content":{"rendered":"[mk_page_section bg_position=\u00bbcenter top\u00bb bg_repeat=\u00bbno-repeat\u00bb enable_3d=\u00bbtrue\u00bb bg_gradient=\u00bbvertical\u00bb video_color_mask=\u00bb#ffffff\u00bb gr_end=\u00bbrgba(255,255,255,0.4)\u00bb video_opacity=\u00bb0&#8243; padding_top=\u00bb50&#8243; padding_bottom=\u00bb50&#8243; margin_bottom=\u00bb50&#8243; sidebar=\u00bbsidebar-1&#8243; first_page=\u00bbfalse\u00bb last_page=\u00bbfalse\u00bb][vc_column width=\u00bb1\/3&#8243;][mk_padding_divider][mk_image_slideshow images=\u00bb1013,1310,1302,1286,48,941,1050,1046,1042,1306&#8243; image_width=\u00bb400&#8243; animation_speed=\u00bb400&#8243; slideshow_speed=\u00bb2500&#8243;][\/vc_column][vc_column width=\u00bb2\/3&#8243;][vc_column_text css=\u00bb.vc_custom_1563960404275{margin-bottom: 0px !important;}\u00bb]\n<h2 style=\"text-align: center;\">50 a\u00f1os\u00a0<strong>de experiencia<\/strong>\u00a0en el enfriamiento <strong>preempaque<\/strong><\/h2>\n<h2 style=\"text-align: center;\">FROMFROID, experto en enfriamiento r\u00e1pido<\/h2>\n<p>&nbsp;<\/p>\n<p>Con m\u00e1s de 50 a\u00f1os de <strong>experiencia<\/strong> en los procesos agroalimentarios, FROMFROID ofrece soluciones de enfriamiento en l\u00ednea de productos individuales como <a href=\"https:\/\/www.fromfroid.com\/es\/sectores-de-actividades\/galleteria\/\">galletas<\/a>, pur\u00e9s de frutas, pasta fresca o cualquier otro producto alimentario. Estas soluciones integran los elementos del transportador (cinta transportadora o de malla modular), incorporando los dispositivos de soplado y de enfriamiento, todo ello garantizando los m\u00e1s altos niveles de <strong>higiene<\/strong>,\u00a0<strong>accesibilidad<\/strong>\u00a0y <strong>limpieza.<\/strong><\/p>\n<p>Siempre en busca de nuevos equipos que garanticen la <strong>calidad y<\/strong>\u00a0<strong>fiabilidad<\/strong>, FROMFROID integra la tecnolog\u00eda de transporte\u00a0<a href=\"http:\/\/www.sg2c.com\/solutions-process\/\">SG2C <\/a>en todos los pa\u00edses donde tiene presencia debido a su gran\u00a0<strong>precisi\u00f3n<\/strong>\u00a0y\u00a0<strong>limpieza<\/strong>.<br \/>\n[\/vc_column_text][\/vc_column][\/mk_page_section]\n","protected":false},"excerpt":{"rendered":"<p>[mk_page_section bg_position=\u00bbcenter top\u00bb bg_repeat=\u00bbno-repeat\u00bb enable_3d=\u00bbtrue\u00bb bg_gradient=\u00bbvertical\u00bb video_color_mask=\u00bb#ffffff\u00bb gr_end=\u00bbrgba(255,255,255,0.4)\u00bb video_opacity=\u00bb0&#8243; padding_top=\u00bb50&#8243; padding_bottom=\u00bb50&#8243; margin_bottom=\u00bb50&#8243; sidebar=\u00bbsidebar-1&#8243; first_page=\u00bbfalse\u00bb last_page=\u00bbfalse\u00bb][vc_column width=\u00bb1\/3&#8243;][mk_padding_divider][mk_image_slideshow images=\u00bb1013,1310,1302,1286,48,941,1050,1046,1042,1306&#8243; image_width=\u00bb400&#8243; animation_speed=\u00bb400&#8243; slideshow_speed=\u00bb2500&#8243;][\/vc_column][vc_column width=\u00bb2\/3&#8243;][vc_column_text css=\u00bb.vc_custom_1563960404275{margin-bottom: 0px !important;}\u00bb] 50 a\u00f1os\u00a0de experiencia\u00a0en el enfriamiento preempaque FROMFROID, experto en enfriamiento r\u00e1pido &nbsp; Con m\u00e1s de 50 a\u00f1os de experiencia en los procesos agroalimentarios, FROMFROID ofrece soluciones de enfriamiento en l\u00ednea de [&hellip;]<\/p>\n","protected":false},"author":3,"featured_media":0,"parent":1625,"menu_order":0,"comment_status":"closed","ping_status":"closed","template":"","meta":{"footnotes":""},"class_list":["post-1619","page","type-page","status-publish","hentry"],"yoast_head":"<!-- This site is optimized with the Yoast SEO plugin v27.4 - https:\/\/yoast.com\/product\/yoast-seo-wordpress\/ -->\n<title>Enfriamiento r\u00e1pido galletas, pur\u00e9s de frutas, pasta fresca - Fromfroid<\/title>\n<meta name=\"robots\" content=\"index, follow, max-snippet:-1, max-image-preview:large, max-video-preview:-1\" \/>\n<link rel=\"canonical\" href=\"https:\/\/www.fromfroid.com\/es\/experiencia\/enfriamiento-rapido\/tuneles-de-enfriamiento-rapido-para-productos-individuales\/\" \/>\n<meta property=\"og:locale\" content=\"es_ES\" \/>\n<meta property=\"og:type\" content=\"article\" \/>\n<meta property=\"og:title\" content=\"Enfriamiento r\u00e1pido galletas, pur\u00e9s de frutas, pasta fresca - Fromfroid\" \/>\n<meta property=\"og:description\" content=\"[mk_page_section bg_position=\u00bbcenter top\u00bb bg_repeat=\u00bbno-repeat\u00bb enable_3d=\u00bbtrue\u00bb bg_gradient=\u00bbvertical\u00bb video_color_mask=\u00bb#ffffff\u00bb gr_end=\u00bbrgba(255,255,255,0.4)\u00bb video_opacity=\u00bb0&#8243; padding_top=\u00bb50&#8243; padding_bottom=\u00bb50&#8243; margin_bottom=\u00bb50&#8243; sidebar=\u00bbsidebar-1&#8243; first_page=\u00bbfalse\u00bb last_page=\u00bbfalse\u00bb][vc_column width=\u00bb1\/3&#8243;][mk_padding_divider][mk_image_slideshow images=\u00bb1013,1310,1302,1286,48,941,1050,1046,1042,1306&#8243; image_width=\u00bb400&#8243; animation_speed=\u00bb400&#8243; slideshow_speed=\u00bb2500&#8243;][\/vc_column][vc_column width=\u00bb2\/3&#8243;][vc_column_text css=\u00bb.vc_custom_1563960404275{margin-bottom: 0px !important;}\u00bb] 50 a\u00f1os\u00a0de experiencia\u00a0en el enfriamiento preempaque FROMFROID, experto en enfriamiento r\u00e1pido &nbsp; Con m\u00e1s de 50 a\u00f1os de experiencia en los procesos agroalimentarios, FROMFROID ofrece soluciones de enfriamiento en l\u00ednea de [&hellip;]\" \/>\n<meta property=\"og:url\" content=\"https:\/\/www.fromfroid.com\/es\/experiencia\/enfriamiento-rapido\/tuneles-de-enfriamiento-rapido-para-productos-individuales\/\" \/>\n<meta property=\"og:site_name\" content=\"Fromfroid\" \/>\n<meta property=\"article:modified_time\" content=\"2019-12-02T13:53:49+00:00\" \/>\n<meta name=\"twitter:card\" content=\"summary_large_image\" \/>\n<meta name=\"twitter:label1\" content=\"Tiempo de lectura\" \/>\n\t<meta name=\"twitter:data1\" content=\"1 minuto\" \/>\n<script type=\"application\/ld+json\" class=\"yoast-schema-graph\">{\"@context\":\"https:\\\/\\\/schema.org\",\"@graph\":[{\"@type\":\"WebPage\",\"@id\":\"https:\\\/\\\/www.fromfroid.com\\\/es\\\/experiencia\\\/enfriamiento-rapido\\\/tuneles-de-enfriamiento-rapido-para-productos-individuales\\\/\",\"url\":\"https:\\\/\\\/www.fromfroid.com\\\/es\\\/experiencia\\\/enfriamiento-rapido\\\/tuneles-de-enfriamiento-rapido-para-productos-individuales\\\/\",\"name\":\"Enfriamiento r\u00e1pido galletas, pur\u00e9s de frutas, pasta fresca - Fromfroid\",\"isPartOf\":{\"@id\":\"https:\\\/\\\/www.fromfroid.com\\\/es\\\/#website\"},\"datePublished\":\"2019-08-28T12:10:25+00:00\",\"dateModified\":\"2019-12-02T13:53:49+00:00\",\"breadcrumb\":{\"@id\":\"https:\\\/\\\/www.fromfroid.com\\\/es\\\/experiencia\\\/enfriamiento-rapido\\\/tuneles-de-enfriamiento-rapido-para-productos-individuales\\\/#breadcrumb\"},\"inLanguage\":\"es\",\"potentialAction\":[{\"@type\":\"ReadAction\",\"target\":[\"https:\\\/\\\/www.fromfroid.com\\\/es\\\/experiencia\\\/enfriamiento-rapido\\\/tuneles-de-enfriamiento-rapido-para-productos-individuales\\\/\"]}]},{\"@type\":\"BreadcrumbList\",\"@id\":\"https:\\\/\\\/www.fromfroid.com\\\/es\\\/experiencia\\\/enfriamiento-rapido\\\/tuneles-de-enfriamiento-rapido-para-productos-individuales\\\/#breadcrumb\",\"itemListElement\":[{\"@type\":\"ListItem\",\"position\":1,\"name\":\"Inicio\",\"item\":\"https:\\\/\\\/www.fromfroid.com\\\/es\\\/\"},{\"@type\":\"ListItem\",\"position\":2,\"name\":\"Experiencia\",\"item\":\"https:\\\/\\\/www.fromfroid.com\\\/es\\\/experiencia\\\/\"},{\"@type\":\"ListItem\",\"position\":3,\"name\":\"Enfriamiento r\u00e1pido de pallets\",\"item\":\"https:\\\/\\\/www.fromfroid.com\\\/es\\\/experiencia\\\/enfriamiento-rapido\\\/\"},{\"@type\":\"ListItem\",\"position\":4,\"name\":\"T\u00faneles de enfriamiento r\u00e1pido para productos individuales\"}]},{\"@type\":\"WebSite\",\"@id\":\"https:\\\/\\\/www.fromfroid.com\\\/es\\\/#website\",\"url\":\"https:\\\/\\\/www.fromfroid.com\\\/es\\\/\",\"name\":\"Fromfroid\",\"description\":\"\",\"potentialAction\":[{\"@type\":\"SearchAction\",\"target\":{\"@type\":\"EntryPoint\",\"urlTemplate\":\"https:\\\/\\\/www.fromfroid.com\\\/es\\\/?s={search_term_string}\"},\"query-input\":{\"@type\":\"PropertyValueSpecification\",\"valueRequired\":true,\"valueName\":\"search_term_string\"}}],\"inLanguage\":\"es\"}]}<\/script>\n<!-- \/ Yoast SEO plugin. -->","yoast_head_json":{"title":"Enfriamiento r\u00e1pido galletas, pur\u00e9s de frutas, pasta fresca - Fromfroid","robots":{"index":"index","follow":"follow","max-snippet":"max-snippet:-1","max-image-preview":"max-image-preview:large","max-video-preview":"max-video-preview:-1"},"canonical":"https:\/\/www.fromfroid.com\/es\/experiencia\/enfriamiento-rapido\/tuneles-de-enfriamiento-rapido-para-productos-individuales\/","og_locale":"es_ES","og_type":"article","og_title":"Enfriamiento r\u00e1pido galletas, pur\u00e9s de frutas, pasta fresca - Fromfroid","og_description":"[mk_page_section bg_position=\u00bbcenter top\u00bb bg_repeat=\u00bbno-repeat\u00bb enable_3d=\u00bbtrue\u00bb bg_gradient=\u00bbvertical\u00bb video_color_mask=\u00bb#ffffff\u00bb gr_end=\u00bbrgba(255,255,255,0.4)\u00bb video_opacity=\u00bb0&#8243; padding_top=\u00bb50&#8243; padding_bottom=\u00bb50&#8243; margin_bottom=\u00bb50&#8243; sidebar=\u00bbsidebar-1&#8243; first_page=\u00bbfalse\u00bb last_page=\u00bbfalse\u00bb][vc_column width=\u00bb1\/3&#8243;][mk_padding_divider][mk_image_slideshow images=\u00bb1013,1310,1302,1286,48,941,1050,1046,1042,1306&#8243; image_width=\u00bb400&#8243; animation_speed=\u00bb400&#8243; slideshow_speed=\u00bb2500&#8243;][\/vc_column][vc_column width=\u00bb2\/3&#8243;][vc_column_text css=\u00bb.vc_custom_1563960404275{margin-bottom: 0px !important;}\u00bb] 50 a\u00f1os\u00a0de experiencia\u00a0en el enfriamiento preempaque FROMFROID, experto en enfriamiento r\u00e1pido &nbsp; Con m\u00e1s de 50 a\u00f1os de experiencia en los procesos agroalimentarios, FROMFROID ofrece soluciones de enfriamiento en l\u00ednea de [&hellip;]","og_url":"https:\/\/www.fromfroid.com\/es\/experiencia\/enfriamiento-rapido\/tuneles-de-enfriamiento-rapido-para-productos-individuales\/","og_site_name":"Fromfroid","article_modified_time":"2019-12-02T13:53:49+00:00","twitter_card":"summary_large_image","twitter_misc":{"Tiempo de lectura":"1 minuto"},"schema":{"@context":"https:\/\/schema.org","@graph":[{"@type":"WebPage","@id":"https:\/\/www.fromfroid.com\/es\/experiencia\/enfriamiento-rapido\/tuneles-de-enfriamiento-rapido-para-productos-individuales\/","url":"https:\/\/www.fromfroid.com\/es\/experiencia\/enfriamiento-rapido\/tuneles-de-enfriamiento-rapido-para-productos-individuales\/","name":"Enfriamiento r\u00e1pido galletas, pur\u00e9s de frutas, pasta fresca - Fromfroid","isPartOf":{"@id":"https:\/\/www.fromfroid.com\/es\/#website"},"datePublished":"2019-08-28T12:10:25+00:00","dateModified":"2019-12-02T13:53:49+00:00","breadcrumb":{"@id":"https:\/\/www.fromfroid.com\/es\/experiencia\/enfriamiento-rapido\/tuneles-de-enfriamiento-rapido-para-productos-individuales\/#breadcrumb"},"inLanguage":"es","potentialAction":[{"@type":"ReadAction","target":["https:\/\/www.fromfroid.com\/es\/experiencia\/enfriamiento-rapido\/tuneles-de-enfriamiento-rapido-para-productos-individuales\/"]}]},{"@type":"BreadcrumbList","@id":"https:\/\/www.fromfroid.com\/es\/experiencia\/enfriamiento-rapido\/tuneles-de-enfriamiento-rapido-para-productos-individuales\/#breadcrumb","itemListElement":[{"@type":"ListItem","position":1,"name":"Inicio","item":"https:\/\/www.fromfroid.com\/es\/"},{"@type":"ListItem","position":2,"name":"Experiencia","item":"https:\/\/www.fromfroid.com\/es\/experiencia\/"},{"@type":"ListItem","position":3,"name":"Enfriamiento r\u00e1pido de pallets","item":"https:\/\/www.fromfroid.com\/es\/experiencia\/enfriamiento-rapido\/"},{"@type":"ListItem","position":4,"name":"T\u00faneles de enfriamiento r\u00e1pido para productos individuales"}]},{"@type":"WebSite","@id":"https:\/\/www.fromfroid.com\/es\/#website","url":"https:\/\/www.fromfroid.com\/es\/","name":"Fromfroid","description":"","potentialAction":[{"@type":"SearchAction","target":{"@type":"EntryPoint","urlTemplate":"https:\/\/www.fromfroid.com\/es\/?s={search_term_string}"},"query-input":{"@type":"PropertyValueSpecification","valueRequired":true,"valueName":"search_term_string"}}],"inLanguage":"es"}]}},"_links":{"self":[{"href":"https:\/\/www.fromfroid.com\/es\/wp-json\/wp\/v2\/pages\/1619","targetHints":{"allow":["GET"]}}],"collection":[{"href":"https:\/\/www.fromfroid.com\/es\/wp-json\/wp\/v2\/pages"}],"about":[{"href":"https:\/\/www.fromfroid.com\/es\/wp-json\/wp\/v2\/types\/page"}],"author":[{"embeddable":true,"href":"https:\/\/www.fromfroid.com\/es\/wp-json\/wp\/v2\/users\/3"}],"replies":[{"embeddable":true,"href":"https:\/\/www.fromfroid.com\/es\/wp-json\/wp\/v2\/comments?post=1619"}],"version-history":[{"count":5,"href":"https:\/\/www.fromfroid.com\/es\/wp-json\/wp\/v2\/pages\/1619\/revisions"}],"predecessor-version":[{"id":2593,"href":"https:\/\/www.fromfroid.com\/es\/wp-json\/wp\/v2\/pages\/1619\/revisions\/2593"}],"up":[{"embeddable":true,"href":"https:\/\/www.fromfroid.com\/es\/wp-json\/wp\/v2\/pages\/1625"}],"wp:attachment":[{"href":"https:\/\/www.fromfroid.com\/es\/wp-json\/wp\/v2\/media?parent=1619"}],"curies":[{"name":"wp","href":"https:\/\/api.w.org\/{rel}","templated":true}]}}