{"id":1621,"date":"2019-08-28T14:15:27","date_gmt":"2019-08-28T12:15:27","guid":{"rendered":"https:\/\/fromfroid.netvolution.fr\/tuneles-de-enfriamiento-rapido-para-paletas\/"},"modified":"2020-08-03T15:54:35","modified_gmt":"2020-08-03T13:54:35","slug":"tuneles-de-enfriamiento-rapido-para-paletas","status":"publish","type":"page","link":"https:\/\/www.fromfroid.com\/es\/experiencia\/enfriamiento-rapido\/tuneles-de-enfriamiento-rapido-para-paletas\/","title":{"rendered":"T\u00faneles de enfriamiento r\u00e1pido para pallets"},"content":{"rendered":"[mk_page_section bg_position=\u00bbcenter top\u00bb bg_repeat=\u00bbno-repeat\u00bb enable_3d=\u00bbtrue\u00bb bg_gradient=\u00bbvertical\u00bb video_color_mask=\u00bb#ffffff\u00bb gr_end=\u00bbrgba(255,255,255,0.4)\u00bb video_opacity=\u00bb0&#8243; padding_top=\u00bb50&#8243; padding_bottom=\u00bb50&#8243; margin_bottom=\u00bb50&#8243; sidebar=\u00bbsidebar-1&#8243; first_page=\u00bbfalse\u00bb last_page=\u00bbfalse\u00bb][vc_column width=\u00bb1\/3&#8243;][mk_padding_divider][mk_image_slideshow images=\u00bb504,500,48,1009,997,496&#8243; image_width=\u00bb400&#8243; animation_speed=\u00bb400&#8243; slideshow_speed=\u00bb2500&#8243;][\/vc_column][vc_column width=\u00bb2\/3&#8243;][vc_column_text css=\u00bb.vc_custom_1563961510472{margin-bottom: 0px !important;}\u00bb]\n<h2 style=\"text-align: center;\"><strong>Los t\u00faneles de enfriamiento de alto rendimiento<\/strong><\/h2>\n<h2 style=\"text-align: center;\">Rapidez, fiabilidad y reducci\u00f3n energ\u00e9tica<\/h2>\n<p>&nbsp;<\/p>\n<p>FROMFROID ha desarrollado un producto \u00fanico en el mercado:\u00a0<strong>el t\u00fanel de enfriamiento r\u00e1pido\u00a0<\/strong>de alto rendimiento para<strong>\u00a0pallets (tarimas, estibas)<\/strong>. Este sistema patentado ha sido desarrollado por nuestros ingenieros con el fin de responder a sus necesidades:<\/p>\n<ul>\n<li><strong>Gran variedad<\/strong>\u00a0de las alturas de los pallets (tarimas, estibas)<\/li>\n<li><strong>Alta eficacia energ\u00e9tica <\/strong>con un ahorro del 30 al 50 % en comparaci\u00f3n con las dem\u00e1s soluciones del mercado<\/li>\n<li><strong>Altas velocidades <\/strong>de producci\u00f3n<\/li>\n<li>Para las plantas y <strong>procesos completamente automatizados<\/strong><\/li>\n<li>Disminuci\u00f3n del tiempo de\u00a0<strong>enfriamiento<\/strong>\u00a0y, por lo tanto, una mayor <strong>compacidad<\/strong>\u00a0de las instalaciones<\/li>\n<li>Una mayor <strong>homogeneidad <\/strong>de las temperaturas finales<\/li>\n<\/ul>\n<p>&nbsp;<\/p>\n<p>Los l\u00edderes mundiales del sector <strong>agroalimentario<\/strong> conf\u00edan en FROMFROID\u00a0para enfriar sus <strong>productos l\u00e1cteos frescos<\/strong>\u00a0y, de manera general, cualquier producto fresco.<\/p>\n<p>&nbsp;<\/p>\n<p style=\"text-align: center;\"><a href=\"https:\/\/www.fromfroid.com\/es\/contactenos\/\"><strong>\u00bfTiene un proyecto?\u00a0 \u00a1Cont\u00e1ctenos!<\/strong><\/a><\/p>\n[\/vc_column_text][mk_padding_divider][\/vc_column][\/mk_page_section]\n","protected":false},"excerpt":{"rendered":"<p>[mk_page_section bg_position=\u00bbcenter top\u00bb bg_repeat=\u00bbno-repeat\u00bb enable_3d=\u00bbtrue\u00bb bg_gradient=\u00bbvertical\u00bb video_color_mask=\u00bb#ffffff\u00bb gr_end=\u00bbrgba(255,255,255,0.4)\u00bb video_opacity=\u00bb0&#8243; padding_top=\u00bb50&#8243; padding_bottom=\u00bb50&#8243; margin_bottom=\u00bb50&#8243; sidebar=\u00bbsidebar-1&#8243; first_page=\u00bbfalse\u00bb last_page=\u00bbfalse\u00bb][vc_column width=\u00bb1\/3&#8243;][mk_padding_divider][mk_image_slideshow images=\u00bb504,500,48,1009,997,496&#8243; image_width=\u00bb400&#8243; animation_speed=\u00bb400&#8243; slideshow_speed=\u00bb2500&#8243;][\/vc_column][vc_column width=\u00bb2\/3&#8243;][vc_column_text css=\u00bb.vc_custom_1563961510472{margin-bottom: 0px !important;}\u00bb] Los t\u00faneles de enfriamiento de alto rendimiento Rapidez, fiabilidad y reducci\u00f3n energ\u00e9tica &nbsp; FROMFROID ha desarrollado un producto \u00fanico en el mercado:\u00a0el t\u00fanel de enfriamiento r\u00e1pido\u00a0de alto rendimiento para\u00a0pallets (tarimas, estibas). [&hellip;]<\/p>\n","protected":false},"author":3,"featured_media":0,"parent":1625,"menu_order":0,"comment_status":"closed","ping_status":"closed","template":"","meta":{"footnotes":""},"class_list":["post-1621","page","type-page","status-publish","hentry"],"yoast_head":"<!-- This site is optimized with the Yoast SEO plugin v27.4 - https:\/\/yoast.com\/product\/yoast-seo-wordpress\/ -->\n<title>t\u00fanel enfriamiento r\u00e1pido pallets yogur queso frutas verduras - Fromfroid<\/title>\n<meta name=\"robots\" content=\"index, follow, max-snippet:-1, max-image-preview:large, max-video-preview:-1\" \/>\n<link rel=\"canonical\" href=\"https:\/\/www.fromfroid.com\/es\/experiencia\/enfriamiento-rapido\/tuneles-de-enfriamiento-rapido-para-paletas\/\" \/>\n<meta property=\"og:locale\" content=\"es_ES\" \/>\n<meta property=\"og:type\" content=\"article\" \/>\n<meta property=\"og:title\" content=\"t\u00fanel enfriamiento r\u00e1pido pallets yogur queso frutas verduras - Fromfroid\" \/>\n<meta property=\"og:description\" content=\"[mk_page_section bg_position=\u00bbcenter top\u00bb bg_repeat=\u00bbno-repeat\u00bb enable_3d=\u00bbtrue\u00bb bg_gradient=\u00bbvertical\u00bb video_color_mask=\u00bb#ffffff\u00bb gr_end=\u00bbrgba(255,255,255,0.4)\u00bb video_opacity=\u00bb0&#8243; padding_top=\u00bb50&#8243; padding_bottom=\u00bb50&#8243; margin_bottom=\u00bb50&#8243; sidebar=\u00bbsidebar-1&#8243; first_page=\u00bbfalse\u00bb last_page=\u00bbfalse\u00bb][vc_column width=\u00bb1\/3&#8243;][mk_padding_divider][mk_image_slideshow images=\u00bb504,500,48,1009,997,496&#8243; image_width=\u00bb400&#8243; animation_speed=\u00bb400&#8243; slideshow_speed=\u00bb2500&#8243;][\/vc_column][vc_column width=\u00bb2\/3&#8243;][vc_column_text css=\u00bb.vc_custom_1563961510472{margin-bottom: 0px !important;}\u00bb] Los t\u00faneles de enfriamiento de alto rendimiento Rapidez, fiabilidad y reducci\u00f3n energ\u00e9tica &nbsp; FROMFROID ha desarrollado un producto \u00fanico en el mercado:\u00a0el t\u00fanel de enfriamiento r\u00e1pido\u00a0de alto rendimiento para\u00a0pallets (tarimas, estibas). [&hellip;]\" \/>\n<meta property=\"og:url\" content=\"https:\/\/www.fromfroid.com\/es\/experiencia\/enfriamiento-rapido\/tuneles-de-enfriamiento-rapido-para-paletas\/\" \/>\n<meta property=\"og:site_name\" content=\"Fromfroid\" \/>\n<meta property=\"article:modified_time\" content=\"2020-08-03T13:54:35+00:00\" \/>\n<meta name=\"twitter:card\" content=\"summary_large_image\" \/>\n<meta name=\"twitter:label1\" content=\"Tiempo de lectura\" \/>\n\t<meta name=\"twitter:data1\" content=\"1 minuto\" \/>\n<script type=\"application\/ld+json\" class=\"yoast-schema-graph\">{\"@context\":\"https:\\\/\\\/schema.org\",\"@graph\":[{\"@type\":\"WebPage\",\"@id\":\"https:\\\/\\\/www.fromfroid.com\\\/es\\\/experiencia\\\/enfriamiento-rapido\\\/tuneles-de-enfriamiento-rapido-para-paletas\\\/\",\"url\":\"https:\\\/\\\/www.fromfroid.com\\\/es\\\/experiencia\\\/enfriamiento-rapido\\\/tuneles-de-enfriamiento-rapido-para-paletas\\\/\",\"name\":\"t\u00fanel enfriamiento r\u00e1pido pallets yogur queso frutas verduras - Fromfroid\",\"isPartOf\":{\"@id\":\"https:\\\/\\\/www.fromfroid.com\\\/es\\\/#website\"},\"datePublished\":\"2019-08-28T12:15:27+00:00\",\"dateModified\":\"2020-08-03T13:54:35+00:00\",\"breadcrumb\":{\"@id\":\"https:\\\/\\\/www.fromfroid.com\\\/es\\\/experiencia\\\/enfriamiento-rapido\\\/tuneles-de-enfriamiento-rapido-para-paletas\\\/#breadcrumb\"},\"inLanguage\":\"es\",\"potentialAction\":[{\"@type\":\"ReadAction\",\"target\":[\"https:\\\/\\\/www.fromfroid.com\\\/es\\\/experiencia\\\/enfriamiento-rapido\\\/tuneles-de-enfriamiento-rapido-para-paletas\\\/\"]}]},{\"@type\":\"BreadcrumbList\",\"@id\":\"https:\\\/\\\/www.fromfroid.com\\\/es\\\/experiencia\\\/enfriamiento-rapido\\\/tuneles-de-enfriamiento-rapido-para-paletas\\\/#breadcrumb\",\"itemListElement\":[{\"@type\":\"ListItem\",\"position\":1,\"name\":\"Inicio\",\"item\":\"https:\\\/\\\/www.fromfroid.com\\\/es\\\/\"},{\"@type\":\"ListItem\",\"position\":2,\"name\":\"Experiencia\",\"item\":\"https:\\\/\\\/www.fromfroid.com\\\/es\\\/experiencia\\\/\"},{\"@type\":\"ListItem\",\"position\":3,\"name\":\"Enfriamiento r\u00e1pido de pallets\",\"item\":\"https:\\\/\\\/www.fromfroid.com\\\/es\\\/experiencia\\\/enfriamiento-rapido\\\/\"},{\"@type\":\"ListItem\",\"position\":4,\"name\":\"T\u00faneles de enfriamiento r\u00e1pido para pallets\"}]},{\"@type\":\"WebSite\",\"@id\":\"https:\\\/\\\/www.fromfroid.com\\\/es\\\/#website\",\"url\":\"https:\\\/\\\/www.fromfroid.com\\\/es\\\/\",\"name\":\"Fromfroid\",\"description\":\"\",\"potentialAction\":[{\"@type\":\"SearchAction\",\"target\":{\"@type\":\"EntryPoint\",\"urlTemplate\":\"https:\\\/\\\/www.fromfroid.com\\\/es\\\/?s={search_term_string}\"},\"query-input\":{\"@type\":\"PropertyValueSpecification\",\"valueRequired\":true,\"valueName\":\"search_term_string\"}}],\"inLanguage\":\"es\"}]}<\/script>\n<!-- \/ Yoast SEO plugin. -->","yoast_head_json":{"title":"t\u00fanel enfriamiento r\u00e1pido pallets yogur queso frutas verduras - Fromfroid","robots":{"index":"index","follow":"follow","max-snippet":"max-snippet:-1","max-image-preview":"max-image-preview:large","max-video-preview":"max-video-preview:-1"},"canonical":"https:\/\/www.fromfroid.com\/es\/experiencia\/enfriamiento-rapido\/tuneles-de-enfriamiento-rapido-para-paletas\/","og_locale":"es_ES","og_type":"article","og_title":"t\u00fanel enfriamiento r\u00e1pido pallets yogur queso frutas verduras - Fromfroid","og_description":"[mk_page_section bg_position=\u00bbcenter top\u00bb bg_repeat=\u00bbno-repeat\u00bb enable_3d=\u00bbtrue\u00bb bg_gradient=\u00bbvertical\u00bb video_color_mask=\u00bb#ffffff\u00bb gr_end=\u00bbrgba(255,255,255,0.4)\u00bb video_opacity=\u00bb0&#8243; padding_top=\u00bb50&#8243; padding_bottom=\u00bb50&#8243; margin_bottom=\u00bb50&#8243; sidebar=\u00bbsidebar-1&#8243; first_page=\u00bbfalse\u00bb last_page=\u00bbfalse\u00bb][vc_column width=\u00bb1\/3&#8243;][mk_padding_divider][mk_image_slideshow images=\u00bb504,500,48,1009,997,496&#8243; image_width=\u00bb400&#8243; animation_speed=\u00bb400&#8243; slideshow_speed=\u00bb2500&#8243;][\/vc_column][vc_column width=\u00bb2\/3&#8243;][vc_column_text css=\u00bb.vc_custom_1563961510472{margin-bottom: 0px !important;}\u00bb] Los t\u00faneles de enfriamiento de alto rendimiento Rapidez, fiabilidad y reducci\u00f3n energ\u00e9tica &nbsp; FROMFROID ha desarrollado un producto \u00fanico en el mercado:\u00a0el t\u00fanel de enfriamiento r\u00e1pido\u00a0de alto rendimiento para\u00a0pallets (tarimas, estibas). [&hellip;]","og_url":"https:\/\/www.fromfroid.com\/es\/experiencia\/enfriamiento-rapido\/tuneles-de-enfriamiento-rapido-para-paletas\/","og_site_name":"Fromfroid","article_modified_time":"2020-08-03T13:54:35+00:00","twitter_card":"summary_large_image","twitter_misc":{"Tiempo de lectura":"1 minuto"},"schema":{"@context":"https:\/\/schema.org","@graph":[{"@type":"WebPage","@id":"https:\/\/www.fromfroid.com\/es\/experiencia\/enfriamiento-rapido\/tuneles-de-enfriamiento-rapido-para-paletas\/","url":"https:\/\/www.fromfroid.com\/es\/experiencia\/enfriamiento-rapido\/tuneles-de-enfriamiento-rapido-para-paletas\/","name":"t\u00fanel enfriamiento r\u00e1pido pallets yogur queso frutas verduras - Fromfroid","isPartOf":{"@id":"https:\/\/www.fromfroid.com\/es\/#website"},"datePublished":"2019-08-28T12:15:27+00:00","dateModified":"2020-08-03T13:54:35+00:00","breadcrumb":{"@id":"https:\/\/www.fromfroid.com\/es\/experiencia\/enfriamiento-rapido\/tuneles-de-enfriamiento-rapido-para-paletas\/#breadcrumb"},"inLanguage":"es","potentialAction":[{"@type":"ReadAction","target":["https:\/\/www.fromfroid.com\/es\/experiencia\/enfriamiento-rapido\/tuneles-de-enfriamiento-rapido-para-paletas\/"]}]},{"@type":"BreadcrumbList","@id":"https:\/\/www.fromfroid.com\/es\/experiencia\/enfriamiento-rapido\/tuneles-de-enfriamiento-rapido-para-paletas\/#breadcrumb","itemListElement":[{"@type":"ListItem","position":1,"name":"Inicio","item":"https:\/\/www.fromfroid.com\/es\/"},{"@type":"ListItem","position":2,"name":"Experiencia","item":"https:\/\/www.fromfroid.com\/es\/experiencia\/"},{"@type":"ListItem","position":3,"name":"Enfriamiento r\u00e1pido de pallets","item":"https:\/\/www.fromfroid.com\/es\/experiencia\/enfriamiento-rapido\/"},{"@type":"ListItem","position":4,"name":"T\u00faneles de enfriamiento r\u00e1pido para pallets"}]},{"@type":"WebSite","@id":"https:\/\/www.fromfroid.com\/es\/#website","url":"https:\/\/www.fromfroid.com\/es\/","name":"Fromfroid","description":"","potentialAction":[{"@type":"SearchAction","target":{"@type":"EntryPoint","urlTemplate":"https:\/\/www.fromfroid.com\/es\/?s={search_term_string}"},"query-input":{"@type":"PropertyValueSpecification","valueRequired":true,"valueName":"search_term_string"}}],"inLanguage":"es"}]}},"_links":{"self":[{"href":"https:\/\/www.fromfroid.com\/es\/wp-json\/wp\/v2\/pages\/1621","targetHints":{"allow":["GET"]}}],"collection":[{"href":"https:\/\/www.fromfroid.com\/es\/wp-json\/wp\/v2\/pages"}],"about":[{"href":"https:\/\/www.fromfroid.com\/es\/wp-json\/wp\/v2\/types\/page"}],"author":[{"embeddable":true,"href":"https:\/\/www.fromfroid.com\/es\/wp-json\/wp\/v2\/users\/3"}],"replies":[{"embeddable":true,"href":"https:\/\/www.fromfroid.com\/es\/wp-json\/wp\/v2\/comments?post=1621"}],"version-history":[{"count":9,"href":"https:\/\/www.fromfroid.com\/es\/wp-json\/wp\/v2\/pages\/1621\/revisions"}],"predecessor-version":[{"id":3408,"href":"https:\/\/www.fromfroid.com\/es\/wp-json\/wp\/v2\/pages\/1621\/revisions\/3408"}],"up":[{"embeddable":true,"href":"https:\/\/www.fromfroid.com\/es\/wp-json\/wp\/v2\/pages\/1625"}],"wp:attachment":[{"href":"https:\/\/www.fromfroid.com\/es\/wp-json\/wp\/v2\/media?parent=1621"}],"curies":[{"name":"wp","href":"https:\/\/api.w.org\/{rel}","templated":true}]}}