{"id":1629,"date":"2019-08-28T14:29:19","date_gmt":"2019-08-28T12:29:19","guid":{"rendered":"https:\/\/fromfroid.netvolution.fr\/auditoria-y-asesoramiento\/"},"modified":"2019-10-11T10:46:52","modified_gmt":"2019-10-11T08:46:52","slug":"auditoria-y-asesoramiento","status":"publish","type":"page","link":"https:\/\/www.fromfroid.com\/es\/experiencia\/auditoria-y-asesoramiento\/","title":{"rendered":"Auditor\u00eda y Asesoramiento"},"content":{"rendered":"[mk_page_section bg_position=\u00bbcenter top\u00bb bg_repeat=\u00bbno-repeat\u00bb enable_3d=\u00bbtrue\u00bb bg_gradient=\u00bbvertical\u00bb video_color_mask=\u00bb#ffffff\u00bb gr_end=\u00bbrgba(255,255,255,0.4)\u00bb video_opacity=\u00bb0&#8243; padding_top=\u00bb50&#8243; padding_bottom=\u00bb50&#8243; margin_bottom=\u00bb50&#8243; sidebar=\u00bbsidebar-1&#8243; first_page=\u00bbfalse\u00bb last_page=\u00bbfalse\u00bb][vc_column width=\u00bb1\/3&#8243;][mk_padding_divider][mk_image_slideshow images=\u00bb48,1197,70,988,709,28,32,1189&#8243; image_width=\u00bb400&#8243; image_height=\u00bb300&#8243; animation_speed=\u00bb400&#8243; slideshow_speed=\u00bb2500&#8243;][\/vc_column][vc_column width=\u00bb2\/3&#8243;][vc_column_text css=\u00bb.vc_custom_1563524851096{margin-bottom: 0px !important;}\u00bb]\n<h2 style=\"text-align: center;\"><strong>Auditor\u00eda<\/strong>,\u00a0<strong>asesoramiento<\/strong>,\u00a0<strong>fabricaci\u00f3n<\/strong>\u00a0e\u00a0<strong>instalaci\u00f3n<\/strong><\/h2>\n<h2 style=\"text-align: center;\">FROMFROID, 50 a\u00f1os con usted<\/h2>\n<p>&nbsp;<\/p>\n<p>FROMFROID interviene en la gesti\u00f3n de proyectos: desde la definici\u00f3n de la necesidad del cliente hasta la ingenier\u00eda, fabricaci\u00f3n e instalaci\u00f3n, le aportamos las mejores soluciones t\u00e9cnicas con el fin de garantizar la mejor calidad de sus productos con costes de producci\u00f3n optimizados.<\/p>\n<p>Con 50 a\u00f1os de experiencia, FROMFROID ha desarrollado un conocimiento tecnol\u00f3gico \u00fanico en el mercado. FROMFROID pone al servicio de sus clientes este saber hacer y su experiencia en forma de auditor\u00edas y asesoramiento.[\/vc_column_text][vc_column_text css=\u00bb.vc_custom_1564496019863{margin-bottom: 0px !important;}\u00bb]\n<h3><strong>Conseil <\/strong><\/h3>\n<p>FROMFROID est r\u00e9put\u00e9 comme \u00e9tant l\u2019un des meilleurs sp\u00e9cialistes du traitement d\u2019air et du refroidissement rapide sur le march\u00e9 et cette r\u00e9putation est bas\u00e9e sur l\u2019exp\u00e9rience et le savoir-faire.<\/p>\n<p>FROMFROID met cette exp\u00e9rience au service de ses Clients, notamment en terme de\u00a0:<\/p>\n<ul>\n<li>Traitement d\u2019air \/ Ultra-propret\u00e9<\/li>\n<li>Gestion des flux d\u2019air pour la fromagerie<\/li>\n<li>Froid industriel<\/li>\n<li>Refroidissement rapide<\/li>\n<li>maintien en temp\u00e9rature pour des \u00e9tuves<\/li>\n<\/ul>\n<h3><strong>Conception<\/strong><\/h3>\n<p>Les \u00e9quipes multidisciplinaires de FROMFROID r\u00e9alisent l\u2019ing\u00e9nierie pour chacun de vos projets afin de r\u00e9pondre \u00e0 vos besoins.<\/p>\n<h3><strong>Fabrication<\/strong><\/h3>\n<p>Nos produits sont fabriqu\u00e9s dans nos ateliers par des \u00e9quipes d\u00e9positaires d\u2019un savoir-faire unique.<\/p>\n<h3><strong>Installation et mise en service<\/strong><\/h3>\n<p>FROMFROID est garant de la bonne installation et utilisation des \u00e9quipements vendus.<\/p>\n<ul>\n<li>Installation \u00ab\u00a0Cl\u00e9 en mains\u00a0\u00bb\u00a0 en compl\u00e9mentarit\u00e9 avec les partenaires locaux ou partenaires privil\u00e9gi\u00e9s de FROMFROID.<\/li>\n<li>La mise en service de l&#8217;installation et de l&#8217;optimisation de ses performances en fonctionnement r\u00e9el est obligatoirement assur\u00e9e par un technicien sp\u00e9cialiste.<\/li>\n<\/ul>\n<h3><strong>Assistance<\/strong><\/h3>\n<p>Le SAV est \u00e0 la disposition des clients FROMFROID pour toutes question relative \u00e0 l\u2019installation, l\u2019utilisation ou l\u2019optimisation des \u00e9quipements.<\/p>\n<p>Notre service pi\u00e8ces d\u00e9tach\u00e9es se tient aussi \u00e0 votre service pour toute commande<\/p>\n<ul>\n<li>d\u2019organe de r\u00e9gulation<\/li>\n<li>de gaines textiles<\/li>\n<li>de composants \u00e9lectriques<\/li>\n<li>d\u2019\u00e9changeurs thermiques (batteries froide et chaude)<\/li>\n<li>etc<\/li>\n<\/ul>\n<p>&nbsp;<\/p>\n<p style=\"text-align: center;\"><strong><a href=\"https:\/\/www.fromfroid.com\/contact\/\">Vous avez un projet, contactez-nous!<\/a><\/strong><\/p>\n[\/vc_column_text][\/vc_column][\/mk_page_section]\n","protected":false},"excerpt":{"rendered":"<p>[mk_page_section bg_position=\u00bbcenter top\u00bb bg_repeat=\u00bbno-repeat\u00bb enable_3d=\u00bbtrue\u00bb bg_gradient=\u00bbvertical\u00bb video_color_mask=\u00bb#ffffff\u00bb gr_end=\u00bbrgba(255,255,255,0.4)\u00bb video_opacity=\u00bb0&#8243; padding_top=\u00bb50&#8243; padding_bottom=\u00bb50&#8243; margin_bottom=\u00bb50&#8243; sidebar=\u00bbsidebar-1&#8243; first_page=\u00bbfalse\u00bb last_page=\u00bbfalse\u00bb][vc_column width=\u00bb1\/3&#8243;][mk_padding_divider][mk_image_slideshow images=\u00bb48,1197,70,988,709,28,32,1189&#8243; image_width=\u00bb400&#8243; image_height=\u00bb300&#8243; animation_speed=\u00bb400&#8243; slideshow_speed=\u00bb2500&#8243;][\/vc_column][vc_column width=\u00bb2\/3&#8243;][vc_column_text css=\u00bb.vc_custom_1563524851096{margin-bottom: 0px !important;}\u00bb] Auditor\u00eda,\u00a0asesoramiento,\u00a0fabricaci\u00f3n\u00a0e\u00a0instalaci\u00f3n FROMFROID, 50 a\u00f1os con usted &nbsp; FROMFROID interviene en la gesti\u00f3n de proyectos: desde la definici\u00f3n de la necesidad del cliente hasta la ingenier\u00eda, fabricaci\u00f3n e instalaci\u00f3n, le aportamos [&hellip;]<\/p>\n","protected":false},"author":3,"featured_media":0,"parent":1631,"menu_order":0,"comment_status":"closed","ping_status":"closed","template":"","meta":{"footnotes":""},"class_list":["post-1629","page","type-page","status-publish","hentry"],"yoast_head":"<!-- This site is optimized with the Yoast SEO plugin v27.4 - https:\/\/yoast.com\/product\/yoast-seo-wordpress\/ -->\n<title>Auditor\u00eda de la gesti\u00f3n de flujos de aire, asesoramiento, tratamiento de aire de la queser\u00eda - Fromfroid<\/title>\n<meta name=\"robots\" content=\"index, follow, max-snippet:-1, max-image-preview:large, max-video-preview:-1\" \/>\n<link rel=\"canonical\" href=\"https:\/\/www.fromfroid.com\/es\/experiencia\/auditoria-y-asesoramiento\/\" \/>\n<meta property=\"og:locale\" content=\"es_ES\" \/>\n<meta property=\"og:type\" content=\"article\" \/>\n<meta property=\"og:title\" content=\"Auditor\u00eda de la gesti\u00f3n de flujos de aire, asesoramiento, tratamiento de aire de la queser\u00eda - Fromfroid\" \/>\n<meta property=\"og:description\" content=\"[mk_page_section bg_position=\u00bbcenter top\u00bb bg_repeat=\u00bbno-repeat\u00bb enable_3d=\u00bbtrue\u00bb bg_gradient=\u00bbvertical\u00bb video_color_mask=\u00bb#ffffff\u00bb gr_end=\u00bbrgba(255,255,255,0.4)\u00bb video_opacity=\u00bb0&#8243; padding_top=\u00bb50&#8243; padding_bottom=\u00bb50&#8243; margin_bottom=\u00bb50&#8243; sidebar=\u00bbsidebar-1&#8243; first_page=\u00bbfalse\u00bb last_page=\u00bbfalse\u00bb][vc_column width=\u00bb1\/3&#8243;][mk_padding_divider][mk_image_slideshow images=\u00bb48,1197,70,988,709,28,32,1189&#8243; image_width=\u00bb400&#8243; image_height=\u00bb300&#8243; animation_speed=\u00bb400&#8243; slideshow_speed=\u00bb2500&#8243;][\/vc_column][vc_column width=\u00bb2\/3&#8243;][vc_column_text css=\u00bb.vc_custom_1563524851096{margin-bottom: 0px !important;}\u00bb] Auditor\u00eda,\u00a0asesoramiento,\u00a0fabricaci\u00f3n\u00a0e\u00a0instalaci\u00f3n FROMFROID, 50 a\u00f1os con usted &nbsp; FROMFROID interviene en la gesti\u00f3n de proyectos: desde la definici\u00f3n de la necesidad del cliente hasta la ingenier\u00eda, fabricaci\u00f3n e instalaci\u00f3n, le aportamos [&hellip;]\" \/>\n<meta property=\"og:url\" content=\"https:\/\/www.fromfroid.com\/es\/experiencia\/auditoria-y-asesoramiento\/\" \/>\n<meta property=\"og:site_name\" content=\"Fromfroid\" \/>\n<meta property=\"article:modified_time\" content=\"2019-10-11T08:46:52+00:00\" \/>\n<meta name=\"twitter:card\" content=\"summary_large_image\" \/>\n<meta name=\"twitter:label1\" content=\"Tiempo de lectura\" \/>\n\t<meta name=\"twitter:data1\" content=\"2 minutos\" \/>\n<script type=\"application\/ld+json\" class=\"yoast-schema-graph\">{\"@context\":\"https:\\\/\\\/schema.org\",\"@graph\":[{\"@type\":\"WebPage\",\"@id\":\"https:\\\/\\\/www.fromfroid.com\\\/es\\\/experiencia\\\/auditoria-y-asesoramiento\\\/\",\"url\":\"https:\\\/\\\/www.fromfroid.com\\\/es\\\/experiencia\\\/auditoria-y-asesoramiento\\\/\",\"name\":\"Auditor\u00eda de la gesti\u00f3n de flujos de aire, asesoramiento, tratamiento de aire de la queser\u00eda - Fromfroid\",\"isPartOf\":{\"@id\":\"https:\\\/\\\/www.fromfroid.com\\\/es\\\/#website\"},\"datePublished\":\"2019-08-28T12:29:19+00:00\",\"dateModified\":\"2019-10-11T08:46:52+00:00\",\"breadcrumb\":{\"@id\":\"https:\\\/\\\/www.fromfroid.com\\\/es\\\/experiencia\\\/auditoria-y-asesoramiento\\\/#breadcrumb\"},\"inLanguage\":\"es\",\"potentialAction\":[{\"@type\":\"ReadAction\",\"target\":[\"https:\\\/\\\/www.fromfroid.com\\\/es\\\/experiencia\\\/auditoria-y-asesoramiento\\\/\"]}]},{\"@type\":\"BreadcrumbList\",\"@id\":\"https:\\\/\\\/www.fromfroid.com\\\/es\\\/experiencia\\\/auditoria-y-asesoramiento\\\/#breadcrumb\",\"itemListElement\":[{\"@type\":\"ListItem\",\"position\":1,\"name\":\"Inicio\",\"item\":\"https:\\\/\\\/www.fromfroid.com\\\/es\\\/\"},{\"@type\":\"ListItem\",\"position\":2,\"name\":\"Experiencia\",\"item\":\"https:\\\/\\\/www.fromfroid.com\\\/es\\\/experiencia\\\/\"},{\"@type\":\"ListItem\",\"position\":3,\"name\":\"Auditor\u00eda y Asesoramiento\"}]},{\"@type\":\"WebSite\",\"@id\":\"https:\\\/\\\/www.fromfroid.com\\\/es\\\/#website\",\"url\":\"https:\\\/\\\/www.fromfroid.com\\\/es\\\/\",\"name\":\"Fromfroid\",\"description\":\"\",\"potentialAction\":[{\"@type\":\"SearchAction\",\"target\":{\"@type\":\"EntryPoint\",\"urlTemplate\":\"https:\\\/\\\/www.fromfroid.com\\\/es\\\/?s={search_term_string}\"},\"query-input\":{\"@type\":\"PropertyValueSpecification\",\"valueRequired\":true,\"valueName\":\"search_term_string\"}}],\"inLanguage\":\"es\"}]}<\/script>\n<!-- \/ Yoast SEO plugin. -->","yoast_head_json":{"title":"Auditor\u00eda de la gesti\u00f3n de flujos de aire, asesoramiento, tratamiento de aire de la queser\u00eda - Fromfroid","robots":{"index":"index","follow":"follow","max-snippet":"max-snippet:-1","max-image-preview":"max-image-preview:large","max-video-preview":"max-video-preview:-1"},"canonical":"https:\/\/www.fromfroid.com\/es\/experiencia\/auditoria-y-asesoramiento\/","og_locale":"es_ES","og_type":"article","og_title":"Auditor\u00eda de la gesti\u00f3n de flujos de aire, asesoramiento, tratamiento de aire de la queser\u00eda - Fromfroid","og_description":"[mk_page_section bg_position=\u00bbcenter top\u00bb bg_repeat=\u00bbno-repeat\u00bb enable_3d=\u00bbtrue\u00bb bg_gradient=\u00bbvertical\u00bb video_color_mask=\u00bb#ffffff\u00bb gr_end=\u00bbrgba(255,255,255,0.4)\u00bb video_opacity=\u00bb0&#8243; padding_top=\u00bb50&#8243; padding_bottom=\u00bb50&#8243; margin_bottom=\u00bb50&#8243; sidebar=\u00bbsidebar-1&#8243; first_page=\u00bbfalse\u00bb last_page=\u00bbfalse\u00bb][vc_column width=\u00bb1\/3&#8243;][mk_padding_divider][mk_image_slideshow images=\u00bb48,1197,70,988,709,28,32,1189&#8243; image_width=\u00bb400&#8243; image_height=\u00bb300&#8243; animation_speed=\u00bb400&#8243; slideshow_speed=\u00bb2500&#8243;][\/vc_column][vc_column width=\u00bb2\/3&#8243;][vc_column_text css=\u00bb.vc_custom_1563524851096{margin-bottom: 0px !important;}\u00bb] Auditor\u00eda,\u00a0asesoramiento,\u00a0fabricaci\u00f3n\u00a0e\u00a0instalaci\u00f3n FROMFROID, 50 a\u00f1os con usted &nbsp; FROMFROID interviene en la gesti\u00f3n de proyectos: desde la definici\u00f3n de la necesidad del cliente hasta la ingenier\u00eda, fabricaci\u00f3n e instalaci\u00f3n, le aportamos [&hellip;]","og_url":"https:\/\/www.fromfroid.com\/es\/experiencia\/auditoria-y-asesoramiento\/","og_site_name":"Fromfroid","article_modified_time":"2019-10-11T08:46:52+00:00","twitter_card":"summary_large_image","twitter_misc":{"Tiempo de lectura":"2 minutos"},"schema":{"@context":"https:\/\/schema.org","@graph":[{"@type":"WebPage","@id":"https:\/\/www.fromfroid.com\/es\/experiencia\/auditoria-y-asesoramiento\/","url":"https:\/\/www.fromfroid.com\/es\/experiencia\/auditoria-y-asesoramiento\/","name":"Auditor\u00eda de la gesti\u00f3n de flujos de aire, asesoramiento, tratamiento de aire de la queser\u00eda - Fromfroid","isPartOf":{"@id":"https:\/\/www.fromfroid.com\/es\/#website"},"datePublished":"2019-08-28T12:29:19+00:00","dateModified":"2019-10-11T08:46:52+00:00","breadcrumb":{"@id":"https:\/\/www.fromfroid.com\/es\/experiencia\/auditoria-y-asesoramiento\/#breadcrumb"},"inLanguage":"es","potentialAction":[{"@type":"ReadAction","target":["https:\/\/www.fromfroid.com\/es\/experiencia\/auditoria-y-asesoramiento\/"]}]},{"@type":"BreadcrumbList","@id":"https:\/\/www.fromfroid.com\/es\/experiencia\/auditoria-y-asesoramiento\/#breadcrumb","itemListElement":[{"@type":"ListItem","position":1,"name":"Inicio","item":"https:\/\/www.fromfroid.com\/es\/"},{"@type":"ListItem","position":2,"name":"Experiencia","item":"https:\/\/www.fromfroid.com\/es\/experiencia\/"},{"@type":"ListItem","position":3,"name":"Auditor\u00eda y Asesoramiento"}]},{"@type":"WebSite","@id":"https:\/\/www.fromfroid.com\/es\/#website","url":"https:\/\/www.fromfroid.com\/es\/","name":"Fromfroid","description":"","potentialAction":[{"@type":"SearchAction","target":{"@type":"EntryPoint","urlTemplate":"https:\/\/www.fromfroid.com\/es\/?s={search_term_string}"},"query-input":{"@type":"PropertyValueSpecification","valueRequired":true,"valueName":"search_term_string"}}],"inLanguage":"es"}]}},"_links":{"self":[{"href":"https:\/\/www.fromfroid.com\/es\/wp-json\/wp\/v2\/pages\/1629","targetHints":{"allow":["GET"]}}],"collection":[{"href":"https:\/\/www.fromfroid.com\/es\/wp-json\/wp\/v2\/pages"}],"about":[{"href":"https:\/\/www.fromfroid.com\/es\/wp-json\/wp\/v2\/types\/page"}],"author":[{"embeddable":true,"href":"https:\/\/www.fromfroid.com\/es\/wp-json\/wp\/v2\/users\/3"}],"replies":[{"embeddable":true,"href":"https:\/\/www.fromfroid.com\/es\/wp-json\/wp\/v2\/comments?post=1629"}],"version-history":[{"count":17,"href":"https:\/\/www.fromfroid.com\/es\/wp-json\/wp\/v2\/pages\/1629\/revisions"}],"predecessor-version":[{"id":2296,"href":"https:\/\/www.fromfroid.com\/es\/wp-json\/wp\/v2\/pages\/1629\/revisions\/2296"}],"up":[{"embeddable":true,"href":"https:\/\/www.fromfroid.com\/es\/wp-json\/wp\/v2\/pages\/1631"}],"wp:attachment":[{"href":"https:\/\/www.fromfroid.com\/es\/wp-json\/wp\/v2\/media?parent=1629"}],"curies":[{"name":"wp","href":"https:\/\/api.w.org\/{rel}","templated":true}]}}