{"id":1647,"date":"2019-08-28T14:50:40","date_gmt":"2019-08-28T12:50:40","guid":{"rendered":"https:\/\/fromfroid.netvolution.fr\/fromfroid\/"},"modified":"2019-08-28T14:50:42","modified_gmt":"2019-08-28T12:50:42","slug":"fromfroid","status":"publish","type":"page","link":"https:\/\/www.fromfroid.com\/es\/fromfroid\/","title":{"rendered":"FROMFROID"},"content":{"rendered":"[vc_row][vc_column][vc_column_text css=\u00bb.vc_custom_1563959187662{margin-bottom: 0px !important;}\u00bb]FROMFROID realiza la ingenier\u00eda, fabricaci\u00f3n, instalaci\u00f3n y seguimiento de estas instalaciones a trav\u00e9s del mundo\u00a0 y responde a sus necesidades tanto para soluciones est\u00e1ndares como a medida, adaptadas a sus condiciones y necesidades. FROMFROID est\u00e1 presente mundialmente en los sectores del<a href=\"https:\/\/www.fromfroid.com\/es\/experiencia\/enfriamiento-rapido\/\">\u00a0enfriamiento r\u00e1pido<\/a>, del\u00a0<a href=\"https:\/\/www.fromfroid.com\/es\/experiencia\/tratamiento-de-aire-de-proceso\/\">tratamiento de aire de procesados<\/a> en <a href=\"https:\/\/www.fromfroid.com\/es\/sectores-de-actividades\/queseria\/\">queser\u00eda<\/a>\u00a0y de la\u00a0<a href=\"https:\/\/www.fromfroid.com\/es\/experiencia\/refrigeracion-industrial\/produccion-frigorifica\/\">produccion frigorifica<\/a>.<\/p>\n<p>Para m\u00e1s informaci\u00f3n sobre FROMFROID:<\/p>\n<ul>\n<li><a href=\"https:\/\/www.fromfroid.com\/es\/fromfroid-pagina-de-inicio\/fromfroid-presentacion\/\">Presentaci\u00f3n<\/a><\/li>\n<li><a href=\"https:\/\/www.fromfroid.com\/es\/fromfroid-pagina-de-inicio\/fromfroid-innovaciones\/\">Innovaciones<\/a><\/li>\n<li><a href=\"https:\/\/www.fromfroid.com\/es\/fromfroid-pagina-de-inicio\/fromfroid-el-equipo\/\">Equipos<\/a><\/li>\n<li><a href=\"https:\/\/www.fromfroid.com\/es\/fromfroid-pagina-de-inicio\/fromfroid-valores-y-compromisos\/\">Valores<\/a><\/li>\n<li><a href=\"https:\/\/www.fromfroid.com\/es\/fromfroid-pagina-de-inicio\/fromfroid-trabaja-con-nosotros\/\">Trabaja con nosotros<\/a><\/li>\n<\/ul>\n[\/vc_column_text][\/vc_column][\/vc_row][vc_row][vc_column][\/vc_column][\/vc_row]\n","protected":false},"excerpt":{"rendered":"<p>[vc_row][vc_column][vc_column_text css=\u00bb.vc_custom_1563959187662{margin-bottom: 0px !important;}\u00bb]FROMFROID realiza la ingenier\u00eda, fabricaci\u00f3n, instalaci\u00f3n y seguimiento de estas instalaciones a trav\u00e9s del mundo\u00a0 y responde a sus necesidades tanto para soluciones est\u00e1ndares como a medida, adaptadas a sus condiciones y necesidades. FROMFROID est\u00e1 presente mundialmente en los sectores del\u00a0enfriamiento r\u00e1pido, del\u00a0tratamiento de aire de procesados en queser\u00eda\u00a0y de la\u00a0produccion frigorifica. [&hellip;]<\/p>\n","protected":false},"author":3,"featured_media":0,"parent":0,"menu_order":0,"comment_status":"closed","ping_status":"closed","template":"","meta":{"footnotes":""},"class_list":["post-1647","page","type-page","status-publish","hentry"],"yoast_head":"<!-- This site is optimized with the Yoast SEO plugin v27.4 - https:\/\/yoast.com\/product\/yoast-seo-wordpress\/ -->\n<title>enfriamiento r\u00e1pido yogur paletas, tratamiento de aire queser\u00eda - Fromfroid<\/title>\n<meta name=\"robots\" content=\"index, follow, max-snippet:-1, max-image-preview:large, max-video-preview:-1\" \/>\n<link rel=\"canonical\" href=\"https:\/\/www.fromfroid.com\/es\/fromfroid\/\" \/>\n<meta property=\"og:locale\" content=\"es_ES\" \/>\n<meta property=\"og:type\" content=\"article\" \/>\n<meta property=\"og:title\" content=\"enfriamiento r\u00e1pido yogur paletas, tratamiento de aire queser\u00eda - Fromfroid\" \/>\n<meta property=\"og:description\" content=\"[vc_row][vc_column][vc_column_text css=\u00bb.vc_custom_1563959187662{margin-bottom: 0px !important;}\u00bb]FROMFROID realiza la ingenier\u00eda, fabricaci\u00f3n, instalaci\u00f3n y seguimiento de estas instalaciones a trav\u00e9s del mundo\u00a0 y responde a sus necesidades tanto para soluciones est\u00e1ndares como a medida, adaptadas a sus condiciones y necesidades. FROMFROID est\u00e1 presente mundialmente en los sectores del\u00a0enfriamiento r\u00e1pido, del\u00a0tratamiento de aire de procesados en queser\u00eda\u00a0y de la\u00a0produccion frigorifica. [&hellip;]\" \/>\n<meta property=\"og:url\" content=\"https:\/\/www.fromfroid.com\/es\/fromfroid\/\" \/>\n<meta property=\"og:site_name\" content=\"Fromfroid\" \/>\n<meta property=\"article:modified_time\" content=\"2019-08-28T12:50:42+00:00\" \/>\n<meta name=\"twitter:card\" content=\"summary_large_image\" \/>\n<meta name=\"twitter:label1\" content=\"Tiempo de lectura\" \/>\n\t<meta name=\"twitter:data1\" content=\"1 minuto\" \/>\n<script type=\"application\/ld+json\" class=\"yoast-schema-graph\">{\"@context\":\"https:\\\/\\\/schema.org\",\"@graph\":[{\"@type\":\"WebPage\",\"@id\":\"https:\\\/\\\/www.fromfroid.com\\\/es\\\/fromfroid\\\/\",\"url\":\"https:\\\/\\\/www.fromfroid.com\\\/es\\\/fromfroid\\\/\",\"name\":\"enfriamiento r\u00e1pido yogur paletas, tratamiento de aire queser\u00eda - Fromfroid\",\"isPartOf\":{\"@id\":\"https:\\\/\\\/www.fromfroid.com\\\/es\\\/#website\"},\"datePublished\":\"2019-08-28T12:50:40+00:00\",\"dateModified\":\"2019-08-28T12:50:42+00:00\",\"breadcrumb\":{\"@id\":\"https:\\\/\\\/www.fromfroid.com\\\/es\\\/fromfroid\\\/#breadcrumb\"},\"inLanguage\":\"es\",\"potentialAction\":[{\"@type\":\"ReadAction\",\"target\":[\"https:\\\/\\\/www.fromfroid.com\\\/es\\\/fromfroid\\\/\"]}]},{\"@type\":\"BreadcrumbList\",\"@id\":\"https:\\\/\\\/www.fromfroid.com\\\/es\\\/fromfroid\\\/#breadcrumb\",\"itemListElement\":[{\"@type\":\"ListItem\",\"position\":1,\"name\":\"Inicio\",\"item\":\"https:\\\/\\\/www.fromfroid.com\\\/es\\\/\"},{\"@type\":\"ListItem\",\"position\":2,\"name\":\"FROMFROID\"}]},{\"@type\":\"WebSite\",\"@id\":\"https:\\\/\\\/www.fromfroid.com\\\/es\\\/#website\",\"url\":\"https:\\\/\\\/www.fromfroid.com\\\/es\\\/\",\"name\":\"Fromfroid\",\"description\":\"\",\"potentialAction\":[{\"@type\":\"SearchAction\",\"target\":{\"@type\":\"EntryPoint\",\"urlTemplate\":\"https:\\\/\\\/www.fromfroid.com\\\/es\\\/?s={search_term_string}\"},\"query-input\":{\"@type\":\"PropertyValueSpecification\",\"valueRequired\":true,\"valueName\":\"search_term_string\"}}],\"inLanguage\":\"es\"}]}<\/script>\n<!-- \/ Yoast SEO plugin. -->","yoast_head_json":{"title":"enfriamiento r\u00e1pido yogur paletas, tratamiento de aire queser\u00eda - Fromfroid","robots":{"index":"index","follow":"follow","max-snippet":"max-snippet:-1","max-image-preview":"max-image-preview:large","max-video-preview":"max-video-preview:-1"},"canonical":"https:\/\/www.fromfroid.com\/es\/fromfroid\/","og_locale":"es_ES","og_type":"article","og_title":"enfriamiento r\u00e1pido yogur paletas, tratamiento de aire queser\u00eda - Fromfroid","og_description":"[vc_row][vc_column][vc_column_text css=\u00bb.vc_custom_1563959187662{margin-bottom: 0px !important;}\u00bb]FROMFROID realiza la ingenier\u00eda, fabricaci\u00f3n, instalaci\u00f3n y seguimiento de estas instalaciones a trav\u00e9s del mundo\u00a0 y responde a sus necesidades tanto para soluciones est\u00e1ndares como a medida, adaptadas a sus condiciones y necesidades. FROMFROID est\u00e1 presente mundialmente en los sectores del\u00a0enfriamiento r\u00e1pido, del\u00a0tratamiento de aire de procesados en queser\u00eda\u00a0y de la\u00a0produccion frigorifica. [&hellip;]","og_url":"https:\/\/www.fromfroid.com\/es\/fromfroid\/","og_site_name":"Fromfroid","article_modified_time":"2019-08-28T12:50:42+00:00","twitter_card":"summary_large_image","twitter_misc":{"Tiempo de lectura":"1 minuto"},"schema":{"@context":"https:\/\/schema.org","@graph":[{"@type":"WebPage","@id":"https:\/\/www.fromfroid.com\/es\/fromfroid\/","url":"https:\/\/www.fromfroid.com\/es\/fromfroid\/","name":"enfriamiento r\u00e1pido yogur paletas, tratamiento de aire queser\u00eda - Fromfroid","isPartOf":{"@id":"https:\/\/www.fromfroid.com\/es\/#website"},"datePublished":"2019-08-28T12:50:40+00:00","dateModified":"2019-08-28T12:50:42+00:00","breadcrumb":{"@id":"https:\/\/www.fromfroid.com\/es\/fromfroid\/#breadcrumb"},"inLanguage":"es","potentialAction":[{"@type":"ReadAction","target":["https:\/\/www.fromfroid.com\/es\/fromfroid\/"]}]},{"@type":"BreadcrumbList","@id":"https:\/\/www.fromfroid.com\/es\/fromfroid\/#breadcrumb","itemListElement":[{"@type":"ListItem","position":1,"name":"Inicio","item":"https:\/\/www.fromfroid.com\/es\/"},{"@type":"ListItem","position":2,"name":"FROMFROID"}]},{"@type":"WebSite","@id":"https:\/\/www.fromfroid.com\/es\/#website","url":"https:\/\/www.fromfroid.com\/es\/","name":"Fromfroid","description":"","potentialAction":[{"@type":"SearchAction","target":{"@type":"EntryPoint","urlTemplate":"https:\/\/www.fromfroid.com\/es\/?s={search_term_string}"},"query-input":{"@type":"PropertyValueSpecification","valueRequired":true,"valueName":"search_term_string"}}],"inLanguage":"es"}]}},"_links":{"self":[{"href":"https:\/\/www.fromfroid.com\/es\/wp-json\/wp\/v2\/pages\/1647","targetHints":{"allow":["GET"]}}],"collection":[{"href":"https:\/\/www.fromfroid.com\/es\/wp-json\/wp\/v2\/pages"}],"about":[{"href":"https:\/\/www.fromfroid.com\/es\/wp-json\/wp\/v2\/types\/page"}],"author":[{"embeddable":true,"href":"https:\/\/www.fromfroid.com\/es\/wp-json\/wp\/v2\/users\/3"}],"replies":[{"embeddable":true,"href":"https:\/\/www.fromfroid.com\/es\/wp-json\/wp\/v2\/comments?post=1647"}],"version-history":[{"count":1,"href":"https:\/\/www.fromfroid.com\/es\/wp-json\/wp\/v2\/pages\/1647\/revisions"}],"predecessor-version":[{"id":1648,"href":"https:\/\/www.fromfroid.com\/es\/wp-json\/wp\/v2\/pages\/1647\/revisions\/1648"}],"wp:attachment":[{"href":"https:\/\/www.fromfroid.com\/es\/wp-json\/wp\/v2\/media?parent=1647"}],"curies":[{"name":"wp","href":"https:\/\/api.w.org\/{rel}","templated":true}]}}