{"id":1649,"date":"2019-08-28T14:55:37","date_gmt":"2019-08-28T12:55:37","guid":{"rendered":"https:\/\/fromfroid.netvolution.fr\/experiencia\/refrigeracion-industrial\/"},"modified":"2019-09-05T14:05:33","modified_gmt":"2019-09-05T12:05:33","slug":"refrigeracion-industrial","status":"publish","type":"page","link":"https:\/\/www.fromfroid.com\/es\/experiencia\/refrigeracion-industrial\/","title":{"rendered":"Refrigeraci\u00f3n industrial"},"content":{"rendered":"[mk_page_section bg_position=\u00bbcenter top\u00bb bg_repeat=\u00bbno-repeat\u00bb enable_3d=\u00bbtrue\u00bb bg_gradient=\u00bbvertical\u00bb video_color_mask=\u00bb#ffffff\u00bb gr_end=\u00bbrgba(255,255,255,0.4)\u00bb video_opacity=\u00bb0&#8243; padding_top=\u00bb50&#8243; padding_bottom=\u00bb50&#8243; margin_bottom=\u00bb50&#8243; sidebar=\u00bbsidebar-1&#8243; first_page=\u00bbfalse\u00bb last_page=\u00bbfalse\u00bb][vc_column width=\u00bb1\/3&#8243;][mk_padding_divider][mk_image_slideshow images=\u00bb32,40,42&#8243; image_width=\u00bb400&#8243; animation_speed=\u00bb400&#8243; slideshow_speed=\u00bb2500&#8243;][\/vc_column][vc_column width=\u00bb2\/3&#8243;][vc_column_text css=\u00bb.vc_custom_1563962136184{margin-bottom: 0px !important;}\u00bb]\n<h2 style=\"text-align: center;\"><strong>Asesor\u00eda,\u00a0optimizaci\u00f3n,\u00a0asistencia al cliente:<\/strong><\/h2>\n<h2 style=\"text-align: center;\"><strong>FROMFROID, 50 a\u00f1os\u00a0de Experiencia en la refrigeraci\u00f3n industrial <\/strong><\/h2>\n<p>&nbsp;<\/p>\n<p>FROMFROID le propone <strong>soluciones personalizadas<\/strong>,\u00a0<strong>llave en mano <\/strong>y adaptadas a sus necesidades energ\u00e9ticas:<\/p>\n<ul>\n<li>Pack\/grupos universales<\/li>\n<li>Skids en contenedores<\/li>\n<li>Optimizaciones y seguimientos energ\u00e9ticos<\/li>\n<\/ul>\n<p>La normativa lleva a\u00f1os evolucionando. FROMFROID se compromete a adaptarlo a la \u00faltima legislaci\u00f3n proponi\u00e9ndole las mejores alternativas posibles en funci\u00f3n de su instalaci\u00f3n actual.<\/p>\n<p>&nbsp;<\/p>\n<p style=\"text-align: center;\"><strong><u>\u00bf<\/u><\/strong><a href=\"https:\/\/www.fromfroid.com\/es\/contactenos\/\"><strong>Tiene un proyecto?\u00a0 \u00a1Cont\u00e1ctenos!<\/strong><\/a><\/p>\n[\/vc_column_text][mk_padding_divider][\/vc_column][\/mk_page_section]\n","protected":false},"excerpt":{"rendered":"<p>[mk_page_section bg_position=\u00bbcenter top\u00bb bg_repeat=\u00bbno-repeat\u00bb enable_3d=\u00bbtrue\u00bb bg_gradient=\u00bbvertical\u00bb video_color_mask=\u00bb#ffffff\u00bb gr_end=\u00bbrgba(255,255,255,0.4)\u00bb video_opacity=\u00bb0&#8243; padding_top=\u00bb50&#8243; padding_bottom=\u00bb50&#8243; margin_bottom=\u00bb50&#8243; sidebar=\u00bbsidebar-1&#8243; first_page=\u00bbfalse\u00bb last_page=\u00bbfalse\u00bb][vc_column width=\u00bb1\/3&#8243;][mk_padding_divider][mk_image_slideshow images=\u00bb32,40,42&#8243; image_width=\u00bb400&#8243; animation_speed=\u00bb400&#8243; slideshow_speed=\u00bb2500&#8243;][\/vc_column][vc_column width=\u00bb2\/3&#8243;][vc_column_text css=\u00bb.vc_custom_1563962136184{margin-bottom: 0px !important;}\u00bb] Asesor\u00eda,\u00a0optimizaci\u00f3n,\u00a0asistencia al cliente: FROMFROID, 50 a\u00f1os\u00a0de Experiencia en la refrigeraci\u00f3n industrial &nbsp; FROMFROID le propone soluciones personalizadas,\u00a0llave en mano y adaptadas a sus necesidades energ\u00e9ticas: Pack\/grupos universales Skids en contenedores Optimizaciones [&hellip;]<\/p>\n","protected":false},"author":3,"featured_media":0,"parent":1631,"menu_order":0,"comment_status":"closed","ping_status":"closed","template":"","meta":{"footnotes":""},"class_list":["post-1649","page","type-page","status-publish","hentry"],"yoast_head":"<!-- This site is optimized with the Yoast SEO plugin v27.4 - https:\/\/yoast.com\/product\/yoast-seo-wordpress\/ -->\n<title>Refrigeraci\u00f3n industrial, skid amoniaco, baja carga - Fromfroid<\/title>\n<meta name=\"robots\" content=\"index, follow, max-snippet:-1, max-image-preview:large, max-video-preview:-1\" \/>\n<link rel=\"canonical\" href=\"https:\/\/www.fromfroid.com\/es\/experiencia\/refrigeracion-industrial\/\" \/>\n<meta property=\"og:locale\" content=\"es_ES\" \/>\n<meta property=\"og:type\" content=\"article\" \/>\n<meta property=\"og:title\" content=\"Refrigeraci\u00f3n industrial, skid amoniaco, baja carga - Fromfroid\" \/>\n<meta property=\"og:description\" content=\"[mk_page_section bg_position=\u00bbcenter top\u00bb bg_repeat=\u00bbno-repeat\u00bb enable_3d=\u00bbtrue\u00bb bg_gradient=\u00bbvertical\u00bb video_color_mask=\u00bb#ffffff\u00bb gr_end=\u00bbrgba(255,255,255,0.4)\u00bb video_opacity=\u00bb0&#8243; padding_top=\u00bb50&#8243; padding_bottom=\u00bb50&#8243; margin_bottom=\u00bb50&#8243; sidebar=\u00bbsidebar-1&#8243; first_page=\u00bbfalse\u00bb last_page=\u00bbfalse\u00bb][vc_column width=\u00bb1\/3&#8243;][mk_padding_divider][mk_image_slideshow images=\u00bb32,40,42&#8243; image_width=\u00bb400&#8243; animation_speed=\u00bb400&#8243; slideshow_speed=\u00bb2500&#8243;][\/vc_column][vc_column width=\u00bb2\/3&#8243;][vc_column_text css=\u00bb.vc_custom_1563962136184{margin-bottom: 0px !important;}\u00bb] Asesor\u00eda,\u00a0optimizaci\u00f3n,\u00a0asistencia al cliente: FROMFROID, 50 a\u00f1os\u00a0de Experiencia en la refrigeraci\u00f3n industrial &nbsp; FROMFROID le propone soluciones personalizadas,\u00a0llave en mano y adaptadas a sus necesidades energ\u00e9ticas: Pack\/grupos universales Skids en contenedores Optimizaciones [&hellip;]\" \/>\n<meta property=\"og:url\" content=\"https:\/\/www.fromfroid.com\/es\/experiencia\/refrigeracion-industrial\/\" \/>\n<meta property=\"og:site_name\" content=\"Fromfroid\" \/>\n<meta property=\"article:modified_time\" content=\"2019-09-05T12:05:33+00:00\" \/>\n<meta name=\"twitter:card\" content=\"summary_large_image\" \/>\n<meta name=\"twitter:label1\" content=\"Tiempo de lectura\" \/>\n\t<meta name=\"twitter:data1\" content=\"1 minuto\" \/>\n<script type=\"application\/ld+json\" class=\"yoast-schema-graph\">{\"@context\":\"https:\\\/\\\/schema.org\",\"@graph\":[{\"@type\":\"WebPage\",\"@id\":\"https:\\\/\\\/www.fromfroid.com\\\/es\\\/experiencia\\\/refrigeracion-industrial\\\/\",\"url\":\"https:\\\/\\\/www.fromfroid.com\\\/es\\\/experiencia\\\/refrigeracion-industrial\\\/\",\"name\":\"Refrigeraci\u00f3n industrial, skid amoniaco, baja carga - Fromfroid\",\"isPartOf\":{\"@id\":\"https:\\\/\\\/www.fromfroid.com\\\/es\\\/#website\"},\"datePublished\":\"2019-08-28T12:55:37+00:00\",\"dateModified\":\"2019-09-05T12:05:33+00:00\",\"breadcrumb\":{\"@id\":\"https:\\\/\\\/www.fromfroid.com\\\/es\\\/experiencia\\\/refrigeracion-industrial\\\/#breadcrumb\"},\"inLanguage\":\"es\",\"potentialAction\":[{\"@type\":\"ReadAction\",\"target\":[\"https:\\\/\\\/www.fromfroid.com\\\/es\\\/experiencia\\\/refrigeracion-industrial\\\/\"]}]},{\"@type\":\"BreadcrumbList\",\"@id\":\"https:\\\/\\\/www.fromfroid.com\\\/es\\\/experiencia\\\/refrigeracion-industrial\\\/#breadcrumb\",\"itemListElement\":[{\"@type\":\"ListItem\",\"position\":1,\"name\":\"Inicio\",\"item\":\"https:\\\/\\\/www.fromfroid.com\\\/es\\\/\"},{\"@type\":\"ListItem\",\"position\":2,\"name\":\"Experiencia\",\"item\":\"https:\\\/\\\/www.fromfroid.com\\\/es\\\/experiencia\\\/\"},{\"@type\":\"ListItem\",\"position\":3,\"name\":\"Refrigeraci\u00f3n industrial\"}]},{\"@type\":\"WebSite\",\"@id\":\"https:\\\/\\\/www.fromfroid.com\\\/es\\\/#website\",\"url\":\"https:\\\/\\\/www.fromfroid.com\\\/es\\\/\",\"name\":\"Fromfroid\",\"description\":\"\",\"potentialAction\":[{\"@type\":\"SearchAction\",\"target\":{\"@type\":\"EntryPoint\",\"urlTemplate\":\"https:\\\/\\\/www.fromfroid.com\\\/es\\\/?s={search_term_string}\"},\"query-input\":{\"@type\":\"PropertyValueSpecification\",\"valueRequired\":true,\"valueName\":\"search_term_string\"}}],\"inLanguage\":\"es\"}]}<\/script>\n<!-- \/ Yoast SEO plugin. -->","yoast_head_json":{"title":"Refrigeraci\u00f3n industrial, skid amoniaco, baja carga - Fromfroid","robots":{"index":"index","follow":"follow","max-snippet":"max-snippet:-1","max-image-preview":"max-image-preview:large","max-video-preview":"max-video-preview:-1"},"canonical":"https:\/\/www.fromfroid.com\/es\/experiencia\/refrigeracion-industrial\/","og_locale":"es_ES","og_type":"article","og_title":"Refrigeraci\u00f3n industrial, skid amoniaco, baja carga - Fromfroid","og_description":"[mk_page_section bg_position=\u00bbcenter top\u00bb bg_repeat=\u00bbno-repeat\u00bb enable_3d=\u00bbtrue\u00bb bg_gradient=\u00bbvertical\u00bb video_color_mask=\u00bb#ffffff\u00bb gr_end=\u00bbrgba(255,255,255,0.4)\u00bb video_opacity=\u00bb0&#8243; padding_top=\u00bb50&#8243; padding_bottom=\u00bb50&#8243; margin_bottom=\u00bb50&#8243; sidebar=\u00bbsidebar-1&#8243; first_page=\u00bbfalse\u00bb last_page=\u00bbfalse\u00bb][vc_column width=\u00bb1\/3&#8243;][mk_padding_divider][mk_image_slideshow images=\u00bb32,40,42&#8243; image_width=\u00bb400&#8243; animation_speed=\u00bb400&#8243; slideshow_speed=\u00bb2500&#8243;][\/vc_column][vc_column width=\u00bb2\/3&#8243;][vc_column_text css=\u00bb.vc_custom_1563962136184{margin-bottom: 0px !important;}\u00bb] Asesor\u00eda,\u00a0optimizaci\u00f3n,\u00a0asistencia al cliente: FROMFROID, 50 a\u00f1os\u00a0de Experiencia en la refrigeraci\u00f3n industrial &nbsp; FROMFROID le propone soluciones personalizadas,\u00a0llave en mano y adaptadas a sus necesidades energ\u00e9ticas: Pack\/grupos universales Skids en contenedores Optimizaciones [&hellip;]","og_url":"https:\/\/www.fromfroid.com\/es\/experiencia\/refrigeracion-industrial\/","og_site_name":"Fromfroid","article_modified_time":"2019-09-05T12:05:33+00:00","twitter_card":"summary_large_image","twitter_misc":{"Tiempo de lectura":"1 minuto"},"schema":{"@context":"https:\/\/schema.org","@graph":[{"@type":"WebPage","@id":"https:\/\/www.fromfroid.com\/es\/experiencia\/refrigeracion-industrial\/","url":"https:\/\/www.fromfroid.com\/es\/experiencia\/refrigeracion-industrial\/","name":"Refrigeraci\u00f3n industrial, skid amoniaco, baja carga - Fromfroid","isPartOf":{"@id":"https:\/\/www.fromfroid.com\/es\/#website"},"datePublished":"2019-08-28T12:55:37+00:00","dateModified":"2019-09-05T12:05:33+00:00","breadcrumb":{"@id":"https:\/\/www.fromfroid.com\/es\/experiencia\/refrigeracion-industrial\/#breadcrumb"},"inLanguage":"es","potentialAction":[{"@type":"ReadAction","target":["https:\/\/www.fromfroid.com\/es\/experiencia\/refrigeracion-industrial\/"]}]},{"@type":"BreadcrumbList","@id":"https:\/\/www.fromfroid.com\/es\/experiencia\/refrigeracion-industrial\/#breadcrumb","itemListElement":[{"@type":"ListItem","position":1,"name":"Inicio","item":"https:\/\/www.fromfroid.com\/es\/"},{"@type":"ListItem","position":2,"name":"Experiencia","item":"https:\/\/www.fromfroid.com\/es\/experiencia\/"},{"@type":"ListItem","position":3,"name":"Refrigeraci\u00f3n industrial"}]},{"@type":"WebSite","@id":"https:\/\/www.fromfroid.com\/es\/#website","url":"https:\/\/www.fromfroid.com\/es\/","name":"Fromfroid","description":"","potentialAction":[{"@type":"SearchAction","target":{"@type":"EntryPoint","urlTemplate":"https:\/\/www.fromfroid.com\/es\/?s={search_term_string}"},"query-input":{"@type":"PropertyValueSpecification","valueRequired":true,"valueName":"search_term_string"}}],"inLanguage":"es"}]}},"_links":{"self":[{"href":"https:\/\/www.fromfroid.com\/es\/wp-json\/wp\/v2\/pages\/1649","targetHints":{"allow":["GET"]}}],"collection":[{"href":"https:\/\/www.fromfroid.com\/es\/wp-json\/wp\/v2\/pages"}],"about":[{"href":"https:\/\/www.fromfroid.com\/es\/wp-json\/wp\/v2\/types\/page"}],"author":[{"embeddable":true,"href":"https:\/\/www.fromfroid.com\/es\/wp-json\/wp\/v2\/users\/3"}],"replies":[{"embeddable":true,"href":"https:\/\/www.fromfroid.com\/es\/wp-json\/wp\/v2\/comments?post=1649"}],"version-history":[{"count":7,"href":"https:\/\/www.fromfroid.com\/es\/wp-json\/wp\/v2\/pages\/1649\/revisions"}],"predecessor-version":[{"id":1964,"href":"https:\/\/www.fromfroid.com\/es\/wp-json\/wp\/v2\/pages\/1649\/revisions\/1964"}],"up":[{"embeddable":true,"href":"https:\/\/www.fromfroid.com\/es\/wp-json\/wp\/v2\/pages\/1631"}],"wp:attachment":[{"href":"https:\/\/www.fromfroid.com\/es\/wp-json\/wp\/v2\/media?parent=1649"}],"curies":[{"name":"wp","href":"https:\/\/api.w.org\/{rel}","templated":true}]}}