{"id":2154,"date":"2019-09-12T15:11:59","date_gmt":"2019-09-12T13:11:59","guid":{"rendered":"https:\/\/fromfroid.netvolution.fr\/experiencia\/auditoria-y-asesoramiento\/audit-2\/"},"modified":"2019-12-02T14:36:32","modified_gmt":"2019-12-02T13:36:32","slug":"audit-2","status":"publish","type":"page","link":"https:\/\/www.fromfroid.com\/es\/experiencia\/auditoria-y-asesoramiento\/audit-2\/","title":{"rendered":"Auditor\u00eda y Asesoramiento"},"content":{"rendered":"[mk_page_section bg_position=\u00bbcenter top\u00bb bg_repeat=\u00bbno-repeat\u00bb enable_3d=\u00bbtrue\u00bb bg_gradient=\u00bbvertical\u00bb video_color_mask=\u00bb#ffffff\u00bb gr_end=\u00bbrgba(255,255,255,0.4)\u00bb video_opacity=\u00bb0&#8243; padding_top=\u00bb50&#8243; padding_bottom=\u00bb50&#8243; margin_bottom=\u00bb50&#8243; sidebar=\u00bbsidebar-1&#8243; first_page=\u00bbfalse\u00bb last_page=\u00bbfalse\u00bb][vc_column width=\u00bb1\/3&#8243;][mk_padding_divider][mk_image_slideshow images=\u00bb48,1197,70,988,709,28,32,1189&#8243; image_width=\u00bb400&#8243; image_height=\u00bb300&#8243; animation_speed=\u00bb400&#8243; slideshow_speed=\u00bb2500&#8243;][\/vc_column][vc_column width=\u00bb2\/3&#8243;][vc_column_text css=\u00bb.vc_custom_1563524851096{margin-bottom: 0px !important;}\u00bb]\n<h2 style=\"text-align: center;\"><strong>Auditor\u00eda<\/strong>,\u00a0<strong>asesoramiento<\/strong>,\u00a0<strong>fabricaci\u00f3n<\/strong>\u00a0e\u00a0<strong>instalaci\u00f3n<\/strong><\/h2>\n<h2 style=\"text-align: center;\">FROMFROID, 50 a\u00f1os con usted<\/h2>\n<p>&nbsp;<\/p>\n<p>FROMFROID interviene en la gesti\u00f3n de proyectos: desde la definici\u00f3n de la necesidad del cliente hasta la ingenier\u00eda, fabricaci\u00f3n e instalaci\u00f3n, le aportamos las mejores soluciones t\u00e9cnicas con el fin de garantizar la mejor calidad de sus productos con costes de producci\u00f3n optimizados.<\/p>\n<p>Con 50 a\u00f1os de experiencia, FROMFROID ha desarrollado un conocimiento tecnol\u00f3gico \u00fanico en el mercado. FROMFROID pone al servicio de sus clientes este saber hacer y su experiencia en forma de auditor\u00edas y asesoramiento.[\/vc_column_text][vc_column_text css=\u00bb.vc_custom_1575293778894{margin-bottom: 0px !important;}\u00bb]\n<h3><strong>Asesor\u00eda<\/strong><\/h3>\n<p>FROMFROID destaca por ser uno de los especialistas m\u00e1s reputados en el<a href=\"https:\/\/www.fromfroid.com\/es\/experiencia\/tratamiento-de-aire-de-proceso\/\"> tratamiento de aire de procesos<\/a> y <a href=\"https:\/\/www.fromfroid.com\/es\/experiencia\/enfriamiento-rapido\/\">enfriamiento r\u00e1pido de pallets<\/a> del mercado. Este reconocimiento se debe a su experiencia y conocimientos.<\/p>\n<p>FROMFROID pone su experiencia al servicio de sus clientes, especialmente en:<\/p>\n<ul>\n<li><a href=\"https:\/\/www.fromfroid.com\/es\/experiencia\/tratamiento-de-aire-de-proceso\/acondicionadores-de-aire-en-de-acero-inoxidable\/\">Tratamiento de aire<\/a><\/li>\n<li><a href=\"https:\/\/www.fromfroid.com\/es\/experiencia\/tratamiento-de-aire-de-proceso\/gestion-de-flujos-de-aire-y-ultra-limpieza-del-aire-en-queseria\/\">Ultralimpieza<\/a><\/li>\n<li><a href=\"https:\/\/www.fromfroid.com\/es\/experiencia\/tratamiento-de-aire-de-proceso\/gestion-de-flujos-de-aire-y-ultra-limpieza-del-aire-en-queseria\/\">Gesti\u00f3n de flujos de aire para queser\u00eda<\/a><\/li>\n<li><a href=\"https:\/\/www.fromfroid.com\/es\/experiencia\/refrigeracion-industrial\/produccion-frigorifica\/\">Refrigeraci\u00f3n industrial<\/a><\/li>\n<li><a href=\"https:\/\/www.fromfroid.com\/es\/experiencia\/enfriamiento-rapido\/\">Enfriamiento r\u00e1pido de pallets<\/a><\/li>\n<li><a href=\"https:\/\/www.fromfroid.com\/es\/experiencia\/tratamiento-de-aire-de-proceso\/camaras-calientes-de-maduracion\/\">Conservaci\u00f3n de temperatura para c\u00e1maras calientes de maduraci\u00f3n, incubaci\u00f3n<\/a><\/li>\n<\/ul>\n<h3><strong>Concepci\u00f3n<\/strong><\/h3>\n<p>Los equipos multidisciplinarios de FROMFROID realizan la ingenier\u00eda para cada uno de sus proyectos con el fin de responder a sus necesidades.<\/p>\n<h3><strong>Fabricaci\u00f3n<\/strong><\/h3>\n<p>Nuestros productos los producen en nuestros talleres <a href=\"https:\/\/www.fromfroid.com\/es\/fromfroid\/fromfroid-el-equipo\/\">equipos<\/a> dotados de un conocimiento \u00fanico.<\/p>\n<p>&nbsp;<\/p>\n<p><strong>Instalaci\u00f3n y puesta en servicio<\/strong><\/p>\n<p>FROMFROID garantiza la buena instalaci\u00f3n y utilizaci\u00f3n de los equipos que vende.<\/p>\n<ul>\n<li>Instalaci\u00f3n \u00abllave en mano\u00bb en colaboraci\u00f3n con los socios locales o preferentes de FROMFROID.<\/li>\n<li>Un t\u00e9cnico especialista garantiza la puesta en servicio de la instalaci\u00f3n, as\u00ed como de la optimizaci\u00f3n de su rendimiento en funcionamiento real.<\/li>\n<\/ul>\n<h3><strong>Asistencia<\/strong><\/h3>\n<p>El servicio t\u00e9cnico de posventa est\u00e1 a disposici\u00f3n de los clientes de FROMFROID para cualquier pregunta relativa a la instalaci\u00f3n, uso u optimizaci\u00f3n de los equipos.<\/p>\n<p>Nuestro <a href=\"https:\/\/www.fromfroid.com\/es\/experiencia\/servicio-tecnico-posventa-y-piezas-sueltas-2\/\">servicio de piezas sueltas<\/a> tambi\u00e9n est\u00e1 a su servicio para todo pedido de:<\/p>\n<ul>\n<li>\u00d3rganos reguladores<\/li>\n<li>Conductos textiles<\/li>\n<li>Componentes el\u00e9ctricos<\/li>\n<li>Intercambiadores t\u00e9rmicos (bater\u00edas fr\u00edas y calientes)<\/li>\n<li>Etc.<\/li>\n<\/ul>\n<p>&nbsp;<\/p>\n<p style=\"text-align: center;\"><a href=\"https:\/\/www.fromfroid.com\/es\/contactenos\/\"><strong>\u00bfTiene un proyecto?\u00a0 \u00a1Cont\u00e1ctenos!<\/strong><\/a><\/p>\n[\/vc_column_text][\/vc_column][\/mk_page_section]\n","protected":false},"excerpt":{"rendered":"<p>[mk_page_section bg_position=\u00bbcenter top\u00bb bg_repeat=\u00bbno-repeat\u00bb enable_3d=\u00bbtrue\u00bb bg_gradient=\u00bbvertical\u00bb video_color_mask=\u00bb#ffffff\u00bb gr_end=\u00bbrgba(255,255,255,0.4)\u00bb video_opacity=\u00bb0&#8243; padding_top=\u00bb50&#8243; padding_bottom=\u00bb50&#8243; margin_bottom=\u00bb50&#8243; sidebar=\u00bbsidebar-1&#8243; first_page=\u00bbfalse\u00bb last_page=\u00bbfalse\u00bb][vc_column width=\u00bb1\/3&#8243;][mk_padding_divider][mk_image_slideshow images=\u00bb48,1197,70,988,709,28,32,1189&#8243; image_width=\u00bb400&#8243; image_height=\u00bb300&#8243; animation_speed=\u00bb400&#8243; slideshow_speed=\u00bb2500&#8243;][\/vc_column][vc_column width=\u00bb2\/3&#8243;][vc_column_text css=\u00bb.vc_custom_1563524851096{margin-bottom: 0px !important;}\u00bb] Auditor\u00eda,\u00a0asesoramiento,\u00a0fabricaci\u00f3n\u00a0e\u00a0instalaci\u00f3n FROMFROID, 50 a\u00f1os con usted &nbsp; FROMFROID interviene en la gesti\u00f3n de proyectos: desde la definici\u00f3n de la necesidad del cliente hasta la ingenier\u00eda, fabricaci\u00f3n e instalaci\u00f3n, le aportamos [&hellip;]<\/p>\n","protected":false},"author":2,"featured_media":0,"parent":1629,"menu_order":0,"comment_status":"closed","ping_status":"closed","template":"","meta":{"footnotes":""},"class_list":["post-2154","page","type-page","status-publish","hentry"],"yoast_head":"<!-- This site is optimized with the Yoast SEO plugin v27.4 - https:\/\/yoast.com\/product\/yoast-seo-wordpress\/ -->\n<title>Auditor\u00eda gesti\u00f3n de flujos, tratamiento de aire, asesoramiento - Fromfroid<\/title>\n<meta name=\"robots\" content=\"index, follow, max-snippet:-1, max-image-preview:large, max-video-preview:-1\" \/>\n<link rel=\"canonical\" href=\"https:\/\/www.fromfroid.com\/es\/experiencia\/auditoria-y-asesoramiento\/audit-2\/\" \/>\n<meta property=\"og:locale\" content=\"es_ES\" \/>\n<meta property=\"og:type\" content=\"article\" \/>\n<meta property=\"og:title\" content=\"Auditor\u00eda gesti\u00f3n de flujos, tratamiento de aire, asesoramiento - Fromfroid\" \/>\n<meta property=\"og:description\" content=\"[mk_page_section bg_position=\u00bbcenter top\u00bb bg_repeat=\u00bbno-repeat\u00bb enable_3d=\u00bbtrue\u00bb bg_gradient=\u00bbvertical\u00bb video_color_mask=\u00bb#ffffff\u00bb gr_end=\u00bbrgba(255,255,255,0.4)\u00bb video_opacity=\u00bb0&#8243; padding_top=\u00bb50&#8243; padding_bottom=\u00bb50&#8243; margin_bottom=\u00bb50&#8243; sidebar=\u00bbsidebar-1&#8243; first_page=\u00bbfalse\u00bb last_page=\u00bbfalse\u00bb][vc_column width=\u00bb1\/3&#8243;][mk_padding_divider][mk_image_slideshow images=\u00bb48,1197,70,988,709,28,32,1189&#8243; image_width=\u00bb400&#8243; image_height=\u00bb300&#8243; animation_speed=\u00bb400&#8243; slideshow_speed=\u00bb2500&#8243;][\/vc_column][vc_column width=\u00bb2\/3&#8243;][vc_column_text css=\u00bb.vc_custom_1563524851096{margin-bottom: 0px !important;}\u00bb] Auditor\u00eda,\u00a0asesoramiento,\u00a0fabricaci\u00f3n\u00a0e\u00a0instalaci\u00f3n FROMFROID, 50 a\u00f1os con usted &nbsp; FROMFROID interviene en la gesti\u00f3n de proyectos: desde la definici\u00f3n de la necesidad del cliente hasta la ingenier\u00eda, fabricaci\u00f3n e instalaci\u00f3n, le aportamos [&hellip;]\" \/>\n<meta property=\"og:url\" content=\"https:\/\/www.fromfroid.com\/es\/experiencia\/auditoria-y-asesoramiento\/audit-2\/\" \/>\n<meta property=\"og:site_name\" content=\"Fromfroid\" \/>\n<meta property=\"article:modified_time\" content=\"2019-12-02T13:36:32+00:00\" \/>\n<meta name=\"twitter:card\" content=\"summary_large_image\" \/>\n<meta name=\"twitter:label1\" content=\"Tiempo de lectura\" \/>\n\t<meta name=\"twitter:data1\" content=\"2 minutos\" \/>\n<script type=\"application\/ld+json\" class=\"yoast-schema-graph\">{\"@context\":\"https:\\\/\\\/schema.org\",\"@graph\":[{\"@type\":\"WebPage\",\"@id\":\"https:\\\/\\\/www.fromfroid.com\\\/es\\\/experiencia\\\/auditoria-y-asesoramiento\\\/audit-2\\\/\",\"url\":\"https:\\\/\\\/www.fromfroid.com\\\/es\\\/experiencia\\\/auditoria-y-asesoramiento\\\/audit-2\\\/\",\"name\":\"Auditor\u00eda gesti\u00f3n de flujos, tratamiento de aire, asesoramiento - Fromfroid\",\"isPartOf\":{\"@id\":\"https:\\\/\\\/www.fromfroid.com\\\/es\\\/#website\"},\"datePublished\":\"2019-09-12T13:11:59+00:00\",\"dateModified\":\"2019-12-02T13:36:32+00:00\",\"breadcrumb\":{\"@id\":\"https:\\\/\\\/www.fromfroid.com\\\/es\\\/experiencia\\\/auditoria-y-asesoramiento\\\/audit-2\\\/#breadcrumb\"},\"inLanguage\":\"es\",\"potentialAction\":[{\"@type\":\"ReadAction\",\"target\":[\"https:\\\/\\\/www.fromfroid.com\\\/es\\\/experiencia\\\/auditoria-y-asesoramiento\\\/audit-2\\\/\"]}]},{\"@type\":\"BreadcrumbList\",\"@id\":\"https:\\\/\\\/www.fromfroid.com\\\/es\\\/experiencia\\\/auditoria-y-asesoramiento\\\/audit-2\\\/#breadcrumb\",\"itemListElement\":[{\"@type\":\"ListItem\",\"position\":1,\"name\":\"Inicio\",\"item\":\"https:\\\/\\\/www.fromfroid.com\\\/es\\\/\"},{\"@type\":\"ListItem\",\"position\":2,\"name\":\"Experiencia\",\"item\":\"https:\\\/\\\/www.fromfroid.com\\\/es\\\/experiencia\\\/\"},{\"@type\":\"ListItem\",\"position\":3,\"name\":\"Auditor\u00eda y Asesoramiento\",\"item\":\"https:\\\/\\\/www.fromfroid.com\\\/es\\\/experiencia\\\/auditoria-y-asesoramiento\\\/\"},{\"@type\":\"ListItem\",\"position\":4,\"name\":\"Auditor\u00eda y Asesoramiento\"}]},{\"@type\":\"WebSite\",\"@id\":\"https:\\\/\\\/www.fromfroid.com\\\/es\\\/#website\",\"url\":\"https:\\\/\\\/www.fromfroid.com\\\/es\\\/\",\"name\":\"Fromfroid\",\"description\":\"\",\"potentialAction\":[{\"@type\":\"SearchAction\",\"target\":{\"@type\":\"EntryPoint\",\"urlTemplate\":\"https:\\\/\\\/www.fromfroid.com\\\/es\\\/?s={search_term_string}\"},\"query-input\":{\"@type\":\"PropertyValueSpecification\",\"valueRequired\":true,\"valueName\":\"search_term_string\"}}],\"inLanguage\":\"es\"}]}<\/script>\n<!-- \/ Yoast SEO plugin. -->","yoast_head_json":{"title":"Auditor\u00eda gesti\u00f3n de flujos, tratamiento de aire, asesoramiento - Fromfroid","robots":{"index":"index","follow":"follow","max-snippet":"max-snippet:-1","max-image-preview":"max-image-preview:large","max-video-preview":"max-video-preview:-1"},"canonical":"https:\/\/www.fromfroid.com\/es\/experiencia\/auditoria-y-asesoramiento\/audit-2\/","og_locale":"es_ES","og_type":"article","og_title":"Auditor\u00eda gesti\u00f3n de flujos, tratamiento de aire, asesoramiento - Fromfroid","og_description":"[mk_page_section bg_position=\u00bbcenter top\u00bb bg_repeat=\u00bbno-repeat\u00bb enable_3d=\u00bbtrue\u00bb bg_gradient=\u00bbvertical\u00bb video_color_mask=\u00bb#ffffff\u00bb gr_end=\u00bbrgba(255,255,255,0.4)\u00bb video_opacity=\u00bb0&#8243; padding_top=\u00bb50&#8243; padding_bottom=\u00bb50&#8243; margin_bottom=\u00bb50&#8243; sidebar=\u00bbsidebar-1&#8243; first_page=\u00bbfalse\u00bb last_page=\u00bbfalse\u00bb][vc_column width=\u00bb1\/3&#8243;][mk_padding_divider][mk_image_slideshow images=\u00bb48,1197,70,988,709,28,32,1189&#8243; image_width=\u00bb400&#8243; image_height=\u00bb300&#8243; animation_speed=\u00bb400&#8243; slideshow_speed=\u00bb2500&#8243;][\/vc_column][vc_column width=\u00bb2\/3&#8243;][vc_column_text css=\u00bb.vc_custom_1563524851096{margin-bottom: 0px !important;}\u00bb] Auditor\u00eda,\u00a0asesoramiento,\u00a0fabricaci\u00f3n\u00a0e\u00a0instalaci\u00f3n FROMFROID, 50 a\u00f1os con usted &nbsp; FROMFROID interviene en la gesti\u00f3n de proyectos: desde la definici\u00f3n de la necesidad del cliente hasta la ingenier\u00eda, fabricaci\u00f3n e instalaci\u00f3n, le aportamos [&hellip;]","og_url":"https:\/\/www.fromfroid.com\/es\/experiencia\/auditoria-y-asesoramiento\/audit-2\/","og_site_name":"Fromfroid","article_modified_time":"2019-12-02T13:36:32+00:00","twitter_card":"summary_large_image","twitter_misc":{"Tiempo de lectura":"2 minutos"},"schema":{"@context":"https:\/\/schema.org","@graph":[{"@type":"WebPage","@id":"https:\/\/www.fromfroid.com\/es\/experiencia\/auditoria-y-asesoramiento\/audit-2\/","url":"https:\/\/www.fromfroid.com\/es\/experiencia\/auditoria-y-asesoramiento\/audit-2\/","name":"Auditor\u00eda gesti\u00f3n de flujos, tratamiento de aire, asesoramiento - Fromfroid","isPartOf":{"@id":"https:\/\/www.fromfroid.com\/es\/#website"},"datePublished":"2019-09-12T13:11:59+00:00","dateModified":"2019-12-02T13:36:32+00:00","breadcrumb":{"@id":"https:\/\/www.fromfroid.com\/es\/experiencia\/auditoria-y-asesoramiento\/audit-2\/#breadcrumb"},"inLanguage":"es","potentialAction":[{"@type":"ReadAction","target":["https:\/\/www.fromfroid.com\/es\/experiencia\/auditoria-y-asesoramiento\/audit-2\/"]}]},{"@type":"BreadcrumbList","@id":"https:\/\/www.fromfroid.com\/es\/experiencia\/auditoria-y-asesoramiento\/audit-2\/#breadcrumb","itemListElement":[{"@type":"ListItem","position":1,"name":"Inicio","item":"https:\/\/www.fromfroid.com\/es\/"},{"@type":"ListItem","position":2,"name":"Experiencia","item":"https:\/\/www.fromfroid.com\/es\/experiencia\/"},{"@type":"ListItem","position":3,"name":"Auditor\u00eda y Asesoramiento","item":"https:\/\/www.fromfroid.com\/es\/experiencia\/auditoria-y-asesoramiento\/"},{"@type":"ListItem","position":4,"name":"Auditor\u00eda y Asesoramiento"}]},{"@type":"WebSite","@id":"https:\/\/www.fromfroid.com\/es\/#website","url":"https:\/\/www.fromfroid.com\/es\/","name":"Fromfroid","description":"","potentialAction":[{"@type":"SearchAction","target":{"@type":"EntryPoint","urlTemplate":"https:\/\/www.fromfroid.com\/es\/?s={search_term_string}"},"query-input":{"@type":"PropertyValueSpecification","valueRequired":true,"valueName":"search_term_string"}}],"inLanguage":"es"}]}},"_links":{"self":[{"href":"https:\/\/www.fromfroid.com\/es\/wp-json\/wp\/v2\/pages\/2154","targetHints":{"allow":["GET"]}}],"collection":[{"href":"https:\/\/www.fromfroid.com\/es\/wp-json\/wp\/v2\/pages"}],"about":[{"href":"https:\/\/www.fromfroid.com\/es\/wp-json\/wp\/v2\/types\/page"}],"author":[{"embeddable":true,"href":"https:\/\/www.fromfroid.com\/es\/wp-json\/wp\/v2\/users\/2"}],"replies":[{"embeddable":true,"href":"https:\/\/www.fromfroid.com\/es\/wp-json\/wp\/v2\/comments?post=2154"}],"version-history":[{"count":4,"href":"https:\/\/www.fromfroid.com\/es\/wp-json\/wp\/v2\/pages\/2154\/revisions"}],"predecessor-version":[{"id":2587,"href":"https:\/\/www.fromfroid.com\/es\/wp-json\/wp\/v2\/pages\/2154\/revisions\/2587"}],"up":[{"embeddable":true,"href":"https:\/\/www.fromfroid.com\/es\/wp-json\/wp\/v2\/pages\/1629"}],"wp:attachment":[{"href":"https:\/\/www.fromfroid.com\/es\/wp-json\/wp\/v2\/media?parent=2154"}],"curies":[{"name":"wp","href":"https:\/\/api.w.org\/{rel}","templated":true}]}}