{"id":2155,"date":"2019-09-12T15:16:03","date_gmt":"2019-09-12T13:16:03","guid":{"rendered":"https:\/\/fromfroid.netvolution.fr\/?page_id=2155"},"modified":"2019-09-12T15:16:03","modified_gmt":"2019-09-12T13:16:03","slug":"des-experts-a-votre-ecoute","status":"publish","type":"page","link":"https:\/\/www.fromfroid.com\/it\/experiencia\/auditoria-y-asesoramiento\/des-experts-a-votre-ecoute\/","title":{"rendered":"Des experts \u00e0 votre \u00e9coute"},"content":{"rendered":"[mk_page_section bg_position=&#8221;center top&#8221; bg_repeat=&#8221;no-repeat&#8221; enable_3d=&#8221;true&#8221; bg_gradient=&#8221;vertical&#8221; video_color_mask=&#8221;#ffffff&#8221; gr_end=&#8221;rgba(255,255,255,0.4)&#8221; video_opacity=&#8221;0&#8243; padding_top=&#8221;50&#8243; padding_bottom=&#8221;50&#8243; margin_bottom=&#8221;50&#8243; sidebar=&#8221;sidebar-1&#8243; first_page=&#8221;false&#8221; last_page=&#8221;false&#8221;][vc_column width=&#8221;1\/3&#8243;][mk_padding_divider][mk_image_slideshow images=&#8221;48,1197,70,988,709,28,32,1189&#8243; image_width=&#8221;400&#8243; image_height=&#8221;300&#8243; animation_speed=&#8221;400&#8243; slideshow_speed=&#8221;2500&#8243;][\/vc_column][vc_column width=&#8221;2\/3&#8243;][vc_column_text css=&#8221;.vc_custom_1563524851096{margin-bottom: 0px !important;}&#8221;]\n<h2 style=\"text-align: center;\"><strong>Audit<\/strong>, <strong>Conseil<\/strong>, <strong>Fabrication<\/strong> et <strong>Installation<\/strong><\/h2>\n<h2 style=\"text-align: center;\">FROMFROID, avec vous depuis 50 ans<\/h2>\n<p>&nbsp;<\/p>\n<p>FROMFROID intervient dans la gestion globale des projets\u00a0: de la d\u00e9finition du besoin client jusqu\u2019\u00e0 l\u2019ing\u00e9nierie, la fabrication et l\u2019installation, nous vous apportons les meilleures solutions techniques afin de garantir \u00e0 vos produits la meilleure qualit\u00e9 avec des co\u00fbts de production optimis\u00e9s.<\/p>\n<p>Fort de 50 ans d\u2019exp\u00e9rience, FROMFROID a d\u00e9velopp\u00e9 un savoir-faire technologique unique sur le march\u00e9. Ce savoir-faire et cette exp\u00e9rience, FROMFROID les met au service de ses clients sous forme d\u2019audit et de conseil.[\/vc_column_text][vc_column_text css=&#8221;.vc_custom_1564496019863{margin-bottom: 0px !important;}&#8221;]\n<h3><strong>Conseil <\/strong><\/h3>\n<p>FROMFROID est r\u00e9put\u00e9 comme \u00e9tant l\u2019un des meilleurs sp\u00e9cialistes du traitement d\u2019air et du refroidissement rapide sur le march\u00e9 et cette r\u00e9putation est bas\u00e9e sur l\u2019exp\u00e9rience et le savoir-faire.<\/p>\n<p>FROMFROID met cette exp\u00e9rience au service de ses Clients, notamment en terme de\u00a0:<\/p>\n<ul>\n<li>Traitement d\u2019air \/ Ultra-propret\u00e9<\/li>\n<li>Gestion des flux d\u2019air pour la fromagerie<\/li>\n<li>Froid industriel<\/li>\n<li>Refroidissement rapide<\/li>\n<li>maintien en temp\u00e9rature pour des \u00e9tuves<\/li>\n<\/ul>\n<h3><strong>Conception<\/strong><\/h3>\n<p>Les \u00e9quipes multidisciplinaires de FROMFROID r\u00e9alisent l\u2019ing\u00e9nierie pour chacun de vos projets afin de r\u00e9pondre \u00e0 vos besoins.<\/p>\n<h3><strong>Fabrication<\/strong><\/h3>\n<p>Nos produits sont fabriqu\u00e9s dans nos ateliers par des \u00e9quipes d\u00e9positaires d\u2019un savoir-faire unique.<\/p>\n<h3><strong>Installation et mise en service<\/strong><\/h3>\n<p>FROMFROID est garant de la bonne installation et utilisation des \u00e9quipements vendus.<\/p>\n<ul>\n<li>Installation \u00ab\u00a0Cl\u00e9 en mains\u00a0\u00bb\u00a0 en compl\u00e9mentarit\u00e9 avec les partenaires locaux ou partenaires privil\u00e9gi\u00e9s de FROMFROID.<\/li>\n<li>La mise en service de l&#8217;installation et de l&#8217;optimisation de ses performances en fonctionnement r\u00e9el est obligatoirement assur\u00e9e par un technicien sp\u00e9cialiste.<\/li>\n<\/ul>\n<h3><strong>Assistance<\/strong><\/h3>\n<p>Le SAV est \u00e0 la disposition des clients FROMFROID pour toutes question relative \u00e0 l\u2019installation, l\u2019utilisation ou l\u2019optimisation des \u00e9quipements.<\/p>\n<p>Notre service pi\u00e8ces d\u00e9tach\u00e9es se tient aussi \u00e0 votre service pour toute commande<\/p>\n<ul>\n<li>d\u2019organe de r\u00e9gulation<\/li>\n<li>de gaines textiles<\/li>\n<li>de composants \u00e9lectriques<\/li>\n<li>d\u2019\u00e9changeurs thermiques (batteries froide et chaude)<\/li>\n<li>etc<\/li>\n<\/ul>\n<p>&nbsp;<\/p>\n<p style=\"text-align: center;\"><strong><a href=\"https:\/\/www.fromfroid.com\/contact\/\">Vous avez un projet, contactez-nous!<\/a><\/strong><\/p>\n[\/vc_column_text][\/vc_column][\/mk_page_section]\n","protected":false},"excerpt":{"rendered":"<p>[mk_page_section bg_position=&#8221;center top&#8221; bg_repeat=&#8221;no-repeat&#8221; enable_3d=&#8221;true&#8221; bg_gradient=&#8221;vertical&#8221; video_color_mask=&#8221;#ffffff&#8221; gr_end=&#8221;rgba(255,255,255,0.4)&#8221; video_opacity=&#8221;0&#8243; padding_top=&#8221;50&#8243; padding_bottom=&#8221;50&#8243; margin_bottom=&#8221;50&#8243; sidebar=&#8221;sidebar-1&#8243; first_page=&#8221;false&#8221; last_page=&#8221;false&#8221;][vc_column width=&#8221;1\/3&#8243;][mk_padding_divider][mk_image_slideshow images=&#8221;48,1197,70,988,709,28,32,1189&#8243; image_width=&#8221;400&#8243; image_height=&#8221;300&#8243; animation_speed=&#8221;400&#8243; slideshow_speed=&#8221;2500&#8243;][\/vc_column][vc_column width=&#8221;2\/3&#8243;][vc_column_text css=&#8221;.vc_custom_1563524851096{margin-bottom: 0px !important;}&#8221;] Audit, Conseil, Fabrication et Installation FROMFROID, avec vous depuis 50 ans &nbsp; FROMFROID intervient dans la gestion globale des projets\u00a0: de la d\u00e9finition du besoin client jusqu\u2019\u00e0 l\u2019ing\u00e9nierie, la fabrication [&hellip;]<\/p>\n","protected":false},"author":2,"featured_media":0,"parent":1629,"menu_order":0,"comment_status":"closed","ping_status":"closed","template":"","meta":{"footnotes":""},"class_list":["post-2155","page","type-page","status-publish","hentry"],"yoast_head":"<!-- This site is optimized with the Yoast SEO plugin v27.4 - https:\/\/yoast.com\/product\/yoast-seo-wordpress\/ -->\n<title>Des experts \u00e0 votre \u00e9coute - Fromfroid<\/title>\n<meta name=\"robots\" content=\"index, follow, max-snippet:-1, max-image-preview:large, max-video-preview:-1\" \/>\n<link rel=\"canonical\" href=\"https:\/\/www.fromfroid.com\/it\/experiencia\/auditoria-y-asesoramiento\/des-experts-a-votre-ecoute\/\" \/>\n<meta property=\"og:locale\" content=\"it_IT\" \/>\n<meta property=\"og:type\" content=\"article\" \/>\n<meta property=\"og:title\" content=\"Des experts \u00e0 votre \u00e9coute - Fromfroid\" \/>\n<meta property=\"og:description\" content=\"[mk_page_section bg_position=&#8221;center top&#8221; bg_repeat=&#8221;no-repeat&#8221; enable_3d=&#8221;true&#8221; bg_gradient=&#8221;vertical&#8221; video_color_mask=&#8221;#ffffff&#8221; gr_end=&#8221;rgba(255,255,255,0.4)&#8221; video_opacity=&#8221;0&#8243; padding_top=&#8221;50&#8243; padding_bottom=&#8221;50&#8243; margin_bottom=&#8221;50&#8243; sidebar=&#8221;sidebar-1&#8243; first_page=&#8221;false&#8221; last_page=&#8221;false&#8221;][vc_column width=&#8221;1\/3&#8243;][mk_padding_divider][mk_image_slideshow images=&#8221;48,1197,70,988,709,28,32,1189&#8243; image_width=&#8221;400&#8243; image_height=&#8221;300&#8243; animation_speed=&#8221;400&#8243; slideshow_speed=&#8221;2500&#8243;][\/vc_column][vc_column width=&#8221;2\/3&#8243;][vc_column_text css=&#8221;.vc_custom_1563524851096{margin-bottom: 0px !important;}&#8221;] Audit, Conseil, Fabrication et Installation FROMFROID, avec vous depuis 50 ans &nbsp; FROMFROID intervient dans la gestion globale des projets\u00a0: de la d\u00e9finition du besoin client jusqu\u2019\u00e0 l\u2019ing\u00e9nierie, la fabrication [&hellip;]\" \/>\n<meta property=\"og:url\" content=\"https:\/\/www.fromfroid.com\/it\/experiencia\/auditoria-y-asesoramiento\/des-experts-a-votre-ecoute\/\" \/>\n<meta property=\"og:site_name\" content=\"Fromfroid\" \/>\n<meta name=\"twitter:card\" content=\"summary_large_image\" \/>\n<meta name=\"twitter:label1\" content=\"Tempo di lettura stimato\" \/>\n\t<meta name=\"twitter:data1\" content=\"2 minuti\" \/>\n<script type=\"application\/ld+json\" class=\"yoast-schema-graph\">{\"@context\":\"https:\\\/\\\/schema.org\",\"@graph\":[{\"@type\":\"WebPage\",\"@id\":\"https:\\\/\\\/www.fromfroid.com\\\/it\\\/experiencia\\\/auditoria-y-asesoramiento\\\/des-experts-a-votre-ecoute\\\/\",\"url\":\"https:\\\/\\\/www.fromfroid.com\\\/it\\\/experiencia\\\/auditoria-y-asesoramiento\\\/des-experts-a-votre-ecoute\\\/\",\"name\":\"Des experts \u00e0 votre \u00e9coute - Fromfroid\",\"isPartOf\":{\"@id\":\"https:\\\/\\\/www.fromfroid.com\\\/it\\\/#website\"},\"datePublished\":\"2019-09-12T13:16:03+00:00\",\"breadcrumb\":{\"@id\":\"https:\\\/\\\/www.fromfroid.com\\\/it\\\/experiencia\\\/auditoria-y-asesoramiento\\\/des-experts-a-votre-ecoute\\\/#breadcrumb\"},\"inLanguage\":\"it-IT\",\"potentialAction\":[{\"@type\":\"ReadAction\",\"target\":[\"https:\\\/\\\/www.fromfroid.com\\\/it\\\/experiencia\\\/auditoria-y-asesoramiento\\\/des-experts-a-votre-ecoute\\\/\"]}]},{\"@type\":\"BreadcrumbList\",\"@id\":\"https:\\\/\\\/www.fromfroid.com\\\/it\\\/experiencia\\\/auditoria-y-asesoramiento\\\/des-experts-a-votre-ecoute\\\/#breadcrumb\",\"itemListElement\":[{\"@type\":\"ListItem\",\"position\":1,\"name\":\"Accueil\",\"item\":\"https:\\\/\\\/www.fromfroid.com\\\/it\\\/\"},{\"@type\":\"ListItem\",\"position\":2,\"name\":\"Experiencia\",\"item\":\"https:\\\/\\\/www.fromfroid.com\\\/it\\\/experiencia\\\/\"},{\"@type\":\"ListItem\",\"position\":3,\"name\":\"Auditor\u00eda y Asesoramiento\",\"item\":\"https:\\\/\\\/www.fromfroid.com\\\/it\\\/experiencia\\\/auditoria-y-asesoramiento\\\/\"},{\"@type\":\"ListItem\",\"position\":4,\"name\":\"Des experts \u00e0 votre \u00e9coute\"}]},{\"@type\":\"WebSite\",\"@id\":\"https:\\\/\\\/www.fromfroid.com\\\/it\\\/#website\",\"url\":\"https:\\\/\\\/www.fromfroid.com\\\/it\\\/\",\"name\":\"Fromfroid\",\"description\":\"\",\"potentialAction\":[{\"@type\":\"SearchAction\",\"target\":{\"@type\":\"EntryPoint\",\"urlTemplate\":\"https:\\\/\\\/www.fromfroid.com\\\/it\\\/?s={search_term_string}\"},\"query-input\":{\"@type\":\"PropertyValueSpecification\",\"valueRequired\":true,\"valueName\":\"search_term_string\"}}],\"inLanguage\":\"it-IT\"}]}<\/script>\n<!-- \/ Yoast SEO plugin. -->","yoast_head_json":{"title":"Des experts \u00e0 votre \u00e9coute - Fromfroid","robots":{"index":"index","follow":"follow","max-snippet":"max-snippet:-1","max-image-preview":"max-image-preview:large","max-video-preview":"max-video-preview:-1"},"canonical":"https:\/\/www.fromfroid.com\/it\/experiencia\/auditoria-y-asesoramiento\/des-experts-a-votre-ecoute\/","og_locale":"it_IT","og_type":"article","og_title":"Des experts \u00e0 votre \u00e9coute - Fromfroid","og_description":"[mk_page_section bg_position=&#8221;center top&#8221; bg_repeat=&#8221;no-repeat&#8221; enable_3d=&#8221;true&#8221; bg_gradient=&#8221;vertical&#8221; video_color_mask=&#8221;#ffffff&#8221; gr_end=&#8221;rgba(255,255,255,0.4)&#8221; video_opacity=&#8221;0&#8243; padding_top=&#8221;50&#8243; padding_bottom=&#8221;50&#8243; margin_bottom=&#8221;50&#8243; sidebar=&#8221;sidebar-1&#8243; first_page=&#8221;false&#8221; last_page=&#8221;false&#8221;][vc_column width=&#8221;1\/3&#8243;][mk_padding_divider][mk_image_slideshow images=&#8221;48,1197,70,988,709,28,32,1189&#8243; image_width=&#8221;400&#8243; image_height=&#8221;300&#8243; animation_speed=&#8221;400&#8243; slideshow_speed=&#8221;2500&#8243;][\/vc_column][vc_column width=&#8221;2\/3&#8243;][vc_column_text css=&#8221;.vc_custom_1563524851096{margin-bottom: 0px !important;}&#8221;] Audit, Conseil, Fabrication et Installation FROMFROID, avec vous depuis 50 ans &nbsp; FROMFROID intervient dans la gestion globale des projets\u00a0: de la d\u00e9finition du besoin client jusqu\u2019\u00e0 l\u2019ing\u00e9nierie, la fabrication [&hellip;]","og_url":"https:\/\/www.fromfroid.com\/it\/experiencia\/auditoria-y-asesoramiento\/des-experts-a-votre-ecoute\/","og_site_name":"Fromfroid","twitter_card":"summary_large_image","twitter_misc":{"Tempo di lettura stimato":"2 minuti"},"schema":{"@context":"https:\/\/schema.org","@graph":[{"@type":"WebPage","@id":"https:\/\/www.fromfroid.com\/it\/experiencia\/auditoria-y-asesoramiento\/des-experts-a-votre-ecoute\/","url":"https:\/\/www.fromfroid.com\/it\/experiencia\/auditoria-y-asesoramiento\/des-experts-a-votre-ecoute\/","name":"Des experts \u00e0 votre \u00e9coute - Fromfroid","isPartOf":{"@id":"https:\/\/www.fromfroid.com\/it\/#website"},"datePublished":"2019-09-12T13:16:03+00:00","breadcrumb":{"@id":"https:\/\/www.fromfroid.com\/it\/experiencia\/auditoria-y-asesoramiento\/des-experts-a-votre-ecoute\/#breadcrumb"},"inLanguage":"it-IT","potentialAction":[{"@type":"ReadAction","target":["https:\/\/www.fromfroid.com\/it\/experiencia\/auditoria-y-asesoramiento\/des-experts-a-votre-ecoute\/"]}]},{"@type":"BreadcrumbList","@id":"https:\/\/www.fromfroid.com\/it\/experiencia\/auditoria-y-asesoramiento\/des-experts-a-votre-ecoute\/#breadcrumb","itemListElement":[{"@type":"ListItem","position":1,"name":"Accueil","item":"https:\/\/www.fromfroid.com\/it\/"},{"@type":"ListItem","position":2,"name":"Experiencia","item":"https:\/\/www.fromfroid.com\/it\/experiencia\/"},{"@type":"ListItem","position":3,"name":"Auditor\u00eda y Asesoramiento","item":"https:\/\/www.fromfroid.com\/it\/experiencia\/auditoria-y-asesoramiento\/"},{"@type":"ListItem","position":4,"name":"Des experts \u00e0 votre \u00e9coute"}]},{"@type":"WebSite","@id":"https:\/\/www.fromfroid.com\/it\/#website","url":"https:\/\/www.fromfroid.com\/it\/","name":"Fromfroid","description":"","potentialAction":[{"@type":"SearchAction","target":{"@type":"EntryPoint","urlTemplate":"https:\/\/www.fromfroid.com\/it\/?s={search_term_string}"},"query-input":{"@type":"PropertyValueSpecification","valueRequired":true,"valueName":"search_term_string"}}],"inLanguage":"it-IT"}]}},"_links":{"self":[{"href":"https:\/\/www.fromfroid.com\/it\/wp-json\/wp\/v2\/pages\/2155","targetHints":{"allow":["GET"]}}],"collection":[{"href":"https:\/\/www.fromfroid.com\/it\/wp-json\/wp\/v2\/pages"}],"about":[{"href":"https:\/\/www.fromfroid.com\/it\/wp-json\/wp\/v2\/types\/page"}],"author":[{"embeddable":true,"href":"https:\/\/www.fromfroid.com\/it\/wp-json\/wp\/v2\/users\/2"}],"replies":[{"embeddable":true,"href":"https:\/\/www.fromfroid.com\/it\/wp-json\/wp\/v2\/comments?post=2155"}],"version-history":[{"count":2,"href":"https:\/\/www.fromfroid.com\/it\/wp-json\/wp\/v2\/pages\/2155\/revisions"}],"predecessor-version":[{"id":2157,"href":"https:\/\/www.fromfroid.com\/it\/wp-json\/wp\/v2\/pages\/2155\/revisions\/2157"}],"up":[{"embeddable":true,"href":"https:\/\/www.fromfroid.com\/it\/wp-json\/wp\/v2\/pages\/1629"}],"wp:attachment":[{"href":"https:\/\/www.fromfroid.com\/it\/wp-json\/wp\/v2\/media?parent=2155"}],"curies":[{"name":"wp","href":"https:\/\/api.w.org\/{rel}","templated":true}]}}