{"id":2757,"date":"2020-03-17T11:10:31","date_gmt":"2020-03-17T10:10:31","guid":{"rendered":"https:\/\/www.fromfroid.com\/conhecimentos\/"},"modified":"2020-04-02T09:15:40","modified_gmt":"2020-04-02T07:15:40","slug":"conhecimentos","status":"publish","type":"page","link":"https:\/\/www.fromfroid.com\/pt-br\/conhecimentos\/","title":{"rendered":"Conhecimentos"},"content":{"rendered":"[vc_row][vc_column][vc_column_text css=&#8221;.vc_custom_1574784065526{margin-bottom: 0px !important;}&#8221;]A FROMFROID realiza engenharia, fabrica\u00e7\u00e3o, instala\u00e7\u00e3o e monitoramento de suas instala\u00e7\u00f5es em todo o mundo e atende \u00e0s suas necessidades tanto para solu\u00e7\u00f5es padr\u00f5es quanto para solu\u00e7\u00f5es personalizadas, adaptadas \u00e0s suas necessidades e restri\u00e7\u00f5es.<\/p>\n<p>\u00c1reas de atua\u00e7\u00e3o:<\/p>\n<ul>\n<li><a href=\"https:\/\/www.fromfroid.com\/pt-br\/conhecimentos\/auditoria-e-consultoria\/especialista-do-frio-para-a-industria-de-alimentos\/\">Engenharia e consultoria<\/a><\/li>\n<li><a href=\"https:\/\/www.fromfroid.com\/pt-br\/conhecimentos\/resfriamento-rapido-para-paletes\/\">Refrigera\u00e7\u00e3o r\u00e1pida<\/a><\/li>\n<li><a href=\"https:\/\/www.fromfroid.com\/pt-br\/conhecimentos\/processo-de-tratamento-de-ar\/\">Processo de tratamento do ar<\/a><\/li>\n<li><a href=\"https:\/\/www.fromfroid.com\/pt-br\/conhecimentos\/frio-industrial\/producao-de-refrigeracao\/\">Refrigera\u00e7\u00e3o industrial<\/a><\/li>\n<li><a href=\"https:\/\/www.fromfroid.com\/pt-br\/conhecimentos\/servico-pos-venda-e-pecas-de-reposicao\/\">Servi\u00e7o p\u00f3s-venda e pe\u00e7as de reposi\u00e7\u00e3o<\/a><\/li>\n<\/ul>\n<p>&nbsp;<br \/>\n[\/vc_column_text][\/vc_column][\/vc_row][vc_row][vc_column][\/vc_column][\/vc_row]\n","protected":false},"excerpt":{"rendered":"<p>[vc_row][vc_column][vc_column_text css=&#8221;.vc_custom_1574784065526{margin-bottom: 0px !important;}&#8221;]A FROMFROID realiza engenharia, fabrica\u00e7\u00e3o, instala\u00e7\u00e3o e monitoramento de suas instala\u00e7\u00f5es em todo o mundo e atende \u00e0s suas necessidades tanto para solu\u00e7\u00f5es padr\u00f5es quanto para solu\u00e7\u00f5es personalizadas, adaptadas \u00e0s suas necessidades e restri\u00e7\u00f5es. \u00c1reas de atua\u00e7\u00e3o: Engenharia e consultoria Refrigera\u00e7\u00e3o r\u00e1pida Processo de tratamento do ar Refrigera\u00e7\u00e3o industrial Servi\u00e7o p\u00f3s-venda e [&hellip;]<\/p>\n","protected":false},"author":2,"featured_media":0,"parent":0,"menu_order":0,"comment_status":"closed","ping_status":"closed","template":"","meta":{"footnotes":""},"class_list":["post-2757","page","type-page","status-publish","hentry"],"yoast_head":"<!-- This site is optimized with the Yoast SEO plugin v27.4 - https:\/\/yoast.com\/product\/yoast-seo-wordpress\/ -->\n<title>especialista de resfriamento para paletes iogurte processo de tratamento do ar - Fromfroid<\/title>\n<meta name=\"robots\" content=\"index, follow, max-snippet:-1, max-image-preview:large, max-video-preview:-1\" \/>\n<link rel=\"canonical\" href=\"https:\/\/www.fromfroid.com\/pt-br\/conhecimentos\/\" \/>\n<meta property=\"og:locale\" content=\"pt_BR\" \/>\n<meta property=\"og:type\" content=\"article\" \/>\n<meta property=\"og:title\" content=\"especialista de resfriamento para paletes iogurte processo de tratamento do ar - Fromfroid\" \/>\n<meta property=\"og:description\" content=\"[vc_row][vc_column][vc_column_text css=&#8221;.vc_custom_1574784065526{margin-bottom: 0px !important;}&#8221;]A FROMFROID realiza engenharia, fabrica\u00e7\u00e3o, instala\u00e7\u00e3o e monitoramento de suas instala\u00e7\u00f5es em todo o mundo e atende \u00e0s suas necessidades tanto para solu\u00e7\u00f5es padr\u00f5es quanto para solu\u00e7\u00f5es personalizadas, adaptadas \u00e0s suas necessidades e restri\u00e7\u00f5es. \u00c1reas de atua\u00e7\u00e3o: Engenharia e consultoria Refrigera\u00e7\u00e3o r\u00e1pida Processo de tratamento do ar Refrigera\u00e7\u00e3o industrial Servi\u00e7o p\u00f3s-venda e [&hellip;]\" \/>\n<meta property=\"og:url\" content=\"https:\/\/www.fromfroid.com\/pt-br\/conhecimentos\/\" \/>\n<meta property=\"og:site_name\" content=\"Fromfroid\" \/>\n<meta property=\"article:modified_time\" content=\"2020-04-02T07:15:40+00:00\" \/>\n<meta name=\"twitter:card\" content=\"summary_large_image\" \/>\n<script type=\"application\/ld+json\" class=\"yoast-schema-graph\">{\"@context\":\"https:\\\/\\\/schema.org\",\"@graph\":[{\"@type\":\"WebPage\",\"@id\":\"https:\\\/\\\/www.fromfroid.com\\\/pt-br\\\/conhecimentos\\\/\",\"url\":\"https:\\\/\\\/www.fromfroid.com\\\/pt-br\\\/conhecimentos\\\/\",\"name\":\"especialista de resfriamento para paletes iogurte processo de tratamento do ar - Fromfroid\",\"isPartOf\":{\"@id\":\"https:\\\/\\\/www.fromfroid.com\\\/pt-br\\\/#website\"},\"datePublished\":\"2020-03-17T10:10:31+00:00\",\"dateModified\":\"2020-04-02T07:15:40+00:00\",\"breadcrumb\":{\"@id\":\"https:\\\/\\\/www.fromfroid.com\\\/pt-br\\\/conhecimentos\\\/#breadcrumb\"},\"inLanguage\":\"pt-BR\",\"potentialAction\":[{\"@type\":\"ReadAction\",\"target\":[\"https:\\\/\\\/www.fromfroid.com\\\/pt-br\\\/conhecimentos\\\/\"]}]},{\"@type\":\"BreadcrumbList\",\"@id\":\"https:\\\/\\\/www.fromfroid.com\\\/pt-br\\\/conhecimentos\\\/#breadcrumb\",\"itemListElement\":[{\"@type\":\"ListItem\",\"position\":1,\"name\":\"Home\",\"item\":\"https:\\\/\\\/www.fromfroid.com\\\/pt-br\\\/\"},{\"@type\":\"ListItem\",\"position\":2,\"name\":\"Conhecimentos\"}]},{\"@type\":\"WebSite\",\"@id\":\"https:\\\/\\\/www.fromfroid.com\\\/pt-br\\\/#website\",\"url\":\"https:\\\/\\\/www.fromfroid.com\\\/pt-br\\\/\",\"name\":\"Fromfroid\",\"description\":\"\",\"potentialAction\":[{\"@type\":\"SearchAction\",\"target\":{\"@type\":\"EntryPoint\",\"urlTemplate\":\"https:\\\/\\\/www.fromfroid.com\\\/pt-br\\\/?s={search_term_string}\"},\"query-input\":{\"@type\":\"PropertyValueSpecification\",\"valueRequired\":true,\"valueName\":\"search_term_string\"}}],\"inLanguage\":\"pt-BR\"}]}<\/script>\n<!-- \/ Yoast SEO plugin. -->","yoast_head_json":{"title":"especialista de resfriamento para paletes iogurte processo de tratamento do ar - Fromfroid","robots":{"index":"index","follow":"follow","max-snippet":"max-snippet:-1","max-image-preview":"max-image-preview:large","max-video-preview":"max-video-preview:-1"},"canonical":"https:\/\/www.fromfroid.com\/pt-br\/conhecimentos\/","og_locale":"pt_BR","og_type":"article","og_title":"especialista de resfriamento para paletes iogurte processo de tratamento do ar - Fromfroid","og_description":"[vc_row][vc_column][vc_column_text css=&#8221;.vc_custom_1574784065526{margin-bottom: 0px !important;}&#8221;]A FROMFROID realiza engenharia, fabrica\u00e7\u00e3o, instala\u00e7\u00e3o e monitoramento de suas instala\u00e7\u00f5es em todo o mundo e atende \u00e0s suas necessidades tanto para solu\u00e7\u00f5es padr\u00f5es quanto para solu\u00e7\u00f5es personalizadas, adaptadas \u00e0s suas necessidades e restri\u00e7\u00f5es. \u00c1reas de atua\u00e7\u00e3o: Engenharia e consultoria Refrigera\u00e7\u00e3o r\u00e1pida Processo de tratamento do ar Refrigera\u00e7\u00e3o industrial Servi\u00e7o p\u00f3s-venda e [&hellip;]","og_url":"https:\/\/www.fromfroid.com\/pt-br\/conhecimentos\/","og_site_name":"Fromfroid","article_modified_time":"2020-04-02T07:15:40+00:00","twitter_card":"summary_large_image","schema":{"@context":"https:\/\/schema.org","@graph":[{"@type":"WebPage","@id":"https:\/\/www.fromfroid.com\/pt-br\/conhecimentos\/","url":"https:\/\/www.fromfroid.com\/pt-br\/conhecimentos\/","name":"especialista de resfriamento para paletes iogurte processo de tratamento do ar - Fromfroid","isPartOf":{"@id":"https:\/\/www.fromfroid.com\/pt-br\/#website"},"datePublished":"2020-03-17T10:10:31+00:00","dateModified":"2020-04-02T07:15:40+00:00","breadcrumb":{"@id":"https:\/\/www.fromfroid.com\/pt-br\/conhecimentos\/#breadcrumb"},"inLanguage":"pt-BR","potentialAction":[{"@type":"ReadAction","target":["https:\/\/www.fromfroid.com\/pt-br\/conhecimentos\/"]}]},{"@type":"BreadcrumbList","@id":"https:\/\/www.fromfroid.com\/pt-br\/conhecimentos\/#breadcrumb","itemListElement":[{"@type":"ListItem","position":1,"name":"Home","item":"https:\/\/www.fromfroid.com\/pt-br\/"},{"@type":"ListItem","position":2,"name":"Conhecimentos"}]},{"@type":"WebSite","@id":"https:\/\/www.fromfroid.com\/pt-br\/#website","url":"https:\/\/www.fromfroid.com\/pt-br\/","name":"Fromfroid","description":"","potentialAction":[{"@type":"SearchAction","target":{"@type":"EntryPoint","urlTemplate":"https:\/\/www.fromfroid.com\/pt-br\/?s={search_term_string}"},"query-input":{"@type":"PropertyValueSpecification","valueRequired":true,"valueName":"search_term_string"}}],"inLanguage":"pt-BR"}]}},"_links":{"self":[{"href":"https:\/\/www.fromfroid.com\/pt-br\/wp-json\/wp\/v2\/pages\/2757","targetHints":{"allow":["GET"]}}],"collection":[{"href":"https:\/\/www.fromfroid.com\/pt-br\/wp-json\/wp\/v2\/pages"}],"about":[{"href":"https:\/\/www.fromfroid.com\/pt-br\/wp-json\/wp\/v2\/types\/page"}],"author":[{"embeddable":true,"href":"https:\/\/www.fromfroid.com\/pt-br\/wp-json\/wp\/v2\/users\/2"}],"replies":[{"embeddable":true,"href":"https:\/\/www.fromfroid.com\/pt-br\/wp-json\/wp\/v2\/comments?post=2757"}],"version-history":[{"count":3,"href":"https:\/\/www.fromfroid.com\/pt-br\/wp-json\/wp\/v2\/pages\/2757\/revisions"}],"predecessor-version":[{"id":2926,"href":"https:\/\/www.fromfroid.com\/pt-br\/wp-json\/wp\/v2\/pages\/2757\/revisions\/2926"}],"wp:attachment":[{"href":"https:\/\/www.fromfroid.com\/pt-br\/wp-json\/wp\/v2\/media?parent=2757"}],"curies":[{"name":"wp","href":"https:\/\/api.w.org\/{rel}","templated":true}]}}