{"id":2782,"date":"2020-03-18T15:20:48","date_gmt":"2020-03-18T14:20:48","guid":{"rendered":"https:\/\/www.fromfroid.com\/especialista-do-frio-para-a-industria-de-alimentos\/"},"modified":"2020-04-07T10:42:27","modified_gmt":"2020-04-07T08:42:27","slug":"especialista-do-frio-para-a-industria-de-alimentos","status":"publish","type":"page","link":"https:\/\/www.fromfroid.com\/pt-br\/fromfroid\/especialista-do-frio-para-a-industria-de-alimentos\/","title":{"rendered":"Especialista do frio para a ind\u00fastria de alimentos"},"content":{"rendered":"[mk_page_section bg_position=&#8221;center top&#8221; bg_repeat=&#8221;no-repeat&#8221; enable_3d=&#8221;true&#8221; bg_gradient=&#8221;vertical&#8221; video_color_mask=&#8221;#ffffff&#8221; gr_end=&#8221;rgba(255,255,255,0.4)&#8221; video_opacity=&#8221;0&#8243; padding_top=&#8221;50&#8243; padding_bottom=&#8221;50&#8243; margin_bottom=&#8221;50&#8243; sidebar=&#8221;sidebar-1&#8243; first_page=&#8221;false&#8221; last_page=&#8221;false&#8221;][vc_column width=&#8221;1\/3&#8243;][mk_image src=&#8221;https:\/\/www.fromfroid.com\/wp-content\/uploads\/2018\/11\/fromfroid-logo.png&#8221;][\/vc_column][vc_column width=&#8221;2\/3&#8243;][vc_column_text css=&#8221;.vc_custom_1574781445827{margin-bottom: 0px !important;}&#8221;]\n<h2 style=\"text-align: center;\"><strong>Tecnologia<\/strong>, <strong>Especializa\u00e7\u00e3o<\/strong> e <strong>Inova\u00e7\u00e3o<\/strong><\/h2>\n<h2 style=\"text-align: center;\">FROMFROID, um know-how \u00fanico<\/h2>\n<p>&nbsp;<\/p>\n<p>Uma empresa de quase <strong>50 anos<\/strong> de idade, a FROMFROID \u00e9 especializada em <a href=\"https:\/\/www.fromfroid.com\/pt-br\/conhecimentos\/processo-de-tratamento-de-ar\/ar-condicionado-e-climatisacao-na-industria-de-queijos\/\">ar condicionado de processos<\/a>, ar condicionado industrial,<a href=\"https:\/\/www.fromfroid.com\/pt-br\/conhecimentos\/resfriamento-rapido-para-paletes\/\"> produ\u00e7\u00e3o r\u00e1pida de refrigera\u00e7\u00e3o<\/a> e <a href=\"https:\/\/www.fromfroid.com\/pt-br\/conhecimentos\/frio-industrial\/producao-de-refrigeracao\/\">produ\u00e7\u00e3o frigor\u00edfica<\/a> para a ind\u00fastria de alimentos.<\/p>\n<p>Uma empresa familiar reconhecida por suas <a href=\"https:\/\/www.fromfroid.com\/pt-br\/fromfroid\/inovacoes-na-industria-agroalimentar\/\">inova\u00e7\u00f5es<\/a> e know-how, a FROMFROID trabalha para todos os l\u00edderes <a href=\"https:\/\/www.fromfroid.com\/pt-br\/fale-conosco\/\">mundiais<\/a> da ind\u00fastria de alimentos e latic\u00ednios.<\/p>\n<p>Presente comercialmente em todo o mundo, a FROMFROID atender\u00e1 \u00e0s suas necessidades e o aconselhar\u00e1 a atingir seus objetivos de <strong>qualidade<\/strong>, <strong>confiabilidade<\/strong> e <strong>otimiza\u00e7\u00e3o de energia.<\/strong>[\/vc_column_text][mk_padding_divider][\/vc_column][\/mk_page_section]\n","protected":false},"excerpt":{"rendered":"<p>[mk_page_section bg_position=&#8221;center top&#8221; bg_repeat=&#8221;no-repeat&#8221; enable_3d=&#8221;true&#8221; bg_gradient=&#8221;vertical&#8221; video_color_mask=&#8221;#ffffff&#8221; gr_end=&#8221;rgba(255,255,255,0.4)&#8221; video_opacity=&#8221;0&#8243; padding_top=&#8221;50&#8243; padding_bottom=&#8221;50&#8243; margin_bottom=&#8221;50&#8243; sidebar=&#8221;sidebar-1&#8243; first_page=&#8221;false&#8221; last_page=&#8221;false&#8221;][vc_column width=&#8221;1\/3&#8243;][mk_image src=&#8221;https:\/\/www.fromfroid.com\/wp-content\/uploads\/2018\/11\/fromfroid-logo.png&#8221;][\/vc_column][vc_column width=&#8221;2\/3&#8243;][vc_column_text css=&#8221;.vc_custom_1574781445827{margin-bottom: 0px !important;}&#8221;] Tecnologia, Especializa\u00e7\u00e3o e Inova\u00e7\u00e3o FROMFROID, um know-how \u00fanico &nbsp; Uma empresa de quase 50 anos de idade, a FROMFROID \u00e9 especializada em ar condicionado de processos, ar condicionado industrial, produ\u00e7\u00e3o r\u00e1pida de refrigera\u00e7\u00e3o e [&hellip;]<\/p>\n","protected":false},"author":3,"featured_media":0,"parent":2833,"menu_order":0,"comment_status":"closed","ping_status":"closed","template":"","meta":{"footnotes":""},"class_list":["post-2782","page","type-page","status-publish","hentry"],"yoast_head":"<!-- This site is optimized with the Yoast SEO plugin v27.4 - https:\/\/yoast.com\/product\/yoast-seo-wordpress\/ -->\n<title>especialista processo de tratamento de ar agroalientar - Fromfroid<\/title>\n<meta name=\"robots\" content=\"index, follow, max-snippet:-1, max-image-preview:large, max-video-preview:-1\" \/>\n<link rel=\"canonical\" href=\"https:\/\/www.fromfroid.com\/pt-br\/fromfroid\/especialista-do-frio-para-a-industria-de-alimentos\/\" \/>\n<meta property=\"og:locale\" content=\"pt_BR\" \/>\n<meta property=\"og:type\" content=\"article\" \/>\n<meta property=\"og:title\" content=\"especialista processo de tratamento de ar agroalientar - Fromfroid\" \/>\n<meta property=\"og:description\" content=\"[mk_page_section bg_position=&#8221;center top&#8221; bg_repeat=&#8221;no-repeat&#8221; enable_3d=&#8221;true&#8221; bg_gradient=&#8221;vertical&#8221; video_color_mask=&#8221;#ffffff&#8221; gr_end=&#8221;rgba(255,255,255,0.4)&#8221; video_opacity=&#8221;0&#8243; padding_top=&#8221;50&#8243; padding_bottom=&#8221;50&#8243; margin_bottom=&#8221;50&#8243; sidebar=&#8221;sidebar-1&#8243; first_page=&#8221;false&#8221; last_page=&#8221;false&#8221;][vc_column width=&#8221;1\/3&#8243;][mk_image src=&#8221;https:\/\/www.fromfroid.com\/wp-content\/uploads\/2018\/11\/fromfroid-logo.png&#8221;][\/vc_column][vc_column width=&#8221;2\/3&#8243;][vc_column_text css=&#8221;.vc_custom_1574781445827{margin-bottom: 0px !important;}&#8221;] Tecnologia, Especializa\u00e7\u00e3o e Inova\u00e7\u00e3o FROMFROID, um know-how \u00fanico &nbsp; Uma empresa de quase 50 anos de idade, a FROMFROID \u00e9 especializada em ar condicionado de processos, ar condicionado industrial, produ\u00e7\u00e3o r\u00e1pida de refrigera\u00e7\u00e3o e [&hellip;]\" \/>\n<meta property=\"og:url\" content=\"https:\/\/www.fromfroid.com\/pt-br\/fromfroid\/especialista-do-frio-para-a-industria-de-alimentos\/\" \/>\n<meta property=\"og:site_name\" content=\"Fromfroid\" \/>\n<meta property=\"article:modified_time\" content=\"2020-04-07T08:42:27+00:00\" \/>\n<meta name=\"twitter:card\" content=\"summary_large_image\" \/>\n<meta name=\"twitter:label1\" content=\"Est. tempo de leitura\" \/>\n\t<meta name=\"twitter:data1\" content=\"1 minuto\" \/>\n<script type=\"application\/ld+json\" class=\"yoast-schema-graph\">{\"@context\":\"https:\\\/\\\/schema.org\",\"@graph\":[{\"@type\":\"WebPage\",\"@id\":\"https:\\\/\\\/www.fromfroid.com\\\/pt-br\\\/fromfroid\\\/especialista-do-frio-para-a-industria-de-alimentos\\\/\",\"url\":\"https:\\\/\\\/www.fromfroid.com\\\/pt-br\\\/fromfroid\\\/especialista-do-frio-para-a-industria-de-alimentos\\\/\",\"name\":\"especialista processo de tratamento de ar agroalientar - Fromfroid\",\"isPartOf\":{\"@id\":\"https:\\\/\\\/www.fromfroid.com\\\/pt-br\\\/#website\"},\"datePublished\":\"2020-03-18T14:20:48+00:00\",\"dateModified\":\"2020-04-07T08:42:27+00:00\",\"breadcrumb\":{\"@id\":\"https:\\\/\\\/www.fromfroid.com\\\/pt-br\\\/fromfroid\\\/especialista-do-frio-para-a-industria-de-alimentos\\\/#breadcrumb\"},\"inLanguage\":\"pt-BR\",\"potentialAction\":[{\"@type\":\"ReadAction\",\"target\":[\"https:\\\/\\\/www.fromfroid.com\\\/pt-br\\\/fromfroid\\\/especialista-do-frio-para-a-industria-de-alimentos\\\/\"]}]},{\"@type\":\"BreadcrumbList\",\"@id\":\"https:\\\/\\\/www.fromfroid.com\\\/pt-br\\\/fromfroid\\\/especialista-do-frio-para-a-industria-de-alimentos\\\/#breadcrumb\",\"itemListElement\":[{\"@type\":\"ListItem\",\"position\":1,\"name\":\"Home\",\"item\":\"https:\\\/\\\/www.fromfroid.com\\\/pt-br\\\/\"},{\"@type\":\"ListItem\",\"position\":2,\"name\":\"FROMFROID\",\"item\":\"https:\\\/\\\/www.fromfroid.com\\\/pt-br\\\/fromfroid\\\/\"},{\"@type\":\"ListItem\",\"position\":3,\"name\":\"Especialista do frio para a ind\u00fastria de alimentos\"}]},{\"@type\":\"WebSite\",\"@id\":\"https:\\\/\\\/www.fromfroid.com\\\/pt-br\\\/#website\",\"url\":\"https:\\\/\\\/www.fromfroid.com\\\/pt-br\\\/\",\"name\":\"Fromfroid\",\"description\":\"\",\"potentialAction\":[{\"@type\":\"SearchAction\",\"target\":{\"@type\":\"EntryPoint\",\"urlTemplate\":\"https:\\\/\\\/www.fromfroid.com\\\/pt-br\\\/?s={search_term_string}\"},\"query-input\":{\"@type\":\"PropertyValueSpecification\",\"valueRequired\":true,\"valueName\":\"search_term_string\"}}],\"inLanguage\":\"pt-BR\"}]}<\/script>\n<!-- \/ Yoast SEO plugin. -->","yoast_head_json":{"title":"especialista processo de tratamento de ar agroalientar - Fromfroid","robots":{"index":"index","follow":"follow","max-snippet":"max-snippet:-1","max-image-preview":"max-image-preview:large","max-video-preview":"max-video-preview:-1"},"canonical":"https:\/\/www.fromfroid.com\/pt-br\/fromfroid\/especialista-do-frio-para-a-industria-de-alimentos\/","og_locale":"pt_BR","og_type":"article","og_title":"especialista processo de tratamento de ar agroalientar - Fromfroid","og_description":"[mk_page_section bg_position=&#8221;center top&#8221; bg_repeat=&#8221;no-repeat&#8221; enable_3d=&#8221;true&#8221; bg_gradient=&#8221;vertical&#8221; video_color_mask=&#8221;#ffffff&#8221; gr_end=&#8221;rgba(255,255,255,0.4)&#8221; video_opacity=&#8221;0&#8243; padding_top=&#8221;50&#8243; padding_bottom=&#8221;50&#8243; margin_bottom=&#8221;50&#8243; sidebar=&#8221;sidebar-1&#8243; first_page=&#8221;false&#8221; last_page=&#8221;false&#8221;][vc_column width=&#8221;1\/3&#8243;][mk_image src=&#8221;https:\/\/www.fromfroid.com\/wp-content\/uploads\/2018\/11\/fromfroid-logo.png&#8221;][\/vc_column][vc_column width=&#8221;2\/3&#8243;][vc_column_text css=&#8221;.vc_custom_1574781445827{margin-bottom: 0px !important;}&#8221;] Tecnologia, Especializa\u00e7\u00e3o e Inova\u00e7\u00e3o FROMFROID, um know-how \u00fanico &nbsp; Uma empresa de quase 50 anos de idade, a FROMFROID \u00e9 especializada em ar condicionado de processos, ar condicionado industrial, produ\u00e7\u00e3o r\u00e1pida de refrigera\u00e7\u00e3o e [&hellip;]","og_url":"https:\/\/www.fromfroid.com\/pt-br\/fromfroid\/especialista-do-frio-para-a-industria-de-alimentos\/","og_site_name":"Fromfroid","article_modified_time":"2020-04-07T08:42:27+00:00","twitter_card":"summary_large_image","twitter_misc":{"Est. tempo de leitura":"1 minuto"},"schema":{"@context":"https:\/\/schema.org","@graph":[{"@type":"WebPage","@id":"https:\/\/www.fromfroid.com\/pt-br\/fromfroid\/especialista-do-frio-para-a-industria-de-alimentos\/","url":"https:\/\/www.fromfroid.com\/pt-br\/fromfroid\/especialista-do-frio-para-a-industria-de-alimentos\/","name":"especialista processo de tratamento de ar agroalientar - Fromfroid","isPartOf":{"@id":"https:\/\/www.fromfroid.com\/pt-br\/#website"},"datePublished":"2020-03-18T14:20:48+00:00","dateModified":"2020-04-07T08:42:27+00:00","breadcrumb":{"@id":"https:\/\/www.fromfroid.com\/pt-br\/fromfroid\/especialista-do-frio-para-a-industria-de-alimentos\/#breadcrumb"},"inLanguage":"pt-BR","potentialAction":[{"@type":"ReadAction","target":["https:\/\/www.fromfroid.com\/pt-br\/fromfroid\/especialista-do-frio-para-a-industria-de-alimentos\/"]}]},{"@type":"BreadcrumbList","@id":"https:\/\/www.fromfroid.com\/pt-br\/fromfroid\/especialista-do-frio-para-a-industria-de-alimentos\/#breadcrumb","itemListElement":[{"@type":"ListItem","position":1,"name":"Home","item":"https:\/\/www.fromfroid.com\/pt-br\/"},{"@type":"ListItem","position":2,"name":"FROMFROID","item":"https:\/\/www.fromfroid.com\/pt-br\/fromfroid\/"},{"@type":"ListItem","position":3,"name":"Especialista do frio para a ind\u00fastria de alimentos"}]},{"@type":"WebSite","@id":"https:\/\/www.fromfroid.com\/pt-br\/#website","url":"https:\/\/www.fromfroid.com\/pt-br\/","name":"Fromfroid","description":"","potentialAction":[{"@type":"SearchAction","target":{"@type":"EntryPoint","urlTemplate":"https:\/\/www.fromfroid.com\/pt-br\/?s={search_term_string}"},"query-input":{"@type":"PropertyValueSpecification","valueRequired":true,"valueName":"search_term_string"}}],"inLanguage":"pt-BR"}]}},"_links":{"self":[{"href":"https:\/\/www.fromfroid.com\/pt-br\/wp-json\/wp\/v2\/pages\/2782","targetHints":{"allow":["GET"]}}],"collection":[{"href":"https:\/\/www.fromfroid.com\/pt-br\/wp-json\/wp\/v2\/pages"}],"about":[{"href":"https:\/\/www.fromfroid.com\/pt-br\/wp-json\/wp\/v2\/types\/page"}],"author":[{"embeddable":true,"href":"https:\/\/www.fromfroid.com\/pt-br\/wp-json\/wp\/v2\/users\/3"}],"replies":[{"embeddable":true,"href":"https:\/\/www.fromfroid.com\/pt-br\/wp-json\/wp\/v2\/comments?post=2782"}],"version-history":[{"count":8,"href":"https:\/\/www.fromfroid.com\/pt-br\/wp-json\/wp\/v2\/pages\/2782\/revisions"}],"predecessor-version":[{"id":3100,"href":"https:\/\/www.fromfroid.com\/pt-br\/wp-json\/wp\/v2\/pages\/2782\/revisions\/3100"}],"up":[{"embeddable":true,"href":"https:\/\/www.fromfroid.com\/pt-br\/wp-json\/wp\/v2\/pages\/2833"}],"wp:attachment":[{"href":"https:\/\/www.fromfroid.com\/pt-br\/wp-json\/wp\/v2\/media?parent=2782"}],"curies":[{"name":"wp","href":"https:\/\/api.w.org\/{rel}","templated":true}]}}