{"id":2787,"date":"2020-03-18T16:16:50","date_gmt":"2020-03-18T15:16:50","guid":{"rendered":"https:\/\/www.fromfroid.com\/politica-de-privacidade\/"},"modified":"2020-03-18T16:16:50","modified_gmt":"2020-03-18T15:16:50","slug":"politica-de-privacidade","status":"publish","type":"page","link":"https:\/\/www.fromfroid.com\/pt-br\/politica-de-privacidade\/","title":{"rendered":"Pol\u00edtica de privacidade"},"content":{"rendered":"<h2>Quem somos ?<\/h2>\n<p>O endere\u00e7o do nosso site \u00e9: <a href=\"https:\/\/fromfroid.netvolution.fr\">https:\/\/fromfroid.netvolution.<\/a>com.<\/p>\n<h2>Uso de datos pessoais coletados<\/h2>\n<h3>Coment\u00e1rios<\/h3>\n<p>Quando voc\u00ea deixa um coment\u00e1rio em nosso site, os dados inseridos no formul\u00e1rio de coment\u00e1rios, o seu endere\u00e7o IP e o agente do usu\u00e1rio do seu navegador s\u00e3o coletados para nos ajudar a detectar coment\u00e1rios indesejados.<\/p>\n<p>Uma sequ\u00eancia an\u00f4nima criada a partir do seu endere\u00e7o de email (tamb\u00e9m conhecido como hash) pode ser enviada ao servi\u00e7o Gravatar para verificar se voc\u00ea est\u00e1 usando. As cl\u00e1usulas de confidencialidade do servi\u00e7o Gravatar est\u00e3o dispon\u00edveis em: https:\/\/automattic.com\/privacy\/. Ap\u00f3s a valida\u00e7\u00e3o do seu coment\u00e1rio, sua foto do perfil ficar\u00e1 vis\u00edvel publicamente ao lado do seu coment\u00e1rio.<\/p>\n<h3>M\u00eddia<\/h3>\n<p>Se voc\u00ea \u00e9 um usu\u00e1rio registrado e faz upload de imagens para o site, recomendamos que evite fazer upload de imagens contendo dados EXIF \u200b\u200bdas coordenadas do GPS. Os visitantes do seu site podem baixar e extrair dados de localiza\u00e7\u00e3o dessas imagens.<\/p>\n<h3>Formul\u00e1rios de contato<\/h3>\n<h3>Cookies<\/h3>\n<p>Se voc\u00ea postar um coment\u00e1rio em nosso site, ser\u00e1 oferecido para salvar seu nome, endere\u00e7o de e-mail e site em cookies. \u00c9 apenas para o seu conforto, para que voc\u00ea n\u00e3o precise inserir essas informa\u00e7\u00f5es se postar outro coment\u00e1rio posteriormente. Esses cookies expiram ap\u00f3s um ano.<\/p>\n<p>Se voc\u00ea tiver uma conta e se conectar a este site, um cookie tempor\u00e1rio ser\u00e1 criado para determinar se o seu navegador aceita cookies. Ele n\u00e3o cont\u00e9m dados pessoais e ser\u00e1 exclu\u00eddo automaticamente quando voc\u00ea fechar o navegador.<\/p>\n<p>Quando voc\u00ea faz login, definiremos v\u00e1rios cookies para armazenar suas informa\u00e7\u00f5es de login e prefer\u00eancias de tela. O tempo de vida de um cookie de login \u00e9 de dois dias; o de um cookie de op\u00e7\u00e3o de tela \u00e9 de um ano. Se voc\u00ea marcar &#8220;Lembrar de mim&#8221;, seu cookie de login ser\u00e1 mantido por duas semanas. Se voc\u00ea sair da sua conta, o cookie de login ser\u00e1 exclu\u00eddo.<\/p>\n<p>Ao modificar ou publicar uma publica\u00e7\u00e3o, um cookie adicional ser\u00e1 salvo no seu navegador. Este cookie n\u00e3o inclui nenhum dado pessoal. Diz apenas o ID da postagem que voc\u00ea acabou de editar. Ele expira ap\u00f3s um dia.<\/p>\n<h3>Conte\u00fado incorporado de outros sites<\/h3>\n<p>Os artigos deste site podem incluir conte\u00fado integrado (por exemplo, v\u00eddeos, imagens, artigos etc.). O conte\u00fado incorporado de outros sites se comporta da mesma maneira como se o visitante fosse para esse outro site.<\/p>\n<p>Esses sites podem coletar dados sobre voc\u00ea, usar cookies, incorporar ferramentas de rastreamento de terceiros, rastrear suas intera\u00e7\u00f5es com esse conte\u00fado incorporado, se voc\u00ea tiver uma conta conectada ao site deles.<\/p>\n<h3>Audi\u00eancia e estat\u00edsticas<\/h3>\n<h2>Uso e transmiss\u00e3o de seus dados pessoais<\/h2>\n<h2>Per\u00edodos de armazenamento dos seus dados<\/h2>\n<p>Se voc\u00ea deixar um coment\u00e1rio, o coment\u00e1rio e seus metadados ser\u00e3o mantidos indefinidamente. Isso reconhece e aprova automaticamente os seguintes coment\u00e1rios, em vez de deix\u00e1-los na fila de espera.<\/p>\n<p>Para usu\u00e1rios que se registram em nosso site (se poss\u00edvel), tamb\u00e9m armazenamos os dados pessoais indicados em seu perfil. Todos os usu\u00e1rios podem visualizar, modificar ou excluir suas informa\u00e7\u00f5es pessoais a qualquer momento (exceto seu nome de usu\u00e1rio). Os gerentes de site tamb\u00e9m podem visualizar e modificar essas informa\u00e7\u00f5es.<\/p>\n<h2>Os direitos que voc\u00ea tem sobre seus dados<\/h2>\n<p>Se voc\u00ea possui uma conta ou deixou coment\u00e1rios no site, pode solicitar o recebimento de um arquivo contendo todos os dados pessoais que temos sobre voc\u00ea, incluindo aqueles que voc\u00ea nos forneceu. Voc\u00ea tamb\u00e9m pode solicitar a exclus\u00e3o de dados pessoais relacionados a voc\u00ea. Isso n\u00e3o leva em considera\u00e7\u00e3o os dados armazenados por raz\u00f5es administrativas, legais ou de seguran\u00e7a.<\/p>\n<h2>Transmiss\u00e3o de seus dados pessoais<\/h2>\n<p>Os coment\u00e1rios dos visitantes podem ser verificados usando um servi\u00e7o automatizado de detec\u00e7\u00e3o de spam.<\/p>\n<h2>Informa\u00e7\u00f5es para contato<\/h2>\n<h2>Informa\u00e7\u00f5es adicionais<\/h2>\n<h3>Como protegemos os seus dados<\/h3>\n<h3>Procedimentos implementados em caso de vazamento de dados<\/h3>\n<h3>Servi\u00e7os de terceiros que nos transmitem dados<\/h3>\n<h3>Opera\u00e7\u00f5es automatizadas de marketing e \/ ou cria\u00e7\u00e3o de perfil realizadas usando dados pessoais<\/h3>\n<h3>Exibi\u00e7\u00e3o de informa\u00e7\u00f5es relacionadas a setores sujeitos a regulamentos espec\u00edficos<\/h3>\n","protected":false},"excerpt":{"rendered":"<p>Quem somos ? O endere\u00e7o do nosso site \u00e9: https:\/\/fromfroid.netvolution.com. Uso de datos pessoais coletados Coment\u00e1rios Quando voc\u00ea deixa um coment\u00e1rio em nosso site, os dados inseridos no formul\u00e1rio de coment\u00e1rios, o seu endere\u00e7o IP e o agente do usu\u00e1rio do seu navegador s\u00e3o coletados para nos ajudar a detectar coment\u00e1rios indesejados. Uma sequ\u00eancia an\u00f4nima [&hellip;]<\/p>\n","protected":false},"author":1,"featured_media":0,"parent":0,"menu_order":0,"comment_status":"closed","ping_status":"open","template":"","meta":{"footnotes":""},"class_list":["post-2787","page","type-page","status-publish","hentry"],"yoast_head":"<!-- This site is optimized with the Yoast SEO plugin v27.4 - https:\/\/yoast.com\/product\/yoast-seo-wordpress\/ -->\n<title>Pol\u00edtica de privacidade - Fromfroid<\/title>\n<meta name=\"robots\" content=\"index, follow, max-snippet:-1, max-image-preview:large, max-video-preview:-1\" \/>\n<link rel=\"canonical\" href=\"https:\/\/www.fromfroid.com\/pt-br\/politica-de-privacidade\/\" \/>\n<meta property=\"og:locale\" content=\"pt_BR\" \/>\n<meta property=\"og:type\" content=\"article\" \/>\n<meta property=\"og:title\" content=\"Pol\u00edtica de privacidade - Fromfroid\" \/>\n<meta property=\"og:description\" content=\"Quem somos ? O endere\u00e7o do nosso site \u00e9: https:\/\/fromfroid.netvolution.com. Uso de datos pessoais coletados Coment\u00e1rios Quando voc\u00ea deixa um coment\u00e1rio em nosso site, os dados inseridos no formul\u00e1rio de coment\u00e1rios, o seu endere\u00e7o IP e o agente do usu\u00e1rio do seu navegador s\u00e3o coletados para nos ajudar a detectar coment\u00e1rios indesejados. Uma sequ\u00eancia an\u00f4nima [&hellip;]\" \/>\n<meta property=\"og:url\" content=\"https:\/\/www.fromfroid.com\/pt-br\/politica-de-privacidade\/\" \/>\n<meta property=\"og:site_name\" content=\"Fromfroid\" \/>\n<meta name=\"twitter:card\" content=\"summary_large_image\" \/>\n<meta name=\"twitter:label1\" content=\"Est. tempo de leitura\" \/>\n\t<meta name=\"twitter:data1\" content=\"4 minutos\" \/>\n<script type=\"application\/ld+json\" class=\"yoast-schema-graph\">{\"@context\":\"https:\\\/\\\/schema.org\",\"@graph\":[{\"@type\":\"WebPage\",\"@id\":\"https:\\\/\\\/www.fromfroid.com\\\/pt-br\\\/politica-de-privacidade\\\/\",\"url\":\"https:\\\/\\\/www.fromfroid.com\\\/pt-br\\\/politica-de-privacidade\\\/\",\"name\":\"Pol\u00edtica de privacidade - Fromfroid\",\"isPartOf\":{\"@id\":\"https:\\\/\\\/www.fromfroid.com\\\/pt-br\\\/#website\"},\"datePublished\":\"2020-03-18T15:16:50+00:00\",\"breadcrumb\":{\"@id\":\"https:\\\/\\\/www.fromfroid.com\\\/pt-br\\\/politica-de-privacidade\\\/#breadcrumb\"},\"inLanguage\":\"pt-BR\",\"potentialAction\":[{\"@type\":\"ReadAction\",\"target\":[\"https:\\\/\\\/www.fromfroid.com\\\/pt-br\\\/politica-de-privacidade\\\/\"]}]},{\"@type\":\"BreadcrumbList\",\"@id\":\"https:\\\/\\\/www.fromfroid.com\\\/pt-br\\\/politica-de-privacidade\\\/#breadcrumb\",\"itemListElement\":[{\"@type\":\"ListItem\",\"position\":1,\"name\":\"Home\",\"item\":\"https:\\\/\\\/www.fromfroid.com\\\/pt-br\\\/\"},{\"@type\":\"ListItem\",\"position\":2,\"name\":\"Pol\u00edtica de privacidade\"}]},{\"@type\":\"WebSite\",\"@id\":\"https:\\\/\\\/www.fromfroid.com\\\/pt-br\\\/#website\",\"url\":\"https:\\\/\\\/www.fromfroid.com\\\/pt-br\\\/\",\"name\":\"Fromfroid\",\"description\":\"\",\"potentialAction\":[{\"@type\":\"SearchAction\",\"target\":{\"@type\":\"EntryPoint\",\"urlTemplate\":\"https:\\\/\\\/www.fromfroid.com\\\/pt-br\\\/?s={search_term_string}\"},\"query-input\":{\"@type\":\"PropertyValueSpecification\",\"valueRequired\":true,\"valueName\":\"search_term_string\"}}],\"inLanguage\":\"pt-BR\"}]}<\/script>\n<!-- \/ Yoast SEO plugin. -->","yoast_head_json":{"title":"Pol\u00edtica de privacidade - Fromfroid","robots":{"index":"index","follow":"follow","max-snippet":"max-snippet:-1","max-image-preview":"max-image-preview:large","max-video-preview":"max-video-preview:-1"},"canonical":"https:\/\/www.fromfroid.com\/pt-br\/politica-de-privacidade\/","og_locale":"pt_BR","og_type":"article","og_title":"Pol\u00edtica de privacidade - Fromfroid","og_description":"Quem somos ? O endere\u00e7o do nosso site \u00e9: https:\/\/fromfroid.netvolution.com. Uso de datos pessoais coletados Coment\u00e1rios Quando voc\u00ea deixa um coment\u00e1rio em nosso site, os dados inseridos no formul\u00e1rio de coment\u00e1rios, o seu endere\u00e7o IP e o agente do usu\u00e1rio do seu navegador s\u00e3o coletados para nos ajudar a detectar coment\u00e1rios indesejados. Uma sequ\u00eancia an\u00f4nima [&hellip;]","og_url":"https:\/\/www.fromfroid.com\/pt-br\/politica-de-privacidade\/","og_site_name":"Fromfroid","twitter_card":"summary_large_image","twitter_misc":{"Est. tempo de leitura":"4 minutos"},"schema":{"@context":"https:\/\/schema.org","@graph":[{"@type":"WebPage","@id":"https:\/\/www.fromfroid.com\/pt-br\/politica-de-privacidade\/","url":"https:\/\/www.fromfroid.com\/pt-br\/politica-de-privacidade\/","name":"Pol\u00edtica de privacidade - Fromfroid","isPartOf":{"@id":"https:\/\/www.fromfroid.com\/pt-br\/#website"},"datePublished":"2020-03-18T15:16:50+00:00","breadcrumb":{"@id":"https:\/\/www.fromfroid.com\/pt-br\/politica-de-privacidade\/#breadcrumb"},"inLanguage":"pt-BR","potentialAction":[{"@type":"ReadAction","target":["https:\/\/www.fromfroid.com\/pt-br\/politica-de-privacidade\/"]}]},{"@type":"BreadcrumbList","@id":"https:\/\/www.fromfroid.com\/pt-br\/politica-de-privacidade\/#breadcrumb","itemListElement":[{"@type":"ListItem","position":1,"name":"Home","item":"https:\/\/www.fromfroid.com\/pt-br\/"},{"@type":"ListItem","position":2,"name":"Pol\u00edtica de privacidade"}]},{"@type":"WebSite","@id":"https:\/\/www.fromfroid.com\/pt-br\/#website","url":"https:\/\/www.fromfroid.com\/pt-br\/","name":"Fromfroid","description":"","potentialAction":[{"@type":"SearchAction","target":{"@type":"EntryPoint","urlTemplate":"https:\/\/www.fromfroid.com\/pt-br\/?s={search_term_string}"},"query-input":{"@type":"PropertyValueSpecification","valueRequired":true,"valueName":"search_term_string"}}],"inLanguage":"pt-BR"}]}},"_links":{"self":[{"href":"https:\/\/www.fromfroid.com\/pt-br\/wp-json\/wp\/v2\/pages\/2787","targetHints":{"allow":["GET"]}}],"collection":[{"href":"https:\/\/www.fromfroid.com\/pt-br\/wp-json\/wp\/v2\/pages"}],"about":[{"href":"https:\/\/www.fromfroid.com\/pt-br\/wp-json\/wp\/v2\/types\/page"}],"author":[{"embeddable":true,"href":"https:\/\/www.fromfroid.com\/pt-br\/wp-json\/wp\/v2\/users\/1"}],"replies":[{"embeddable":true,"href":"https:\/\/www.fromfroid.com\/pt-br\/wp-json\/wp\/v2\/comments?post=2787"}],"version-history":[{"count":0,"href":"https:\/\/www.fromfroid.com\/pt-br\/wp-json\/wp\/v2\/pages\/2787\/revisions"}],"wp:attachment":[{"href":"https:\/\/www.fromfroid.com\/pt-br\/wp-json\/wp\/v2\/media?parent=2787"}],"curies":[{"name":"wp","href":"https:\/\/api.w.org\/{rel}","templated":true}]}}