{"id":2788,"date":"2020-03-19T08:57:55","date_gmt":"2020-03-19T07:57:55","guid":{"rendered":"https:\/\/www.fromfroid.com\/todas-as-novidades-fromfroid\/"},"modified":"2020-04-28T15:06:26","modified_gmt":"2020-04-28T13:06:26","slug":"todas-as-novidades-fromfroid","status":"publish","type":"page","link":"https:\/\/www.fromfroid.com\/pt-br\/todas-as-novidades-fromfroid\/","title":{"rendered":"Todas as novidades FROMFROID"},"content":{"rendered":"[mk_page_section bottom_shape_style=&#8221;speech-bottom&#8221; sidebar=&#8221;sidebar-1&#8243;][vc_column width=&#8221;2\/3&#8243;][mk_padding_divider][mk_blog style=&#8221;newspaper&#8221;][\/vc_column][vc_column width=&#8221;1\/3&#8243;][vc_wp_search title=&#8221;Procurar&#8221;][vc_wp_categories][vc_wp_archives][\/vc_column][\/mk_page_section]\n","protected":false},"excerpt":{"rendered":"<p>[mk_page_section bottom_shape_style=&#8221;speech-bottom&#8221; sidebar=&#8221;sidebar-1&#8243;][vc_column width=&#8221;2\/3&#8243;][mk_padding_divider][mk_blog style=&#8221;newspaper&#8221;][\/vc_column][vc_column width=&#8221;1\/3&#8243;][vc_wp_search title=&#8221;Procurar&#8221;][vc_wp_categories][vc_wp_archives][\/vc_column][\/mk_page_section]<\/p>\n","protected":false},"author":2,"featured_media":0,"parent":0,"menu_order":0,"comment_status":"closed","ping_status":"closed","template":"","meta":{"footnotes":""},"class_list":["post-2788","page","type-page","status-publish","hentry"],"yoast_head":"<!-- This site is optimized with the Yoast SEO plugin v27.4 - https:\/\/yoast.com\/product\/yoast-seo-wordpress\/ -->\n<title>Not\u00edcias, novidades, feiras, inova\u00e7\u00f5es - Fromfroid<\/title>\n<meta name=\"robots\" content=\"index, follow, max-snippet:-1, max-image-preview:large, max-video-preview:-1\" \/>\n<link rel=\"canonical\" href=\"https:\/\/www.fromfroid.com\/pt-br\/todas-as-novidades-fromfroid\/\" \/>\n<meta property=\"og:locale\" content=\"pt_BR\" \/>\n<meta property=\"og:type\" content=\"article\" \/>\n<meta property=\"og:title\" content=\"Not\u00edcias, novidades, feiras, inova\u00e7\u00f5es - Fromfroid\" \/>\n<meta property=\"og:description\" content=\"[mk_page_section bottom_shape_style=&#8221;speech-bottom&#8221; sidebar=&#8221;sidebar-1&#8243;][vc_column width=&#8221;2\/3&#8243;][mk_padding_divider][mk_blog style=&#8221;newspaper&#8221;][\/vc_column][vc_column width=&#8221;1\/3&#8243;][vc_wp_search title=&#8221;Procurar&#8221;][vc_wp_categories][vc_wp_archives][\/vc_column][\/mk_page_section]\" \/>\n<meta property=\"og:url\" content=\"https:\/\/www.fromfroid.com\/pt-br\/todas-as-novidades-fromfroid\/\" \/>\n<meta property=\"og:site_name\" content=\"Fromfroid\" \/>\n<meta property=\"article:modified_time\" content=\"2020-04-28T13:06:26+00:00\" \/>\n<meta name=\"twitter:card\" content=\"summary_large_image\" \/>\n<script type=\"application\/ld+json\" class=\"yoast-schema-graph\">{\"@context\":\"https:\\\/\\\/schema.org\",\"@graph\":[{\"@type\":\"WebPage\",\"@id\":\"https:\\\/\\\/www.fromfroid.com\\\/pt-br\\\/todas-as-novidades-fromfroid\\\/\",\"url\":\"https:\\\/\\\/www.fromfroid.com\\\/pt-br\\\/todas-as-novidades-fromfroid\\\/\",\"name\":\"Not\u00edcias, novidades, feiras, inova\u00e7\u00f5es - Fromfroid\",\"isPartOf\":{\"@id\":\"https:\\\/\\\/www.fromfroid.com\\\/pt-br\\\/#website\"},\"datePublished\":\"2020-03-19T07:57:55+00:00\",\"dateModified\":\"2020-04-28T13:06:26+00:00\",\"breadcrumb\":{\"@id\":\"https:\\\/\\\/www.fromfroid.com\\\/pt-br\\\/todas-as-novidades-fromfroid\\\/#breadcrumb\"},\"inLanguage\":\"pt-BR\",\"potentialAction\":[{\"@type\":\"ReadAction\",\"target\":[\"https:\\\/\\\/www.fromfroid.com\\\/pt-br\\\/todas-as-novidades-fromfroid\\\/\"]}]},{\"@type\":\"BreadcrumbList\",\"@id\":\"https:\\\/\\\/www.fromfroid.com\\\/pt-br\\\/todas-as-novidades-fromfroid\\\/#breadcrumb\",\"itemListElement\":[{\"@type\":\"ListItem\",\"position\":1,\"name\":\"Home\",\"item\":\"https:\\\/\\\/www.fromfroid.com\\\/pt-br\\\/\"},{\"@type\":\"ListItem\",\"position\":2,\"name\":\"Todas as novidades FROMFROID\"}]},{\"@type\":\"WebSite\",\"@id\":\"https:\\\/\\\/www.fromfroid.com\\\/pt-br\\\/#website\",\"url\":\"https:\\\/\\\/www.fromfroid.com\\\/pt-br\\\/\",\"name\":\"Fromfroid\",\"description\":\"\",\"potentialAction\":[{\"@type\":\"SearchAction\",\"target\":{\"@type\":\"EntryPoint\",\"urlTemplate\":\"https:\\\/\\\/www.fromfroid.com\\\/pt-br\\\/?s={search_term_string}\"},\"query-input\":{\"@type\":\"PropertyValueSpecification\",\"valueRequired\":true,\"valueName\":\"search_term_string\"}}],\"inLanguage\":\"pt-BR\"}]}<\/script>\n<!-- \/ Yoast SEO plugin. -->","yoast_head_json":{"title":"Not\u00edcias, novidades, feiras, inova\u00e7\u00f5es - Fromfroid","robots":{"index":"index","follow":"follow","max-snippet":"max-snippet:-1","max-image-preview":"max-image-preview:large","max-video-preview":"max-video-preview:-1"},"canonical":"https:\/\/www.fromfroid.com\/pt-br\/todas-as-novidades-fromfroid\/","og_locale":"pt_BR","og_type":"article","og_title":"Not\u00edcias, novidades, feiras, inova\u00e7\u00f5es - Fromfroid","og_description":"[mk_page_section bottom_shape_style=&#8221;speech-bottom&#8221; sidebar=&#8221;sidebar-1&#8243;][vc_column width=&#8221;2\/3&#8243;][mk_padding_divider][mk_blog style=&#8221;newspaper&#8221;][\/vc_column][vc_column width=&#8221;1\/3&#8243;][vc_wp_search title=&#8221;Procurar&#8221;][vc_wp_categories][vc_wp_archives][\/vc_column][\/mk_page_section]","og_url":"https:\/\/www.fromfroid.com\/pt-br\/todas-as-novidades-fromfroid\/","og_site_name":"Fromfroid","article_modified_time":"2020-04-28T13:06:26+00:00","twitter_card":"summary_large_image","schema":{"@context":"https:\/\/schema.org","@graph":[{"@type":"WebPage","@id":"https:\/\/www.fromfroid.com\/pt-br\/todas-as-novidades-fromfroid\/","url":"https:\/\/www.fromfroid.com\/pt-br\/todas-as-novidades-fromfroid\/","name":"Not\u00edcias, novidades, feiras, inova\u00e7\u00f5es - Fromfroid","isPartOf":{"@id":"https:\/\/www.fromfroid.com\/pt-br\/#website"},"datePublished":"2020-03-19T07:57:55+00:00","dateModified":"2020-04-28T13:06:26+00:00","breadcrumb":{"@id":"https:\/\/www.fromfroid.com\/pt-br\/todas-as-novidades-fromfroid\/#breadcrumb"},"inLanguage":"pt-BR","potentialAction":[{"@type":"ReadAction","target":["https:\/\/www.fromfroid.com\/pt-br\/todas-as-novidades-fromfroid\/"]}]},{"@type":"BreadcrumbList","@id":"https:\/\/www.fromfroid.com\/pt-br\/todas-as-novidades-fromfroid\/#breadcrumb","itemListElement":[{"@type":"ListItem","position":1,"name":"Home","item":"https:\/\/www.fromfroid.com\/pt-br\/"},{"@type":"ListItem","position":2,"name":"Todas as novidades FROMFROID"}]},{"@type":"WebSite","@id":"https:\/\/www.fromfroid.com\/pt-br\/#website","url":"https:\/\/www.fromfroid.com\/pt-br\/","name":"Fromfroid","description":"","potentialAction":[{"@type":"SearchAction","target":{"@type":"EntryPoint","urlTemplate":"https:\/\/www.fromfroid.com\/pt-br\/?s={search_term_string}"},"query-input":{"@type":"PropertyValueSpecification","valueRequired":true,"valueName":"search_term_string"}}],"inLanguage":"pt-BR"}]}},"_links":{"self":[{"href":"https:\/\/www.fromfroid.com\/pt-br\/wp-json\/wp\/v2\/pages\/2788","targetHints":{"allow":["GET"]}}],"collection":[{"href":"https:\/\/www.fromfroid.com\/pt-br\/wp-json\/wp\/v2\/pages"}],"about":[{"href":"https:\/\/www.fromfroid.com\/pt-br\/wp-json\/wp\/v2\/types\/page"}],"author":[{"embeddable":true,"href":"https:\/\/www.fromfroid.com\/pt-br\/wp-json\/wp\/v2\/users\/2"}],"replies":[{"embeddable":true,"href":"https:\/\/www.fromfroid.com\/pt-br\/wp-json\/wp\/v2\/comments?post=2788"}],"version-history":[{"count":1,"href":"https:\/\/www.fromfroid.com\/pt-br\/wp-json\/wp\/v2\/pages\/2788\/revisions"}],"predecessor-version":[{"id":2789,"href":"https:\/\/www.fromfroid.com\/pt-br\/wp-json\/wp\/v2\/pages\/2788\/revisions\/2789"}],"wp:attachment":[{"href":"https:\/\/www.fromfroid.com\/pt-br\/wp-json\/wp\/v2\/media?parent=2788"}],"curies":[{"name":"wp","href":"https:\/\/api.w.org\/{rel}","templated":true}]}}