{"id":2816,"date":"2020-03-30T17:05:09","date_gmt":"2020-03-30T15:05:09","guid":{"rendered":"https:\/\/www.fromfroid.com\/conhecimentos\/auditoria-e-consultoria\/especialista-do-frio-para-a-industria-de-alimentos\/"},"modified":"2020-04-02T09:28:43","modified_gmt":"2020-04-02T07:28:43","slug":"especialista-do-frio-para-a-industria-de-alimentos","status":"publish","type":"page","link":"https:\/\/www.fromfroid.com\/pt-br\/conhecimentos\/auditoria-e-consultoria\/especialista-do-frio-para-a-industria-de-alimentos\/","title":{"rendered":"Especialista do frio para a ind\u00fastria de alimentos"},"content":{"rendered":"[mk_page_section bg_position=&#8221;center top&#8221; bg_repeat=&#8221;no-repeat&#8221; enable_3d=&#8221;true&#8221; bg_gradient=&#8221;vertical&#8221; video_color_mask=&#8221;#ffffff&#8221; gr_end=&#8221;rgba(255,255,255,0.4)&#8221; video_opacity=&#8221;0&#8243; padding_top=&#8221;50&#8243; padding_bottom=&#8221;50&#8243; margin_bottom=&#8221;50&#8243; sidebar=&#8221;sidebar-1&#8243; first_page=&#8221;false&#8221; last_page=&#8221;false&#8221;][vc_column width=&#8221;1\/3&#8243;][mk_padding_divider][mk_image_slideshow images=&#8221;48,1197,70,988,709,28,32,1189&#8243; image_width=&#8221;400&#8243; image_height=&#8221;300&#8243; animation_speed=&#8221;400&#8243; slideshow_speed=&#8221;2500&#8243;][\/vc_column][vc_column width=&#8221;2\/3&#8243;][vc_column_text css=&#8221;.vc_custom_1574783055874{margin-bottom: 0px !important;}&#8221;]\n<h2 style=\"text-align: center;\"><strong>Auditoria, Consultoria, Fabrica\u00e7\u00e3o e Instala\u00e7\u00e3o<\/strong><\/h2>\n<h2 style=\"text-align: center;\">FROMFROID, com voc\u00ea h\u00e1 50 anos<\/h2>\n<p>&nbsp;<\/p>\n<p>A FROMFROID interv\u00e9m no gerenciamento geral dos projetos: da defini\u00e7\u00e3o das necessidades do cliente \u00e0 engenharia, fabrica\u00e7\u00e3o e instala\u00e7\u00e3o, oferecemos as melhores solu\u00e7\u00f5es t\u00e9cnicas para garantir a melhor qualidade aos seus produtos com custos de produ\u00e7\u00e3o otimizado.<\/p>\n<p>Com 50 anos de experi\u00eancia, a FROMFROID desenvolveu um know-how tecnol\u00f3gico exclusivo no mercado. A FROMFROID coloca esse know-how e experi\u00eancia ao servi\u00e7o de seus clientes na forma de auditoria e consultoria.[\/vc_column_text][vc_column_text css=&#8221;.vc_custom_1574783589047{margin-bottom: 0px !important;}&#8221;]\n<h3><strong>Conselho<\/strong><\/h3>\n<p>A FROMFROID \u00e9 reconhecida como uma das melhores especialistas em manuseio de ar e resfriamento r\u00e1pido do mercado e essa reputa\u00e7\u00e3o \u00e9 baseada na experi\u00eancia e no know-how.<\/p>\n<p>A FROMFROID coloca essa experi\u00eancia ao servi\u00e7o de seus clientes, principalmente em termos de:<\/p>\n<ul>\n<li><a href=\"https:\/\/www.fromfroid.com\/pt-br\/conhecimentos\/processo-de-tratamento-de-ar\/\">Tratamento de ar \/ Ultra-limpeza<\/a><\/li>\n<li><a href=\"https:\/\/www.fromfroid.com\/pt-br\/conhecimentos\/processo-de-tratamento-de-ar\/gerenciamento-de-fluxo-de-ar-e-ultra-limpeza-em-fabricas-de-queijo-2\/\">Gerenciamento de fluxo de ar em f\u00e1bricas de queijo<\/a><\/li>\n<li><a href=\"https:\/\/www.fromfroid.com\/pt-br\/conhecimentos\/frio-industrial\/producao-de-refrigeracao\/\">Refrigera\u00e7\u00e3o industrial<\/a><\/li>\n<li><a href=\"https:\/\/www.fromfroid.com\/pt-br\/conhecimentos\/resfriamento-rapido-para-paletes\/\">Refrigera\u00e7\u00e3o r\u00e1pida<\/a><\/li>\n<li><a href=\"https:\/\/www.fromfroid.com\/pt-br\/conhecimentos\/servico-pos-venda-e-pecas-de-reposicao\/\">Manuten\u00e7\u00e3o de temperatura para fornos\/estufas<\/a><\/li>\n<\/ul>\n<h3><strong>Projeto<\/strong><\/h3>\n<p>As equipes multidisciplinares da FROMFROID realizam a engenharia de cada um dos seus projetos para atender \u00e0s suas necessidades.<\/p>\n<h3><strong>Fabrica\u00e7\u00e3o<\/strong><\/h3>\n<p>Nossos produtos s\u00e3o produzidos em nossas oficinas por equipes com conhecimento especializado.<\/p>\n<h3><strong>Instala\u00e7\u00e3o e comissionamento<\/strong><\/h3>\n<p>A FROMFROID garante a instala\u00e7\u00e3o e o uso adequados dos equipamentos vendidos.<\/p>\n<ul>\n<li>Instala\u00e7\u00e3o \u201cchave na m\u00e3o\u201d, al\u00e9m de parceiros locais ou privilegiados da FROMFROID.<\/li>\n<li>O comissionamento da instala\u00e7\u00e3o e a otimiza\u00e7\u00e3o de seu desempenho em opera\u00e7\u00e3o real s\u00e3o garantidas por um t\u00e9cnico especializado.<\/li>\n<\/ul>\n<h3><strong>Assist\u00eancia<\/strong><\/h3>\n<p>O servi\u00e7o p\u00f3s-venda est\u00e1 dispon\u00edvel para os clientes da FROMFROID para todas as perguntas relacionadas \u00e0 instala\u00e7\u00e3o, uso ou otimiza\u00e7\u00e3o do equipamento.<\/p>\n<p>Nosso departamento de pe\u00e7as de reposi\u00e7\u00e3o tamb\u00e9m est\u00e1 ao seu dispor para qualquer pedido<\/p>\n<ul>\n<li>componentes de controle e regula\u00e7\u00e3o<\/li>\n<li>dutos t\u00eaxteis<\/li>\n<li>componentes el\u00e9tricos<\/li>\n<li>trocadores de calor (baterias frias e quentes)<\/li>\n<li>etc<\/li>\n<\/ul>\n<p>&nbsp;<\/p>\n<p style=\"text-align: center;\"><a href=\"https:\/\/www.fromfroid.com\/pt-br\/fale-conosco\/\"><strong>Voc\u00ea tem um projeto? Contate-nos!<\/strong><\/a><\/p>\n[\/vc_column_text][\/vc_column][\/mk_page_section]\n","protected":false},"excerpt":{"rendered":"<p>[mk_page_section bg_position=&#8221;center top&#8221; bg_repeat=&#8221;no-repeat&#8221; enable_3d=&#8221;true&#8221; bg_gradient=&#8221;vertical&#8221; video_color_mask=&#8221;#ffffff&#8221; gr_end=&#8221;rgba(255,255,255,0.4)&#8221; video_opacity=&#8221;0&#8243; padding_top=&#8221;50&#8243; padding_bottom=&#8221;50&#8243; margin_bottom=&#8221;50&#8243; sidebar=&#8221;sidebar-1&#8243; first_page=&#8221;false&#8221; last_page=&#8221;false&#8221;][vc_column width=&#8221;1\/3&#8243;][mk_padding_divider][mk_image_slideshow images=&#8221;48,1197,70,988,709,28,32,1189&#8243; image_width=&#8221;400&#8243; image_height=&#8221;300&#8243; animation_speed=&#8221;400&#8243; slideshow_speed=&#8221;2500&#8243;][\/vc_column][vc_column width=&#8221;2\/3&#8243;][vc_column_text css=&#8221;.vc_custom_1574783055874{margin-bottom: 0px !important;}&#8221;] Auditoria, Consultoria, Fabrica\u00e7\u00e3o e Instala\u00e7\u00e3o FROMFROID, com voc\u00ea h\u00e1 50 anos &nbsp; A FROMFROID interv\u00e9m no gerenciamento geral dos projetos: da defini\u00e7\u00e3o das necessidades do cliente \u00e0 engenharia, fabrica\u00e7\u00e3o e [&hellip;]<\/p>\n","protected":false},"author":2,"featured_media":0,"parent":2771,"menu_order":0,"comment_status":"closed","ping_status":"closed","template":"","meta":{"footnotes":""},"class_list":["post-2816","page","type-page","status-publish","hentry"],"yoast_head":"<!-- This site is optimized with the Yoast SEO plugin v27.4 - https:\/\/yoast.com\/product\/yoast-seo-wordpress\/ -->\n<title>Auditoria gerenciamento de fluxo de ar conselho de tratamento de ar fabrica de queijos - Fromfroid<\/title>\n<meta name=\"robots\" content=\"index, follow, max-snippet:-1, max-image-preview:large, max-video-preview:-1\" \/>\n<link rel=\"canonical\" href=\"https:\/\/www.fromfroid.com\/pt-br\/conhecimentos\/auditoria-e-consultoria\/especialista-do-frio-para-a-industria-de-alimentos\/\" \/>\n<meta property=\"og:locale\" content=\"pt_BR\" \/>\n<meta property=\"og:type\" content=\"article\" \/>\n<meta property=\"og:title\" content=\"Auditoria gerenciamento de fluxo de ar conselho de tratamento de ar fabrica de queijos - Fromfroid\" \/>\n<meta property=\"og:description\" content=\"[mk_page_section bg_position=&#8221;center top&#8221; bg_repeat=&#8221;no-repeat&#8221; enable_3d=&#8221;true&#8221; bg_gradient=&#8221;vertical&#8221; video_color_mask=&#8221;#ffffff&#8221; gr_end=&#8221;rgba(255,255,255,0.4)&#8221; video_opacity=&#8221;0&#8243; padding_top=&#8221;50&#8243; padding_bottom=&#8221;50&#8243; margin_bottom=&#8221;50&#8243; sidebar=&#8221;sidebar-1&#8243; first_page=&#8221;false&#8221; last_page=&#8221;false&#8221;][vc_column width=&#8221;1\/3&#8243;][mk_padding_divider][mk_image_slideshow images=&#8221;48,1197,70,988,709,28,32,1189&#8243; image_width=&#8221;400&#8243; image_height=&#8221;300&#8243; animation_speed=&#8221;400&#8243; slideshow_speed=&#8221;2500&#8243;][\/vc_column][vc_column width=&#8221;2\/3&#8243;][vc_column_text css=&#8221;.vc_custom_1574783055874{margin-bottom: 0px !important;}&#8221;] Auditoria, Consultoria, Fabrica\u00e7\u00e3o e Instala\u00e7\u00e3o FROMFROID, com voc\u00ea h\u00e1 50 anos &nbsp; A FROMFROID interv\u00e9m no gerenciamento geral dos projetos: da defini\u00e7\u00e3o das necessidades do cliente \u00e0 engenharia, fabrica\u00e7\u00e3o e [&hellip;]\" \/>\n<meta property=\"og:url\" content=\"https:\/\/www.fromfroid.com\/pt-br\/conhecimentos\/auditoria-e-consultoria\/especialista-do-frio-para-a-industria-de-alimentos\/\" \/>\n<meta property=\"og:site_name\" content=\"Fromfroid\" \/>\n<meta property=\"article:modified_time\" content=\"2020-04-02T07:28:43+00:00\" \/>\n<meta name=\"twitter:card\" content=\"summary_large_image\" \/>\n<meta name=\"twitter:label1\" content=\"Est. tempo de leitura\" \/>\n\t<meta name=\"twitter:data1\" content=\"2 minutos\" \/>\n<script type=\"application\/ld+json\" class=\"yoast-schema-graph\">{\"@context\":\"https:\\\/\\\/schema.org\",\"@graph\":[{\"@type\":\"WebPage\",\"@id\":\"https:\\\/\\\/www.fromfroid.com\\\/pt-br\\\/conhecimentos\\\/auditoria-e-consultoria\\\/especialista-do-frio-para-a-industria-de-alimentos\\\/\",\"url\":\"https:\\\/\\\/www.fromfroid.com\\\/pt-br\\\/conhecimentos\\\/auditoria-e-consultoria\\\/especialista-do-frio-para-a-industria-de-alimentos\\\/\",\"name\":\"Auditoria gerenciamento de fluxo de ar conselho de tratamento de ar fabrica de queijos - Fromfroid\",\"isPartOf\":{\"@id\":\"https:\\\/\\\/www.fromfroid.com\\\/pt-br\\\/#website\"},\"datePublished\":\"2020-03-30T15:05:09+00:00\",\"dateModified\":\"2020-04-02T07:28:43+00:00\",\"breadcrumb\":{\"@id\":\"https:\\\/\\\/www.fromfroid.com\\\/pt-br\\\/conhecimentos\\\/auditoria-e-consultoria\\\/especialista-do-frio-para-a-industria-de-alimentos\\\/#breadcrumb\"},\"inLanguage\":\"pt-BR\",\"potentialAction\":[{\"@type\":\"ReadAction\",\"target\":[\"https:\\\/\\\/www.fromfroid.com\\\/pt-br\\\/conhecimentos\\\/auditoria-e-consultoria\\\/especialista-do-frio-para-a-industria-de-alimentos\\\/\"]}]},{\"@type\":\"BreadcrumbList\",\"@id\":\"https:\\\/\\\/www.fromfroid.com\\\/pt-br\\\/conhecimentos\\\/auditoria-e-consultoria\\\/especialista-do-frio-para-a-industria-de-alimentos\\\/#breadcrumb\",\"itemListElement\":[{\"@type\":\"ListItem\",\"position\":1,\"name\":\"Home\",\"item\":\"https:\\\/\\\/www.fromfroid.com\\\/pt-br\\\/\"},{\"@type\":\"ListItem\",\"position\":2,\"name\":\"Conhecimentos\",\"item\":\"https:\\\/\\\/www.fromfroid.com\\\/pt-br\\\/conhecimentos\\\/\"},{\"@type\":\"ListItem\",\"position\":3,\"name\":\"Auditoria e Consultoria\",\"item\":\"https:\\\/\\\/www.fromfroid.com\\\/pt-br\\\/conhecimentos\\\/auditoria-e-consultoria\\\/\"},{\"@type\":\"ListItem\",\"position\":4,\"name\":\"Especialista do frio para a ind\u00fastria de alimentos\"}]},{\"@type\":\"WebSite\",\"@id\":\"https:\\\/\\\/www.fromfroid.com\\\/pt-br\\\/#website\",\"url\":\"https:\\\/\\\/www.fromfroid.com\\\/pt-br\\\/\",\"name\":\"Fromfroid\",\"description\":\"\",\"potentialAction\":[{\"@type\":\"SearchAction\",\"target\":{\"@type\":\"EntryPoint\",\"urlTemplate\":\"https:\\\/\\\/www.fromfroid.com\\\/pt-br\\\/?s={search_term_string}\"},\"query-input\":{\"@type\":\"PropertyValueSpecification\",\"valueRequired\":true,\"valueName\":\"search_term_string\"}}],\"inLanguage\":\"pt-BR\"}]}<\/script>\n<!-- \/ Yoast SEO plugin. -->","yoast_head_json":{"title":"Auditoria gerenciamento de fluxo de ar conselho de tratamento de ar fabrica de queijos - Fromfroid","robots":{"index":"index","follow":"follow","max-snippet":"max-snippet:-1","max-image-preview":"max-image-preview:large","max-video-preview":"max-video-preview:-1"},"canonical":"https:\/\/www.fromfroid.com\/pt-br\/conhecimentos\/auditoria-e-consultoria\/especialista-do-frio-para-a-industria-de-alimentos\/","og_locale":"pt_BR","og_type":"article","og_title":"Auditoria gerenciamento de fluxo de ar conselho de tratamento de ar fabrica de queijos - Fromfroid","og_description":"[mk_page_section bg_position=&#8221;center top&#8221; bg_repeat=&#8221;no-repeat&#8221; enable_3d=&#8221;true&#8221; bg_gradient=&#8221;vertical&#8221; video_color_mask=&#8221;#ffffff&#8221; gr_end=&#8221;rgba(255,255,255,0.4)&#8221; video_opacity=&#8221;0&#8243; padding_top=&#8221;50&#8243; padding_bottom=&#8221;50&#8243; margin_bottom=&#8221;50&#8243; sidebar=&#8221;sidebar-1&#8243; first_page=&#8221;false&#8221; last_page=&#8221;false&#8221;][vc_column width=&#8221;1\/3&#8243;][mk_padding_divider][mk_image_slideshow images=&#8221;48,1197,70,988,709,28,32,1189&#8243; image_width=&#8221;400&#8243; image_height=&#8221;300&#8243; animation_speed=&#8221;400&#8243; slideshow_speed=&#8221;2500&#8243;][\/vc_column][vc_column width=&#8221;2\/3&#8243;][vc_column_text css=&#8221;.vc_custom_1574783055874{margin-bottom: 0px !important;}&#8221;] Auditoria, Consultoria, Fabrica\u00e7\u00e3o e Instala\u00e7\u00e3o FROMFROID, com voc\u00ea h\u00e1 50 anos &nbsp; A FROMFROID interv\u00e9m no gerenciamento geral dos projetos: da defini\u00e7\u00e3o das necessidades do cliente \u00e0 engenharia, fabrica\u00e7\u00e3o e [&hellip;]","og_url":"https:\/\/www.fromfroid.com\/pt-br\/conhecimentos\/auditoria-e-consultoria\/especialista-do-frio-para-a-industria-de-alimentos\/","og_site_name":"Fromfroid","article_modified_time":"2020-04-02T07:28:43+00:00","twitter_card":"summary_large_image","twitter_misc":{"Est. tempo de leitura":"2 minutos"},"schema":{"@context":"https:\/\/schema.org","@graph":[{"@type":"WebPage","@id":"https:\/\/www.fromfroid.com\/pt-br\/conhecimentos\/auditoria-e-consultoria\/especialista-do-frio-para-a-industria-de-alimentos\/","url":"https:\/\/www.fromfroid.com\/pt-br\/conhecimentos\/auditoria-e-consultoria\/especialista-do-frio-para-a-industria-de-alimentos\/","name":"Auditoria gerenciamento de fluxo de ar conselho de tratamento de ar fabrica de queijos - Fromfroid","isPartOf":{"@id":"https:\/\/www.fromfroid.com\/pt-br\/#website"},"datePublished":"2020-03-30T15:05:09+00:00","dateModified":"2020-04-02T07:28:43+00:00","breadcrumb":{"@id":"https:\/\/www.fromfroid.com\/pt-br\/conhecimentos\/auditoria-e-consultoria\/especialista-do-frio-para-a-industria-de-alimentos\/#breadcrumb"},"inLanguage":"pt-BR","potentialAction":[{"@type":"ReadAction","target":["https:\/\/www.fromfroid.com\/pt-br\/conhecimentos\/auditoria-e-consultoria\/especialista-do-frio-para-a-industria-de-alimentos\/"]}]},{"@type":"BreadcrumbList","@id":"https:\/\/www.fromfroid.com\/pt-br\/conhecimentos\/auditoria-e-consultoria\/especialista-do-frio-para-a-industria-de-alimentos\/#breadcrumb","itemListElement":[{"@type":"ListItem","position":1,"name":"Home","item":"https:\/\/www.fromfroid.com\/pt-br\/"},{"@type":"ListItem","position":2,"name":"Conhecimentos","item":"https:\/\/www.fromfroid.com\/pt-br\/conhecimentos\/"},{"@type":"ListItem","position":3,"name":"Auditoria e Consultoria","item":"https:\/\/www.fromfroid.com\/pt-br\/conhecimentos\/auditoria-e-consultoria\/"},{"@type":"ListItem","position":4,"name":"Especialista do frio para a ind\u00fastria de alimentos"}]},{"@type":"WebSite","@id":"https:\/\/www.fromfroid.com\/pt-br\/#website","url":"https:\/\/www.fromfroid.com\/pt-br\/","name":"Fromfroid","description":"","potentialAction":[{"@type":"SearchAction","target":{"@type":"EntryPoint","urlTemplate":"https:\/\/www.fromfroid.com\/pt-br\/?s={search_term_string}"},"query-input":{"@type":"PropertyValueSpecification","valueRequired":true,"valueName":"search_term_string"}}],"inLanguage":"pt-BR"}]}},"_links":{"self":[{"href":"https:\/\/www.fromfroid.com\/pt-br\/wp-json\/wp\/v2\/pages\/2816","targetHints":{"allow":["GET"]}}],"collection":[{"href":"https:\/\/www.fromfroid.com\/pt-br\/wp-json\/wp\/v2\/pages"}],"about":[{"href":"https:\/\/www.fromfroid.com\/pt-br\/wp-json\/wp\/v2\/types\/page"}],"author":[{"embeddable":true,"href":"https:\/\/www.fromfroid.com\/pt-br\/wp-json\/wp\/v2\/users\/2"}],"replies":[{"embeddable":true,"href":"https:\/\/www.fromfroid.com\/pt-br\/wp-json\/wp\/v2\/comments?post=2816"}],"version-history":[{"count":3,"href":"https:\/\/www.fromfroid.com\/pt-br\/wp-json\/wp\/v2\/pages\/2816\/revisions"}],"predecessor-version":[{"id":2932,"href":"https:\/\/www.fromfroid.com\/pt-br\/wp-json\/wp\/v2\/pages\/2816\/revisions\/2932"}],"up":[{"embeddable":true,"href":"https:\/\/www.fromfroid.com\/pt-br\/wp-json\/wp\/v2\/pages\/2771"}],"wp:attachment":[{"href":"https:\/\/www.fromfroid.com\/pt-br\/wp-json\/wp\/v2\/media?parent=2816"}],"curies":[{"name":"wp","href":"https:\/\/api.w.org\/{rel}","templated":true}]}}