{"id":2818,"date":"2020-03-31T08:56:27","date_gmt":"2020-03-31T06:56:27","guid":{"rendered":"https:\/\/www.fromfroid.com\/conhecimentos\/frio-industrial\/producao-de-refrigeracao\/"},"modified":"2020-04-07T11:03:32","modified_gmt":"2020-04-07T09:03:32","slug":"producao-de-refrigeracao","status":"publish","type":"page","link":"https:\/\/www.fromfroid.com\/pt-br\/conhecimentos\/frio-industrial\/producao-de-refrigeracao\/","title":{"rendered":"Produ\u00e7\u00e3o de refrigera\u00e7\u00e3o"},"content":{"rendered":"[mk_page_section bg_position=&#8221;center top&#8221; bg_repeat=&#8221;no-repeat&#8221; enable_3d=&#8221;true&#8221; bg_gradient=&#8221;vertical&#8221; video_color_mask=&#8221;#ffffff&#8221; gr_end=&#8221;rgba(255,255,255,0.4)&#8221; video_opacity=&#8221;0&#8243; padding_top=&#8221;50&#8243; padding_bottom=&#8221;50&#8243; margin_bottom=&#8221;50&#8243; sidebar=&#8221;sidebar-1&#8243; first_page=&#8221;false&#8221; last_page=&#8221;false&#8221;][vc_column width=&#8221;1\/3&#8243;][mk_padding_divider][mk_image_slideshow images=&#8221;1298,1104,48,1282,988,1108,1238&#8243; image_width=&#8221;400&#8243; animation_speed=&#8221;400&#8243; slideshow_speed=&#8221;2500&#8243;][\/vc_column][vc_column width=&#8221;2\/3&#8243;][vc_column_text css=&#8221;.vc_custom_1563961367824{margin-bottom: 0px !important;}&#8221;]\n<h2 style=\"text-align: center;\"><strong>Consultoria, Otimiza\u00e7\u00f5es, Monitoramento de Clientes<\/strong><\/h2>\n<h2 style=\"text-align: center;\">FROMFROID, 50 anos de experi\u00eancia em refrigera\u00e7\u00e3o industrial<\/h2>\n<p>&nbsp;<\/p>\n<p>A FROMFROID oferece <strong>solu\u00e7\u00f5es personalizadas<\/strong> e <strong>prontas para uso<\/strong>, adaptadas \u00e0s suas necessidades de energia:<\/p>\n<ul>\n<li>Grupos pr\u00e9-montados<\/li>\n<li>Grupos frigor\u00edficos em cont\u00eaineres<\/li>\n<li>Otimiza\u00e7\u00f5es e monitoramento energ\u00e9tico<\/li>\n<\/ul>\n<p>Nos \u00faltimos anos, os regulamentos evolu\u00edram. A FROMFROID est\u00e1, portanto, comprometida em ajud\u00e1-lo a se elevar ao padr\u00e3o, oferecendo as melhores alternativas poss\u00edveis com base na sua instala\u00e7\u00e3o existente.<\/p>\n<p>&nbsp;<\/p>\n<p style=\"text-align: center;\"><a href=\"https:\/\/www.fromfroid.com\/pt-br\/fale-conosco\/\"><strong>Voc\u00ea tem um projeto? Contate-nos!<\/strong><\/a><\/p>\n<p style=\"text-align: center;\">\n[\/vc_column_text][\/vc_column][\/mk_page_section]\n","protected":false},"excerpt":{"rendered":"<p>[mk_page_section bg_position=&#8221;center top&#8221; bg_repeat=&#8221;no-repeat&#8221; enable_3d=&#8221;true&#8221; bg_gradient=&#8221;vertical&#8221; video_color_mask=&#8221;#ffffff&#8221; gr_end=&#8221;rgba(255,255,255,0.4)&#8221; video_opacity=&#8221;0&#8243; padding_top=&#8221;50&#8243; padding_bottom=&#8221;50&#8243; margin_bottom=&#8221;50&#8243; sidebar=&#8221;sidebar-1&#8243; first_page=&#8221;false&#8221; last_page=&#8221;false&#8221;][vc_column width=&#8221;1\/3&#8243;][mk_padding_divider][mk_image_slideshow images=&#8221;1298,1104,48,1282,988,1108,1238&#8243; image_width=&#8221;400&#8243; animation_speed=&#8221;400&#8243; slideshow_speed=&#8221;2500&#8243;][\/vc_column][vc_column width=&#8221;2\/3&#8243;][vc_column_text css=&#8221;.vc_custom_1563961367824{margin-bottom: 0px !important;}&#8221;] Consultoria, Otimiza\u00e7\u00f5es, Monitoramento de Clientes FROMFROID, 50 anos de experi\u00eancia em refrigera\u00e7\u00e3o industrial &nbsp; A FROMFROID oferece solu\u00e7\u00f5es personalizadas e prontas para uso, adaptadas \u00e0s suas necessidades de energia: Grupos pr\u00e9-montados [&hellip;]<\/p>\n","protected":false},"author":3,"featured_media":0,"parent":2802,"menu_order":0,"comment_status":"closed","ping_status":"closed","template":"","meta":{"footnotes":""},"class_list":["post-2818","page","type-page","status-publish","hentry"],"yoast_head":"<!-- This site is optimized with the Yoast SEO plugin v27.4 - https:\/\/yoast.com\/product\/yoast-seo-wordpress\/ -->\n<title>frio industrial, plataforma de am\u00f4nia, baixa carga- Fromfroid<\/title>\n<meta name=\"robots\" content=\"index, follow, max-snippet:-1, max-image-preview:large, max-video-preview:-1\" \/>\n<link rel=\"canonical\" href=\"https:\/\/www.fromfroid.com\/pt-br\/conhecimentos\/frio-industrial\/producao-de-refrigeracao\/\" \/>\n<meta property=\"og:locale\" content=\"pt_BR\" \/>\n<meta property=\"og:type\" content=\"article\" \/>\n<meta property=\"og:title\" content=\"frio industrial, plataforma de am\u00f4nia, baixa carga- Fromfroid\" \/>\n<meta property=\"og:description\" content=\"[mk_page_section bg_position=&#8221;center top&#8221; bg_repeat=&#8221;no-repeat&#8221; enable_3d=&#8221;true&#8221; bg_gradient=&#8221;vertical&#8221; video_color_mask=&#8221;#ffffff&#8221; gr_end=&#8221;rgba(255,255,255,0.4)&#8221; video_opacity=&#8221;0&#8243; padding_top=&#8221;50&#8243; padding_bottom=&#8221;50&#8243; margin_bottom=&#8221;50&#8243; sidebar=&#8221;sidebar-1&#8243; first_page=&#8221;false&#8221; last_page=&#8221;false&#8221;][vc_column width=&#8221;1\/3&#8243;][mk_padding_divider][mk_image_slideshow images=&#8221;1298,1104,48,1282,988,1108,1238&#8243; image_width=&#8221;400&#8243; animation_speed=&#8221;400&#8243; slideshow_speed=&#8221;2500&#8243;][\/vc_column][vc_column width=&#8221;2\/3&#8243;][vc_column_text css=&#8221;.vc_custom_1563961367824{margin-bottom: 0px !important;}&#8221;] Consultoria, Otimiza\u00e7\u00f5es, Monitoramento de Clientes FROMFROID, 50 anos de experi\u00eancia em refrigera\u00e7\u00e3o industrial &nbsp; A FROMFROID oferece solu\u00e7\u00f5es personalizadas e prontas para uso, adaptadas \u00e0s suas necessidades de energia: Grupos pr\u00e9-montados [&hellip;]\" \/>\n<meta property=\"og:url\" content=\"https:\/\/www.fromfroid.com\/pt-br\/conhecimentos\/frio-industrial\/producao-de-refrigeracao\/\" \/>\n<meta property=\"og:site_name\" content=\"Fromfroid\" \/>\n<meta property=\"article:modified_time\" content=\"2020-04-07T09:03:32+00:00\" \/>\n<meta name=\"twitter:card\" content=\"summary_large_image\" \/>\n<meta name=\"twitter:label1\" content=\"Est. tempo de leitura\" \/>\n\t<meta name=\"twitter:data1\" content=\"1 minuto\" \/>\n<script type=\"application\/ld+json\" class=\"yoast-schema-graph\">{\"@context\":\"https:\\\/\\\/schema.org\",\"@graph\":[{\"@type\":\"WebPage\",\"@id\":\"https:\\\/\\\/www.fromfroid.com\\\/pt-br\\\/conhecimentos\\\/frio-industrial\\\/producao-de-refrigeracao\\\/\",\"url\":\"https:\\\/\\\/www.fromfroid.com\\\/pt-br\\\/conhecimentos\\\/frio-industrial\\\/producao-de-refrigeracao\\\/\",\"name\":\"frio industrial, plataforma de am\u00f4nia, baixa carga- Fromfroid\",\"isPartOf\":{\"@id\":\"https:\\\/\\\/www.fromfroid.com\\\/pt-br\\\/#website\"},\"datePublished\":\"2020-03-31T06:56:27+00:00\",\"dateModified\":\"2020-04-07T09:03:32+00:00\",\"breadcrumb\":{\"@id\":\"https:\\\/\\\/www.fromfroid.com\\\/pt-br\\\/conhecimentos\\\/frio-industrial\\\/producao-de-refrigeracao\\\/#breadcrumb\"},\"inLanguage\":\"pt-BR\",\"potentialAction\":[{\"@type\":\"ReadAction\",\"target\":[\"https:\\\/\\\/www.fromfroid.com\\\/pt-br\\\/conhecimentos\\\/frio-industrial\\\/producao-de-refrigeracao\\\/\"]}]},{\"@type\":\"BreadcrumbList\",\"@id\":\"https:\\\/\\\/www.fromfroid.com\\\/pt-br\\\/conhecimentos\\\/frio-industrial\\\/producao-de-refrigeracao\\\/#breadcrumb\",\"itemListElement\":[{\"@type\":\"ListItem\",\"position\":1,\"name\":\"Home\",\"item\":\"https:\\\/\\\/www.fromfroid.com\\\/pt-br\\\/\"},{\"@type\":\"ListItem\",\"position\":2,\"name\":\"Conhecimentos\",\"item\":\"https:\\\/\\\/www.fromfroid.com\\\/pt-br\\\/conhecimentos\\\/\"},{\"@type\":\"ListItem\",\"position\":3,\"name\":\"Frio industrial\",\"item\":\"https:\\\/\\\/www.fromfroid.com\\\/pt-br\\\/conhecimentos\\\/frio-industrial\\\/\"},{\"@type\":\"ListItem\",\"position\":4,\"name\":\"Produ\u00e7\u00e3o de refrigera\u00e7\u00e3o\"}]},{\"@type\":\"WebSite\",\"@id\":\"https:\\\/\\\/www.fromfroid.com\\\/pt-br\\\/#website\",\"url\":\"https:\\\/\\\/www.fromfroid.com\\\/pt-br\\\/\",\"name\":\"Fromfroid\",\"description\":\"\",\"potentialAction\":[{\"@type\":\"SearchAction\",\"target\":{\"@type\":\"EntryPoint\",\"urlTemplate\":\"https:\\\/\\\/www.fromfroid.com\\\/pt-br\\\/?s={search_term_string}\"},\"query-input\":{\"@type\":\"PropertyValueSpecification\",\"valueRequired\":true,\"valueName\":\"search_term_string\"}}],\"inLanguage\":\"pt-BR\"}]}<\/script>\n<!-- \/ Yoast SEO plugin. -->","yoast_head_json":{"title":"frio industrial, plataforma de am\u00f4nia, baixa carga- Fromfroid","robots":{"index":"index","follow":"follow","max-snippet":"max-snippet:-1","max-image-preview":"max-image-preview:large","max-video-preview":"max-video-preview:-1"},"canonical":"https:\/\/www.fromfroid.com\/pt-br\/conhecimentos\/frio-industrial\/producao-de-refrigeracao\/","og_locale":"pt_BR","og_type":"article","og_title":"frio industrial, plataforma de am\u00f4nia, baixa carga- Fromfroid","og_description":"[mk_page_section bg_position=&#8221;center top&#8221; bg_repeat=&#8221;no-repeat&#8221; enable_3d=&#8221;true&#8221; bg_gradient=&#8221;vertical&#8221; video_color_mask=&#8221;#ffffff&#8221; gr_end=&#8221;rgba(255,255,255,0.4)&#8221; video_opacity=&#8221;0&#8243; padding_top=&#8221;50&#8243; padding_bottom=&#8221;50&#8243; margin_bottom=&#8221;50&#8243; sidebar=&#8221;sidebar-1&#8243; first_page=&#8221;false&#8221; last_page=&#8221;false&#8221;][vc_column width=&#8221;1\/3&#8243;][mk_padding_divider][mk_image_slideshow images=&#8221;1298,1104,48,1282,988,1108,1238&#8243; image_width=&#8221;400&#8243; animation_speed=&#8221;400&#8243; slideshow_speed=&#8221;2500&#8243;][\/vc_column][vc_column width=&#8221;2\/3&#8243;][vc_column_text css=&#8221;.vc_custom_1563961367824{margin-bottom: 0px !important;}&#8221;] Consultoria, Otimiza\u00e7\u00f5es, Monitoramento de Clientes FROMFROID, 50 anos de experi\u00eancia em refrigera\u00e7\u00e3o industrial &nbsp; A FROMFROID oferece solu\u00e7\u00f5es personalizadas e prontas para uso, adaptadas \u00e0s suas necessidades de energia: Grupos pr\u00e9-montados [&hellip;]","og_url":"https:\/\/www.fromfroid.com\/pt-br\/conhecimentos\/frio-industrial\/producao-de-refrigeracao\/","og_site_name":"Fromfroid","article_modified_time":"2020-04-07T09:03:32+00:00","twitter_card":"summary_large_image","twitter_misc":{"Est. tempo de leitura":"1 minuto"},"schema":{"@context":"https:\/\/schema.org","@graph":[{"@type":"WebPage","@id":"https:\/\/www.fromfroid.com\/pt-br\/conhecimentos\/frio-industrial\/producao-de-refrigeracao\/","url":"https:\/\/www.fromfroid.com\/pt-br\/conhecimentos\/frio-industrial\/producao-de-refrigeracao\/","name":"frio industrial, plataforma de am\u00f4nia, baixa carga- Fromfroid","isPartOf":{"@id":"https:\/\/www.fromfroid.com\/pt-br\/#website"},"datePublished":"2020-03-31T06:56:27+00:00","dateModified":"2020-04-07T09:03:32+00:00","breadcrumb":{"@id":"https:\/\/www.fromfroid.com\/pt-br\/conhecimentos\/frio-industrial\/producao-de-refrigeracao\/#breadcrumb"},"inLanguage":"pt-BR","potentialAction":[{"@type":"ReadAction","target":["https:\/\/www.fromfroid.com\/pt-br\/conhecimentos\/frio-industrial\/producao-de-refrigeracao\/"]}]},{"@type":"BreadcrumbList","@id":"https:\/\/www.fromfroid.com\/pt-br\/conhecimentos\/frio-industrial\/producao-de-refrigeracao\/#breadcrumb","itemListElement":[{"@type":"ListItem","position":1,"name":"Home","item":"https:\/\/www.fromfroid.com\/pt-br\/"},{"@type":"ListItem","position":2,"name":"Conhecimentos","item":"https:\/\/www.fromfroid.com\/pt-br\/conhecimentos\/"},{"@type":"ListItem","position":3,"name":"Frio industrial","item":"https:\/\/www.fromfroid.com\/pt-br\/conhecimentos\/frio-industrial\/"},{"@type":"ListItem","position":4,"name":"Produ\u00e7\u00e3o de refrigera\u00e7\u00e3o"}]},{"@type":"WebSite","@id":"https:\/\/www.fromfroid.com\/pt-br\/#website","url":"https:\/\/www.fromfroid.com\/pt-br\/","name":"Fromfroid","description":"","potentialAction":[{"@type":"SearchAction","target":{"@type":"EntryPoint","urlTemplate":"https:\/\/www.fromfroid.com\/pt-br\/?s={search_term_string}"},"query-input":{"@type":"PropertyValueSpecification","valueRequired":true,"valueName":"search_term_string"}}],"inLanguage":"pt-BR"}]}},"_links":{"self":[{"href":"https:\/\/www.fromfroid.com\/pt-br\/wp-json\/wp\/v2\/pages\/2818","targetHints":{"allow":["GET"]}}],"collection":[{"href":"https:\/\/www.fromfroid.com\/pt-br\/wp-json\/wp\/v2\/pages"}],"about":[{"href":"https:\/\/www.fromfroid.com\/pt-br\/wp-json\/wp\/v2\/types\/page"}],"author":[{"embeddable":true,"href":"https:\/\/www.fromfroid.com\/pt-br\/wp-json\/wp\/v2\/users\/3"}],"replies":[{"embeddable":true,"href":"https:\/\/www.fromfroid.com\/pt-br\/wp-json\/wp\/v2\/comments?post=2818"}],"version-history":[{"count":4,"href":"https:\/\/www.fromfroid.com\/pt-br\/wp-json\/wp\/v2\/pages\/2818\/revisions"}],"predecessor-version":[{"id":3118,"href":"https:\/\/www.fromfroid.com\/pt-br\/wp-json\/wp\/v2\/pages\/2818\/revisions\/3118"}],"up":[{"embeddable":true,"href":"https:\/\/www.fromfroid.com\/pt-br\/wp-json\/wp\/v2\/pages\/2802"}],"wp:attachment":[{"href":"https:\/\/www.fromfroid.com\/pt-br\/wp-json\/wp\/v2\/media?parent=2818"}],"curies":[{"name":"wp","href":"https:\/\/api.w.org\/{rel}","templated":true}]}}