{"id":2824,"date":"2020-03-31T09:07:35","date_gmt":"2020-03-31T07:07:35","guid":{"rendered":"https:\/\/www.fromfroid.com\/conhecimentos\/processo-de-tratamento-de-ar\/gerenciamento-de-fluxo-de-ar-e-ultra-limpeza-em-fabricas-de-queijo-2\/"},"modified":"2020-04-06T11:30:01","modified_gmt":"2020-04-06T09:30:01","slug":"gerenciamento-de-fluxo-de-ar-e-ultra-limpeza-em-fabricas-de-queijo-2","status":"publish","type":"page","link":"https:\/\/www.fromfroid.com\/pt-br\/conhecimentos\/processo-de-tratamento-de-ar\/gerenciamento-de-fluxo-de-ar-e-ultra-limpeza-em-fabricas-de-queijo-2\/","title":{"rendered":"Gerenciamento de fluxo de ar e ultra-limpeza em f\u00e1bricas de queijo"},"content":{"rendered":"[mk_page_section bg_position=&#8221;center top&#8221; bg_repeat=&#8221;no-repeat&#8221; enable_3d=&#8221;true&#8221; bg_gradient=&#8221;vertical&#8221; video_color_mask=&#8221;#ffffff&#8221; gr_end=&#8221;rgba(255,255,255,0.4)&#8221; video_opacity=&#8221;0&#8243; padding_top=&#8221;50&#8243; padding_bottom=&#8221;50&#8243; margin_bottom=&#8221;50&#8243; sidebar=&#8221;sidebar-1&#8243; first_page=&#8221;false&#8221; last_page=&#8221;false&#8221;][vc_column width=&#8221;1\/3&#8243;][mk_padding_divider][mk_image_slideshow images=&#8221;709,747,1246,58,1112,1290,1116,1242&#8243; image_width=&#8221;400&#8243; animation_speed=&#8221;400&#8243; slideshow_speed=&#8221;2500&#8243;][\/vc_column][vc_column width=&#8221;2\/3&#8243;][vc_column_text css=&#8221;.vc_custom_1586165259455{margin-bottom: 0px !important;}&#8221;]\n<h2 style=\"text-align: center;\"><strong>Experi\u00eancia, Tecnologia, Know-how<\/strong><\/h2>\n<h2 style=\"text-align: center;\">A FROMFROID acompanha os clientes com excel\u00eancia h\u00e1 50 anos<\/h2>\n<p>&nbsp;<\/p>\n<p>Por quase 50 anos, a FROMFROID est\u00e1 comprometida em fornecer as melhores solu\u00e7\u00f5es para <strong>combater os riscos de contamina\u00e7\u00e3o<\/strong> em f\u00e1bricas agroalimentares e, mais particularmente, de latic\u00ednios.<\/p>\n<p>O tratamento do ar na ind\u00fastria de alimentos \u00e9 primordial nas salas de fabrica\u00e7\u00e3o, produ\u00e7\u00e3o, condicionamento e embalagem, laborat\u00f3rios, salas limpas e, em geral, para qualquer sala que exija<strong> controle da temperatura e umidade<\/strong>, garantindo a <strong>filtragem do ar<\/strong>.<\/p>\n<h4 style=\"text-align: center;\"><\/h4>\n[\/vc_column_text][vc_column_text css=&#8221;.vc_custom_1586165507270{margin-bottom: 0px !important;}&#8221;]A FROMFROID interv\u00e9m em todo o projeto, a fim de fornecer o melhor equipamento, garantindo <strong>confiabilidade<\/strong>, <strong>qualidade<\/strong> e <strong>higiene<\/strong>.<\/p>\n<p>&nbsp;<\/p>\n<h4 style=\"text-align: center;\"><a href=\"https:\/\/www.fromfroid.com\/pt-br\/fale-conosco\/\"><strong>Voc\u00ea tem um projeto? Contate-nos !<\/strong><\/a><\/h4>\n[\/vc_column_text][\/vc_column][\/mk_page_section][vc_row][vc_column][\/vc_column][\/vc_row]\n","protected":false},"excerpt":{"rendered":"<p>[mk_page_section bg_position=&#8221;center top&#8221; bg_repeat=&#8221;no-repeat&#8221; enable_3d=&#8221;true&#8221; bg_gradient=&#8221;vertical&#8221; video_color_mask=&#8221;#ffffff&#8221; gr_end=&#8221;rgba(255,255,255,0.4)&#8221; video_opacity=&#8221;0&#8243; padding_top=&#8221;50&#8243; padding_bottom=&#8221;50&#8243; margin_bottom=&#8221;50&#8243; sidebar=&#8221;sidebar-1&#8243; first_page=&#8221;false&#8221; last_page=&#8221;false&#8221;][vc_column width=&#8221;1\/3&#8243;][mk_padding_divider][mk_image_slideshow images=&#8221;709,747,1246,58,1112,1290,1116,1242&#8243; image_width=&#8221;400&#8243; animation_speed=&#8221;400&#8243; slideshow_speed=&#8221;2500&#8243;][\/vc_column][vc_column width=&#8221;2\/3&#8243;][vc_column_text css=&#8221;.vc_custom_1586165259455{margin-bottom: 0px !important;}&#8221;] Experi\u00eancia, Tecnologia, Know-how A FROMFROID acompanha os clientes com excel\u00eancia h\u00e1 50 anos &nbsp; Por quase 50 anos, a FROMFROID est\u00e1 comprometida em fornecer as melhores solu\u00e7\u00f5es para combater os riscos [&hellip;]<\/p>\n","protected":false},"author":3,"featured_media":0,"parent":2820,"menu_order":0,"comment_status":"closed","ping_status":"closed","template":"","meta":{"footnotes":""},"class_list":["post-2824","page","type-page","status-publish","hentry"],"yoast_head":"<!-- This site is optimized with the Yoast SEO plugin v27.4 - https:\/\/yoast.com\/product\/yoast-seo-wordpress\/ -->\n<title>Gest\u00e3o do fluxo de ar, ultra-limpeza, tratamento do ar em f\u00e1bricas de queijo- Fromfroid<\/title>\n<meta name=\"robots\" content=\"index, follow, max-snippet:-1, max-image-preview:large, max-video-preview:-1\" \/>\n<link rel=\"canonical\" href=\"https:\/\/www.fromfroid.com\/pt-br\/conhecimentos\/processo-de-tratamento-de-ar\/gerenciamento-de-fluxo-de-ar-e-ultra-limpeza-em-fabricas-de-queijo-2\/\" \/>\n<meta property=\"og:locale\" content=\"pt_BR\" \/>\n<meta property=\"og:type\" content=\"article\" \/>\n<meta property=\"og:title\" content=\"Gest\u00e3o do fluxo de ar, ultra-limpeza, tratamento do ar em f\u00e1bricas de queijo- Fromfroid\" \/>\n<meta property=\"og:description\" content=\"[mk_page_section bg_position=&#8221;center top&#8221; bg_repeat=&#8221;no-repeat&#8221; enable_3d=&#8221;true&#8221; bg_gradient=&#8221;vertical&#8221; video_color_mask=&#8221;#ffffff&#8221; gr_end=&#8221;rgba(255,255,255,0.4)&#8221; video_opacity=&#8221;0&#8243; padding_top=&#8221;50&#8243; padding_bottom=&#8221;50&#8243; margin_bottom=&#8221;50&#8243; sidebar=&#8221;sidebar-1&#8243; first_page=&#8221;false&#8221; last_page=&#8221;false&#8221;][vc_column width=&#8221;1\/3&#8243;][mk_padding_divider][mk_image_slideshow images=&#8221;709,747,1246,58,1112,1290,1116,1242&#8243; image_width=&#8221;400&#8243; animation_speed=&#8221;400&#8243; slideshow_speed=&#8221;2500&#8243;][\/vc_column][vc_column width=&#8221;2\/3&#8243;][vc_column_text css=&#8221;.vc_custom_1586165259455{margin-bottom: 0px !important;}&#8221;] Experi\u00eancia, Tecnologia, Know-how A FROMFROID acompanha os clientes com excel\u00eancia h\u00e1 50 anos &nbsp; Por quase 50 anos, a FROMFROID est\u00e1 comprometida em fornecer as melhores solu\u00e7\u00f5es para combater os riscos [&hellip;]\" \/>\n<meta property=\"og:url\" content=\"https:\/\/www.fromfroid.com\/pt-br\/conhecimentos\/processo-de-tratamento-de-ar\/gerenciamento-de-fluxo-de-ar-e-ultra-limpeza-em-fabricas-de-queijo-2\/\" \/>\n<meta property=\"og:site_name\" content=\"Fromfroid\" \/>\n<meta property=\"article:modified_time\" content=\"2020-04-06T09:30:01+00:00\" \/>\n<meta name=\"twitter:card\" content=\"summary_large_image\" \/>\n<meta name=\"twitter:label1\" content=\"Est. tempo de leitura\" \/>\n\t<meta name=\"twitter:data1\" content=\"1 minuto\" \/>\n<script type=\"application\/ld+json\" class=\"yoast-schema-graph\">{\"@context\":\"https:\\\/\\\/schema.org\",\"@graph\":[{\"@type\":\"WebPage\",\"@id\":\"https:\\\/\\\/www.fromfroid.com\\\/pt-br\\\/conhecimentos\\\/processo-de-tratamento-de-ar\\\/gerenciamento-de-fluxo-de-ar-e-ultra-limpeza-em-fabricas-de-queijo-2\\\/\",\"url\":\"https:\\\/\\\/www.fromfroid.com\\\/pt-br\\\/conhecimentos\\\/processo-de-tratamento-de-ar\\\/gerenciamento-de-fluxo-de-ar-e-ultra-limpeza-em-fabricas-de-queijo-2\\\/\",\"name\":\"Gest\u00e3o do fluxo de ar, ultra-limpeza, tratamento do ar em f\u00e1bricas de queijo- Fromfroid\",\"isPartOf\":{\"@id\":\"https:\\\/\\\/www.fromfroid.com\\\/pt-br\\\/#website\"},\"datePublished\":\"2020-03-31T07:07:35+00:00\",\"dateModified\":\"2020-04-06T09:30:01+00:00\",\"breadcrumb\":{\"@id\":\"https:\\\/\\\/www.fromfroid.com\\\/pt-br\\\/conhecimentos\\\/processo-de-tratamento-de-ar\\\/gerenciamento-de-fluxo-de-ar-e-ultra-limpeza-em-fabricas-de-queijo-2\\\/#breadcrumb\"},\"inLanguage\":\"pt-BR\",\"potentialAction\":[{\"@type\":\"ReadAction\",\"target\":[\"https:\\\/\\\/www.fromfroid.com\\\/pt-br\\\/conhecimentos\\\/processo-de-tratamento-de-ar\\\/gerenciamento-de-fluxo-de-ar-e-ultra-limpeza-em-fabricas-de-queijo-2\\\/\"]}]},{\"@type\":\"BreadcrumbList\",\"@id\":\"https:\\\/\\\/www.fromfroid.com\\\/pt-br\\\/conhecimentos\\\/processo-de-tratamento-de-ar\\\/gerenciamento-de-fluxo-de-ar-e-ultra-limpeza-em-fabricas-de-queijo-2\\\/#breadcrumb\",\"itemListElement\":[{\"@type\":\"ListItem\",\"position\":1,\"name\":\"Home\",\"item\":\"https:\\\/\\\/www.fromfroid.com\\\/pt-br\\\/\"},{\"@type\":\"ListItem\",\"position\":2,\"name\":\"Conhecimentos\",\"item\":\"https:\\\/\\\/www.fromfroid.com\\\/pt-br\\\/conhecimentos\\\/\"},{\"@type\":\"ListItem\",\"position\":3,\"name\":\"Processo de tratamento de ar\",\"item\":\"https:\\\/\\\/www.fromfroid.com\\\/pt-br\\\/conhecimentos\\\/processo-de-tratamento-de-ar\\\/\"},{\"@type\":\"ListItem\",\"position\":4,\"name\":\"Gerenciamento de fluxo de ar e ultra-limpeza em f\u00e1bricas de queijo\"}]},{\"@type\":\"WebSite\",\"@id\":\"https:\\\/\\\/www.fromfroid.com\\\/pt-br\\\/#website\",\"url\":\"https:\\\/\\\/www.fromfroid.com\\\/pt-br\\\/\",\"name\":\"Fromfroid\",\"description\":\"\",\"potentialAction\":[{\"@type\":\"SearchAction\",\"target\":{\"@type\":\"EntryPoint\",\"urlTemplate\":\"https:\\\/\\\/www.fromfroid.com\\\/pt-br\\\/?s={search_term_string}\"},\"query-input\":{\"@type\":\"PropertyValueSpecification\",\"valueRequired\":true,\"valueName\":\"search_term_string\"}}],\"inLanguage\":\"pt-BR\"}]}<\/script>\n<!-- \/ Yoast SEO plugin. -->","yoast_head_json":{"title":"Gest\u00e3o do fluxo de ar, ultra-limpeza, tratamento do ar em f\u00e1bricas de queijo- Fromfroid","robots":{"index":"index","follow":"follow","max-snippet":"max-snippet:-1","max-image-preview":"max-image-preview:large","max-video-preview":"max-video-preview:-1"},"canonical":"https:\/\/www.fromfroid.com\/pt-br\/conhecimentos\/processo-de-tratamento-de-ar\/gerenciamento-de-fluxo-de-ar-e-ultra-limpeza-em-fabricas-de-queijo-2\/","og_locale":"pt_BR","og_type":"article","og_title":"Gest\u00e3o do fluxo de ar, ultra-limpeza, tratamento do ar em f\u00e1bricas de queijo- Fromfroid","og_description":"[mk_page_section bg_position=&#8221;center top&#8221; bg_repeat=&#8221;no-repeat&#8221; enable_3d=&#8221;true&#8221; bg_gradient=&#8221;vertical&#8221; video_color_mask=&#8221;#ffffff&#8221; gr_end=&#8221;rgba(255,255,255,0.4)&#8221; video_opacity=&#8221;0&#8243; padding_top=&#8221;50&#8243; padding_bottom=&#8221;50&#8243; margin_bottom=&#8221;50&#8243; sidebar=&#8221;sidebar-1&#8243; first_page=&#8221;false&#8221; last_page=&#8221;false&#8221;][vc_column width=&#8221;1\/3&#8243;][mk_padding_divider][mk_image_slideshow images=&#8221;709,747,1246,58,1112,1290,1116,1242&#8243; image_width=&#8221;400&#8243; animation_speed=&#8221;400&#8243; slideshow_speed=&#8221;2500&#8243;][\/vc_column][vc_column width=&#8221;2\/3&#8243;][vc_column_text css=&#8221;.vc_custom_1586165259455{margin-bottom: 0px !important;}&#8221;] Experi\u00eancia, Tecnologia, Know-how A FROMFROID acompanha os clientes com excel\u00eancia h\u00e1 50 anos &nbsp; Por quase 50 anos, a FROMFROID est\u00e1 comprometida em fornecer as melhores solu\u00e7\u00f5es para combater os riscos [&hellip;]","og_url":"https:\/\/www.fromfroid.com\/pt-br\/conhecimentos\/processo-de-tratamento-de-ar\/gerenciamento-de-fluxo-de-ar-e-ultra-limpeza-em-fabricas-de-queijo-2\/","og_site_name":"Fromfroid","article_modified_time":"2020-04-06T09:30:01+00:00","twitter_card":"summary_large_image","twitter_misc":{"Est. tempo de leitura":"1 minuto"},"schema":{"@context":"https:\/\/schema.org","@graph":[{"@type":"WebPage","@id":"https:\/\/www.fromfroid.com\/pt-br\/conhecimentos\/processo-de-tratamento-de-ar\/gerenciamento-de-fluxo-de-ar-e-ultra-limpeza-em-fabricas-de-queijo-2\/","url":"https:\/\/www.fromfroid.com\/pt-br\/conhecimentos\/processo-de-tratamento-de-ar\/gerenciamento-de-fluxo-de-ar-e-ultra-limpeza-em-fabricas-de-queijo-2\/","name":"Gest\u00e3o do fluxo de ar, ultra-limpeza, tratamento do ar em f\u00e1bricas de queijo- Fromfroid","isPartOf":{"@id":"https:\/\/www.fromfroid.com\/pt-br\/#website"},"datePublished":"2020-03-31T07:07:35+00:00","dateModified":"2020-04-06T09:30:01+00:00","breadcrumb":{"@id":"https:\/\/www.fromfroid.com\/pt-br\/conhecimentos\/processo-de-tratamento-de-ar\/gerenciamento-de-fluxo-de-ar-e-ultra-limpeza-em-fabricas-de-queijo-2\/#breadcrumb"},"inLanguage":"pt-BR","potentialAction":[{"@type":"ReadAction","target":["https:\/\/www.fromfroid.com\/pt-br\/conhecimentos\/processo-de-tratamento-de-ar\/gerenciamento-de-fluxo-de-ar-e-ultra-limpeza-em-fabricas-de-queijo-2\/"]}]},{"@type":"BreadcrumbList","@id":"https:\/\/www.fromfroid.com\/pt-br\/conhecimentos\/processo-de-tratamento-de-ar\/gerenciamento-de-fluxo-de-ar-e-ultra-limpeza-em-fabricas-de-queijo-2\/#breadcrumb","itemListElement":[{"@type":"ListItem","position":1,"name":"Home","item":"https:\/\/www.fromfroid.com\/pt-br\/"},{"@type":"ListItem","position":2,"name":"Conhecimentos","item":"https:\/\/www.fromfroid.com\/pt-br\/conhecimentos\/"},{"@type":"ListItem","position":3,"name":"Processo de tratamento de ar","item":"https:\/\/www.fromfroid.com\/pt-br\/conhecimentos\/processo-de-tratamento-de-ar\/"},{"@type":"ListItem","position":4,"name":"Gerenciamento de fluxo de ar e ultra-limpeza em f\u00e1bricas de queijo"}]},{"@type":"WebSite","@id":"https:\/\/www.fromfroid.com\/pt-br\/#website","url":"https:\/\/www.fromfroid.com\/pt-br\/","name":"Fromfroid","description":"","potentialAction":[{"@type":"SearchAction","target":{"@type":"EntryPoint","urlTemplate":"https:\/\/www.fromfroid.com\/pt-br\/?s={search_term_string}"},"query-input":{"@type":"PropertyValueSpecification","valueRequired":true,"valueName":"search_term_string"}}],"inLanguage":"pt-BR"}]}},"_links":{"self":[{"href":"https:\/\/www.fromfroid.com\/pt-br\/wp-json\/wp\/v2\/pages\/2824","targetHints":{"allow":["GET"]}}],"collection":[{"href":"https:\/\/www.fromfroid.com\/pt-br\/wp-json\/wp\/v2\/pages"}],"about":[{"href":"https:\/\/www.fromfroid.com\/pt-br\/wp-json\/wp\/v2\/types\/page"}],"author":[{"embeddable":true,"href":"https:\/\/www.fromfroid.com\/pt-br\/wp-json\/wp\/v2\/users\/3"}],"replies":[{"embeddable":true,"href":"https:\/\/www.fromfroid.com\/pt-br\/wp-json\/wp\/v2\/comments?post=2824"}],"version-history":[{"count":3,"href":"https:\/\/www.fromfroid.com\/pt-br\/wp-json\/wp\/v2\/pages\/2824\/revisions"}],"predecessor-version":[{"id":2992,"href":"https:\/\/www.fromfroid.com\/pt-br\/wp-json\/wp\/v2\/pages\/2824\/revisions\/2992"}],"up":[{"embeddable":true,"href":"https:\/\/www.fromfroid.com\/pt-br\/wp-json\/wp\/v2\/pages\/2820"}],"wp:attachment":[{"href":"https:\/\/www.fromfroid.com\/pt-br\/wp-json\/wp\/v2\/media?parent=2824"}],"curies":[{"name":"wp","href":"https:\/\/api.w.org\/{rel}","templated":true}]}}