{"id":2831,"date":"2020-03-31T09:11:29","date_gmt":"2020-03-31T07:11:29","guid":{"rendered":"https:\/\/www.fromfroid.com\/inovacoes-na-industria-agroalimentar\/"},"modified":"2020-04-07T10:47:28","modified_gmt":"2020-04-07T08:47:28","slug":"inovacoes-na-industria-agroalimentar","status":"publish","type":"page","link":"https:\/\/www.fromfroid.com\/pt-br\/fromfroid\/inovacoes-na-industria-agroalimentar\/","title":{"rendered":"Inova\u00e7\u00f5es na industria agroalimentar"},"content":{"rendered":"[mk_page_section bg_position=&#8221;center top&#8221; bg_repeat=&#8221;no-repeat&#8221; enable_3d=&#8221;true&#8221; bg_gradient=&#8221;vertical&#8221; video_color_mask=&#8221;#ffffff&#8221; gr_end=&#8221;rgba(255,255,255,0.4)&#8221; video_opacity=&#8221;0&#8243; padding_top=&#8221;50&#8243; padding_bottom=&#8221;50&#8243; margin_bottom=&#8221;50&#8243; sidebar=&#8221;sidebar-1&#8243; first_page=&#8221;false&#8221; last_page=&#8221;false&#8221;][vc_column width=&#8221;1\/3&#8243;][mk_padding_divider][mk_image_slideshow images=&#8221;1009,476,48,1025,1013&#8243; image_width=&#8221;400&#8243; image_height=&#8221;300&#8243; animation_speed=&#8221;400&#8243; slideshow_speed=&#8221;2500&#8243;][\/vc_column][vc_column width=&#8221;2\/3&#8243;][vc_column_text css=&#8221;.vc_custom_1574781059314{margin-bottom: 0px !important;}&#8221;]\n<h2 style=\"text-align: center;\">FROMFROID<\/h2>\n<h2 style=\"text-align: center;\"><strong>Tecnologia avan\u00e7ada<\/strong><\/h2>\n<p>&nbsp;<\/p>\n<p>Sempre atenta \u00e0s necessidades do cliente, a FROMFROID se diferencia por solu\u00e7\u00f5es inovadoras e otimizadas para garantir a qualidade de seus produtos e diminuir o consumo de energia.<\/p>\n<p>Nossas solu\u00e7\u00f5es nas <a href=\"https:\/\/www.fromfroid.com\/pt-br\/setores-de-atividades\/fabrica-de-queijos\/\">f\u00e1bricas de queijo<\/a> permitem que nossos clientes se protejam de poss\u00edveis contamina\u00e7\u00f5es gra\u00e7as ao nosso equipamento de <a href=\"https:\/\/www.fromfroid.com\/pt-br\/conhecimentos\/processo-de-tratamento-de-ar\/gerenciamento-de-fluxo-de-ar-e-ultra-limpeza-em-fabricas-de-queijo-2\/\">gerenciamento de fluxo de ar<\/a>, garantindo a melhor qualidade poss\u00edvel com retra\u00e7\u00e3o controlada, gra\u00e7as aos nossos <a href=\"https:\/\/www.fromfroid.com\/pt-br\/conhecimentos\/processo-de-tratamento-de-ar\/ar-condicionado-e-climatisacao-na-industria-de-queijos\/\">condicionadores de ar<\/a> para queijo.<\/p>\n<p>Nossas mais recentes inova\u00e7\u00f5es em termos de<a href=\"https:\/\/www.fromfroid.com\/pt-br\/conhecimentos\/resfriamento-rapido-para-paletes\/tuneis-de-resfriamento-rapido-de-alto-desempenho-para-paletes\/\"> t\u00faneis de alto desempenho<\/a> e<a href=\"https:\/\/www.fromfroid.com\/pt-br\/conhecimentos\/resfriamento-rapido-para-paletes\/celulas-de-resfriamento-rapido-para-paletes\/\"> c\u00e9lulas de resfriamento<\/a> permitiram que nossos clientes esfriassem homogeneamente e rapidamente toda a sua produ\u00e7\u00e3o, reduzindo o consumo de energia em mais de 30% em compara\u00e7\u00e3o com as solu\u00e7\u00f5es concorrentes.[\/vc_column_text][\/vc_column][\/mk_page_section]\n","protected":false},"excerpt":{"rendered":"<p>[mk_page_section bg_position=&#8221;center top&#8221; bg_repeat=&#8221;no-repeat&#8221; enable_3d=&#8221;true&#8221; bg_gradient=&#8221;vertical&#8221; video_color_mask=&#8221;#ffffff&#8221; gr_end=&#8221;rgba(255,255,255,0.4)&#8221; video_opacity=&#8221;0&#8243; padding_top=&#8221;50&#8243; padding_bottom=&#8221;50&#8243; margin_bottom=&#8221;50&#8243; sidebar=&#8221;sidebar-1&#8243; first_page=&#8221;false&#8221; last_page=&#8221;false&#8221;][vc_column width=&#8221;1\/3&#8243;][mk_padding_divider][mk_image_slideshow images=&#8221;1009,476,48,1025,1013&#8243; image_width=&#8221;400&#8243; image_height=&#8221;300&#8243; animation_speed=&#8221;400&#8243; slideshow_speed=&#8221;2500&#8243;][\/vc_column][vc_column width=&#8221;2\/3&#8243;][vc_column_text css=&#8221;.vc_custom_1574781059314{margin-bottom: 0px !important;}&#8221;] FROMFROID Tecnologia avan\u00e7ada &nbsp; Sempre atenta \u00e0s necessidades do cliente, a FROMFROID se diferencia por solu\u00e7\u00f5es inovadoras e otimizadas para garantir a qualidade de seus produtos e diminuir o consumo [&hellip;]<\/p>\n","protected":false},"author":3,"featured_media":0,"parent":2833,"menu_order":0,"comment_status":"closed","ping_status":"closed","template":"","meta":{"footnotes":""},"class_list":["post-2831","page","type-page","status-publish","hentry"],"yoast_head":"<!-- This site is optimized with the Yoast SEO plugin v27.4 - https:\/\/yoast.com\/product\/yoast-seo-wordpress\/ -->\n<title>tecnologiaie, inova\u00e7\u00e3o, agroalimentar- Fromfroid<\/title>\n<meta name=\"robots\" content=\"index, follow, max-snippet:-1, max-image-preview:large, max-video-preview:-1\" \/>\n<link rel=\"canonical\" href=\"https:\/\/www.fromfroid.com\/pt-br\/fromfroid\/inovacoes-na-industria-agroalimentar\/\" \/>\n<meta property=\"og:locale\" content=\"pt_BR\" \/>\n<meta property=\"og:type\" content=\"article\" \/>\n<meta property=\"og:title\" content=\"tecnologiaie, inova\u00e7\u00e3o, agroalimentar- Fromfroid\" \/>\n<meta property=\"og:description\" content=\"[mk_page_section bg_position=&#8221;center top&#8221; bg_repeat=&#8221;no-repeat&#8221; enable_3d=&#8221;true&#8221; bg_gradient=&#8221;vertical&#8221; video_color_mask=&#8221;#ffffff&#8221; gr_end=&#8221;rgba(255,255,255,0.4)&#8221; video_opacity=&#8221;0&#8243; padding_top=&#8221;50&#8243; padding_bottom=&#8221;50&#8243; margin_bottom=&#8221;50&#8243; sidebar=&#8221;sidebar-1&#8243; first_page=&#8221;false&#8221; last_page=&#8221;false&#8221;][vc_column width=&#8221;1\/3&#8243;][mk_padding_divider][mk_image_slideshow images=&#8221;1009,476,48,1025,1013&#8243; image_width=&#8221;400&#8243; image_height=&#8221;300&#8243; animation_speed=&#8221;400&#8243; slideshow_speed=&#8221;2500&#8243;][\/vc_column][vc_column width=&#8221;2\/3&#8243;][vc_column_text css=&#8221;.vc_custom_1574781059314{margin-bottom: 0px !important;}&#8221;] FROMFROID Tecnologia avan\u00e7ada &nbsp; Sempre atenta \u00e0s necessidades do cliente, a FROMFROID se diferencia por solu\u00e7\u00f5es inovadoras e otimizadas para garantir a qualidade de seus produtos e diminuir o consumo [&hellip;]\" \/>\n<meta property=\"og:url\" content=\"https:\/\/www.fromfroid.com\/pt-br\/fromfroid\/inovacoes-na-industria-agroalimentar\/\" \/>\n<meta property=\"og:site_name\" content=\"Fromfroid\" \/>\n<meta property=\"article:modified_time\" content=\"2020-04-07T08:47:28+00:00\" \/>\n<meta name=\"twitter:card\" content=\"summary_large_image\" \/>\n<meta name=\"twitter:label1\" content=\"Est. tempo de leitura\" \/>\n\t<meta name=\"twitter:data1\" content=\"1 minuto\" \/>\n<script type=\"application\/ld+json\" class=\"yoast-schema-graph\">{\"@context\":\"https:\\\/\\\/schema.org\",\"@graph\":[{\"@type\":\"WebPage\",\"@id\":\"https:\\\/\\\/www.fromfroid.com\\\/pt-br\\\/fromfroid\\\/inovacoes-na-industria-agroalimentar\\\/\",\"url\":\"https:\\\/\\\/www.fromfroid.com\\\/pt-br\\\/fromfroid\\\/inovacoes-na-industria-agroalimentar\\\/\",\"name\":\"tecnologiaie, inova\u00e7\u00e3o, agroalimentar- Fromfroid\",\"isPartOf\":{\"@id\":\"https:\\\/\\\/www.fromfroid.com\\\/pt-br\\\/#website\"},\"datePublished\":\"2020-03-31T07:11:29+00:00\",\"dateModified\":\"2020-04-07T08:47:28+00:00\",\"breadcrumb\":{\"@id\":\"https:\\\/\\\/www.fromfroid.com\\\/pt-br\\\/fromfroid\\\/inovacoes-na-industria-agroalimentar\\\/#breadcrumb\"},\"inLanguage\":\"pt-BR\",\"potentialAction\":[{\"@type\":\"ReadAction\",\"target\":[\"https:\\\/\\\/www.fromfroid.com\\\/pt-br\\\/fromfroid\\\/inovacoes-na-industria-agroalimentar\\\/\"]}]},{\"@type\":\"BreadcrumbList\",\"@id\":\"https:\\\/\\\/www.fromfroid.com\\\/pt-br\\\/fromfroid\\\/inovacoes-na-industria-agroalimentar\\\/#breadcrumb\",\"itemListElement\":[{\"@type\":\"ListItem\",\"position\":1,\"name\":\"Home\",\"item\":\"https:\\\/\\\/www.fromfroid.com\\\/pt-br\\\/\"},{\"@type\":\"ListItem\",\"position\":2,\"name\":\"FROMFROID\",\"item\":\"https:\\\/\\\/www.fromfroid.com\\\/pt-br\\\/fromfroid\\\/\"},{\"@type\":\"ListItem\",\"position\":3,\"name\":\"Inova\u00e7\u00f5es na industria agroalimentar\"}]},{\"@type\":\"WebSite\",\"@id\":\"https:\\\/\\\/www.fromfroid.com\\\/pt-br\\\/#website\",\"url\":\"https:\\\/\\\/www.fromfroid.com\\\/pt-br\\\/\",\"name\":\"Fromfroid\",\"description\":\"\",\"potentialAction\":[{\"@type\":\"SearchAction\",\"target\":{\"@type\":\"EntryPoint\",\"urlTemplate\":\"https:\\\/\\\/www.fromfroid.com\\\/pt-br\\\/?s={search_term_string}\"},\"query-input\":{\"@type\":\"PropertyValueSpecification\",\"valueRequired\":true,\"valueName\":\"search_term_string\"}}],\"inLanguage\":\"pt-BR\"}]}<\/script>\n<!-- \/ Yoast SEO plugin. -->","yoast_head_json":{"title":"tecnologiaie, inova\u00e7\u00e3o, agroalimentar- Fromfroid","robots":{"index":"index","follow":"follow","max-snippet":"max-snippet:-1","max-image-preview":"max-image-preview:large","max-video-preview":"max-video-preview:-1"},"canonical":"https:\/\/www.fromfroid.com\/pt-br\/fromfroid\/inovacoes-na-industria-agroalimentar\/","og_locale":"pt_BR","og_type":"article","og_title":"tecnologiaie, inova\u00e7\u00e3o, agroalimentar- Fromfroid","og_description":"[mk_page_section bg_position=&#8221;center top&#8221; bg_repeat=&#8221;no-repeat&#8221; enable_3d=&#8221;true&#8221; bg_gradient=&#8221;vertical&#8221; video_color_mask=&#8221;#ffffff&#8221; gr_end=&#8221;rgba(255,255,255,0.4)&#8221; video_opacity=&#8221;0&#8243; padding_top=&#8221;50&#8243; padding_bottom=&#8221;50&#8243; margin_bottom=&#8221;50&#8243; sidebar=&#8221;sidebar-1&#8243; first_page=&#8221;false&#8221; last_page=&#8221;false&#8221;][vc_column width=&#8221;1\/3&#8243;][mk_padding_divider][mk_image_slideshow images=&#8221;1009,476,48,1025,1013&#8243; image_width=&#8221;400&#8243; image_height=&#8221;300&#8243; animation_speed=&#8221;400&#8243; slideshow_speed=&#8221;2500&#8243;][\/vc_column][vc_column width=&#8221;2\/3&#8243;][vc_column_text css=&#8221;.vc_custom_1574781059314{margin-bottom: 0px !important;}&#8221;] FROMFROID Tecnologia avan\u00e7ada &nbsp; Sempre atenta \u00e0s necessidades do cliente, a FROMFROID se diferencia por solu\u00e7\u00f5es inovadoras e otimizadas para garantir a qualidade de seus produtos e diminuir o consumo [&hellip;]","og_url":"https:\/\/www.fromfroid.com\/pt-br\/fromfroid\/inovacoes-na-industria-agroalimentar\/","og_site_name":"Fromfroid","article_modified_time":"2020-04-07T08:47:28+00:00","twitter_card":"summary_large_image","twitter_misc":{"Est. tempo de leitura":"1 minuto"},"schema":{"@context":"https:\/\/schema.org","@graph":[{"@type":"WebPage","@id":"https:\/\/www.fromfroid.com\/pt-br\/fromfroid\/inovacoes-na-industria-agroalimentar\/","url":"https:\/\/www.fromfroid.com\/pt-br\/fromfroid\/inovacoes-na-industria-agroalimentar\/","name":"tecnologiaie, inova\u00e7\u00e3o, agroalimentar- Fromfroid","isPartOf":{"@id":"https:\/\/www.fromfroid.com\/pt-br\/#website"},"datePublished":"2020-03-31T07:11:29+00:00","dateModified":"2020-04-07T08:47:28+00:00","breadcrumb":{"@id":"https:\/\/www.fromfroid.com\/pt-br\/fromfroid\/inovacoes-na-industria-agroalimentar\/#breadcrumb"},"inLanguage":"pt-BR","potentialAction":[{"@type":"ReadAction","target":["https:\/\/www.fromfroid.com\/pt-br\/fromfroid\/inovacoes-na-industria-agroalimentar\/"]}]},{"@type":"BreadcrumbList","@id":"https:\/\/www.fromfroid.com\/pt-br\/fromfroid\/inovacoes-na-industria-agroalimentar\/#breadcrumb","itemListElement":[{"@type":"ListItem","position":1,"name":"Home","item":"https:\/\/www.fromfroid.com\/pt-br\/"},{"@type":"ListItem","position":2,"name":"FROMFROID","item":"https:\/\/www.fromfroid.com\/pt-br\/fromfroid\/"},{"@type":"ListItem","position":3,"name":"Inova\u00e7\u00f5es na industria agroalimentar"}]},{"@type":"WebSite","@id":"https:\/\/www.fromfroid.com\/pt-br\/#website","url":"https:\/\/www.fromfroid.com\/pt-br\/","name":"Fromfroid","description":"","potentialAction":[{"@type":"SearchAction","target":{"@type":"EntryPoint","urlTemplate":"https:\/\/www.fromfroid.com\/pt-br\/?s={search_term_string}"},"query-input":{"@type":"PropertyValueSpecification","valueRequired":true,"valueName":"search_term_string"}}],"inLanguage":"pt-BR"}]}},"_links":{"self":[{"href":"https:\/\/www.fromfroid.com\/pt-br\/wp-json\/wp\/v2\/pages\/2831","targetHints":{"allow":["GET"]}}],"collection":[{"href":"https:\/\/www.fromfroid.com\/pt-br\/wp-json\/wp\/v2\/pages"}],"about":[{"href":"https:\/\/www.fromfroid.com\/pt-br\/wp-json\/wp\/v2\/types\/page"}],"author":[{"embeddable":true,"href":"https:\/\/www.fromfroid.com\/pt-br\/wp-json\/wp\/v2\/users\/3"}],"replies":[{"embeddable":true,"href":"https:\/\/www.fromfroid.com\/pt-br\/wp-json\/wp\/v2\/comments?post=2831"}],"version-history":[{"count":4,"href":"https:\/\/www.fromfroid.com\/pt-br\/wp-json\/wp\/v2\/pages\/2831\/revisions"}],"predecessor-version":[{"id":3102,"href":"https:\/\/www.fromfroid.com\/pt-br\/wp-json\/wp\/v2\/pages\/2831\/revisions\/3102"}],"up":[{"embeddable":true,"href":"https:\/\/www.fromfroid.com\/pt-br\/wp-json\/wp\/v2\/pages\/2833"}],"wp:attachment":[{"href":"https:\/\/www.fromfroid.com\/pt-br\/wp-json\/wp\/v2\/media?parent=2831"}],"curies":[{"name":"wp","href":"https:\/\/api.w.org\/{rel}","templated":true}]}}