{"id":2833,"date":"2020-03-31T11:35:30","date_gmt":"2020-03-31T09:35:30","guid":{"rendered":"https:\/\/www.fromfroid.com\/fromfroid\/"},"modified":"2020-04-07T10:52:12","modified_gmt":"2020-04-07T08:52:12","slug":"fromfroid","status":"publish","type":"page","link":"https:\/\/www.fromfroid.com\/pt-br\/fromfroid\/","title":{"rendered":"FROMFROID"},"content":{"rendered":"[vc_row][vc_column][vc_column_text css=&#8221;.vc_custom_1574780486464{margin-bottom: 0px !important;}&#8221;]\n<p>A FROMFROID realiza engenharia, fabrica\u00e7\u00e3o, instala\u00e7\u00e3o e monitoramento de suas instala\u00e7\u00f5es em todo o mundo e atende \u00e0s suas necessidades tanto para solu\u00e7\u00f5es padr\u00f5es quanto para solu\u00e7\u00f5es personalizadas, adaptadas \u00e0s suas necessidades e restri\u00e7\u00f5es. FROMFROID esta presente em todo o mundo em rela\u00e7\u00e3o ao <a href=\"https:\/\/www.fromfroid.com\/pt-br\/conhecimentos\/resfriamento-rapido-para-paletes\/\">resfriamento r\u00e1pido<\/a>, <a href=\"https:\/\/www.fromfroid.com\/pt-br\/conhecimentos\/processo-de-tratamento-de-ar\/\">processo de tratamento de ar <\/a>para queijos, e a produ\u00e7\u00e3o de refrigera\u00e7\u00e3o. Para mais informa\u00e7\u00e3o sobre FROMFROID:<\/p>\n<ul>\n<li style=\"list-style-type: none;\">\n<ul>\n<li><a href=\"https:\/\/www.fromfroid.com\/pt-br\/fromfroid\/especialista-do-frio-para-a-industria-de-alimentos\/\">Apresenta\u00e7\u00e3o<\/a><\/li>\n<li><a href=\"https:\/\/www.fromfroid.com\/pt-br\/fromfroid\/inovacoes-na-industria-agroalimentar\/\">Inova\u00e7\u00e3o<\/a><\/li>\n<li><a href=\"https:\/\/www.fromfroid.com\/pt-br\/fromfroid\/a-equipe-especializado-no-frio-de-alimentos\/\">A equipe<\/a><\/li>\n<li><a href=\"https:\/\/www.fromfroid.com\/pt-br\/fromfroid\/valores-e-compromissos\/\">Valores<\/a><\/li>\n<li><a href=\"https:\/\/www.fromfroid.com\/pt-br\/fromfroid\/recrutamento\/\">Recrutamento<\/a><\/li>\n<\/ul>\n<\/li>\n<\/ul>\n[\/vc_column_text][\/vc_column][\/vc_row][vc_row][vc_column][\/vc_column][\/vc_row]\n","protected":false},"excerpt":{"rendered":"<p>[vc_row][vc_column][vc_column_text css=&#8221;.vc_custom_1574780486464{margin-bottom: 0px !important;}&#8221;] A FROMFROID realiza engenharia, fabrica\u00e7\u00e3o, instala\u00e7\u00e3o e monitoramento de suas instala\u00e7\u00f5es em todo o mundo e atende \u00e0s suas necessidades tanto para solu\u00e7\u00f5es padr\u00f5es quanto para solu\u00e7\u00f5es personalizadas, adaptadas \u00e0s suas necessidades e restri\u00e7\u00f5es. FROMFROID esta presente em todo o mundo em rela\u00e7\u00e3o ao resfriamento r\u00e1pido, processo de tratamento de ar [&hellip;]<\/p>\n","protected":false},"author":3,"featured_media":0,"parent":0,"menu_order":0,"comment_status":"closed","ping_status":"closed","template":"","meta":{"footnotes":""},"class_list":["post-2833","page","type-page","status-publish","hentry"],"yoast_head":"<!-- This site is optimized with the Yoast SEO plugin v27.4 - https:\/\/yoast.com\/product\/yoast-seo-wordpress\/ -->\n<title>Resfriamento r\u00e1pido iogurte paletes, processo de tratamento de ar queijo - Fromfroid<\/title>\n<meta name=\"robots\" content=\"index, follow, max-snippet:-1, max-image-preview:large, max-video-preview:-1\" \/>\n<link rel=\"canonical\" href=\"https:\/\/www.fromfroid.com\/pt-br\/fromfroid\/\" \/>\n<meta property=\"og:locale\" content=\"pt_BR\" \/>\n<meta property=\"og:type\" content=\"article\" \/>\n<meta property=\"og:title\" content=\"Resfriamento r\u00e1pido iogurte paletes, processo de tratamento de ar queijo - Fromfroid\" \/>\n<meta property=\"og:description\" content=\"[vc_row][vc_column][vc_column_text css=&#8221;.vc_custom_1574780486464{margin-bottom: 0px !important;}&#8221;] A FROMFROID realiza engenharia, fabrica\u00e7\u00e3o, instala\u00e7\u00e3o e monitoramento de suas instala\u00e7\u00f5es em todo o mundo e atende \u00e0s suas necessidades tanto para solu\u00e7\u00f5es padr\u00f5es quanto para solu\u00e7\u00f5es personalizadas, adaptadas \u00e0s suas necessidades e restri\u00e7\u00f5es. FROMFROID esta presente em todo o mundo em rela\u00e7\u00e3o ao resfriamento r\u00e1pido, processo de tratamento de ar [&hellip;]\" \/>\n<meta property=\"og:url\" content=\"https:\/\/www.fromfroid.com\/pt-br\/fromfroid\/\" \/>\n<meta property=\"og:site_name\" content=\"Fromfroid\" \/>\n<meta property=\"article:modified_time\" content=\"2020-04-07T08:52:12+00:00\" \/>\n<meta name=\"twitter:card\" content=\"summary_large_image\" \/>\n<meta name=\"twitter:label1\" content=\"Est. tempo de leitura\" \/>\n\t<meta name=\"twitter:data1\" content=\"1 minuto\" \/>\n<script type=\"application\/ld+json\" class=\"yoast-schema-graph\">{\"@context\":\"https:\\\/\\\/schema.org\",\"@graph\":[{\"@type\":\"WebPage\",\"@id\":\"https:\\\/\\\/www.fromfroid.com\\\/pt-br\\\/fromfroid\\\/\",\"url\":\"https:\\\/\\\/www.fromfroid.com\\\/pt-br\\\/fromfroid\\\/\",\"name\":\"Resfriamento r\u00e1pido iogurte paletes, processo de tratamento de ar queijo - Fromfroid\",\"isPartOf\":{\"@id\":\"https:\\\/\\\/www.fromfroid.com\\\/pt-br\\\/#website\"},\"datePublished\":\"2020-03-31T09:35:30+00:00\",\"dateModified\":\"2020-04-07T08:52:12+00:00\",\"breadcrumb\":{\"@id\":\"https:\\\/\\\/www.fromfroid.com\\\/pt-br\\\/fromfroid\\\/#breadcrumb\"},\"inLanguage\":\"pt-BR\",\"potentialAction\":[{\"@type\":\"ReadAction\",\"target\":[\"https:\\\/\\\/www.fromfroid.com\\\/pt-br\\\/fromfroid\\\/\"]}]},{\"@type\":\"BreadcrumbList\",\"@id\":\"https:\\\/\\\/www.fromfroid.com\\\/pt-br\\\/fromfroid\\\/#breadcrumb\",\"itemListElement\":[{\"@type\":\"ListItem\",\"position\":1,\"name\":\"Home\",\"item\":\"https:\\\/\\\/www.fromfroid.com\\\/pt-br\\\/\"},{\"@type\":\"ListItem\",\"position\":2,\"name\":\"FROMFROID\"}]},{\"@type\":\"WebSite\",\"@id\":\"https:\\\/\\\/www.fromfroid.com\\\/pt-br\\\/#website\",\"url\":\"https:\\\/\\\/www.fromfroid.com\\\/pt-br\\\/\",\"name\":\"Fromfroid\",\"description\":\"\",\"potentialAction\":[{\"@type\":\"SearchAction\",\"target\":{\"@type\":\"EntryPoint\",\"urlTemplate\":\"https:\\\/\\\/www.fromfroid.com\\\/pt-br\\\/?s={search_term_string}\"},\"query-input\":{\"@type\":\"PropertyValueSpecification\",\"valueRequired\":true,\"valueName\":\"search_term_string\"}}],\"inLanguage\":\"pt-BR\"}]}<\/script>\n<!-- \/ Yoast SEO plugin. -->","yoast_head_json":{"title":"Resfriamento r\u00e1pido iogurte paletes, processo de tratamento de ar queijo - Fromfroid","robots":{"index":"index","follow":"follow","max-snippet":"max-snippet:-1","max-image-preview":"max-image-preview:large","max-video-preview":"max-video-preview:-1"},"canonical":"https:\/\/www.fromfroid.com\/pt-br\/fromfroid\/","og_locale":"pt_BR","og_type":"article","og_title":"Resfriamento r\u00e1pido iogurte paletes, processo de tratamento de ar queijo - Fromfroid","og_description":"[vc_row][vc_column][vc_column_text css=&#8221;.vc_custom_1574780486464{margin-bottom: 0px !important;}&#8221;] A FROMFROID realiza engenharia, fabrica\u00e7\u00e3o, instala\u00e7\u00e3o e monitoramento de suas instala\u00e7\u00f5es em todo o mundo e atende \u00e0s suas necessidades tanto para solu\u00e7\u00f5es padr\u00f5es quanto para solu\u00e7\u00f5es personalizadas, adaptadas \u00e0s suas necessidades e restri\u00e7\u00f5es. FROMFROID esta presente em todo o mundo em rela\u00e7\u00e3o ao resfriamento r\u00e1pido, processo de tratamento de ar [&hellip;]","og_url":"https:\/\/www.fromfroid.com\/pt-br\/fromfroid\/","og_site_name":"Fromfroid","article_modified_time":"2020-04-07T08:52:12+00:00","twitter_card":"summary_large_image","twitter_misc":{"Est. tempo de leitura":"1 minuto"},"schema":{"@context":"https:\/\/schema.org","@graph":[{"@type":"WebPage","@id":"https:\/\/www.fromfroid.com\/pt-br\/fromfroid\/","url":"https:\/\/www.fromfroid.com\/pt-br\/fromfroid\/","name":"Resfriamento r\u00e1pido iogurte paletes, processo de tratamento de ar queijo - Fromfroid","isPartOf":{"@id":"https:\/\/www.fromfroid.com\/pt-br\/#website"},"datePublished":"2020-03-31T09:35:30+00:00","dateModified":"2020-04-07T08:52:12+00:00","breadcrumb":{"@id":"https:\/\/www.fromfroid.com\/pt-br\/fromfroid\/#breadcrumb"},"inLanguage":"pt-BR","potentialAction":[{"@type":"ReadAction","target":["https:\/\/www.fromfroid.com\/pt-br\/fromfroid\/"]}]},{"@type":"BreadcrumbList","@id":"https:\/\/www.fromfroid.com\/pt-br\/fromfroid\/#breadcrumb","itemListElement":[{"@type":"ListItem","position":1,"name":"Home","item":"https:\/\/www.fromfroid.com\/pt-br\/"},{"@type":"ListItem","position":2,"name":"FROMFROID"}]},{"@type":"WebSite","@id":"https:\/\/www.fromfroid.com\/pt-br\/#website","url":"https:\/\/www.fromfroid.com\/pt-br\/","name":"Fromfroid","description":"","potentialAction":[{"@type":"SearchAction","target":{"@type":"EntryPoint","urlTemplate":"https:\/\/www.fromfroid.com\/pt-br\/?s={search_term_string}"},"query-input":{"@type":"PropertyValueSpecification","valueRequired":true,"valueName":"search_term_string"}}],"inLanguage":"pt-BR"}]}},"_links":{"self":[{"href":"https:\/\/www.fromfroid.com\/pt-br\/wp-json\/wp\/v2\/pages\/2833","targetHints":{"allow":["GET"]}}],"collection":[{"href":"https:\/\/www.fromfroid.com\/pt-br\/wp-json\/wp\/v2\/pages"}],"about":[{"href":"https:\/\/www.fromfroid.com\/pt-br\/wp-json\/wp\/v2\/types\/page"}],"author":[{"embeddable":true,"href":"https:\/\/www.fromfroid.com\/pt-br\/wp-json\/wp\/v2\/users\/3"}],"replies":[{"embeddable":true,"href":"https:\/\/www.fromfroid.com\/pt-br\/wp-json\/wp\/v2\/comments?post=2833"}],"version-history":[{"count":3,"href":"https:\/\/www.fromfroid.com\/pt-br\/wp-json\/wp\/v2\/pages\/2833\/revisions"}],"predecessor-version":[{"id":3107,"href":"https:\/\/www.fromfroid.com\/pt-br\/wp-json\/wp\/v2\/pages\/2833\/revisions\/3107"}],"wp:attachment":[{"href":"https:\/\/www.fromfroid.com\/pt-br\/wp-json\/wp\/v2\/media?parent=2833"}],"curies":[{"name":"wp","href":"https:\/\/api.w.org\/{rel}","templated":true}]}}