{"id":2835,"date":"2020-03-31T11:36:06","date_gmt":"2020-03-31T09:36:06","guid":{"rendered":"https:\/\/www.fromfroid.com\/home\/"},"modified":"2020-05-13T15:23:07","modified_gmt":"2020-05-13T13:23:07","slug":"home","status":"publish","type":"page","link":"https:\/\/www.fromfroid.com\/pt-br\/","title":{"rendered":"Home"},"content":{"rendered":"[vc_row fullwidth=&#8221;true&#8221;][vc_column][mk_edge_slider first_el=&#8221;true&#8221; full_height=&#8221;false&#8221; height=&#8221;600&#8243; animation_effect=&#8221;fade&#8221; direction_nav=&#8221;round&#8221; skip_arrow=&#8221;false&#8221;][\/vc_column][\/vc_row][vc_section full_width=&#8221;stretch_row&#8221; content_placement=&#8221;middle&#8221; parallax=&#8221;content-moving&#8221; parallax_image=&#8221;119&#8243; css=&#8221;.vc_custom_1542032567017{background-image: url(https:\/\/www.fromfroid.com\/wp-content\/uploads\/2018\/11\/fromfoid_fond.gif?id=158) !important;background-position: center !important;background-repeat: no-repeat !important;background-size: cover !important;}&#8221;][vc_row][vc_column][vc_empty_space height=&#8221;40px&#8221;][\/vc_column][\/vc_row][vc_row][vc_column width=&#8221;1\/2&#8243;][mk_image src=&#8221;https:\/\/www.fromfroid.com\/wp-content\/uploads\/2018\/11\/carte-fromfroid-couleur.png&#8221; image_size=&#8221;full&#8221; align=&#8221;center&#8221; animation=&#8221;fade-in&#8221;][\/vc_column][vc_column width=&#8221;1\/2&#8243;][mk_fancy_title color=&#8221;#ffffff&#8221; size=&#8221;30&#8243; line_height=&#8221;130&#8243; font_weight=&#8221;300&#8243; font_style=&#8221;normal&#8221; margin_bottom=&#8221;0&#8243; font_family=&#8221;Open+Sans&#8221; font_type=&#8221;google&#8221;]FROMFROID acompanha voc\u00ea[\/mk_fancy_title][mk_fancy_title color=&#8221;#ffffff&#8221; size=&#8221;30&#8243; line_height=&#8221;50&#8243; font_weight=&#8221;900&#8243; font_style=&#8221;normal&#8221; font_family=&#8221;Open+Sans&#8221; font_type=&#8221;google&#8221;]<a style=\"color: #ffffff;\" href=\"https:\/\/www.fromfroid.com\/pt-br\/fale-conosco\/\">internacionalmente<\/a>[\/mk_fancy_title][vc_column_text disable_pattern=&#8221;false&#8221; css=&#8221;.vc_custom_1563958651435{margin-bottom: 0px !important;}&#8221;]<span style=\"color: #ffffff;\">A FROMFROID possui uma rede t\u00e9cnica e de ventas global e pode responder a todos os seus projetos independentemente da sua localiza\u00e7\u00e3o. <\/span><\/p>\n<p style=\"text-align: center;\"><span style=\"color: #ffffff;\">Contate-nos!<\/span><\/p>\n<p>&nbsp;<\/p>\n<p>&nbsp;<\/p>\n<p>&nbsp;<\/p>\n[\/vc_column_text][mk_button dimension=&#8221;outline&#8221; size=&#8221;medium&#8221; url=&#8221;https:\/\/www.fromfroid.com\/contact\/&#8221; animation=&#8221;fade-in&#8221; outline_skin=&#8221;custom&#8221; outline_active_color=&#8221;#ffffff&#8221; outline_active_text_color=&#8221;#ffffff&#8221; outline_hover_color=&#8221;#122f4e&#8221;]Saiba +[\/mk_button][mk_padding_divider size=&#8221;20&#8243;][\/vc_column][\/vc_row][vc_row][vc_column][vc_empty_space height=&#8221;40px&#8221;][\/vc_column][\/vc_row][\/vc_section][vc_section full_width=&#8221;stretch_row&#8221; content_placement=&#8221;middle&#8221; parallax=&#8221;content-moving&#8221; parallax_image=&#8221;158&#8243; parallax_speed_bg=&#8221;1.1&#8243; css=&#8221;.vc_custom_1541688896145{background-position: center !important;background-repeat: no-repeat !important;background-size: cover !important;}&#8221;][vc_row][vc_column][vc_empty_space height=&#8221;40px&#8221;][\/vc_column][\/vc_row][vc_row][vc_column width=&#8221;1\/2&#8243;][mk_fancy_title color=&#8221;#3eb6e9&#8243; size=&#8221;30&#8243; line_height=&#8221;130&#8243; font_weight=&#8221;300&#8243; font_style=&#8221;normal&#8221; margin_bottom=&#8221;0&#8243; font_family=&#8221;Open+Sans&#8221; font_type=&#8221;google&#8221;]FROMFROID, a especialista<br \/>\nem condicionadores de ar[\/mk_fancy_title][mk_fancy_title color=&#8221;#122f4e&#8221; size=&#8221;30&#8243; line_height=&#8221;50&#8243; font_weight=&#8221;900&#8243; font_style=&#8221;normal&#8221; font_family=&#8221;Open+Sans&#8221; font_type=&#8221;google&#8221;]<a style=\"font-weight: 800; color: #122f4e;\" href=\"https:\/\/www.fromfroid.com\/pt-br\/setores-de-atividades\/fabrica-de-queijos\/\">para a elabora\u00e7\u00e3o de queijo<\/a>[\/mk_fancy_title][mk_padding_divider size=&#8221;15&#8243;][vc_column_text css=&#8221;.vc_custom_1574873157191{margin-bottom: 0px !important;}&#8221;]Os aparelhos de ar condicionado da FROMFROID garantem um <strong>controle perfeito e ultra-preciso da temperatura, umidade e concentra\u00e7\u00e3o de g\u00e1s<\/strong> nas v\u00e1rias salas de produ\u00e7\u00e3o e matura\u00e7\u00e3o das f\u00e1bricas de queijos, garantindo total limpeza.[\/vc_column_text][mk_button dimension=&#8221;outline&#8221; size=&#8221;medium&#8221; icon=&#8221;mk-icon-angle-right&#8221; url=&#8221;https:\/\/www.fromfroid.com\/contact\/&#8221; animation=&#8221;fade-in&#8221; outline_skin=&#8221;custom&#8221; outline_active_color=&#8221;#3eb6e9&#8243; outline_active_text_color=&#8221;#3eb6e9&#8243; outline_hover_bg_color=&#8221;rgba(255,255,255,0.5)&#8221; outline_hover_color=&#8221;#3eb6e9&#8243;]Saiba +[\/mk_button][\/vc_column][vc_column width=&#8221;1\/2&#8243;][mk_image src=&#8221;https:\/\/www.fromfroid.com\/wp-content\/uploads\/2018\/11\/photos_fromage.png&#8221; image_size=&#8221;full&#8221; animation=&#8221;right-to-left&#8221;][mk_padding_divider size=&#8221;20&#8243;][\/vc_column][\/vc_row][vc_row][vc_column][vc_empty_space height=&#8221;40px&#8221;][\/vc_column][\/vc_row][vc_row][vc_column width=&#8221;1\/2&#8243;][mk_image src=&#8221;https:\/\/www.fromfroid.com\/wp-content\/uploads\/2018\/11\/photos_yaourt.png&#8221; image_size=&#8221;full&#8221; animation=&#8221;left-to-right&#8221;][mk_padding_divider size=&#8221;20&#8243;][\/vc_column][vc_column width=&#8221;1\/2&#8243;][mk_fancy_title color=&#8221;#3eb6e9&#8243; size=&#8221;30&#8243; line_height=&#8221;130&#8243; font_weight=&#8221;300&#8243; font_style=&#8221;normal&#8221; margin_bottom=&#8221;0&#8243; font_family=&#8221;Open+Sans&#8221; font_type=&#8221;google&#8221;]Solu\u00e7\u00f5es poderosas e inovadoras de <a style=\"color: #3eb6e9;\" href=\"https:\/\/www.fromfroid.com\/pt-br\/conhecimentos\/resfriamento-rapido-para-paletes\/\">resfriamento r\u00e1pido <\/a>para a ind\u00fastria<a style=\"font-weight: 800; color: #122f4e;\" href=\"https:\/\/www.fromfroid.com\/pt-br\/setores-de-atividades\/iogurtes-cremes-para-sobremesas-e-queijos-frescos\/\">\u00a0de iogurte<\/a>[\/mk_fancy_title][vc_column_text css=&#8221;.vc_custom_1574873250186{margin-bottom: 0px !important;}&#8221;]As solu\u00e7\u00f5es de incuba\u00e7\u00e3o e refrigera\u00e7\u00e3o de alto desempenho da FROMFROID garantem qualidade, otimiza\u00e7\u00e3o de energia e agilidade.<\/p>\n<p style=\"text-align: center;\">Descubra as nossas solu\u00e7\u00f5es!<\/p>\n[\/vc_column_text][mk_button dimension=&#8221;outline&#8221; size=&#8221;medium&#8221; icon=&#8221;mk-icon-angle-right&#8221; url=&#8221;https:\/\/www.fromfroid.com\/contact\/&#8221; animation=&#8221;fade-in&#8221; outline_skin=&#8221;custom&#8221; outline_active_color=&#8221;#3eb6e9&#8243; outline_active_text_color=&#8221;#3eb6e9&#8243; outline_hover_bg_color=&#8221;rgba(255,255,255,0.5)&#8221; outline_hover_color=&#8221;#3eb6e9&#8243;]Saiba +[\/mk_button][\/vc_column][\/vc_row][vc_row][vc_column][vc_empty_space height=&#8221;40px&#8221;][\/vc_column][\/vc_row][vc_row][vc_column width=&#8221;1\/2&#8243;][mk_fancy_title color=&#8221;#3eb6e9&#8243; size=&#8221;30&#8243; line_height=&#8221;130&#8243; font_weight=&#8221;300&#8243; font_style=&#8221;normal&#8221; margin_bottom=&#8221;0&#8243; font_family=&#8221;Open+Sans&#8221; font_type=&#8221;google&#8221;]Fromfroid, especialista<br \/>\nem refrigera\u00e7\u00e3o[\/mk_fancy_title][mk_fancy_title color=&#8221;#122f4e&#8221; size=&#8221;30&#8243; line_height=&#8221;50&#8243; font_weight=&#8221;900&#8243; font_style=&#8221;normal&#8221; font_family=&#8221;Open+Sans&#8221; font_type=&#8221;google&#8221;]<a style=\"font-weight: 800; color: #122f4e;\" href=\"https:\/\/www.fromfroid.com\/pt-br\/setores-de-atividades\/biscoitos\/\">para biscoitos<\/a>[\/mk_fancy_title][vc_column_text css=&#8221;.vc_custom_1574873335647{margin-bottom: 0px !important;}&#8221;]\n<p class=\"p1\">Por quase 30 anos, a FROMFROID apoia l\u00edderes mundiais no resfriamento r\u00e1pido de biscoitos.<\/p>\n<p style=\"text-align: center;\">Entre em contato conosco para saber mais!<\/p>\n[\/vc_column_text][mk_button dimension=&#8221;outline&#8221; size=&#8221;medium&#8221; icon=&#8221;mk-icon-angle-right&#8221; url=&#8221;https:\/\/www.fromfroid.com\/contact\/&#8221; animation=&#8221;fade-in&#8221; outline_skin=&#8221;custom&#8221; outline_active_color=&#8221;#3eb6e9&#8243; outline_active_text_color=&#8221;#3eb6e9&#8243; outline_hover_bg_color=&#8221;rgba(255,255,255,0.5)&#8221; outline_hover_color=&#8221;#3eb6e9&#8243;]Saiba +[\/mk_button][\/vc_column][vc_column width=&#8221;1\/2&#8243;][mk_image src=&#8221;https:\/\/www.fromfroid.com\/wp-content\/uploads\/2018\/11\/photos_biscuits.png&#8221; image_size=&#8221;full&#8221; animation=&#8221;right-to-left&#8221;][mk_padding_divider size=&#8221;20&#8243;][\/vc_column][\/vc_row][\/vc_section][vc_section full_width=&#8221;stretch_row&#8221; css=&#8221;.vc_custom_1542720443297{background: #122f4e url(https:\/\/www.fromfroid.com\/wp-content\/uploads\/2018\/11\/fromfoid_fond-bleu.gif?id=256) !important;}&#8221;][vc_row][vc_column][vc_empty_space height=&#8221;40px&#8221;][mk_fancy_title color=&#8221;#ffffff&#8221; size=&#8221;42&#8243; line_height=&#8221;130&#8243; font_weight=&#8221;300&#8243; font_style=&#8221;normal&#8221; margin_bottom=&#8221;0&#8243; font_family=&#8221;Open+Sans&#8221; font_type=&#8221;google&#8221;]\n<p style=\"text-align: center;\">Nossas \u00faltimas not\u00edcias<\/p>\n[\/mk_fancy_title][vc_empty_space height=&#8221;40px&#8221;][mk_padding_divider][mk_blog style=&#8221;newspaper&#8221; post_count=&#8221;3&#8243; comments_share=&#8221;false&#8221; pagination_style=&#8221;3&#8243;][vc_empty_space height=&#8221;40px&#8221;][\/vc_column][\/vc_row][\/vc_section]\n","protected":false},"excerpt":{"rendered":"<p>[vc_row fullwidth=&#8221;true&#8221;][vc_column][mk_edge_slider first_el=&#8221;true&#8221; full_height=&#8221;false&#8221; height=&#8221;600&#8243; animation_effect=&#8221;fade&#8221; direction_nav=&#8221;round&#8221; skip_arrow=&#8221;false&#8221;][\/vc_column][\/vc_row][vc_section full_width=&#8221;stretch_row&#8221; content_placement=&#8221;middle&#8221; parallax=&#8221;content-moving&#8221; parallax_image=&#8221;119&#8243; css=&#8221;.vc_custom_1542032567017{background-image: url(https:\/\/www.fromfroid.com\/wp-content\/uploads\/2018\/11\/fromfoid_fond.gif?id=158) !important;background-position: center !important;background-repeat: no-repeat !important;background-size: cover !important;}&#8221;][vc_row][vc_column][vc_empty_space height=&#8221;40px&#8221;][\/vc_column][\/vc_row][vc_row][vc_column width=&#8221;1\/2&#8243;][mk_image src=&#8221;https:\/\/www.fromfroid.com\/wp-content\/uploads\/2018\/11\/carte-fromfroid-couleur.png&#8221; image_size=&#8221;full&#8221; align=&#8221;center&#8221; animation=&#8221;fade-in&#8221;][\/vc_column][vc_column width=&#8221;1\/2&#8243;][mk_fancy_title color=&#8221;#ffffff&#8221; size=&#8221;30&#8243; line_height=&#8221;130&#8243; font_weight=&#8221;300&#8243; font_style=&#8221;normal&#8221; margin_bottom=&#8221;0&#8243; font_family=&#8221;Open+Sans&#8221; font_type=&#8221;google&#8221;]FROMFROID acompanha voc\u00ea[\/mk_fancy_title][mk_fancy_title color=&#8221;#ffffff&#8221; size=&#8221;30&#8243; line_height=&#8221;50&#8243; font_weight=&#8221;900&#8243; font_style=&#8221;normal&#8221; font_family=&#8221;Open+Sans&#8221; font_type=&#8221;google&#8221;]internacionalmente[\/mk_fancy_title][vc_column_text disable_pattern=&#8221;false&#8221; css=&#8221;.vc_custom_1563958651435{margin-bottom: 0px !important;}&#8221;]A FROMFROID possui uma rede t\u00e9cnica e [&hellip;]<\/p>\n","protected":false},"author":2,"featured_media":0,"parent":0,"menu_order":0,"comment_status":"closed","ping_status":"closed","template":"","meta":{"footnotes":""},"class_list":["post-2835","page","type-page","status-publish","hentry"],"yoast_head":"<!-- This site is optimized with the Yoast SEO plugin v27.4 - https:\/\/yoast.com\/product\/yoast-seo-wordpress\/ -->\n<title>C\u00e9lulas t\u00faneis resfriamento r\u00e1pido f\u00e1brica de queijo climatiza\u00e7\u00e3o - Fromfroid<\/title>\n<meta name=\"robots\" content=\"index, follow, max-snippet:-1, max-image-preview:large, max-video-preview:-1\" \/>\n<link rel=\"canonical\" href=\"https:\/\/www.fromfroid.com\/pt-br\/\" \/>\n<meta property=\"og:locale\" content=\"pt_BR\" \/>\n<meta property=\"og:type\" content=\"article\" \/>\n<meta property=\"og:title\" content=\"C\u00e9lulas t\u00faneis resfriamento r\u00e1pido f\u00e1brica de queijo climatiza\u00e7\u00e3o - Fromfroid\" \/>\n<meta property=\"og:description\" content=\"[vc_row fullwidth=&#8221;true&#8221;][vc_column][mk_edge_slider first_el=&#8221;true&#8221; full_height=&#8221;false&#8221; height=&#8221;600&#8243; animation_effect=&#8221;fade&#8221; direction_nav=&#8221;round&#8221; skip_arrow=&#8221;false&#8221;][\/vc_column][\/vc_row][vc_section full_width=&#8221;stretch_row&#8221; content_placement=&#8221;middle&#8221; parallax=&#8221;content-moving&#8221; parallax_image=&#8221;119&#8243; css=&#8221;.vc_custom_1542032567017{background-image: url(https:\/\/www.fromfroid.com\/wp-content\/uploads\/2018\/11\/fromfoid_fond.gif?id=158) !important;background-position: center !important;background-repeat: no-repeat !important;background-size: cover !important;}&#8221;][vc_row][vc_column][vc_empty_space height=&#8221;40px&#8221;][\/vc_column][\/vc_row][vc_row][vc_column width=&#8221;1\/2&#8243;][mk_image src=&#8221;https:\/\/www.fromfroid.com\/wp-content\/uploads\/2018\/11\/carte-fromfroid-couleur.png&#8221; image_size=&#8221;full&#8221; align=&#8221;center&#8221; animation=&#8221;fade-in&#8221;][\/vc_column][vc_column width=&#8221;1\/2&#8243;][mk_fancy_title color=&#8221;#ffffff&#8221; size=&#8221;30&#8243; line_height=&#8221;130&#8243; font_weight=&#8221;300&#8243; font_style=&#8221;normal&#8221; margin_bottom=&#8221;0&#8243; font_family=&#8221;Open+Sans&#8221; font_type=&#8221;google&#8221;]FROMFROID acompanha voc\u00ea[\/mk_fancy_title][mk_fancy_title color=&#8221;#ffffff&#8221; size=&#8221;30&#8243; line_height=&#8221;50&#8243; font_weight=&#8221;900&#8243; font_style=&#8221;normal&#8221; font_family=&#8221;Open+Sans&#8221; font_type=&#8221;google&#8221;]internacionalmente[\/mk_fancy_title][vc_column_text disable_pattern=&#8221;false&#8221; css=&#8221;.vc_custom_1563958651435{margin-bottom: 0px !important;}&#8221;]A FROMFROID possui uma rede t\u00e9cnica e [&hellip;]\" \/>\n<meta property=\"og:url\" content=\"https:\/\/www.fromfroid.com\/pt-br\/\" \/>\n<meta property=\"og:site_name\" content=\"Fromfroid\" \/>\n<meta property=\"article:modified_time\" content=\"2020-05-13T13:23:07+00:00\" \/>\n<meta property=\"og:image\" content=\"https:\/\/www.fromfroid.com\/wp-content\/uploads\/2020\/04\/20200218_141700-2-1024x768.jpg\" \/>\n\t<meta property=\"og:image:width\" content=\"1024\" \/>\n\t<meta property=\"og:image:height\" content=\"768\" \/>\n\t<meta property=\"og:image:type\" content=\"image\/jpeg\" \/>\n<meta name=\"twitter:card\" content=\"summary_large_image\" \/>\n<meta name=\"twitter:image\" content=\"https:\/\/www.fromfroid.com\/wp-content\/uploads\/2018\/11\/carte-fromfroid-couleur.png\" \/>\n<meta name=\"twitter:label1\" content=\"Est. tempo de leitura\" \/>\n\t<meta name=\"twitter:data1\" content=\"5 minutos\" \/>\n<script type=\"application\/ld+json\" class=\"yoast-schema-graph\">{\"@context\":\"https:\\\/\\\/schema.org\",\"@graph\":[{\"@type\":\"WebPage\",\"@id\":\"https:\\\/\\\/www.fromfroid.com\\\/pt-br\\\/\",\"url\":\"https:\\\/\\\/www.fromfroid.com\\\/pt-br\\\/\",\"name\":\"C\u00e9lulas t\u00faneis resfriamento r\u00e1pido f\u00e1brica de queijo climatiza\u00e7\u00e3o - Fromfroid\",\"isPartOf\":{\"@id\":\"https:\\\/\\\/www.fromfroid.com\\\/pt-br\\\/#website\"},\"datePublished\":\"2020-03-31T09:36:06+00:00\",\"dateModified\":\"2020-05-13T13:23:07+00:00\",\"breadcrumb\":{\"@id\":\"https:\\\/\\\/www.fromfroid.com\\\/pt-br\\\/#breadcrumb\"},\"inLanguage\":\"pt-BR\",\"potentialAction\":[{\"@type\":\"ReadAction\",\"target\":[\"https:\\\/\\\/www.fromfroid.com\\\/pt-br\\\/\"]}]},{\"@type\":\"BreadcrumbList\",\"@id\":\"https:\\\/\\\/www.fromfroid.com\\\/pt-br\\\/#breadcrumb\",\"itemListElement\":[{\"@type\":\"ListItem\",\"position\":1,\"name\":\"Home\",\"item\":\"https:\\\/\\\/www.fromfroid.com\\\/pt-br\\\/\"},{\"@type\":\"ListItem\",\"position\":2,\"name\":\"Home\"}]},{\"@type\":\"WebSite\",\"@id\":\"https:\\\/\\\/www.fromfroid.com\\\/pt-br\\\/#website\",\"url\":\"https:\\\/\\\/www.fromfroid.com\\\/pt-br\\\/\",\"name\":\"Fromfroid\",\"description\":\"\",\"potentialAction\":[{\"@type\":\"SearchAction\",\"target\":{\"@type\":\"EntryPoint\",\"urlTemplate\":\"https:\\\/\\\/www.fromfroid.com\\\/pt-br\\\/?s={search_term_string}\"},\"query-input\":{\"@type\":\"PropertyValueSpecification\",\"valueRequired\":true,\"valueName\":\"search_term_string\"}}],\"inLanguage\":\"pt-BR\"}]}<\/script>\n<!-- \/ Yoast SEO plugin. -->","yoast_head_json":{"title":"C\u00e9lulas t\u00faneis resfriamento r\u00e1pido f\u00e1brica de queijo climatiza\u00e7\u00e3o - Fromfroid","robots":{"index":"index","follow":"follow","max-snippet":"max-snippet:-1","max-image-preview":"max-image-preview:large","max-video-preview":"max-video-preview:-1"},"canonical":"https:\/\/www.fromfroid.com\/pt-br\/","og_locale":"pt_BR","og_type":"article","og_title":"C\u00e9lulas t\u00faneis resfriamento r\u00e1pido f\u00e1brica de queijo climatiza\u00e7\u00e3o - Fromfroid","og_description":"[vc_row fullwidth=&#8221;true&#8221;][vc_column][mk_edge_slider first_el=&#8221;true&#8221; full_height=&#8221;false&#8221; height=&#8221;600&#8243; animation_effect=&#8221;fade&#8221; direction_nav=&#8221;round&#8221; skip_arrow=&#8221;false&#8221;][\/vc_column][\/vc_row][vc_section full_width=&#8221;stretch_row&#8221; content_placement=&#8221;middle&#8221; parallax=&#8221;content-moving&#8221; parallax_image=&#8221;119&#8243; css=&#8221;.vc_custom_1542032567017{background-image: url(https:\/\/www.fromfroid.com\/wp-content\/uploads\/2018\/11\/fromfoid_fond.gif?id=158) !important;background-position: center !important;background-repeat: no-repeat !important;background-size: cover !important;}&#8221;][vc_row][vc_column][vc_empty_space height=&#8221;40px&#8221;][\/vc_column][\/vc_row][vc_row][vc_column width=&#8221;1\/2&#8243;][mk_image src=&#8221;https:\/\/www.fromfroid.com\/wp-content\/uploads\/2018\/11\/carte-fromfroid-couleur.png&#8221; image_size=&#8221;full&#8221; align=&#8221;center&#8221; animation=&#8221;fade-in&#8221;][\/vc_column][vc_column width=&#8221;1\/2&#8243;][mk_fancy_title color=&#8221;#ffffff&#8221; size=&#8221;30&#8243; line_height=&#8221;130&#8243; font_weight=&#8221;300&#8243; font_style=&#8221;normal&#8221; margin_bottom=&#8221;0&#8243; font_family=&#8221;Open+Sans&#8221; font_type=&#8221;google&#8221;]FROMFROID acompanha voc\u00ea[\/mk_fancy_title][mk_fancy_title color=&#8221;#ffffff&#8221; size=&#8221;30&#8243; line_height=&#8221;50&#8243; font_weight=&#8221;900&#8243; font_style=&#8221;normal&#8221; font_family=&#8221;Open+Sans&#8221; font_type=&#8221;google&#8221;]internacionalmente[\/mk_fancy_title][vc_column_text disable_pattern=&#8221;false&#8221; css=&#8221;.vc_custom_1563958651435{margin-bottom: 0px !important;}&#8221;]A FROMFROID possui uma rede t\u00e9cnica e [&hellip;]","og_url":"https:\/\/www.fromfroid.com\/pt-br\/","og_site_name":"Fromfroid","article_modified_time":"2020-05-13T13:23:07+00:00","og_image":[{"width":1024,"height":768,"url":"https:\/\/www.fromfroid.com\/wp-content\/uploads\/2020\/04\/20200218_141700-2-1024x768.jpg","type":"image\/jpeg"}],"twitter_card":"summary_large_image","twitter_image":"https:\/\/www.fromfroid.com\/wp-content\/uploads\/2018\/11\/carte-fromfroid-couleur.png","twitter_misc":{"Est. tempo de leitura":"5 minutos"},"schema":{"@context":"https:\/\/schema.org","@graph":[{"@type":"WebPage","@id":"https:\/\/www.fromfroid.com\/pt-br\/","url":"https:\/\/www.fromfroid.com\/pt-br\/","name":"C\u00e9lulas t\u00faneis resfriamento r\u00e1pido f\u00e1brica de queijo climatiza\u00e7\u00e3o - Fromfroid","isPartOf":{"@id":"https:\/\/www.fromfroid.com\/pt-br\/#website"},"datePublished":"2020-03-31T09:36:06+00:00","dateModified":"2020-05-13T13:23:07+00:00","breadcrumb":{"@id":"https:\/\/www.fromfroid.com\/pt-br\/#breadcrumb"},"inLanguage":"pt-BR","potentialAction":[{"@type":"ReadAction","target":["https:\/\/www.fromfroid.com\/pt-br\/"]}]},{"@type":"BreadcrumbList","@id":"https:\/\/www.fromfroid.com\/pt-br\/#breadcrumb","itemListElement":[{"@type":"ListItem","position":1,"name":"Home","item":"https:\/\/www.fromfroid.com\/pt-br\/"},{"@type":"ListItem","position":2,"name":"Home"}]},{"@type":"WebSite","@id":"https:\/\/www.fromfroid.com\/pt-br\/#website","url":"https:\/\/www.fromfroid.com\/pt-br\/","name":"Fromfroid","description":"","potentialAction":[{"@type":"SearchAction","target":{"@type":"EntryPoint","urlTemplate":"https:\/\/www.fromfroid.com\/pt-br\/?s={search_term_string}"},"query-input":{"@type":"PropertyValueSpecification","valueRequired":true,"valueName":"search_term_string"}}],"inLanguage":"pt-BR"}]}},"_links":{"self":[{"href":"https:\/\/www.fromfroid.com\/pt-br\/wp-json\/wp\/v2\/pages\/2835","targetHints":{"allow":["GET"]}}],"collection":[{"href":"https:\/\/www.fromfroid.com\/pt-br\/wp-json\/wp\/v2\/pages"}],"about":[{"href":"https:\/\/www.fromfroid.com\/pt-br\/wp-json\/wp\/v2\/types\/page"}],"author":[{"embeddable":true,"href":"https:\/\/www.fromfroid.com\/pt-br\/wp-json\/wp\/v2\/users\/2"}],"replies":[{"embeddable":true,"href":"https:\/\/www.fromfroid.com\/pt-br\/wp-json\/wp\/v2\/comments?post=2835"}],"version-history":[{"count":8,"href":"https:\/\/www.fromfroid.com\/pt-br\/wp-json\/wp\/v2\/pages\/2835\/revisions"}],"predecessor-version":[{"id":3316,"href":"https:\/\/www.fromfroid.com\/pt-br\/wp-json\/wp\/v2\/pages\/2835\/revisions\/3316"}],"wp:attachment":[{"href":"https:\/\/www.fromfroid.com\/pt-br\/wp-json\/wp\/v2\/media?parent=2835"}],"curies":[{"name":"wp","href":"https:\/\/api.w.org\/{rel}","templated":true}]}}