{"id":2841,"date":"2020-03-31T11:44:47","date_gmt":"2020-03-31T09:44:47","guid":{"rendered":"https:\/\/www.fromfroid.com\/setores-de-atividades\/fabrica-de-queijos\/"},"modified":"2020-04-06T11:31:36","modified_gmt":"2020-04-06T09:31:36","slug":"fabrica-de-queijos","status":"publish","type":"page","link":"https:\/\/www.fromfroid.com\/pt-br\/setores-de-atividades\/fabrica-de-queijos\/","title":{"rendered":"F\u00e1brica de queijos"},"content":{"rendered":"[mk_page_section bg_image=&#8221;https:\/\/www.fromfroid.com\/wp-content\/uploads\/2018\/11\/fromagerie-1.jpg&#8221; bg_color=&#8221;#3eb6e9&#8243; bg_position=&#8221;center center&#8221; bg_repeat=&#8221;no-repeat&#8221; bg_stretch=&#8221;true&#8221; enable_3d=&#8221;true&#8221; bg_gradient=&#8221;vertical&#8221; video_color_mask=&#8221;#3eb6e9&#8243; gr_end=&#8221;#0e2034&#8243; min_height=&#8221;450&#8243; full_width=&#8221;true&#8221; padding_top=&#8221;0&#8243; padding_bottom=&#8221;0&#8243; sidebar=&#8221;sidebar-1&#8243; first_page=&#8221;false&#8221; last_page=&#8221;false&#8221;][vc_column][mk_fancy_title tag_name=&#8221;h1&#8243; color=&#8221;#ffffff&#8221; size=&#8221;42&#8243; font_weight=&#8221;300&#8243; font_style=&#8221;normal&#8221; txt_transform=&#8221;uppercase&#8221; letter_spacing=&#8221;6&#8243; margin_top=&#8221;200&#8243; margin_bottom=&#8221;0&#8243; font_family=&#8221;none&#8221; align=&#8221;center&#8221; animation=&#8221;fade-in&#8221;]\n<p style=\"text-align: center;\">ELABORA\u00c7\u00c3O DE QUEIJO<\/p>\n[\/mk_fancy_title][\/vc_column][\/mk_page_section][mk_page_section bg_position=&#8221;center top&#8221; bg_repeat=&#8221;no-repeat&#8221; enable_3d=&#8221;true&#8221; bg_gradient=&#8221;vertical&#8221; video_color_mask=&#8221;#ffffff&#8221; gr_end=&#8221;rgba(255,255,255,0.4)&#8221; video_opacity=&#8221;0&#8243; padding_top=&#8221;50&#8243; padding_bottom=&#8221;50&#8243; margin_bottom=&#8221;50&#8243; sidebar=&#8221;sidebar-1&#8243; first_page=&#8221;false&#8221; last_page=&#8221;false&#8221;][vc_column width=&#8221;1\/3&#8243;][mk_padding_divider size=&#8221;220&#8243;][mk_image_slideshow images=&#8221;1084,48,1124,1017,40,1246,1116&#8243; image_width=&#8221;400&#8243; animation_speed=&#8221;400&#8243; slideshow_speed=&#8221;2500&#8243;][\/vc_column][vc_column width=&#8221;2\/3&#8243;][vc_column_text css=&#8221;.vc_custom_1574844403885{margin-bottom: 0px !important;}&#8221;]\n<h2 style=\"text-align: center;\"><strong>Combinando Tecnologia e Tradi\u00e7\u00e3o<\/strong><\/h2>\n<h2 style=\"text-align: center;\">A FROMFROID \u00e9 uma especialista em tratamento de ar em f\u00e1bricas de queijos<\/h2>\n<p>&nbsp;<\/p>\n<p>Desde o gerenciamento dos fluxos de ar da sua f\u00e1brica at\u00e9 o fornecimento e instala\u00e7\u00e3o de condicionadores em suas v\u00e1rias instala\u00e7\u00f5es, a FROMFROID o acompanha em todo o seu projeto, a fim de garantir a melhor <strong>qualidade<\/strong> do produto e otimizar o <strong>consumo de energia<\/strong>.<\/p>\n<p><a href=\"https:\/\/www.fromfroid.com\/pt-br\/conhecimentos\/processo-de-tratamento-de-ar\/gerenciamento-de-fluxo-de-ar-e-ultra-limpeza-em-fabricas-de-queijo-2\/\">Gerenciamento de fluxo de ar e ultra-limpeza<\/a><\/p>\n<p>Para minimizar o risco de contamina\u00e7\u00e3o de sua planta, \u00e9 necess\u00e1rio <strong>identificar<\/strong> os elementos contaminantes e <strong>orient\u00e1<\/strong>-los e <strong>trat\u00e1<\/strong>-los de forma eficaz.<\/p>\n<p>Com <strong>50 anos de experi\u00eancia em gerenciamento de fluxo de ar<\/strong>, a FROMFROID desenvolveu um <strong>know-how<\/strong> \u00fanico, garantindo <strong>controle<\/strong> perfeito de suas atmosferas e qualidade do ar.[\/vc_column_text][vc_single_image image=&#8221;718&#8243; img_size=&#8221;250&#215;250&#8243; alignment=&#8221;center&#8221; onclick=&#8221;custom_link&#8221; link=&#8221;https:\/\/www.fromfroid.com\/expertises\/flux-air-ultraproprete\/&#8221;][mk_padding_divider][vc_column_text css=&#8221;.vc_custom_1562764828941{margin-bottom: 0px !important;}&#8221;]<a href=\"https:\/\/www.fromfroid.com\/pt-br\/conhecimentos\/processo-de-tratamento-de-ar\/ar-condicionado-e-climatisacao-na-industria-de-queijos\/\">Condicionadores de ar<\/a><\/p>\n<p>Para garantir as <strong>melhores condi\u00e7\u00f5es<\/strong> de <strong>temperatura<\/strong>, <strong>higrometria<\/strong>, <strong>velocidade do ar<\/strong> e <strong>concentra\u00e7\u00f5es de g\u00e1s<\/strong> em torno de seus produtos, a FROMFROID desenvolveu uma gama completa de todos os condicionadores de ar de a\u00e7o inoxid\u00e1vel que atendem aos mais exigentes padr\u00f5es em termos de <strong>higiene<\/strong>.[\/vc_column_text][vc_column_text css=&#8221;.vc_custom_1562764812433{margin-bottom: 0px !important;}&#8221;][\/vc_column_text][vc_single_image image=&#8221;752&#8243; img_size=&#8221;400&#215;280&#8243; alignment=&#8221;center&#8221; onclick=&#8221;custom_link&#8221; link=&#8221;https:\/\/www.fromfroid.com\/expertises\/conditionneurs_inox\/&#8221;][\/vc_column][\/mk_page_section]\n","protected":false},"excerpt":{"rendered":"<p>[mk_page_section bg_image=&#8221;https:\/\/www.fromfroid.com\/wp-content\/uploads\/2018\/11\/fromagerie-1.jpg&#8221; bg_color=&#8221;#3eb6e9&#8243; bg_position=&#8221;center center&#8221; bg_repeat=&#8221;no-repeat&#8221; bg_stretch=&#8221;true&#8221; enable_3d=&#8221;true&#8221; bg_gradient=&#8221;vertical&#8221; video_color_mask=&#8221;#3eb6e9&#8243; gr_end=&#8221;#0e2034&#8243; min_height=&#8221;450&#8243; full_width=&#8221;true&#8221; padding_top=&#8221;0&#8243; padding_bottom=&#8221;0&#8243; sidebar=&#8221;sidebar-1&#8243; first_page=&#8221;false&#8221; last_page=&#8221;false&#8221;][vc_column][mk_fancy_title tag_name=&#8221;h1&#8243; color=&#8221;#ffffff&#8221; size=&#8221;42&#8243; font_weight=&#8221;300&#8243; font_style=&#8221;normal&#8221; txt_transform=&#8221;uppercase&#8221; letter_spacing=&#8221;6&#8243; margin_top=&#8221;200&#8243; margin_bottom=&#8221;0&#8243; font_family=&#8221;none&#8221; align=&#8221;center&#8221; animation=&#8221;fade-in&#8221;] ELABORA\u00c7\u00c3O DE QUEIJO [\/mk_fancy_title][\/vc_column][\/mk_page_section][mk_page_section bg_position=&#8221;center top&#8221; bg_repeat=&#8221;no-repeat&#8221; enable_3d=&#8221;true&#8221; bg_gradient=&#8221;vertical&#8221; video_color_mask=&#8221;#ffffff&#8221; gr_end=&#8221;rgba(255,255,255,0.4)&#8221; video_opacity=&#8221;0&#8243; padding_top=&#8221;50&#8243; padding_bottom=&#8221;50&#8243; margin_bottom=&#8221;50&#8243; sidebar=&#8221;sidebar-1&#8243; first_page=&#8221;false&#8221; last_page=&#8221;false&#8221;][vc_column width=&#8221;1\/3&#8243;][mk_padding_divider size=&#8221;220&#8243;][mk_image_slideshow images=&#8221;1084,48,1124,1017,40,1246,1116&#8243; image_width=&#8221;400&#8243; animation_speed=&#8221;400&#8243; slideshow_speed=&#8221;2500&#8243;][\/vc_column][vc_column width=&#8221;2\/3&#8243;][vc_column_text [&hellip;]<\/p>\n","protected":false},"author":2,"featured_media":0,"parent":2837,"menu_order":0,"comment_status":"closed","ping_status":"closed","template":"","meta":{"footnotes":""},"class_list":["post-2841","page","type-page","status-publish","hentry"],"yoast_head":"<!-- This site is optimized with the Yoast SEO plugin v27.4 - https:\/\/yoast.com\/product\/yoast-seo-wordpress\/ -->\n<title>especialista em tratamento de ar em f\u00e1bricas de queijo - Fromfroid<\/title>\n<meta name=\"robots\" content=\"index, follow, max-snippet:-1, max-image-preview:large, max-video-preview:-1\" \/>\n<link rel=\"canonical\" href=\"https:\/\/www.fromfroid.com\/pt-br\/setores-de-atividades\/fabrica-de-queijos\/\" \/>\n<meta property=\"og:locale\" content=\"pt_BR\" \/>\n<meta property=\"og:type\" content=\"article\" \/>\n<meta property=\"og:title\" content=\"especialista em tratamento de ar em f\u00e1bricas de queijo - Fromfroid\" \/>\n<meta property=\"og:description\" content=\"[mk_page_section bg_image=&#8221;https:\/\/www.fromfroid.com\/wp-content\/uploads\/2018\/11\/fromagerie-1.jpg&#8221; bg_color=&#8221;#3eb6e9&#8243; bg_position=&#8221;center center&#8221; bg_repeat=&#8221;no-repeat&#8221; bg_stretch=&#8221;true&#8221; enable_3d=&#8221;true&#8221; bg_gradient=&#8221;vertical&#8221; video_color_mask=&#8221;#3eb6e9&#8243; gr_end=&#8221;#0e2034&#8243; min_height=&#8221;450&#8243; full_width=&#8221;true&#8221; padding_top=&#8221;0&#8243; padding_bottom=&#8221;0&#8243; sidebar=&#8221;sidebar-1&#8243; first_page=&#8221;false&#8221; last_page=&#8221;false&#8221;][vc_column][mk_fancy_title tag_name=&#8221;h1&#8243; color=&#8221;#ffffff&#8221; size=&#8221;42&#8243; font_weight=&#8221;300&#8243; font_style=&#8221;normal&#8221; txt_transform=&#8221;uppercase&#8221; letter_spacing=&#8221;6&#8243; margin_top=&#8221;200&#8243; margin_bottom=&#8221;0&#8243; font_family=&#8221;none&#8221; align=&#8221;center&#8221; animation=&#8221;fade-in&#8221;] ELABORA\u00c7\u00c3O DE QUEIJO [\/mk_fancy_title][\/vc_column][\/mk_page_section][mk_page_section bg_position=&#8221;center top&#8221; bg_repeat=&#8221;no-repeat&#8221; enable_3d=&#8221;true&#8221; bg_gradient=&#8221;vertical&#8221; video_color_mask=&#8221;#ffffff&#8221; gr_end=&#8221;rgba(255,255,255,0.4)&#8221; video_opacity=&#8221;0&#8243; padding_top=&#8221;50&#8243; padding_bottom=&#8221;50&#8243; margin_bottom=&#8221;50&#8243; sidebar=&#8221;sidebar-1&#8243; first_page=&#8221;false&#8221; last_page=&#8221;false&#8221;][vc_column width=&#8221;1\/3&#8243;][mk_padding_divider size=&#8221;220&#8243;][mk_image_slideshow images=&#8221;1084,48,1124,1017,40,1246,1116&#8243; image_width=&#8221;400&#8243; animation_speed=&#8221;400&#8243; slideshow_speed=&#8221;2500&#8243;][\/vc_column][vc_column width=&#8221;2\/3&#8243;][vc_column_text [&hellip;]\" \/>\n<meta property=\"og:url\" content=\"https:\/\/www.fromfroid.com\/pt-br\/setores-de-atividades\/fabrica-de-queijos\/\" \/>\n<meta property=\"og:site_name\" content=\"Fromfroid\" \/>\n<meta property=\"article:modified_time\" content=\"2020-04-06T09:31:36+00:00\" \/>\n<meta name=\"twitter:card\" content=\"summary_large_image\" \/>\n<meta name=\"twitter:label1\" content=\"Est. tempo de leitura\" \/>\n\t<meta name=\"twitter:data1\" content=\"2 minutos\" \/>\n<script type=\"application\/ld+json\" class=\"yoast-schema-graph\">{\"@context\":\"https:\\\/\\\/schema.org\",\"@graph\":[{\"@type\":\"WebPage\",\"@id\":\"https:\\\/\\\/www.fromfroid.com\\\/pt-br\\\/setores-de-atividades\\\/fabrica-de-queijos\\\/\",\"url\":\"https:\\\/\\\/www.fromfroid.com\\\/pt-br\\\/setores-de-atividades\\\/fabrica-de-queijos\\\/\",\"name\":\"especialista em tratamento de ar em f\u00e1bricas de queijo - Fromfroid\",\"isPartOf\":{\"@id\":\"https:\\\/\\\/www.fromfroid.com\\\/pt-br\\\/#website\"},\"datePublished\":\"2020-03-31T09:44:47+00:00\",\"dateModified\":\"2020-04-06T09:31:36+00:00\",\"breadcrumb\":{\"@id\":\"https:\\\/\\\/www.fromfroid.com\\\/pt-br\\\/setores-de-atividades\\\/fabrica-de-queijos\\\/#breadcrumb\"},\"inLanguage\":\"pt-BR\",\"potentialAction\":[{\"@type\":\"ReadAction\",\"target\":[\"https:\\\/\\\/www.fromfroid.com\\\/pt-br\\\/setores-de-atividades\\\/fabrica-de-queijos\\\/\"]}]},{\"@type\":\"BreadcrumbList\",\"@id\":\"https:\\\/\\\/www.fromfroid.com\\\/pt-br\\\/setores-de-atividades\\\/fabrica-de-queijos\\\/#breadcrumb\",\"itemListElement\":[{\"@type\":\"ListItem\",\"position\":1,\"name\":\"Home\",\"item\":\"https:\\\/\\\/www.fromfroid.com\\\/pt-br\\\/\"},{\"@type\":\"ListItem\",\"position\":2,\"name\":\"Setores de atividades\",\"item\":\"https:\\\/\\\/www.fromfroid.com\\\/pt-br\\\/setores-de-atividades\\\/\"},{\"@type\":\"ListItem\",\"position\":3,\"name\":\"F\u00e1brica de queijos\"}]},{\"@type\":\"WebSite\",\"@id\":\"https:\\\/\\\/www.fromfroid.com\\\/pt-br\\\/#website\",\"url\":\"https:\\\/\\\/www.fromfroid.com\\\/pt-br\\\/\",\"name\":\"Fromfroid\",\"description\":\"\",\"potentialAction\":[{\"@type\":\"SearchAction\",\"target\":{\"@type\":\"EntryPoint\",\"urlTemplate\":\"https:\\\/\\\/www.fromfroid.com\\\/pt-br\\\/?s={search_term_string}\"},\"query-input\":{\"@type\":\"PropertyValueSpecification\",\"valueRequired\":true,\"valueName\":\"search_term_string\"}}],\"inLanguage\":\"pt-BR\"}]}<\/script>\n<!-- \/ Yoast SEO plugin. -->","yoast_head_json":{"title":"especialista em tratamento de ar em f\u00e1bricas de queijo - Fromfroid","robots":{"index":"index","follow":"follow","max-snippet":"max-snippet:-1","max-image-preview":"max-image-preview:large","max-video-preview":"max-video-preview:-1"},"canonical":"https:\/\/www.fromfroid.com\/pt-br\/setores-de-atividades\/fabrica-de-queijos\/","og_locale":"pt_BR","og_type":"article","og_title":"especialista em tratamento de ar em f\u00e1bricas de queijo - Fromfroid","og_description":"[mk_page_section bg_image=&#8221;https:\/\/www.fromfroid.com\/wp-content\/uploads\/2018\/11\/fromagerie-1.jpg&#8221; bg_color=&#8221;#3eb6e9&#8243; bg_position=&#8221;center center&#8221; bg_repeat=&#8221;no-repeat&#8221; bg_stretch=&#8221;true&#8221; enable_3d=&#8221;true&#8221; bg_gradient=&#8221;vertical&#8221; video_color_mask=&#8221;#3eb6e9&#8243; gr_end=&#8221;#0e2034&#8243; min_height=&#8221;450&#8243; full_width=&#8221;true&#8221; padding_top=&#8221;0&#8243; padding_bottom=&#8221;0&#8243; sidebar=&#8221;sidebar-1&#8243; first_page=&#8221;false&#8221; last_page=&#8221;false&#8221;][vc_column][mk_fancy_title tag_name=&#8221;h1&#8243; color=&#8221;#ffffff&#8221; size=&#8221;42&#8243; font_weight=&#8221;300&#8243; font_style=&#8221;normal&#8221; txt_transform=&#8221;uppercase&#8221; letter_spacing=&#8221;6&#8243; margin_top=&#8221;200&#8243; margin_bottom=&#8221;0&#8243; font_family=&#8221;none&#8221; align=&#8221;center&#8221; animation=&#8221;fade-in&#8221;] ELABORA\u00c7\u00c3O DE QUEIJO [\/mk_fancy_title][\/vc_column][\/mk_page_section][mk_page_section bg_position=&#8221;center top&#8221; bg_repeat=&#8221;no-repeat&#8221; enable_3d=&#8221;true&#8221; bg_gradient=&#8221;vertical&#8221; video_color_mask=&#8221;#ffffff&#8221; gr_end=&#8221;rgba(255,255,255,0.4)&#8221; video_opacity=&#8221;0&#8243; padding_top=&#8221;50&#8243; padding_bottom=&#8221;50&#8243; margin_bottom=&#8221;50&#8243; sidebar=&#8221;sidebar-1&#8243; first_page=&#8221;false&#8221; last_page=&#8221;false&#8221;][vc_column width=&#8221;1\/3&#8243;][mk_padding_divider size=&#8221;220&#8243;][mk_image_slideshow images=&#8221;1084,48,1124,1017,40,1246,1116&#8243; image_width=&#8221;400&#8243; animation_speed=&#8221;400&#8243; slideshow_speed=&#8221;2500&#8243;][\/vc_column][vc_column width=&#8221;2\/3&#8243;][vc_column_text [&hellip;]","og_url":"https:\/\/www.fromfroid.com\/pt-br\/setores-de-atividades\/fabrica-de-queijos\/","og_site_name":"Fromfroid","article_modified_time":"2020-04-06T09:31:36+00:00","twitter_card":"summary_large_image","twitter_misc":{"Est. tempo de leitura":"2 minutos"},"schema":{"@context":"https:\/\/schema.org","@graph":[{"@type":"WebPage","@id":"https:\/\/www.fromfroid.com\/pt-br\/setores-de-atividades\/fabrica-de-queijos\/","url":"https:\/\/www.fromfroid.com\/pt-br\/setores-de-atividades\/fabrica-de-queijos\/","name":"especialista em tratamento de ar em f\u00e1bricas de queijo - Fromfroid","isPartOf":{"@id":"https:\/\/www.fromfroid.com\/pt-br\/#website"},"datePublished":"2020-03-31T09:44:47+00:00","dateModified":"2020-04-06T09:31:36+00:00","breadcrumb":{"@id":"https:\/\/www.fromfroid.com\/pt-br\/setores-de-atividades\/fabrica-de-queijos\/#breadcrumb"},"inLanguage":"pt-BR","potentialAction":[{"@type":"ReadAction","target":["https:\/\/www.fromfroid.com\/pt-br\/setores-de-atividades\/fabrica-de-queijos\/"]}]},{"@type":"BreadcrumbList","@id":"https:\/\/www.fromfroid.com\/pt-br\/setores-de-atividades\/fabrica-de-queijos\/#breadcrumb","itemListElement":[{"@type":"ListItem","position":1,"name":"Home","item":"https:\/\/www.fromfroid.com\/pt-br\/"},{"@type":"ListItem","position":2,"name":"Setores de atividades","item":"https:\/\/www.fromfroid.com\/pt-br\/setores-de-atividades\/"},{"@type":"ListItem","position":3,"name":"F\u00e1brica de queijos"}]},{"@type":"WebSite","@id":"https:\/\/www.fromfroid.com\/pt-br\/#website","url":"https:\/\/www.fromfroid.com\/pt-br\/","name":"Fromfroid","description":"","potentialAction":[{"@type":"SearchAction","target":{"@type":"EntryPoint","urlTemplate":"https:\/\/www.fromfroid.com\/pt-br\/?s={search_term_string}"},"query-input":{"@type":"PropertyValueSpecification","valueRequired":true,"valueName":"search_term_string"}}],"inLanguage":"pt-BR"}]}},"_links":{"self":[{"href":"https:\/\/www.fromfroid.com\/pt-br\/wp-json\/wp\/v2\/pages\/2841","targetHints":{"allow":["GET"]}}],"collection":[{"href":"https:\/\/www.fromfroid.com\/pt-br\/wp-json\/wp\/v2\/pages"}],"about":[{"href":"https:\/\/www.fromfroid.com\/pt-br\/wp-json\/wp\/v2\/types\/page"}],"author":[{"embeddable":true,"href":"https:\/\/www.fromfroid.com\/pt-br\/wp-json\/wp\/v2\/users\/2"}],"replies":[{"embeddable":true,"href":"https:\/\/www.fromfroid.com\/pt-br\/wp-json\/wp\/v2\/comments?post=2841"}],"version-history":[{"count":2,"href":"https:\/\/www.fromfroid.com\/pt-br\/wp-json\/wp\/v2\/pages\/2841\/revisions"}],"predecessor-version":[{"id":2993,"href":"https:\/\/www.fromfroid.com\/pt-br\/wp-json\/wp\/v2\/pages\/2841\/revisions\/2993"}],"up":[{"embeddable":true,"href":"https:\/\/www.fromfroid.com\/pt-br\/wp-json\/wp\/v2\/pages\/2837"}],"wp:attachment":[{"href":"https:\/\/www.fromfroid.com\/pt-br\/wp-json\/wp\/v2\/media?parent=2841"}],"curies":[{"name":"wp","href":"https:\/\/api.w.org\/{rel}","templated":true}]}}