{"id":2858,"date":"2020-03-31T14:06:58","date_gmt":"2020-03-31T12:06:58","guid":{"rendered":"https:\/\/www.fromfroid.com\/setores-de-atividades\/iogurtes-cremes-para-sobremesas-e-queijos-frescos\/"},"modified":"2020-04-07T11:18:30","modified_gmt":"2020-04-07T09:18:30","slug":"iogurtes-cremes-para-sobremesas-e-queijos-frescos","status":"publish","type":"page","link":"https:\/\/www.fromfroid.com\/pt-br\/setores-de-atividades\/iogurtes-cremes-para-sobremesas-e-queijos-frescos\/","title":{"rendered":"Iogurtes, cremes para sobremesas e queijos frescos"},"content":{"rendered":"[mk_page_section bg_image=&#8221;https:\/\/www.fromfroid.com\/wp-content\/uploads\/2019\/09\/headers_yogurt.jpg&#8221; bg_color=&#8221;#3eb6e9&#8243; bg_position=&#8221;center center&#8221; bg_repeat=&#8221;no-repeat&#8221; bg_stretch=&#8221;true&#8221; enable_3d=&#8221;true&#8221; bg_gradient=&#8221;vertical&#8221; video_color_mask=&#8221;#3eb6e9&#8243; gr_end=&#8221;#0e2034&#8243; min_height=&#8221;450&#8243; full_width=&#8221;true&#8221; padding_top=&#8221;0&#8243; padding_bottom=&#8221;0&#8243; sidebar=&#8221;sidebar-1&#8243; first_page=&#8221;false&#8221; last_page=&#8221;false&#8221;][vc_column][mk_fancy_title tag_name=&#8221;h1&#8243; color=&#8221;#ffffff&#8221; size=&#8221;42&#8243; font_weight=&#8221;300&#8243; font_style=&#8221;normal&#8221; txt_transform=&#8221;uppercase&#8221; letter_spacing=&#8221;6&#8243; margin_top=&#8221;200&#8243; margin_bottom=&#8221;0&#8243; font_family=&#8221;none&#8221; align=&#8221;center&#8221; animation=&#8221;fade-in&#8221;]\n<p style=\"text-align: center;\">IOGURTE, CREME E QUEIJO FRESCO<\/p>\n[\/mk_fancy_title][\/vc_column][\/mk_page_section][mk_page_section bg_position=&#8221;center top&#8221; bg_repeat=&#8221;no-repeat&#8221; enable_3d=&#8221;true&#8221; bg_gradient=&#8221;vertical&#8221; video_color_mask=&#8221;#ffffff&#8221; gr_end=&#8221;rgba(255,255,255,0.4)&#8221; video_opacity=&#8221;0&#8243; padding_top=&#8221;50&#8243; padding_bottom=&#8221;50&#8243; margin_bottom=&#8221;50&#8243; sidebar=&#8221;sidebar-1&#8243; first_page=&#8221;false&#8221; last_page=&#8221;false&#8221;][vc_column width=&#8221;1\/3&#8243;][mk_padding_divider][mk_image_slideshow images=&#8221;1009,975,1001,988,917,484,80,84&#8243; image_width=&#8221;400&#8243; image_height=&#8221;300&#8243; animation_speed=&#8221;400&#8243; slideshow_speed=&#8221;2500&#8243;][\/vc_column][vc_column width=&#8221;2\/3&#8243;][vc_column_text css=&#8221;.vc_custom_1574844818369{margin-bottom: 0px !important;}&#8221;]\n<h2 style=\"text-align: center;\"><strong>Inova\u00e7\u00f5es<\/strong>, <strong>Confiabilidade<\/strong>, <strong>Velocidade<\/strong><\/h2>\n<h2 style=\"text-align: center;\">A FROMFROID \u00e9 especialista em <strong>fornos<\/strong> e <strong>resfriamento r\u00e1pido<\/strong><\/h2>\n<p>&nbsp;<\/p>\n<p>No processo de fabrica\u00e7\u00e3o de iogurte, o<strong> controle de temperatura<\/strong> (incuba\u00e7\u00e3o e resfriamento) \u00e9 essencial e tem uma grande influ\u00eancia nos par\u00e2metros organol\u00e9pticos, pH e prazo de validade.<\/p>\n<p>Embora essas etapas sejam cruciais para a qualidade dos produtos, elas permaneceram por um longo tempo sem sistemas eficientes e otimizados.<\/p>\n<p><strong>Presente em todos os maiores fabricantes de latic\u00ednios do mundo<\/strong>, a FROMFROID desenvolveu solu\u00e7\u00f5es <strong>inovadoras<\/strong> e <strong>confi\u00e1veis<\/strong> \u200b\u200bque permitem a <strong>padroniza\u00e7\u00e3o de seus processos.<\/strong><\/p>\n<h4><a href=\"https:\/\/www.fromfroid.com\/pt-br\/conhecimentos\/processo-de-tratamento-de-ar\/as-estufas-para-iogurte\/\"><strong>Salas de incuba\u00e7\u00e3o<\/strong><\/a><\/h4>\n<p>Para obter a melhor <strong>qualidade<\/strong> e a melhor <strong>homogeneidade<\/strong> de seus produtos, a FROMFROID desenvolveu solu\u00e7\u00f5es inovadoras e confi\u00e1veis \u200b\u200bpara definir e manter a temperatura em seus fornos.[\/vc_column_text][vc_single_image image=&#8221;801&#8243; img_size=&#8221;250&#215;200&#8243; alignment=&#8221;center&#8221; onclick=&#8221;custom_link&#8221; link=&#8221;https:\/\/www.fromfroid.com\/expertises\/etuves\/&#8221;][mk_padding_divider][vc_column_text css=&#8221;.vc_custom_1574844871418{margin-bottom: 0px !important;}&#8221;]\n<h4><a href=\"https:\/\/www.fromfroid.com\/pt-br\/conhecimentos\/resfriamento-rapido-para-paletes\/celulas-de-resfriamento-rapido-para-paletes\/\"><strong>C\u00e9lulas de resfriamento rapido<\/strong><\/a><\/h4>\n<p>As c\u00e9lulas de resfriamento r\u00e1pido s\u00e3o equipamentos mais <strong>vers\u00e1teis<\/strong> e <strong>flex\u00edveis<\/strong> para resfriar rapidamente seus iogurtes e cremes. Equipadas com um <strong>sistema patenteado<\/strong> internacionalmente e adequada para todos os tipos de produ\u00e7\u00e3o, as c\u00e9lulas s\u00e3o particularmente recomendadas para f\u00e1bricas com v\u00e1rios formatos de produto \/ tamanhos de pote.<\/p>\n<p>Facilmente <strong>automatizadas<\/strong>, as c\u00e9lulas podem ser instaladas em c\u00e2maras frias equipadas com empilhadeiras ou transelevadores.[\/vc_column_text][vc_single_image image=&#8221;476&#8243; img_size=&#8221;200&#215;200&#8243; alignment=&#8221;center&#8221; onclick=&#8221;custom_link&#8221; link=&#8221;https:\/\/www.fromfroid.com\/expertises\/cellules\/&#8221;][mk_padding_divider][vc_column_text css=&#8221;.vc_custom_1574844912043{margin-bottom: 0px !important;}&#8221;]\n<h4><a href=\"https:\/\/www.fromfroid.com\/pt-br\/conhecimentos\/resfriamento-rapido-para-paletes\/tuneis-de-resfriamento-rapido-de-alto-desempenho-para-paletes\/\">T\u00faneis de resfriamento r\u00e1pido<\/a><\/h4>\n<p>Os t\u00faneis de resfriamento r\u00e1pido s\u00e3o dedicados a f\u00e1bricas com um n\u00famero limitado de formatos, mas com produ\u00e7\u00f5es muito grandes. Equipados com o <strong>sistema patenteado<\/strong> FROMFROID, os t\u00faneis de resfriamento r\u00e1pido s\u00e3o <strong>os mais eficientes do mercado<\/strong>, tanto em termos de <strong>energia<\/strong>, <strong>rapidez<\/strong> e <strong>homogeneidade<\/strong> de resfriamento.[\/vc_column_text][vc_single_image image=&#8221;496&#8243; img_size=&#8221;200&#215;200&#8243; alignment=&#8221;center&#8221; onclick=&#8221;custom_link&#8221; link=&#8221;https:\/\/www.fromfroid.com\/expertises\/tunnels_palettes\/&#8221;][mk_padding_divider][\/vc_column][\/mk_page_section]\n","protected":false},"excerpt":{"rendered":"<p>[mk_page_section bg_image=&#8221;https:\/\/www.fromfroid.com\/wp-content\/uploads\/2019\/09\/headers_yogurt.jpg&#8221; bg_color=&#8221;#3eb6e9&#8243; bg_position=&#8221;center center&#8221; bg_repeat=&#8221;no-repeat&#8221; bg_stretch=&#8221;true&#8221; enable_3d=&#8221;true&#8221; bg_gradient=&#8221;vertical&#8221; video_color_mask=&#8221;#3eb6e9&#8243; gr_end=&#8221;#0e2034&#8243; min_height=&#8221;450&#8243; full_width=&#8221;true&#8221; padding_top=&#8221;0&#8243; padding_bottom=&#8221;0&#8243; sidebar=&#8221;sidebar-1&#8243; first_page=&#8221;false&#8221; last_page=&#8221;false&#8221;][vc_column][mk_fancy_title tag_name=&#8221;h1&#8243; color=&#8221;#ffffff&#8221; size=&#8221;42&#8243; font_weight=&#8221;300&#8243; font_style=&#8221;normal&#8221; txt_transform=&#8221;uppercase&#8221; letter_spacing=&#8221;6&#8243; margin_top=&#8221;200&#8243; margin_bottom=&#8221;0&#8243; font_family=&#8221;none&#8221; align=&#8221;center&#8221; animation=&#8221;fade-in&#8221;] IOGURTE, CREME E QUEIJO FRESCO [\/mk_fancy_title][\/vc_column][\/mk_page_section][mk_page_section bg_position=&#8221;center top&#8221; bg_repeat=&#8221;no-repeat&#8221; enable_3d=&#8221;true&#8221; bg_gradient=&#8221;vertical&#8221; video_color_mask=&#8221;#ffffff&#8221; gr_end=&#8221;rgba(255,255,255,0.4)&#8221; video_opacity=&#8221;0&#8243; padding_top=&#8221;50&#8243; padding_bottom=&#8221;50&#8243; margin_bottom=&#8221;50&#8243; sidebar=&#8221;sidebar-1&#8243; first_page=&#8221;false&#8221; last_page=&#8221;false&#8221;][vc_column width=&#8221;1\/3&#8243;][mk_padding_divider][mk_image_slideshow images=&#8221;1009,975,1001,988,917,484,80,84&#8243; image_width=&#8221;400&#8243; image_height=&#8221;300&#8243; animation_speed=&#8221;400&#8243; [&hellip;]<\/p>\n","protected":false},"author":3,"featured_media":0,"parent":2837,"menu_order":0,"comment_status":"closed","ping_status":"closed","template":"","meta":{"footnotes":""},"class_list":["post-2858","page","type-page","status-publish","hentry"],"yoast_head":"<!-- This site is optimized with the Yoast SEO plugin v27.4 - https:\/\/yoast.com\/product\/yoast-seo-wordpress\/ -->\n<title>Resfriamento rapido paletes estufas iogurtes cremes - Fromfroid<\/title>\n<meta name=\"robots\" content=\"index, follow, max-snippet:-1, max-image-preview:large, max-video-preview:-1\" \/>\n<link rel=\"canonical\" href=\"https:\/\/www.fromfroid.com\/pt-br\/setores-de-atividades\/iogurtes-cremes-para-sobremesas-e-queijos-frescos\/\" \/>\n<meta property=\"og:locale\" content=\"pt_BR\" \/>\n<meta property=\"og:type\" content=\"article\" \/>\n<meta property=\"og:title\" content=\"Resfriamento rapido paletes estufas iogurtes cremes - Fromfroid\" \/>\n<meta property=\"og:description\" content=\"[mk_page_section bg_image=&#8221;https:\/\/www.fromfroid.com\/wp-content\/uploads\/2019\/09\/headers_yogurt.jpg&#8221; bg_color=&#8221;#3eb6e9&#8243; bg_position=&#8221;center center&#8221; bg_repeat=&#8221;no-repeat&#8221; bg_stretch=&#8221;true&#8221; enable_3d=&#8221;true&#8221; bg_gradient=&#8221;vertical&#8221; video_color_mask=&#8221;#3eb6e9&#8243; gr_end=&#8221;#0e2034&#8243; min_height=&#8221;450&#8243; full_width=&#8221;true&#8221; padding_top=&#8221;0&#8243; padding_bottom=&#8221;0&#8243; sidebar=&#8221;sidebar-1&#8243; first_page=&#8221;false&#8221; last_page=&#8221;false&#8221;][vc_column][mk_fancy_title tag_name=&#8221;h1&#8243; color=&#8221;#ffffff&#8221; size=&#8221;42&#8243; font_weight=&#8221;300&#8243; font_style=&#8221;normal&#8221; txt_transform=&#8221;uppercase&#8221; letter_spacing=&#8221;6&#8243; margin_top=&#8221;200&#8243; margin_bottom=&#8221;0&#8243; font_family=&#8221;none&#8221; align=&#8221;center&#8221; animation=&#8221;fade-in&#8221;] IOGURTE, CREME E QUEIJO FRESCO [\/mk_fancy_title][\/vc_column][\/mk_page_section][mk_page_section bg_position=&#8221;center top&#8221; bg_repeat=&#8221;no-repeat&#8221; enable_3d=&#8221;true&#8221; bg_gradient=&#8221;vertical&#8221; video_color_mask=&#8221;#ffffff&#8221; gr_end=&#8221;rgba(255,255,255,0.4)&#8221; video_opacity=&#8221;0&#8243; padding_top=&#8221;50&#8243; padding_bottom=&#8221;50&#8243; margin_bottom=&#8221;50&#8243; sidebar=&#8221;sidebar-1&#8243; first_page=&#8221;false&#8221; last_page=&#8221;false&#8221;][vc_column width=&#8221;1\/3&#8243;][mk_padding_divider][mk_image_slideshow images=&#8221;1009,975,1001,988,917,484,80,84&#8243; image_width=&#8221;400&#8243; image_height=&#8221;300&#8243; animation_speed=&#8221;400&#8243; [&hellip;]\" \/>\n<meta property=\"og:url\" content=\"https:\/\/www.fromfroid.com\/pt-br\/setores-de-atividades\/iogurtes-cremes-para-sobremesas-e-queijos-frescos\/\" \/>\n<meta property=\"og:site_name\" content=\"Fromfroid\" \/>\n<meta property=\"article:modified_time\" content=\"2020-04-07T09:18:30+00:00\" \/>\n<meta name=\"twitter:card\" content=\"summary_large_image\" \/>\n<meta name=\"twitter:label1\" content=\"Est. tempo de leitura\" \/>\n\t<meta name=\"twitter:data1\" content=\"3 minutos\" \/>\n<script type=\"application\/ld+json\" class=\"yoast-schema-graph\">{\"@context\":\"https:\\\/\\\/schema.org\",\"@graph\":[{\"@type\":\"WebPage\",\"@id\":\"https:\\\/\\\/www.fromfroid.com\\\/pt-br\\\/setores-de-atividades\\\/iogurtes-cremes-para-sobremesas-e-queijos-frescos\\\/\",\"url\":\"https:\\\/\\\/www.fromfroid.com\\\/pt-br\\\/setores-de-atividades\\\/iogurtes-cremes-para-sobremesas-e-queijos-frescos\\\/\",\"name\":\"Resfriamento rapido paletes estufas iogurtes cremes - Fromfroid\",\"isPartOf\":{\"@id\":\"https:\\\/\\\/www.fromfroid.com\\\/pt-br\\\/#website\"},\"datePublished\":\"2020-03-31T12:06:58+00:00\",\"dateModified\":\"2020-04-07T09:18:30+00:00\",\"breadcrumb\":{\"@id\":\"https:\\\/\\\/www.fromfroid.com\\\/pt-br\\\/setores-de-atividades\\\/iogurtes-cremes-para-sobremesas-e-queijos-frescos\\\/#breadcrumb\"},\"inLanguage\":\"pt-BR\",\"potentialAction\":[{\"@type\":\"ReadAction\",\"target\":[\"https:\\\/\\\/www.fromfroid.com\\\/pt-br\\\/setores-de-atividades\\\/iogurtes-cremes-para-sobremesas-e-queijos-frescos\\\/\"]}]},{\"@type\":\"BreadcrumbList\",\"@id\":\"https:\\\/\\\/www.fromfroid.com\\\/pt-br\\\/setores-de-atividades\\\/iogurtes-cremes-para-sobremesas-e-queijos-frescos\\\/#breadcrumb\",\"itemListElement\":[{\"@type\":\"ListItem\",\"position\":1,\"name\":\"Home\",\"item\":\"https:\\\/\\\/www.fromfroid.com\\\/pt-br\\\/\"},{\"@type\":\"ListItem\",\"position\":2,\"name\":\"Setores de atividades\",\"item\":\"https:\\\/\\\/www.fromfroid.com\\\/pt-br\\\/setores-de-atividades\\\/\"},{\"@type\":\"ListItem\",\"position\":3,\"name\":\"Iogurtes, cremes para sobremesas e queijos frescos\"}]},{\"@type\":\"WebSite\",\"@id\":\"https:\\\/\\\/www.fromfroid.com\\\/pt-br\\\/#website\",\"url\":\"https:\\\/\\\/www.fromfroid.com\\\/pt-br\\\/\",\"name\":\"Fromfroid\",\"description\":\"\",\"potentialAction\":[{\"@type\":\"SearchAction\",\"target\":{\"@type\":\"EntryPoint\",\"urlTemplate\":\"https:\\\/\\\/www.fromfroid.com\\\/pt-br\\\/?s={search_term_string}\"},\"query-input\":{\"@type\":\"PropertyValueSpecification\",\"valueRequired\":true,\"valueName\":\"search_term_string\"}}],\"inLanguage\":\"pt-BR\"}]}<\/script>\n<!-- \/ Yoast SEO plugin. -->","yoast_head_json":{"title":"Resfriamento rapido paletes estufas iogurtes cremes - Fromfroid","robots":{"index":"index","follow":"follow","max-snippet":"max-snippet:-1","max-image-preview":"max-image-preview:large","max-video-preview":"max-video-preview:-1"},"canonical":"https:\/\/www.fromfroid.com\/pt-br\/setores-de-atividades\/iogurtes-cremes-para-sobremesas-e-queijos-frescos\/","og_locale":"pt_BR","og_type":"article","og_title":"Resfriamento rapido paletes estufas iogurtes cremes - Fromfroid","og_description":"[mk_page_section bg_image=&#8221;https:\/\/www.fromfroid.com\/wp-content\/uploads\/2019\/09\/headers_yogurt.jpg&#8221; bg_color=&#8221;#3eb6e9&#8243; bg_position=&#8221;center center&#8221; bg_repeat=&#8221;no-repeat&#8221; bg_stretch=&#8221;true&#8221; enable_3d=&#8221;true&#8221; bg_gradient=&#8221;vertical&#8221; video_color_mask=&#8221;#3eb6e9&#8243; gr_end=&#8221;#0e2034&#8243; min_height=&#8221;450&#8243; full_width=&#8221;true&#8221; padding_top=&#8221;0&#8243; padding_bottom=&#8221;0&#8243; sidebar=&#8221;sidebar-1&#8243; first_page=&#8221;false&#8221; last_page=&#8221;false&#8221;][vc_column][mk_fancy_title tag_name=&#8221;h1&#8243; color=&#8221;#ffffff&#8221; size=&#8221;42&#8243; font_weight=&#8221;300&#8243; font_style=&#8221;normal&#8221; txt_transform=&#8221;uppercase&#8221; letter_spacing=&#8221;6&#8243; margin_top=&#8221;200&#8243; margin_bottom=&#8221;0&#8243; font_family=&#8221;none&#8221; align=&#8221;center&#8221; animation=&#8221;fade-in&#8221;] IOGURTE, CREME E QUEIJO FRESCO [\/mk_fancy_title][\/vc_column][\/mk_page_section][mk_page_section bg_position=&#8221;center top&#8221; bg_repeat=&#8221;no-repeat&#8221; enable_3d=&#8221;true&#8221; bg_gradient=&#8221;vertical&#8221; video_color_mask=&#8221;#ffffff&#8221; gr_end=&#8221;rgba(255,255,255,0.4)&#8221; video_opacity=&#8221;0&#8243; padding_top=&#8221;50&#8243; padding_bottom=&#8221;50&#8243; margin_bottom=&#8221;50&#8243; sidebar=&#8221;sidebar-1&#8243; first_page=&#8221;false&#8221; last_page=&#8221;false&#8221;][vc_column width=&#8221;1\/3&#8243;][mk_padding_divider][mk_image_slideshow images=&#8221;1009,975,1001,988,917,484,80,84&#8243; image_width=&#8221;400&#8243; image_height=&#8221;300&#8243; animation_speed=&#8221;400&#8243; [&hellip;]","og_url":"https:\/\/www.fromfroid.com\/pt-br\/setores-de-atividades\/iogurtes-cremes-para-sobremesas-e-queijos-frescos\/","og_site_name":"Fromfroid","article_modified_time":"2020-04-07T09:18:30+00:00","twitter_card":"summary_large_image","twitter_misc":{"Est. tempo de leitura":"3 minutos"},"schema":{"@context":"https:\/\/schema.org","@graph":[{"@type":"WebPage","@id":"https:\/\/www.fromfroid.com\/pt-br\/setores-de-atividades\/iogurtes-cremes-para-sobremesas-e-queijos-frescos\/","url":"https:\/\/www.fromfroid.com\/pt-br\/setores-de-atividades\/iogurtes-cremes-para-sobremesas-e-queijos-frescos\/","name":"Resfriamento rapido paletes estufas iogurtes cremes - Fromfroid","isPartOf":{"@id":"https:\/\/www.fromfroid.com\/pt-br\/#website"},"datePublished":"2020-03-31T12:06:58+00:00","dateModified":"2020-04-07T09:18:30+00:00","breadcrumb":{"@id":"https:\/\/www.fromfroid.com\/pt-br\/setores-de-atividades\/iogurtes-cremes-para-sobremesas-e-queijos-frescos\/#breadcrumb"},"inLanguage":"pt-BR","potentialAction":[{"@type":"ReadAction","target":["https:\/\/www.fromfroid.com\/pt-br\/setores-de-atividades\/iogurtes-cremes-para-sobremesas-e-queijos-frescos\/"]}]},{"@type":"BreadcrumbList","@id":"https:\/\/www.fromfroid.com\/pt-br\/setores-de-atividades\/iogurtes-cremes-para-sobremesas-e-queijos-frescos\/#breadcrumb","itemListElement":[{"@type":"ListItem","position":1,"name":"Home","item":"https:\/\/www.fromfroid.com\/pt-br\/"},{"@type":"ListItem","position":2,"name":"Setores de atividades","item":"https:\/\/www.fromfroid.com\/pt-br\/setores-de-atividades\/"},{"@type":"ListItem","position":3,"name":"Iogurtes, cremes para sobremesas e queijos frescos"}]},{"@type":"WebSite","@id":"https:\/\/www.fromfroid.com\/pt-br\/#website","url":"https:\/\/www.fromfroid.com\/pt-br\/","name":"Fromfroid","description":"","potentialAction":[{"@type":"SearchAction","target":{"@type":"EntryPoint","urlTemplate":"https:\/\/www.fromfroid.com\/pt-br\/?s={search_term_string}"},"query-input":{"@type":"PropertyValueSpecification","valueRequired":true,"valueName":"search_term_string"}}],"inLanguage":"pt-BR"}]}},"_links":{"self":[{"href":"https:\/\/www.fromfroid.com\/pt-br\/wp-json\/wp\/v2\/pages\/2858","targetHints":{"allow":["GET"]}}],"collection":[{"href":"https:\/\/www.fromfroid.com\/pt-br\/wp-json\/wp\/v2\/pages"}],"about":[{"href":"https:\/\/www.fromfroid.com\/pt-br\/wp-json\/wp\/v2\/types\/page"}],"author":[{"embeddable":true,"href":"https:\/\/www.fromfroid.com\/pt-br\/wp-json\/wp\/v2\/users\/3"}],"replies":[{"embeddable":true,"href":"https:\/\/www.fromfroid.com\/pt-br\/wp-json\/wp\/v2\/comments?post=2858"}],"version-history":[{"count":7,"href":"https:\/\/www.fromfroid.com\/pt-br\/wp-json\/wp\/v2\/pages\/2858\/revisions"}],"predecessor-version":[{"id":3125,"href":"https:\/\/www.fromfroid.com\/pt-br\/wp-json\/wp\/v2\/pages\/2858\/revisions\/3125"}],"up":[{"embeddable":true,"href":"https:\/\/www.fromfroid.com\/pt-br\/wp-json\/wp\/v2\/pages\/2837"}],"wp:attachment":[{"href":"https:\/\/www.fromfroid.com\/pt-br\/wp-json\/wp\/v2\/media?parent=2858"}],"curies":[{"name":"wp","href":"https:\/\/api.w.org\/{rel}","templated":true}]}}